{"id":14643,"date":"2021-09-27T01:49:01","date_gmt":"2021-09-27T04:49:01","guid":{"rendered":"https:\/\/mindthegraph.com\/blog\/jobs\/mkt-growth-copy\/"},"modified":"2022-06-07T19:15:22","modified_gmt":"2022-06-07T22:15:22","slug":"full-stack-developer","status":"publish","type":"page","link":"https:\/\/mindthegraph.com\/blog\/tr\/full-stack-developer\/","title":{"rendered":"Full Stack Geli\u015ftirici"},"content":{"rendered":"<div class=\"wp-block-button\"><a class=\"wp-block-button__link\" href=\"https:\/\/mindthegraph.com\/blog\/work-with-us\/\">Buradan ba\u015fvurun<\/a><\/div>\n\n\n\n<p>Bilimi seviyor musunuz? Biz seviyoruz!<\/p>\n\n\n\n<p>Sanat\u00e7\u0131lar, geli\u015ftiriciler ve giri\u015fimcilerden olu\u015fan ekibimize kat\u0131lacak, hepsi de bilim tutkunu yeni insanlar ar\u0131yoruz.<\/p>\n\n\n\n<p><strong>Mind the Graph Hakk\u0131nda<\/strong><\/p>\n\n\n\n<p>Mind the Graph, CACTUS \u00e7\u00f6z\u00fcm paketinin bir par\u00e7as\u0131d\u0131r.<\/p>\n\n\n\n<p>Bilimsel ve akademik ama\u00e7lara odaklanan lider ve ilk infografik olu\u015fturma platformuyuz. G\u00fcnl\u00fck 400.000'den fazla kullan\u0131c\u0131yla etkile\u015fim halindeyiz ve h\u0131zla b\u00fcy\u00fcyoruz.<\/p>\n\n\n\n<p>Birbirlerinin \u00e7al\u0131\u015fmalar\u0131na sayg\u0131 duyan ve de\u011fer veren k\u00fc\u00e7\u00fck, motivasyonu y\u00fcksek bir ekibiz. Otonom ve ba\u011f\u0131ms\u0131z \u00e7al\u0131\u015fan olgun bir ekiple, tamamen uzaktan bir formatta \u00e7al\u0131\u015f\u0131yoruz.<\/p>\n\n\n\n<figure class=\"wp-block-embed is-type-video is-provider-youtube wp-block-embed-youtube wp-embed-aspect-16-9 wp-has-aspect-ratio\"><div class=\"wp-block-embed__wrapper\">\n<iframe loading=\"lazy\" title=\"Mind the Graph - Bilim \u0130nfografik Olu\u015fturucu\" width=\"800\" height=\"450\" src=\"https:\/\/www.youtube.com\/embed\/tG-PmLzx6NA?feature=oembed\" frameborder=\"0\" allow=\"accelerometer; autoplay; clipboard-write; encrypted-media; gyroscope; picture-in-picture\" allowfullscreen><\/iframe>\n<\/div><\/figure>\n\n\n\n<p>Yeni bir i\u015f f\u0131rsat\u0131m\u0131z var: <strong>Full Stack Geli\u015ftirici<\/strong>.<\/p>\n\n\n\n<p>Bir Full Stack Developer olarak, hem \u00f6n u\u00e7 hem de arka u\u00e7 kodlama dilleri, geli\u015ftirme \u00e7er\u00e7eveleri ve \u00fc\u00e7\u00fcnc\u00fc taraf k\u00fct\u00fcphaneleri konusunda rahat olmal\u0131s\u0131n\u0131z. Ayr\u0131ca g\u00f6rsel tasar\u0131m ve kullan\u0131m becerisine sahip bir tak\u0131m oyuncusu olmal\u0131s\u0131n\u0131z.<\/p>\n\n\n\n<p><strong>Ana Faaliyetler<\/strong><\/p>\n\n\n\n<ul><li>\u00d6l\u00e7eklenebilir yaz\u0131l\u0131mlar\u0131n tasar\u0131m\u0131na ve olu\u015fturulmas\u0131na kat\u0131lmak.<\/li><li>\u00d6n ve arka u\u00e7ta temiz, i\u015flevsel kod yazma.<\/li><li>Hatalar\u0131 veya di\u011fer kodlama sorunlar\u0131n\u0131 test etme ve d\u00fczeltme.<\/li><li>Yaz\u0131l\u0131m \u00e7\u00f6z\u00fcmlerini tasarlamak i\u00e7in geli\u015ftirme ekibi ve \u00fcr\u00fcn m\u00fcd\u00fcr\u00fc ile birlikte \u00e7al\u0131\u015f\u0131n.<\/li><li>\u0130stemci taraf\u0131 ve sunucu taraf\u0131 mimarisini tasarlama.<\/li><li>\u00c7ekici g\u00f6rsel tasar\u0131mla uygulamalar\u0131n \u00f6n ucunu olu\u015fturun.<\/li><li>\u0130yi i\u015fleyen veritabanlar\u0131 ve uygulamalar geli\u015ftirmek ve y\u00f6netmek.<\/li><li>Sorun giderme, hata ay\u0131klama ve yaz\u0131l\u0131m y\u00fckseltme.<\/li><li>G\u00fcvenlik ve veri koruma ayarlar\u0131 olu\u015fturun.<\/li><li>Teknik dok\u00fcmantasyon yaz\u0131n.<\/li><li>Yaz\u0131l\u0131m\u0131 geli\u015ftirmek i\u00e7in veri bilimcileri ve analistlerle birlikte \u00e7al\u0131\u015f\u0131n.<\/li><\/ul>\n\n\n\n<p><strong>\u0130\u015f Gereklilikleri<\/strong><\/p>\n\n\n\n<ul><li>Geli\u015ftirici olarak en az 5 y\u0131ll\u0131k profesyonel deneyim.<\/li><li>\u00c7oklu \u00f6n u\u00e7 ve arka u\u00e7 dillerine, k\u00fct\u00fcphanelere ve \u00e7er\u00e7evelere a\u015final\u0131k.<\/li><li>MySQL veritaban\u0131 tasar\u0131m\u0131 ve y\u00f6netimi.<\/li><li>En son en iyi geli\u015ftirme uygulamalar\u0131n\u0131 takip etmek<\/li><li>Kullan\u0131c\u0131 deneyimi ve muhtemelen \u00fcr\u00fcn stratejisi hakk\u0131nda kapsaml\u0131 bilgi.<\/li><li>Test platformlar\u0131 ve birim testleri uygulama deneyimi.<\/li><li>Git ile yeterlilik.<\/li><li>Temiz ve iyi belgelenmi\u015f kod i\u00e7in takdir.<\/li><li>Kendi i\u015f istasyonunuz.<\/li><\/ul>\n\n\n\n<p><strong>Tercih Edilen Nitelikler<\/strong><\/p>\n\n\n\n<ul><li>Konu\u015fma ve yazmada ak\u0131c\u0131 \u0130ngilizce.<\/li><li>Full Stack Developer veya benzer bir rolde kan\u0131tlanm\u0131\u015f deneyim.<\/li><li>M\u00fckemmel ileti\u015fim ve tak\u0131m \u00e7al\u0131\u015fmas\u0131 becerileri.<\/li><li>Detaylara b\u00fcy\u00fck \u00f6zen.<\/li><li>Organizasyon becerileri.<\/li><li>Analitik bir zihin.<\/li><li>Bilgisayar Bilimleri, \u0130statistik veya ilgili alanda lisans derecesi.<\/li><\/ul>\n\n\n\n<p><strong>\u00c7al\u0131\u015fma Alan\u0131 \u00c7ekirdek Y\u0131\u011f\u0131n\u0131m\u0131z<\/strong><\/p>\n\n\n\n<ul><li>JavaScript: Fabric.js k\u00fct\u00fcphanesi<\/li><li>PHP CodeIgniter Framework<\/li><li>Node.js: NestJS \u00c7er\u00e7evesi<\/li><li>MySQL.<\/li><\/ul>\n\n\n\n<p><strong>Burada bulacaklar\u0131n\u0131z<\/strong><\/p>\n\n\n\n<ul><li>100% uzak \u015firket.<\/li><li>Dost\u00e7a bir \u00e7al\u0131\u015fma ortam\u0131nda iyi insanlar.<\/li><li>D\u00fcnyan\u0131n d\u00f6rt bir yan\u0131na da\u011f\u0131lm\u0131\u015f son derece yetenekli ekip.<\/li><li>USD cinsinden \u00f6denen rekabet\u00e7i maa\u015f.<\/li><li>K\u00fcresel eri\u015fime sahip bir \u015firketin par\u00e7as\u0131 olun.<\/li><li>Gelecek vaat eden bir giri\u015fimin CEO'suna do\u011frudan rapor veren \u00f6nemli bir pozisyon.<\/li><li>Organizasyonda \u00f6nemli sorumluluklar\u0131 olan kilit yerle\u015ftirme.<\/li><li>Profesyonel geli\u015fiminizin giri\u015fimin b\u00fcy\u00fcmesiyle uyumlu hale getirilmesi.<\/li><\/ul>\n\n\n\n<p>Bu i\u015fle \u00f6zde\u015fle\u015ftiniz mi?&nbsp;<\/p>\n\n\n\n<p>O halde ba\u015fvurunuzu yap\u0131n ve ekibe kat\u0131l\u0131n!<\/p>\n\n\n\n<div class=\"wp-block-button\"><a class=\"wp-block-button__link\" href=\"https:\/\/mindthegraph.com\/blog\/work-with-us\/\">Buradan ba\u015fvurun<\/a><\/div>\n\n\n\n<style>\n.is-provider-youtube .wp-block-embed__wrapper, .gutentim-admin-page-video{ height:auto !important; }\n<\/style>","protected":false},"excerpt":{"rendered":"<p>Bilimi seviyor musunuz? Biz seviyoruz! Sanat\u00e7\u0131lar, geli\u015ftiriciler ve giri\u015fimcilerden olu\u015fan ekibimize kat\u0131lacak, hepsi de bilim tutkunu yeni insanlar ar\u0131yoruz. Mind the Graph Hakk\u0131nda Mind the Graph, CACTUS \u00e7\u00f6z\u00fcm paketinin bir par\u00e7as\u0131d\u0131r. Bilimsel ve akademik \u00e7al\u0131\u015fmalara odaklanan lider ve ilk infografik olu\u015fturma platformuyuz [...]<\/p>","protected":false},"author":21,"featured_media":11948,"parent":0,"menu_order":0,"comment_status":"closed","ping_status":"closed","template":"","meta":[],"yoast_head":"<!-- This site is optimized with the Yoast SEO plugin v19.9 - https:\/\/yoast.com\/wordpress\/plugins\/seo\/ -->\n<title>Full Stack Developer - Mind the Graph Blog<\/title>\n<meta name=\"robots\" content=\"index, follow, max-snippet:-1, max-image-preview:large, max-video-preview:-1\" \/>\n<link rel=\"canonical\" href=\"https:\/\/mindthegraph.com\/blog\/tr\/sviluppatore-completo\/\" \/>\n<meta property=\"og:locale\" content=\"tr_TR\" \/>\n<meta property=\"og:type\" content=\"article\" \/>\n<meta property=\"og:title\" content=\"Full Stack Developer - Mind the Graph Blog\" \/>\n<meta property=\"og:description\" content=\"Do you love science? We do! We are looking for new people to join our team of artists, developers, and entrepreneurs, all passionate about science. About Mind the Graph Mind the Graph is a part of the CACTUS suite of solutions. We are the leading and first infographic maker platform focused on scientific and academic [&hellip;]\" \/>\n<meta property=\"og:url\" content=\"https:\/\/mindthegraph.com\/blog\/tr\/sviluppatore-completo\/\" \/>\n<meta property=\"og:site_name\" content=\"Mind the Graph Blog\" \/>\n<meta property=\"article:modified_time\" content=\"2022-06-07T22:15:22+00:00\" \/>\n<meta property=\"og:image\" content=\"https:\/\/mindthegraph.com\/blog\/wp-content\/uploads\/2020\/11\/captura-de-tela-2020-11-19-as-131025.png\" \/>\n\t<meta property=\"og:image:width\" content=\"620\" \/>\n\t<meta property=\"og:image:height\" content=\"56\" \/>\n\t<meta property=\"og:image:type\" content=\"image\/png\" \/>\n<meta name=\"twitter:card\" content=\"summary_large_image\" \/>\n<meta name=\"twitter:label1\" content=\"Est. reading time\" \/>\n\t<meta name=\"twitter:data1\" content=\"2 minutes\" \/>\n<!-- \/ Yoast SEO plugin. -->","yoast_head_json":{"title":"Full Stack Developer - Mind the Graph Blog","robots":{"index":"index","follow":"follow","max-snippet":"max-snippet:-1","max-image-preview":"max-image-preview:large","max-video-preview":"max-video-preview:-1"},"canonical":"https:\/\/mindthegraph.com\/blog\/tr\/sviluppatore-completo\/","og_locale":"tr_TR","og_type":"article","og_title":"Full Stack Developer - Mind the Graph Blog","og_description":"Do you love science? We do! We are looking for new people to join our team of artists, developers, and entrepreneurs, all passionate about science. About Mind the Graph Mind the Graph is a part of the CACTUS suite of solutions. We are the leading and first infographic maker platform focused on scientific and academic [&hellip;]","og_url":"https:\/\/mindthegraph.com\/blog\/tr\/sviluppatore-completo\/","og_site_name":"Mind the Graph Blog","article_modified_time":"2022-06-07T22:15:22+00:00","og_image":[{"width":620,"height":56,"url":"https:\/\/mindthegraph.com\/blog\/wp-content\/uploads\/2020\/11\/captura-de-tela-2020-11-19-as-131025.png","type":"image\/png"}],"twitter_card":"summary_large_image","twitter_misc":{"Est. reading time":"2 minutes"},"schema":{"@context":"https:\/\/schema.org","@graph":[{"@type":"WebPage","@id":"https:\/\/mindthegraph.com\/blog\/it\/sviluppatore-completo\/","url":"https:\/\/mindthegraph.com\/blog\/it\/sviluppatore-completo\/","name":"Full Stack Developer - Mind the Graph Blog","isPartOf":{"@id":"https:\/\/mindthegraph.com\/blog\/#website"},"datePublished":"2021-09-27T04:49:01+00:00","dateModified":"2022-06-07T22:15:22+00:00","breadcrumb":{"@id":"https:\/\/mindthegraph.com\/blog\/it\/sviluppatore-completo\/#breadcrumb"},"inLanguage":"tr-TR","potentialAction":[{"@type":"ReadAction","target":["https:\/\/mindthegraph.com\/blog\/it\/sviluppatore-completo\/"]}]},{"@type":"BreadcrumbList","@id":"https:\/\/mindthegraph.com\/blog\/it\/sviluppatore-completo\/#breadcrumb","itemListElement":[{"@type":"ListItem","position":1,"name":"Home","item":"https:\/\/mindthegraph.com\/blog\/"},{"@type":"ListItem","position":2,"name":"Full Stack Developer"}]},{"@type":"WebSite","@id":"https:\/\/mindthegraph.com\/blog\/#website","url":"https:\/\/mindthegraph.com\/blog\/","name":"Mind the Graph Blog","description":"Your science can be beautiful!","potentialAction":[{"@type":"SearchAction","target":{"@type":"EntryPoint","urlTemplate":"https:\/\/mindthegraph.com\/blog\/?s={search_term_string}"},"query-input":"required name=search_term_string"}],"inLanguage":"tr-TR"}]}},"_links":{"self":[{"href":"https:\/\/mindthegraph.com\/blog\/tr\/wp-json\/wp\/v2\/pages\/14643"}],"collection":[{"href":"https:\/\/mindthegraph.com\/blog\/tr\/wp-json\/wp\/v2\/pages"}],"about":[{"href":"https:\/\/mindthegraph.com\/blog\/tr\/wp-json\/wp\/v2\/types\/page"}],"author":[{"embeddable":true,"href":"https:\/\/mindthegraph.com\/blog\/tr\/wp-json\/wp\/v2\/users\/21"}],"replies":[{"embeddable":true,"href":"https:\/\/mindthegraph.com\/blog\/tr\/wp-json\/wp\/v2\/comments?post=14643"}],"version-history":[{"count":4,"href":"https:\/\/mindthegraph.com\/blog\/tr\/wp-json\/wp\/v2\/pages\/14643\/revisions"}],"predecessor-version":[{"id":15901,"href":"https:\/\/mindthegraph.com\/blog\/tr\/wp-json\/wp\/v2\/pages\/14643\/revisions\/15901"}],"wp:featuredmedia":[{"embeddable":true,"href":"https:\/\/mindthegraph.com\/blog\/tr\/wp-json\/wp\/v2\/media\/11948"}],"wp:attachment":[{"href":"https:\/\/mindthegraph.com\/blog\/tr\/wp-json\/wp\/v2\/media?parent=14643"}],"curies":[{"name":"wp","href":"https:\/\/api.w.org\/{rel}","templated":true}]}}