{"id":13191,"date":"2021-07-22T01:33:20","date_gmt":"2021-07-22T04:33:20","guid":{"rendered":"https:\/\/mindthegraph.com\/blog\/jobs\/sdr-copy\/"},"modified":"2021-07-22T14:03:34","modified_gmt":"2021-07-22T17:03:34","slug":"sales-mkt","status":"publish","type":"page","link":"https:\/\/mindthegraph.com\/blog\/tr\/satis-mkt\/","title":{"rendered":"Sat\u0131\u015f ve Pazarlama"},"content":{"rendered":"<p>Bilimi seviyor musunuz? Biz seviyoruz!<\/p>\n\n\n\n<p>Sanat\u00e7\u0131lar, geli\u015ftiriciler ve giri\u015fimcilerden olu\u015fan ekibimize kat\u0131lacak, hepsi de bilim tutkunu yeni insanlar ar\u0131yoruz.<\/p>\n\n\n\n<p>Yeni bir i\u015f f\u0131rsat\u0131m\u0131z var: <strong>Sat\u0131\u015f ve Pazarlama<\/strong>.<\/p>\n\n\n\n<p><strong>Ana Faaliyetler<\/strong><\/p>\n\n\n\n<ul><li>Pazarlamay\u0131 ara\u015ft\u0131rmak ve geli\u015ftirmek, t\u00fcketici gereksinimlerini anlamak, pazar e\u011filimlerini belirlemek ve \u015firketin pazarlama ve sat\u0131\u015f hedeflerine ula\u015fmak i\u00e7in iyile\u015ftirmeler \u00f6nermek.<\/li><li>D\u00fczenli ileti\u015fim kurarak, ihtiya\u00e7lar\u0131n\u0131 anlayarak ve yeni pazarlama f\u0131rsatlar\u0131n\u0131 \u00f6ng\u00f6rerek \u00f6nemli m\u00fc\u015fteriler ve potansiyel m\u00fc\u015fterilerle ili\u015fkileri s\u00fcrd\u00fcrmek.<\/li><li>Yeni m\u00fc\u015fteri adaylar\u0131 olu\u015fturmaktan sat\u0131\u015flar\u0131 kapatmaya kadar sat\u0131\u015f hatt\u0131n\u0131 y\u00f6netin.<\/li><li>Potansiyel m\u00fc\u015fteri taban\u0131m\u0131z\u0131n sat\u0131\u015f biletinde \u00fcst sat\u0131\u015f olu\u015fturmak i\u00e7in stratejiler olu\u015fturun ve uygulay\u0131n.<\/li><li>Sat\u0131\u015f ve pazarlama kampanyalar\u0131 y\u00fcr\u00fctmek. M\u00fc\u015fteri Ba\u015far\u0131s\u0131 ve reklam ekipleriyle yak\u0131n \u00e7al\u0131\u015fma.<\/li><li>\u00d6l\u00e7\u00fclebilir metriklere dayal\u0131 \u00e7al\u0131\u015fmalar\u0131 y\u00f6nlendirmek i\u00e7in veri toplamak ve analiz etmek.<\/li><li>\u015eirketin mevcut markalar\u0131n\u0131 tan\u0131tmak ve pazara yeni \u00fcr\u00fcnler sunmak.<\/li><li>Sat\u0131\u015f ve pazarlama materyallerinin geli\u015ftirilmesini ve uygulanmas\u0131n\u0131 desteklemek.<\/li><li>Di\u011fer m\u00fc\u015fteri aday\u0131 olu\u015fturma ve m\u00fc\u015fteri edinme faaliyetlerine katk\u0131da bulunun.<\/li><li>Sat\u0131\u015flar\u0131 d\u00f6n\u00fc\u015ft\u00fcrmeye, hesaplar\u0131 y\u00fckseltmeye ve hizmetleri art\u0131rmaya odaklan\u0131n. <\/li><\/ul>\n\n\n\n<p><\/p>\n\n\n\n<p><strong>\u0130\u015f Gereklilikleri<\/strong><\/p>\n\n\n\n<ul><li>Konu\u015fma ve yazmada ak\u0131c\u0131 \u0130ngilizce.<\/li><li>Kampanyalar ve promosyonlar geli\u015ftirme konusunda uygulamal\u0131 deneyim.<\/li><li>M\u00fckemmel ileti\u015fim, ki\u015fileraras\u0131 ve m\u00fc\u015fteri hizmetleri becerileri.<\/li><li>Kurulu\u015f i\u00e7in sat\u0131\u015f yaratmaya yard\u0131mc\u0131 olma konusunda g\u00fc\u00e7l\u00fc istek ve yetenek.<\/li><li>Kendi i\u015f istasyonu.<\/li><\/ul>\n\n\n\n<p><\/p>\n\n\n\n<p><strong>Tercih Edilen Nitelikler<\/strong><\/p>\n\n\n\n<ul><li>Do\u011fu Zaman Diliminde \u00e7al\u0131\u015fmaya uygun olmak.<\/li><li>ZenDesk ve RD Station ara\u00e7lar\u0131nda yeterlilik.<\/li><li>Sat\u0131\u015f geli\u015ftirme temsilcisi olarak \u00f6nceden deneyim.<\/li><\/ul>\n\n\n\n<p><\/p>\n\n\n\n<p><strong>Mind The Graph Hakk\u0131nda<\/strong><br>Bilimsel ve akademik ama\u00e7lara odaklanan lider ve ilk infografik olu\u015fturma platformuyuz. G\u00fcnl\u00fck 400.000'den fazla kullan\u0131c\u0131 ile etkile\u015fim halindeyiz ve h\u0131zla b\u00fcy\u00fcyoruz.<\/p>\n\n\n\n<figure class=\"wp-block-embed is-type-video is-provider-youtube wp-block-embed-youtube wp-embed-aspect-16-9 wp-has-aspect-ratio\"><div class=\"wp-block-embed__wrapper\">\n<iframe loading=\"lazy\" title=\"Mind the Graph - Bilim \u0130nfografik Olu\u015fturucu\" width=\"800\" height=\"450\" src=\"https:\/\/www.youtube.com\/embed\/tG-PmLzx6NA?feature=oembed\" frameborder=\"0\" allow=\"accelerometer; autoplay; clipboard-write; encrypted-media; gyroscope; picture-in-picture\" allowfullscreen><\/iframe>\n<\/div><\/figure>\n\n\n\n<p><strong>Burada bulacaklar\u0131n\u0131z<\/strong><\/p>\n\n\n\n<ul><li>100% uzaktan \u00e7al\u0131\u015fan bir \u015firket, evden \u00e7al\u0131\u015f\u0131n. <\/li><li>Dost\u00e7a bir \u00e7al\u0131\u015fma ortam\u0131nda iyi insanlar.<\/li><li>D\u00fcnyan\u0131n d\u00f6rt bir yan\u0131na da\u011f\u0131lm\u0131\u015f son derece yetenekli ekip.<\/li><li>Rekabet\u00e7i maa\u015f.<\/li><li>Her \u00e7eyrekte performansa g\u00f6re prim.<\/li><li>\u0130nternet mensal kuponu (internetinizi biz \u00f6d\u00fcyoruz).<\/li><li>Ayl\u0131k sa\u011fl\u0131k kuponu (egzersizler, masaj, yoga...).<\/li><li>Ayl\u0131k yemek kuponu (kendinize g\u00fczel yemekler verin!).<\/li><li>Gelecek vaat eden bir giri\u015fimin CEO'suna do\u011frudan rapor veren \u00f6nemli bir pozisyon.<\/li><li>Organizasyonda \u00f6nemli sorumluluklar\u0131 olan kilit yerle\u015ftirme.<\/li><li>Profesyonel geli\u015fiminizin giri\u015fimin b\u00fcy\u00fcmesiyle uyumlu hale getirilmesi.<\/li><\/ul>\n\n\n\n<p>Birbirlerinin \u00e7al\u0131\u015fmalar\u0131na sayg\u0131 duyan ve de\u011fer veren k\u00fc\u00e7\u00fck, motivasyonu y\u00fcksek bir ekibiz. Otonom ve ba\u011f\u0131ms\u0131z \u00e7al\u0131\u015fan olgun bir ekiple, tamamen uzaktan bir formatta \u00e7al\u0131\u015f\u0131yoruz.<\/p>\n\n\n\n<p>Bu i\u015fle \u00f6zde\u015fle\u015ftiniz mi? \u00d6yleyse ekibe kat\u0131l\u0131n!<\/p>\n\n\n\n<div class=\"wp-block-button\"><a class=\"wp-block-button__link\" href=\"https:\/\/mindthegraph.com\/blog\/work-with-us\/\">Buradan ba\u015fvurun<\/a><\/div>\n\n\n\n<style>\n.is-provider-youtube .wp-block-embed__wrapper, .gutentim-admin-page-video{ height:auto !important; }\n<\/style>","protected":false},"excerpt":{"rendered":"<p>Bilimi seviyor musunuz? Biz seviyoruz! Sanat\u00e7\u0131lar, geli\u015ftiriciler ve giri\u015fimcilerden olu\u015fan ekibimize kat\u0131lacak, hepsi de bilim tutkunu yeni insanlar ar\u0131yoruz. Yeni bir i\u015f f\u0131rsat\u0131m\u0131z var: Sat\u0131\u015f ve Pazarlama. Ana Faaliyetler Pazarlamay\u0131 ara\u015ft\u0131rmak ve geli\u015ftirmek, t\u00fcketici gereksinimlerini anlamak, pazar e\u011filimlerini belirlemek ve \u015firketin pazarlama ve [...]<\/p>","protected":false},"author":21,"featured_media":11948,"parent":0,"menu_order":0,"comment_status":"closed","ping_status":"closed","template":"","meta":[],"yoast_head":"<!-- This site is optimized with the Yoast SEO plugin v19.9 - https:\/\/yoast.com\/wordpress\/plugins\/seo\/ -->\n<title>Sales &amp; Marketing - Mind the Graph Blog<\/title>\n<meta name=\"robots\" content=\"index, follow, max-snippet:-1, max-image-preview:large, max-video-preview:-1\" \/>\n<link rel=\"canonical\" href=\"https:\/\/mindthegraph.com\/blog\/tr\/satis-mkt\/\" \/>\n<meta property=\"og:locale\" content=\"tr_TR\" \/>\n<meta property=\"og:type\" content=\"article\" \/>\n<meta property=\"og:title\" content=\"Sales &amp; Marketing - Mind the Graph Blog\" \/>\n<meta property=\"og:description\" content=\"Do you love science? We do! We are looking for new people to join our team of artists, developers, and entrepreneurs, all passionate about science. We have a new job opportunity: Sales &amp; Marketing. Main Activities Researching and developing marketing, understanding consumer requirements, identifying market trends, and suggesting improvements to achieve the company&#8217;s marketing and [&hellip;]\" \/>\n<meta property=\"og:url\" content=\"https:\/\/mindthegraph.com\/blog\/tr\/satis-mkt\/\" \/>\n<meta property=\"og:site_name\" content=\"Mind the Graph Blog\" \/>\n<meta property=\"article:modified_time\" content=\"2021-07-22T17:03:34+00:00\" \/>\n<meta property=\"og:image\" content=\"https:\/\/mindthegraph.com\/blog\/wp-content\/uploads\/2020\/11\/captura-de-tela-2020-11-19-as-131025.png\" \/>\n\t<meta property=\"og:image:width\" content=\"620\" \/>\n\t<meta property=\"og:image:height\" content=\"56\" \/>\n\t<meta property=\"og:image:type\" content=\"image\/png\" \/>\n<meta name=\"twitter:card\" content=\"summary_large_image\" \/>\n<meta name=\"twitter:label1\" content=\"Est. reading time\" \/>\n\t<meta name=\"twitter:data1\" content=\"2 minutes\" \/>\n<!-- \/ Yoast SEO plugin. -->","yoast_head_json":{"title":"Sales & Marketing - Mind the Graph Blog","robots":{"index":"index","follow":"follow","max-snippet":"max-snippet:-1","max-image-preview":"max-image-preview:large","max-video-preview":"max-video-preview:-1"},"canonical":"https:\/\/mindthegraph.com\/blog\/tr\/satis-mkt\/","og_locale":"tr_TR","og_type":"article","og_title":"Sales & Marketing - Mind the Graph Blog","og_description":"Do you love science? We do! We are looking for new people to join our team of artists, developers, and entrepreneurs, all passionate about science. We have a new job opportunity: Sales &amp; Marketing. Main Activities Researching and developing marketing, understanding consumer requirements, identifying market trends, and suggesting improvements to achieve the company&#8217;s marketing and [&hellip;]","og_url":"https:\/\/mindthegraph.com\/blog\/tr\/satis-mkt\/","og_site_name":"Mind the Graph Blog","article_modified_time":"2021-07-22T17:03:34+00:00","og_image":[{"width":620,"height":56,"url":"https:\/\/mindthegraph.com\/blog\/wp-content\/uploads\/2020\/11\/captura-de-tela-2020-11-19-as-131025.png","type":"image\/png"}],"twitter_card":"summary_large_image","twitter_misc":{"Est. reading time":"2 minutes"},"schema":{"@context":"https:\/\/schema.org","@graph":[{"@type":"WebPage","@id":"https:\/\/mindthegraph.com\/blog\/tr\/satis-mkt\/","url":"https:\/\/mindthegraph.com\/blog\/tr\/satis-mkt\/","name":"Sales & Marketing - Mind the Graph Blog","isPartOf":{"@id":"https:\/\/mindthegraph.com\/blog\/#website"},"datePublished":"2021-07-22T04:33:20+00:00","dateModified":"2021-07-22T17:03:34+00:00","breadcrumb":{"@id":"https:\/\/mindthegraph.com\/blog\/tr\/satis-mkt\/#breadcrumb"},"inLanguage":"tr-TR","potentialAction":[{"@type":"ReadAction","target":["https:\/\/mindthegraph.com\/blog\/tr\/satis-mkt\/"]}]},{"@type":"BreadcrumbList","@id":"https:\/\/mindthegraph.com\/blog\/tr\/satis-mkt\/#breadcrumb","itemListElement":[{"@type":"ListItem","position":1,"name":"Home","item":"https:\/\/mindthegraph.com\/blog\/"},{"@type":"ListItem","position":2,"name":"Sales &#038; Marketing"}]},{"@type":"WebSite","@id":"https:\/\/mindthegraph.com\/blog\/#website","url":"https:\/\/mindthegraph.com\/blog\/","name":"Mind the Graph Blog","description":"Your science can be beautiful!","potentialAction":[{"@type":"SearchAction","target":{"@type":"EntryPoint","urlTemplate":"https:\/\/mindthegraph.com\/blog\/?s={search_term_string}"},"query-input":"required name=search_term_string"}],"inLanguage":"tr-TR"}]}},"_links":{"self":[{"href":"https:\/\/mindthegraph.com\/blog\/tr\/wp-json\/wp\/v2\/pages\/13191"}],"collection":[{"href":"https:\/\/mindthegraph.com\/blog\/tr\/wp-json\/wp\/v2\/pages"}],"about":[{"href":"https:\/\/mindthegraph.com\/blog\/tr\/wp-json\/wp\/v2\/types\/page"}],"author":[{"embeddable":true,"href":"https:\/\/mindthegraph.com\/blog\/tr\/wp-json\/wp\/v2\/users\/21"}],"replies":[{"embeddable":true,"href":"https:\/\/mindthegraph.com\/blog\/tr\/wp-json\/wp\/v2\/comments?post=13191"}],"version-history":[{"count":4,"href":"https:\/\/mindthegraph.com\/blog\/tr\/wp-json\/wp\/v2\/pages\/13191\/revisions"}],"predecessor-version":[{"id":13197,"href":"https:\/\/mindthegraph.com\/blog\/tr\/wp-json\/wp\/v2\/pages\/13191\/revisions\/13197"}],"wp:featuredmedia":[{"embeddable":true,"href":"https:\/\/mindthegraph.com\/blog\/tr\/wp-json\/wp\/v2\/media\/11948"}],"wp:attachment":[{"href":"https:\/\/mindthegraph.com\/blog\/tr\/wp-json\/wp\/v2\/media?parent=13191"}],"curies":[{"name":"wp","href":"https:\/\/api.w.org\/{rel}","templated":true}]}}