{"id":11890,"date":"2020-11-10T13:53:50","date_gmt":"2020-11-10T15:53:50","guid":{"rendered":"https:\/\/mindthegraph.com\/blog\/?page_id=11890"},"modified":"2020-11-19T14:14:04","modified_gmt":"2020-11-19T16:14:04","slug":"mkt-growth","status":"publish","type":"page","link":"https:\/\/mindthegraph.com\/blog\/tr\/mkt-buyume\/","title":{"rendered":"MKT B\u00fcy\u00fcme Analisti"},"content":{"rendered":"<div class=\"wp-block-button\"><a class=\"wp-block-button__link\" href=\"https:\/\/mindthegraph.com\/blog\/work-with-us\/\">Buradan ba\u015fvurun<\/a><\/div>\n\n\n\n<p>D\u00fcnya \u00e7ap\u0131nda 400.000'den fazla bilimsel ve akademik kullan\u0131c\u0131ya hizmet veren bir platforma trafi\u011fi art\u0131rmaya ve nitelikli kitle getirmeye yard\u0131mc\u0131 olacak yeni bir Pazarlama B\u00fcy\u00fcme analisti ar\u0131yoruz.<br><br><strong>Sahip olman gerekecek:<\/strong><\/p>\n\n\n\n<ul><li>SEO, SEM, Google Analytics, yeniden pazarlama ve A\/B testi hakk\u0131nda g\u00fc\u00e7l\u00fc bilgi<\/li><li>Ba\u011flant\u0131 stratejisi s\u00fcrecini anlama - i\u00e7 ve geri ba\u011flant\u0131<\/li><li>Anahtar kelime ara\u015ft\u0131rmas\u0131, arama algoritmalar\u0131 ve s\u0131ralama stratejileri konusunda uzman<\/li><li>E-posta pazarlama stratejilerini y\u00fcr\u00fctme becerisi<\/li><li>Google ve Facebook reklamlar\u0131 hakk\u0131nda bilgi ve uygulama<\/li><li>G\u00fc\u00e7l\u00fc yat\u0131r\u0131m getirisi odakl\u0131l\u0131k<\/li><\/ul>\n\n\n\n<p><strong>Mind The Graph hakk\u0131nda:<\/strong><br>Bilimsel ve akademik ama\u00e7lara odaklanan lider ve ilk infografik olu\u015fturma platformuyuz. G\u00fcnl\u00fck 400.000'den fazla kullan\u0131c\u0131 ile etkile\u015fim halindeyiz ve h\u0131zla b\u00fcy\u00fcyoruz.<\/p>\n\n\n\n<figure class=\"wp-block-embed-youtube wp-block-embed is-type-video is-provider-youtube wp-embed-aspect-16-9 wp-has-aspect-ratio\"><div class=\"wp-block-embed__wrapper\">\n<iframe loading=\"lazy\" title=\"Mind the Graph - Bilim \u0130nfografik Olu\u015fturucu\" width=\"800\" height=\"450\" src=\"https:\/\/www.youtube.com\/embed\/tG-PmLzx6NA?feature=oembed\" frameborder=\"0\" allow=\"accelerometer; autoplay; clipboard-write; encrypted-media; gyroscope; picture-in-picture\" allowfullscreen><\/iframe>\n<\/div><\/figure>\n\n\n\n<p>Burada ne bulacaks\u0131n?<br>- 100% uzaktan \u00e7al\u0131\u015fan bir \u015firket, evinizden \u00e7al\u0131\u015f\u0131n <br>- Dost\u00e7a bir \u00e7al\u0131\u015fma ortam\u0131nda iyi insanlar;<br>- D\u00fcnyan\u0131n d\u00f6rt bir yan\u0131na da\u011f\u0131lm\u0131\u015f son derece yetenekli ekip;<br>- Rekabet\u00e7i maa\u015f;<br>- Her \u00e7eyrekte performansa g\u00f6re prim;<br>- \u0130nternet mensal \u00e7eki (internetinizi biz \u00f6d\u00fcyoruz)<br>- Ayl\u0131k sa\u011fl\u0131k kuponu (egzersizler, masaj, yoga...)<br>- Yemek kuponu ayl\u0131k kupon (kendinize g\u00fczel yemekler verin!)<br>- Gelecek vaat eden bir giri\u015fimin CEO'suna do\u011frudan rapor veren \u00f6nemli bir pozisyon;<br>- Organizasyonda \u00f6nemli sorumluluklar\u0131 olan kilit yerle\u015ftirme;<br>- Profesyonel geli\u015fiminizin giri\u015fimin b\u00fcy\u00fcmesiyle uyumlu hale getirilmesi;<\/p>\n\n\n\n<div class=\"wp-block-button\"><a class=\"wp-block-button__link\" href=\"https:\/\/mindthegraph.com\/blog\/work-with-us\/\">Buradan ba\u015fvurun<\/a><\/div>\n\n\n\n<style>\n.is-provider-youtube .wp-block-embed__wrapper, .gutentim-admin-page-video{ height:auto !important; }\n<\/style>","protected":false},"excerpt":{"rendered":"<p>D\u00fcnya \u00e7ap\u0131nda 400.000'den fazla bilimsel ve akademik kullan\u0131c\u0131ya hizmet veren bir platforma trafi\u011fi art\u0131rmaya ve nitelikli kitle getirmeye yard\u0131mc\u0131 olacak yeni bir Pazarlama B\u00fcy\u00fcme analisti ar\u0131yoruz. Sahip olman\u0131z gerekenler SEO, SEM, Google Analytics, yeniden pazarlama ve A\/B testi hakk\u0131nda g\u00fc\u00e7l\u00fc bilgi Ba\u011flant\u0131 stratejisi s\u00fcrecini anlama - dahili ve [...]<\/p>","protected":false},"author":16,"featured_media":11948,"parent":0,"menu_order":0,"comment_status":"closed","ping_status":"closed","template":"","meta":[],"yoast_head":"<!-- This site is optimized with the Yoast SEO plugin v19.9 - https:\/\/yoast.com\/wordpress\/plugins\/seo\/ -->\n<title>MKT Growth Analyst - Mind the Graph Blog<\/title>\n<meta name=\"robots\" content=\"index, follow, max-snippet:-1, max-image-preview:large, max-video-preview:-1\" \/>\n<link rel=\"canonical\" href=\"https:\/\/mindthegraph.com\/blog\/tr\/mkt-buyume\/\" \/>\n<meta property=\"og:locale\" content=\"tr_TR\" \/>\n<meta property=\"og:type\" content=\"article\" \/>\n<meta property=\"og:title\" content=\"MKT Growth Analyst - Mind the Graph Blog\" \/>\n<meta property=\"og:description\" content=\"We are looking for a fresh Marketing Growth analyst to help boost traffic and bring qualified audience to a platform serving more than 400,000 scientific and academic users around the world. You&#8217;ll need to have: Strong knowledge of SEO, SEM, Google Analytics, remarketing, and A\/B testing Understand the process of Link strategy \u2013 internal and [&hellip;]\" \/>\n<meta property=\"og:url\" content=\"https:\/\/mindthegraph.com\/blog\/tr\/mkt-buyume\/\" \/>\n<meta property=\"og:site_name\" content=\"Mind the Graph Blog\" \/>\n<meta property=\"article:modified_time\" content=\"2020-11-19T16:14:04+00:00\" \/>\n<meta property=\"og:image\" content=\"https:\/\/mindthegraph.com\/blog\/wp-content\/uploads\/2020\/11\/captura-de-tela-2020-11-19-as-131025.png\" \/>\n\t<meta property=\"og:image:width\" content=\"620\" \/>\n\t<meta property=\"og:image:height\" content=\"56\" \/>\n\t<meta property=\"og:image:type\" content=\"image\/png\" \/>\n<meta name=\"twitter:card\" content=\"summary_large_image\" \/>\n<meta name=\"twitter:label1\" content=\"Est. reading time\" \/>\n\t<meta name=\"twitter:data1\" content=\"1 minute\" \/>\n<!-- \/ Yoast SEO plugin. -->","yoast_head_json":{"title":"MKT Growth Analyst - Mind the Graph Blog","robots":{"index":"index","follow":"follow","max-snippet":"max-snippet:-1","max-image-preview":"max-image-preview:large","max-video-preview":"max-video-preview:-1"},"canonical":"https:\/\/mindthegraph.com\/blog\/tr\/mkt-buyume\/","og_locale":"tr_TR","og_type":"article","og_title":"MKT Growth Analyst - Mind the Graph Blog","og_description":"We are looking for a fresh Marketing Growth analyst to help boost traffic and bring qualified audience to a platform serving more than 400,000 scientific and academic users around the world. You&#8217;ll need to have: Strong knowledge of SEO, SEM, Google Analytics, remarketing, and A\/B testing Understand the process of Link strategy \u2013 internal and [&hellip;]","og_url":"https:\/\/mindthegraph.com\/blog\/tr\/mkt-buyume\/","og_site_name":"Mind the Graph Blog","article_modified_time":"2020-11-19T16:14:04+00:00","og_image":[{"width":620,"height":56,"url":"https:\/\/mindthegraph.com\/blog\/wp-content\/uploads\/2020\/11\/captura-de-tela-2020-11-19-as-131025.png","type":"image\/png"}],"twitter_card":"summary_large_image","twitter_misc":{"Est. reading time":"1 minute"},"schema":{"@context":"https:\/\/schema.org","@graph":[{"@type":"WebPage","@id":"https:\/\/mindthegraph.com\/blog\/mkt-growth\/","url":"https:\/\/mindthegraph.com\/blog\/mkt-growth\/","name":"MKT Growth Analyst - Mind the Graph Blog","isPartOf":{"@id":"https:\/\/mindthegraph.com\/blog\/#website"},"datePublished":"2020-11-10T15:53:50+00:00","dateModified":"2020-11-19T16:14:04+00:00","breadcrumb":{"@id":"https:\/\/mindthegraph.com\/blog\/mkt-growth\/#breadcrumb"},"inLanguage":"tr-TR","potentialAction":[{"@type":"ReadAction","target":["https:\/\/mindthegraph.com\/blog\/mkt-growth\/"]}]},{"@type":"BreadcrumbList","@id":"https:\/\/mindthegraph.com\/blog\/mkt-growth\/#breadcrumb","itemListElement":[{"@type":"ListItem","position":1,"name":"Home","item":"https:\/\/mindthegraph.com\/blog\/"},{"@type":"ListItem","position":2,"name":"MKT Growth Analyst"}]},{"@type":"WebSite","@id":"https:\/\/mindthegraph.com\/blog\/#website","url":"https:\/\/mindthegraph.com\/blog\/","name":"Mind the Graph Blog","description":"Your science can be beautiful!","potentialAction":[{"@type":"SearchAction","target":{"@type":"EntryPoint","urlTemplate":"https:\/\/mindthegraph.com\/blog\/?s={search_term_string}"},"query-input":"required name=search_term_string"}],"inLanguage":"tr-TR"}]}},"_links":{"self":[{"href":"https:\/\/mindthegraph.com\/blog\/tr\/wp-json\/wp\/v2\/pages\/11890"}],"collection":[{"href":"https:\/\/mindthegraph.com\/blog\/tr\/wp-json\/wp\/v2\/pages"}],"about":[{"href":"https:\/\/mindthegraph.com\/blog\/tr\/wp-json\/wp\/v2\/types\/page"}],"author":[{"embeddable":true,"href":"https:\/\/mindthegraph.com\/blog\/tr\/wp-json\/wp\/v2\/users\/16"}],"replies":[{"embeddable":true,"href":"https:\/\/mindthegraph.com\/blog\/tr\/wp-json\/wp\/v2\/comments?post=11890"}],"version-history":[{"count":8,"href":"https:\/\/mindthegraph.com\/blog\/tr\/wp-json\/wp\/v2\/pages\/11890\/revisions"}],"predecessor-version":[{"id":11938,"href":"https:\/\/mindthegraph.com\/blog\/tr\/wp-json\/wp\/v2\/pages\/11890\/revisions\/11938"}],"wp:featuredmedia":[{"embeddable":true,"href":"https:\/\/mindthegraph.com\/blog\/tr\/wp-json\/wp\/v2\/media\/11948"}],"wp:attachment":[{"href":"https:\/\/mindthegraph.com\/blog\/tr\/wp-json\/wp\/v2\/media?parent=11890"}],"curies":[{"name":"wp","href":"https:\/\/api.w.org\/{rel}","templated":true}]}}