{"id":14643,"date":"2021-09-27T01:49:01","date_gmt":"2021-09-27T04:49:01","guid":{"rendered":"https:\/\/mindthegraph.com\/blog\/jobs\/mkt-growth-copy\/"},"modified":"2022-06-07T19:15:22","modified_gmt":"2022-06-07T22:15:22","slug":"full-stack-developer","status":"publish","type":"page","link":"https:\/\/mindthegraph.com\/blog\/sv_se\/full-stack-utvecklare\/","title":{"rendered":"Full Stack-utvecklare"},"content":{"rendered":"<div class=\"wp-block-button\"><a class=\"wp-block-button__link\" href=\"https:\/\/mindthegraph.com\/blog\/work-with-us\/\">Ans\u00f6k h\u00e4r<\/a><\/div>\n\n\n\n<p>\u00c4lskar du vetenskap? Det g\u00f6r vi!<\/p>\n\n\n\n<p>Vi letar efter nya medarbetare till v\u00e5rt team av konstn\u00e4rer, utvecklare och entrepren\u00f6rer som alla brinner f\u00f6r vetenskap.<\/p>\n\n\n\n<p><strong>Om Mind the Graph<\/strong><\/p>\n\n\n\n<p>Mind the Graph \u00e4r en del av CACTUS-sviten av l\u00f6sningar.<\/p>\n\n\n\n<p>Vi \u00e4r den ledande och f\u00f6rsta plattformen f\u00f6r infografik med fokus p\u00e5 vetenskapliga och akademiska \u00e4ndam\u00e5l. Med mer \u00e4n 400 000 anv\u00e4ndare med dagliga interaktioner och snabbt v\u00e4xande.<\/p>\n\n\n\n<p>Vi \u00e4r ett litet, mycket motiverat team som respekterar och v\u00e4rdes\u00e4tter varandras arbete. Vi arbetar helt p\u00e5 distans, med ett moget team som arbetar sj\u00e4lvst\u00e4ndigt och oberoende.<\/p>\n\n\n\n<figure class=\"wp-block-embed is-type-video is-provider-youtube wp-block-embed-youtube wp-embed-aspect-16-9 wp-has-aspect-ratio\"><div class=\"wp-block-embed__wrapper\">\n<iframe loading=\"lazy\" title=\"Mind the Graph - Infografisk tillverkare av vetenskap\" width=\"800\" height=\"450\" src=\"https:\/\/www.youtube.com\/embed\/tG-PmLzx6NA?feature=oembed\" frameborder=\"0\" allow=\"accelerometer; autoplay; clipboard-write; encrypted-media; gyroscope; picture-in-picture\" allowfullscreen><\/iframe>\n<\/div><\/figure>\n\n\n\n<p>Vi har en ny jobbm\u00f6jlighet: <strong>Full Stack-utvecklare<\/strong>.<\/p>\n\n\n\n<p>Som Full Stack-utvecklare b\u00f6r du vara bekv\u00e4m med b\u00e5de front-end och back-end kodningsspr\u00e5k, utvecklingsramverk och tredjepartsbibliotek. Du b\u00f6r ocks\u00e5 vara en lagspelare med en fallenhet f\u00f6r visuell design och anv\u00e4ndbarhet.<\/p>\n\n\n\n<p><strong>Huvudsakliga aktiviteter<\/strong><\/p>\n\n\n\n<ul><li>Delta i utformningen och skapandet av skalbar programvara.<\/li><li>Skriva ren, funktionell kod p\u00e5 front- och back-end.<\/li><li>Testa och \u00e5tg\u00e4rda buggar eller andra kodningsproblem.<\/li><li>Arbeta med utvecklingsteamet och produktchefen f\u00f6r att ta fram id\u00e9er till programvarul\u00f6sningar.<\/li><li>Utforma arkitektur f\u00f6r klient- och serversidan.<\/li><li>Bygg upp applikationernas front-end med hj\u00e4lp av tilltalande visuell design.<\/li><li>Utveckla och f\u00f6rvalta v\u00e4lfungerande databaser och applikationer.<\/li><li>Fels\u00f6kning, fels\u00f6kning och uppgradering av programvara.<\/li><li>Skapa inst\u00e4llningar f\u00f6r s\u00e4kerhet och dataskydd.<\/li><li>Skriva teknisk dokumentation.<\/li><li>Arbeta med datavetare och analytiker f\u00f6r att f\u00f6rb\u00e4ttra programvaran.<\/li><\/ul>\n\n\n\n<p><strong>Krav f\u00f6r tj\u00e4nsten<\/strong><\/p>\n\n\n\n<ul><li>Minst 5 \u00e5rs yrkeserfarenhet som utvecklare.<\/li><li>F\u00f6rtrogenhet med flera front-end- och back-end-spr\u00e5k, bibliotek och ramverk.<\/li><li>Design och hantering av MySQL-databaser.<\/li><li>Att vara uppdaterad om de senaste b\u00e4sta metoderna f\u00f6r utveckling<\/li><li>Grundlig f\u00f6rst\u00e5else f\u00f6r anv\u00e4ndarupplevelse och eventuellt produktstrategi.<\/li><li>Erfarenhet av att implementera testplattformar och enhetstester.<\/li><li>Kunskaper i Git.<\/li><li>Uppskattning av ren och v\u00e4ldokumenterad kod.<\/li><li>Din egen arbetsstation.<\/li><\/ul>\n\n\n\n<p><strong>F\u00f6redragna kvalifikationer<\/strong><\/p>\n\n\n\n<ul><li>Flytande engelska i tal och skrift.<\/li><li>Dokumenterad erfarenhet som fullstackutvecklare eller liknande roll.<\/li><li>Utm\u00e4rkt kommunikations- och samarbetsf\u00f6rm\u00e5ga.<\/li><li>Stor uppm\u00e4rksamhet p\u00e5 detaljer.<\/li><li>Organisatoriska f\u00e4rdigheter.<\/li><li>Ett analytiskt sinne.<\/li><li>Examen i datavetenskap, statistik eller relevant omr\u00e5de.<\/li><\/ul>\n\n\n\n<p><strong>V\u00e5r Core Stack f\u00f6r arbetsytor<\/strong><\/p>\n\n\n\n<ul><li>JavaScript: bibliotek Fabric.js<\/li><li>PHP: CodeIgniter ramverk<\/li><li>Node.js: NestJS ramverk<\/li><li>MySQL.<\/li><\/ul>\n\n\n\n<p><strong>Vad du hittar h\u00e4r<\/strong><\/p>\n\n\n\n<ul><li>Ett fj\u00e4rrstyrt f\u00f6retag 100%.<\/li><li>Trevliga m\u00e4nniskor i en v\u00e4nlig arbetsmilj\u00f6.<\/li><li>H\u00f6gkvalificerat team f\u00f6rdelat \u00f6ver hela v\u00e4rlden.<\/li><li>Konkurrenskraftig l\u00f6n som betalas i USD.<\/li><li>Bli en del av ett f\u00f6retag med global r\u00e4ckvidd.<\/li><li>Viktig position som rapporterar direkt till VD f\u00f6r en lovande startup.<\/li><li>Nyckelplacering med viktiga ansvarsomr\u00e5den i organisationen.<\/li><li>Anpassa din professionella utveckling till startupens tillv\u00e4xt.<\/li><\/ul>\n\n\n\n<p>Har du identifierat dig med det h\u00e4r jobbet?&nbsp;<\/p>\n\n\n\n<p>S\u00e5 skicka in din ans\u00f6kan och bli en del av teamet!<\/p>\n\n\n\n<div class=\"wp-block-button\"><a class=\"wp-block-button__link\" href=\"https:\/\/mindthegraph.com\/blog\/work-with-us\/\">Ans\u00f6k h\u00e4r<\/a><\/div>\n\n\n\n<style>\n.is-provider-youtube .wp-block-embed__wrapper, .gutentim-admin-page-video{ height:auto !important; }\n<\/style>","protected":false},"excerpt":{"rendered":"<p>\u00c4lskar du vetenskap? Det g\u00f6r vi! Vi letar efter nya medarbetare till v\u00e5rt team av konstn\u00e4rer, utvecklare och entrepren\u00f6rer som alla brinner f\u00f6r vetenskap. Om Mind the Graph Mind the Graph \u00e4r en del av CACTUS-sviten av l\u00f6sningar. Vi \u00e4r den ledande och f\u00f6rsta plattformen f\u00f6r infografik med fokus p\u00e5 vetenskapliga och akademiska [...]<\/p>","protected":false},"author":21,"featured_media":11948,"parent":0,"menu_order":0,"comment_status":"closed","ping_status":"closed","template":"","meta":[],"yoast_head":"<!-- This site is optimized with the Yoast SEO plugin v19.9 - https:\/\/yoast.com\/wordpress\/plugins\/seo\/ -->\n<title>Full Stack Developer - Mind the Graph Blog<\/title>\n<meta name=\"robots\" content=\"index, follow, max-snippet:-1, max-image-preview:large, max-video-preview:-1\" \/>\n<link rel=\"canonical\" href=\"https:\/\/mindthegraph.com\/blog\/sv_se\/sviluppatore-completo\/\" \/>\n<meta property=\"og:locale\" content=\"sv_SE\" \/>\n<meta property=\"og:type\" content=\"article\" \/>\n<meta property=\"og:title\" content=\"Full Stack Developer - Mind the Graph Blog\" \/>\n<meta property=\"og:description\" content=\"Do you love science? We do! We are looking for new people to join our team of artists, developers, and entrepreneurs, all passionate about science. About Mind the Graph Mind the Graph is a part of the CACTUS suite of solutions. We are the leading and first infographic maker platform focused on scientific and academic [&hellip;]\" \/>\n<meta property=\"og:url\" content=\"https:\/\/mindthegraph.com\/blog\/sv_se\/sviluppatore-completo\/\" \/>\n<meta property=\"og:site_name\" content=\"Mind the Graph Blog\" \/>\n<meta property=\"article:modified_time\" content=\"2022-06-07T22:15:22+00:00\" \/>\n<meta property=\"og:image\" content=\"https:\/\/mindthegraph.com\/blog\/wp-content\/uploads\/2020\/11\/captura-de-tela-2020-11-19-as-131025.png\" \/>\n\t<meta property=\"og:image:width\" content=\"620\" \/>\n\t<meta property=\"og:image:height\" content=\"56\" \/>\n\t<meta property=\"og:image:type\" content=\"image\/png\" \/>\n<meta name=\"twitter:card\" content=\"summary_large_image\" \/>\n<meta name=\"twitter:label1\" content=\"Est. reading time\" \/>\n\t<meta name=\"twitter:data1\" content=\"2 minutes\" \/>\n<!-- \/ Yoast SEO plugin. -->","yoast_head_json":{"title":"Full Stack Developer - Mind the Graph Blog","robots":{"index":"index","follow":"follow","max-snippet":"max-snippet:-1","max-image-preview":"max-image-preview:large","max-video-preview":"max-video-preview:-1"},"canonical":"https:\/\/mindthegraph.com\/blog\/sv_se\/sviluppatore-completo\/","og_locale":"sv_SE","og_type":"article","og_title":"Full Stack Developer - Mind the Graph Blog","og_description":"Do you love science? We do! We are looking for new people to join our team of artists, developers, and entrepreneurs, all passionate about science. About Mind the Graph Mind the Graph is a part of the CACTUS suite of solutions. We are the leading and first infographic maker platform focused on scientific and academic [&hellip;]","og_url":"https:\/\/mindthegraph.com\/blog\/sv_se\/sviluppatore-completo\/","og_site_name":"Mind the Graph Blog","article_modified_time":"2022-06-07T22:15:22+00:00","og_image":[{"width":620,"height":56,"url":"https:\/\/mindthegraph.com\/blog\/wp-content\/uploads\/2020\/11\/captura-de-tela-2020-11-19-as-131025.png","type":"image\/png"}],"twitter_card":"summary_large_image","twitter_misc":{"Est. reading time":"2 minutes"},"schema":{"@context":"https:\/\/schema.org","@graph":[{"@type":"WebPage","@id":"https:\/\/mindthegraph.com\/blog\/it\/sviluppatore-completo\/","url":"https:\/\/mindthegraph.com\/blog\/it\/sviluppatore-completo\/","name":"Full Stack Developer - Mind the Graph Blog","isPartOf":{"@id":"https:\/\/mindthegraph.com\/blog\/#website"},"datePublished":"2021-09-27T04:49:01+00:00","dateModified":"2022-06-07T22:15:22+00:00","breadcrumb":{"@id":"https:\/\/mindthegraph.com\/blog\/it\/sviluppatore-completo\/#breadcrumb"},"inLanguage":"sv-SE","potentialAction":[{"@type":"ReadAction","target":["https:\/\/mindthegraph.com\/blog\/it\/sviluppatore-completo\/"]}]},{"@type":"BreadcrumbList","@id":"https:\/\/mindthegraph.com\/blog\/it\/sviluppatore-completo\/#breadcrumb","itemListElement":[{"@type":"ListItem","position":1,"name":"Home","item":"https:\/\/mindthegraph.com\/blog\/"},{"@type":"ListItem","position":2,"name":"Full Stack Developer"}]},{"@type":"WebSite","@id":"https:\/\/mindthegraph.com\/blog\/#website","url":"https:\/\/mindthegraph.com\/blog\/","name":"Mind the Graph Blog","description":"Your science can be beautiful!","potentialAction":[{"@type":"SearchAction","target":{"@type":"EntryPoint","urlTemplate":"https:\/\/mindthegraph.com\/blog\/?s={search_term_string}"},"query-input":"required name=search_term_string"}],"inLanguage":"sv-SE"}]}},"_links":{"self":[{"href":"https:\/\/mindthegraph.com\/blog\/sv_se\/wp-json\/wp\/v2\/pages\/14643"}],"collection":[{"href":"https:\/\/mindthegraph.com\/blog\/sv_se\/wp-json\/wp\/v2\/pages"}],"about":[{"href":"https:\/\/mindthegraph.com\/blog\/sv_se\/wp-json\/wp\/v2\/types\/page"}],"author":[{"embeddable":true,"href":"https:\/\/mindthegraph.com\/blog\/sv_se\/wp-json\/wp\/v2\/users\/21"}],"replies":[{"embeddable":true,"href":"https:\/\/mindthegraph.com\/blog\/sv_se\/wp-json\/wp\/v2\/comments?post=14643"}],"version-history":[{"count":4,"href":"https:\/\/mindthegraph.com\/blog\/sv_se\/wp-json\/wp\/v2\/pages\/14643\/revisions"}],"predecessor-version":[{"id":15901,"href":"https:\/\/mindthegraph.com\/blog\/sv_se\/wp-json\/wp\/v2\/pages\/14643\/revisions\/15901"}],"wp:featuredmedia":[{"embeddable":true,"href":"https:\/\/mindthegraph.com\/blog\/sv_se\/wp-json\/wp\/v2\/media\/11948"}],"wp:attachment":[{"href":"https:\/\/mindthegraph.com\/blog\/sv_se\/wp-json\/wp\/v2\/media?parent=14643"}],"curies":[{"name":"wp","href":"https:\/\/api.w.org\/{rel}","templated":true}]}}