{"id":13191,"date":"2021-07-22T01:33:20","date_gmt":"2021-07-22T04:33:20","guid":{"rendered":"https:\/\/mindthegraph.com\/blog\/jobs\/sdr-copy\/"},"modified":"2021-07-22T14:03:34","modified_gmt":"2021-07-22T17:03:34","slug":"sales-mkt","status":"publish","type":"page","link":"https:\/\/mindthegraph.com\/blog\/sv_se\/forsaljning-marknad\/","title":{"rendered":"F\u00f6rs\u00e4ljning och marknadsf\u00f6ring"},"content":{"rendered":"<p>\u00c4lskar du vetenskap? Det g\u00f6r vi!<\/p>\n\n\n\n<p>Vi letar efter nya medarbetare till v\u00e5rt team av konstn\u00e4rer, utvecklare och entrepren\u00f6rer som alla brinner f\u00f6r vetenskap.<\/p>\n\n\n\n<p>Vi har en ny jobbm\u00f6jlighet: <strong>F\u00f6rs\u00e4ljning och marknadsf\u00f6ring<\/strong>.<\/p>\n\n\n\n<p><strong>Huvudsakliga aktiviteter<\/strong><\/p>\n\n\n\n<ul><li>Unders\u00f6ka och utveckla marknadsf\u00f6ring, f\u00f6rst\u00e5 konsumenternas krav, identifiera marknadstrender och f\u00f6resl\u00e5 f\u00f6rb\u00e4ttringar f\u00f6r att uppn\u00e5 f\u00f6retagets marknadsf\u00f6rings- och f\u00f6rs\u00e4ljningsm\u00e5l.<\/li><li>Uppr\u00e4tth\u00e5lla relationer med viktiga kunder och potentiella kunder genom regelbunden kontakt, f\u00f6rst\u00e5else f\u00f6r deras behov och genom att f\u00f6rutse nya marknadsf\u00f6ringsm\u00f6jligheter.<\/li><li>Hantera f\u00f6rs\u00e4ljningspipelinen, fr\u00e5n att generera nya leads till att avsluta f\u00f6rs\u00e4ljningen.<\/li><li>Skapa och implementera strategier f\u00f6r att generera merf\u00f6rs\u00e4ljning i v\u00e5r leadsbas.<\/li><li>Driva f\u00f6rs\u00e4ljnings- och marknadsf\u00f6ringskampanjer. N\u00e4ra samarbete med Customer Success och reklamteam.<\/li><li>Samla in och analysera data f\u00f6r att styra arbetet baserat p\u00e5 m\u00e4tbara m\u00e5tt.<\/li><li>Fr\u00e4mja f\u00f6retagets befintliga varum\u00e4rken och introducera nya produkter p\u00e5 marknaden.<\/li><li>St\u00f6dja utvecklingen och genomf\u00f6randet av f\u00f6rs\u00e4ljnings- och marknadsf\u00f6ringsmaterial.<\/li><li>Bidra till andra aktiviteter inom leadgenerering och kundrekrytering.<\/li><li>Fokusera p\u00e5 att konvertera f\u00f6rs\u00e4ljning, uppgradera konton och s\u00e4lja tj\u00e4nster. <\/li><\/ul>\n\n\n\n<p><\/p>\n\n\n\n<p><strong>Krav f\u00f6r tj\u00e4nsten<\/strong><\/p>\n\n\n\n<ul><li>Flytande engelska i tal och skrift.<\/li><li>Praktisk erfarenhet av att utveckla kampanjer och erbjudanden.<\/li><li>Utm\u00e4rkt kommunikationsf\u00f6rm\u00e5ga, samarbetsf\u00f6rm\u00e5ga och kundservice.<\/li><li>Stark vilja och f\u00f6rm\u00e5ga att bidra till att generera f\u00f6rs\u00e4ljning f\u00f6r organisationen.<\/li><li>Egen arbetsstation.<\/li><\/ul>\n\n\n\n<p><\/p>\n\n\n\n<p><strong>F\u00f6redragna kvalifikationer<\/strong><\/p>\n\n\n\n<ul><li>Du m\u00e5ste kunna arbeta i den \u00f6stra tidszonen.<\/li><li>Kunskaper i verktygen ZenDesk och RD Station.<\/li><li>Tidigare erfarenhet som f\u00f6rs\u00e4ljningsutvecklare.<\/li><\/ul>\n\n\n\n<p><\/p>\n\n\n\n<p><strong>Om Mind The Graph<\/strong><br>Vi \u00e4r den ledande och f\u00f6rsta plattformen f\u00f6r infografik med fokus p\u00e5 vetenskapliga och akademiska \u00e4ndam\u00e5l. Med mer \u00e4n 400 000 anv\u00e4ndare med dagliga interaktioner och snabbt v\u00e4xande.<\/p>\n\n\n\n<figure class=\"wp-block-embed is-type-video is-provider-youtube wp-block-embed-youtube wp-embed-aspect-16-9 wp-has-aspect-ratio\"><div class=\"wp-block-embed__wrapper\">\n<iframe loading=\"lazy\" title=\"Mind the Graph - Infografisk tillverkare av vetenskap\" width=\"800\" height=\"450\" src=\"https:\/\/www.youtube.com\/embed\/tG-PmLzx6NA?feature=oembed\" frameborder=\"0\" allow=\"accelerometer; autoplay; clipboard-write; encrypted-media; gyroscope; picture-in-picture\" allowfullscreen><\/iframe>\n<\/div><\/figure>\n\n\n\n<p><strong>Vad du hittar h\u00e4r<\/strong><\/p>\n\n\n\n<ul><li>Ett 100% fj\u00e4rrf\u00f6retag, arbeta hemifr\u00e5n. <\/li><li>Trevliga m\u00e4nniskor i en v\u00e4nlig arbetsmilj\u00f6.<\/li><li>H\u00f6gkvalificerat team f\u00f6rdelat \u00f6ver hela v\u00e4rlden.<\/li><li>Konkurrenskraftig l\u00f6n.<\/li><li>Bonus p\u00e5 prestation varje kvartal.<\/li><li>Internet mensal voucher (vi betalar ditt internet).<\/li><li>M\u00e5nadskupong f\u00f6r v\u00e4lbefinnande (\u00f6vningar, massage, yoga...).<\/li><li>Matkupong m\u00e5nadskupong (ge dig sj\u00e4lv goda m\u00e5ltider!).<\/li><li>Viktig position som rapporterar direkt till VD f\u00f6r en lovande startup.<\/li><li>Nyckelplacering med viktiga ansvarsomr\u00e5den i organisationen.<\/li><li>Anpassa din professionella utveckling till startupens tillv\u00e4xt.<\/li><\/ul>\n\n\n\n<p>Vi \u00e4r ett litet, mycket motiverat team som respekterar och v\u00e4rdes\u00e4tter varandras arbete. Vi arbetar helt p\u00e5 distans, med ett moget team som arbetar sj\u00e4lvst\u00e4ndigt och oberoende.<\/p>\n\n\n\n<p>Har du identifierat dig med det h\u00e4r jobbet? S\u00e5 g\u00e5 med i teamet!<\/p>\n\n\n\n<div class=\"wp-block-button\"><a class=\"wp-block-button__link\" href=\"https:\/\/mindthegraph.com\/blog\/work-with-us\/\">Ans\u00f6k h\u00e4r<\/a><\/div>\n\n\n\n<style>\n.is-provider-youtube .wp-block-embed__wrapper, .gutentim-admin-page-video{ height:auto !important; }\n<\/style>","protected":false},"excerpt":{"rendered":"<p>\u00c4lskar du vetenskap? Det g\u00f6r vi! Vi letar efter nya medarbetare till v\u00e5rt team av konstn\u00e4rer, utvecklare och entrepren\u00f6rer som alla brinner f\u00f6r vetenskap. Vi har en ny jobbm\u00f6jlighet: F\u00f6rs\u00e4ljning och marknadsf\u00f6ring. Huvudsakliga arbetsuppgifter Unders\u00f6ka och utveckla marknadsf\u00f6ring, f\u00f6rst\u00e5 konsumenternas krav, identifiera marknadstrender och f\u00f6resl\u00e5 f\u00f6rb\u00e4ttringar f\u00f6r att uppn\u00e5 f\u00f6retagets marknadsf\u00f6rings- och [...]<\/p>","protected":false},"author":21,"featured_media":11948,"parent":0,"menu_order":0,"comment_status":"closed","ping_status":"closed","template":"","meta":[],"yoast_head":"<!-- This site is optimized with the Yoast SEO plugin v19.9 - https:\/\/yoast.com\/wordpress\/plugins\/seo\/ -->\n<title>Sales &amp; Marketing - Mind the Graph Blog<\/title>\n<meta name=\"robots\" content=\"index, follow, max-snippet:-1, max-image-preview:large, max-video-preview:-1\" \/>\n<link rel=\"canonical\" href=\"https:\/\/mindthegraph.com\/blog\/sv_se\/satis-mkt\/\" \/>\n<meta property=\"og:locale\" content=\"sv_SE\" \/>\n<meta property=\"og:type\" content=\"article\" \/>\n<meta property=\"og:title\" content=\"Sales &amp; Marketing - Mind the Graph Blog\" \/>\n<meta property=\"og:description\" content=\"Do you love science? We do! We are looking for new people to join our team of artists, developers, and entrepreneurs, all passionate about science. We have a new job opportunity: Sales &amp; Marketing. Main Activities Researching and developing marketing, understanding consumer requirements, identifying market trends, and suggesting improvements to achieve the company&#8217;s marketing and [&hellip;]\" \/>\n<meta property=\"og:url\" content=\"https:\/\/mindthegraph.com\/blog\/sv_se\/satis-mkt\/\" \/>\n<meta property=\"og:site_name\" content=\"Mind the Graph Blog\" \/>\n<meta property=\"article:modified_time\" content=\"2021-07-22T17:03:34+00:00\" \/>\n<meta property=\"og:image\" content=\"https:\/\/mindthegraph.com\/blog\/wp-content\/uploads\/2020\/11\/captura-de-tela-2020-11-19-as-131025.png\" \/>\n\t<meta property=\"og:image:width\" content=\"620\" \/>\n\t<meta property=\"og:image:height\" content=\"56\" \/>\n\t<meta property=\"og:image:type\" content=\"image\/png\" \/>\n<meta name=\"twitter:card\" content=\"summary_large_image\" \/>\n<meta name=\"twitter:label1\" content=\"Est. reading time\" \/>\n\t<meta name=\"twitter:data1\" content=\"2 minutes\" \/>\n<!-- \/ Yoast SEO plugin. -->","yoast_head_json":{"title":"Sales & Marketing - Mind the Graph Blog","robots":{"index":"index","follow":"follow","max-snippet":"max-snippet:-1","max-image-preview":"max-image-preview:large","max-video-preview":"max-video-preview:-1"},"canonical":"https:\/\/mindthegraph.com\/blog\/sv_se\/satis-mkt\/","og_locale":"sv_SE","og_type":"article","og_title":"Sales & Marketing - Mind the Graph Blog","og_description":"Do you love science? We do! We are looking for new people to join our team of artists, developers, and entrepreneurs, all passionate about science. We have a new job opportunity: Sales &amp; Marketing. Main Activities Researching and developing marketing, understanding consumer requirements, identifying market trends, and suggesting improvements to achieve the company&#8217;s marketing and [&hellip;]","og_url":"https:\/\/mindthegraph.com\/blog\/sv_se\/satis-mkt\/","og_site_name":"Mind the Graph Blog","article_modified_time":"2021-07-22T17:03:34+00:00","og_image":[{"width":620,"height":56,"url":"https:\/\/mindthegraph.com\/blog\/wp-content\/uploads\/2020\/11\/captura-de-tela-2020-11-19-as-131025.png","type":"image\/png"}],"twitter_card":"summary_large_image","twitter_misc":{"Est. reading time":"2 minutes"},"schema":{"@context":"https:\/\/schema.org","@graph":[{"@type":"WebPage","@id":"https:\/\/mindthegraph.com\/blog\/tr\/satis-mkt\/","url":"https:\/\/mindthegraph.com\/blog\/tr\/satis-mkt\/","name":"Sales & Marketing - Mind the Graph Blog","isPartOf":{"@id":"https:\/\/mindthegraph.com\/blog\/#website"},"datePublished":"2021-07-22T04:33:20+00:00","dateModified":"2021-07-22T17:03:34+00:00","breadcrumb":{"@id":"https:\/\/mindthegraph.com\/blog\/tr\/satis-mkt\/#breadcrumb"},"inLanguage":"sv-SE","potentialAction":[{"@type":"ReadAction","target":["https:\/\/mindthegraph.com\/blog\/tr\/satis-mkt\/"]}]},{"@type":"BreadcrumbList","@id":"https:\/\/mindthegraph.com\/blog\/tr\/satis-mkt\/#breadcrumb","itemListElement":[{"@type":"ListItem","position":1,"name":"Home","item":"https:\/\/mindthegraph.com\/blog\/"},{"@type":"ListItem","position":2,"name":"Sales &#038; Marketing"}]},{"@type":"WebSite","@id":"https:\/\/mindthegraph.com\/blog\/#website","url":"https:\/\/mindthegraph.com\/blog\/","name":"Mind the Graph Blog","description":"Your science can be beautiful!","potentialAction":[{"@type":"SearchAction","target":{"@type":"EntryPoint","urlTemplate":"https:\/\/mindthegraph.com\/blog\/?s={search_term_string}"},"query-input":"required name=search_term_string"}],"inLanguage":"sv-SE"}]}},"_links":{"self":[{"href":"https:\/\/mindthegraph.com\/blog\/sv_se\/wp-json\/wp\/v2\/pages\/13191"}],"collection":[{"href":"https:\/\/mindthegraph.com\/blog\/sv_se\/wp-json\/wp\/v2\/pages"}],"about":[{"href":"https:\/\/mindthegraph.com\/blog\/sv_se\/wp-json\/wp\/v2\/types\/page"}],"author":[{"embeddable":true,"href":"https:\/\/mindthegraph.com\/blog\/sv_se\/wp-json\/wp\/v2\/users\/21"}],"replies":[{"embeddable":true,"href":"https:\/\/mindthegraph.com\/blog\/sv_se\/wp-json\/wp\/v2\/comments?post=13191"}],"version-history":[{"count":4,"href":"https:\/\/mindthegraph.com\/blog\/sv_se\/wp-json\/wp\/v2\/pages\/13191\/revisions"}],"predecessor-version":[{"id":13197,"href":"https:\/\/mindthegraph.com\/blog\/sv_se\/wp-json\/wp\/v2\/pages\/13191\/revisions\/13197"}],"wp:featuredmedia":[{"embeddable":true,"href":"https:\/\/mindthegraph.com\/blog\/sv_se\/wp-json\/wp\/v2\/media\/11948"}],"wp:attachment":[{"href":"https:\/\/mindthegraph.com\/blog\/sv_se\/wp-json\/wp\/v2\/media?parent=13191"}],"curies":[{"name":"wp","href":"https:\/\/api.w.org\/{rel}","templated":true}]}}