{"id":14643,"date":"2021-09-27T01:49:01","date_gmt":"2021-09-27T04:49:01","guid":{"rendered":"https:\/\/mindthegraph.com\/blog\/jobs\/mkt-growth-copy\/"},"modified":"2022-06-07T19:15:22","modified_gmt":"2022-06-07T22:15:22","slug":"full-stack-developer","status":"publish","type":"page","link":"https:\/\/mindthegraph.com\/blog\/sl\/full-stack-developer\/","title":{"rendered":"Razvijalec celotnega sklada"},"content":{"rendered":"<div class=\"wp-block-button\"><a class=\"wp-block-button__link\" href=\"https:\/\/mindthegraph.com\/blog\/work-with-us\/\">Prijavite se tukaj<\/a><\/div>\n\n\n\n<p>Imate radi znanost? Mi jo imamo!<\/p>\n\n\n\n<p>I\u0161\u010demo nove sodelavce, ki bi se pridru\u017eili na\u0161i ekipi umetnikov, razvijalcev in podjetnikov, navdu\u0161enih nad znanostjo.<\/p>\n\n\n\n<p><strong>O podjetju Mind the Graph<\/strong><\/p>\n\n\n\n<p>Mind the Graph je del sklopa re\u0161itev CACTUS.<\/p>\n\n\n\n<p>Smo vodilna in prva platforma za izdelavo infografik, ki se osredoto\u010da na znanstvene in akademske namene. Z ve\u010d kot 400.000 uporabniki, ki dnevno komunicirajo z nami, in hitro rasto\u010dim \u0161tevilom.<\/p>\n\n\n\n<p>Smo majhna, visoko motivirana ekipa, ki spo\u0161tuje in ceni delo drug drugega. Delamo popolnoma na daljavo, z zrelo ekipo, ki deluje samostojno in neodvisno.<\/p>\n\n\n\n<figure class=\"wp-block-embed is-type-video is-provider-youtube wp-block-embed-youtube wp-embed-aspect-16-9 wp-has-aspect-ratio\"><div class=\"wp-block-embed__wrapper\">\n<iframe loading=\"lazy\" title=\"Mind the Graph - Izdelovalec znanstvenih infografik\" width=\"800\" height=\"450\" src=\"https:\/\/www.youtube.com\/embed\/tG-PmLzx6NA?feature=oembed\" frameborder=\"0\" allow=\"accelerometer; autoplay; clipboard-write; encrypted-media; gyroscope; picture-in-picture\" allowfullscreen><\/iframe>\n<\/div><\/figure>\n\n\n\n<p>Imamo novo prilo\u017enost za zaposlitev: <strong>Razvijalec celotnega sklada<\/strong>.<\/p>\n\n\n\n<p>Kot razvijalec celotnega paketa se morate dobro znajti v jezikih za kodiranje sprednjega in zadnjega dela, razvojnih ogrodjih in knji\u017enicah tretjih oseb. Biti morate tudi timski igralec s smislom za vizualno oblikovanje in uporabnost.<\/p>\n\n\n\n<p><strong>Glavne dejavnosti<\/strong><\/p>\n\n\n\n<ul><li>Sodelovanje pri na\u010drtovanju in ustvarjanju skalabilne programske opreme.<\/li><li>Pisanje \u010diste in funkcionalne kode na sprednjem in zadnjem delu.<\/li><li>Preizku\u0161anje in odpravljanje napak ali drugih te\u017eav s kodiranjem.<\/li><li>Sodelujte z razvojno ekipo in produktnim vodjem pri oblikovanju programskih re\u0161itev.<\/li><li>Oblikovanje arhitekture na strani odjemalca in stre\u017enika.<\/li><li>Oblikovanje sprednjega dela aplikacij s privla\u010dnim vizualnim oblikovanjem.<\/li><li>Razvijanje in upravljanje dobro delujo\u010dih podatkovnih zbirk in aplikacij.<\/li><li>Odpravljanje te\u017eav, odpravljanje napak in nadgradnja programske opreme.<\/li><li>Ustvarite varnostne nastavitve in nastavitve za za\u0161\u010dito podatkov.<\/li><li>Pisanje tehni\u010dne dokumentacije.<\/li><li>Sodelovanje s podatkovnimi znanstveniki in analitiki pri izbolj\u0161evanju programske opreme.<\/li><\/ul>\n\n\n\n<p><strong>Zahteve za delo<\/strong><\/p>\n\n\n\n<ul><li>Vsaj 5 let delovnih izku\u0161enj kot razvijalec.<\/li><li>Poznavanje ve\u010d front-end in back-end jezikov, knji\u017enic in ogrodij.<\/li><li>Oblikovanje in upravljanje podatkovne zbirke MySQL.<\/li><li>Seznanjanje z najnovej\u0161imi najbolj\u0161imi razvojnimi praksami<\/li><li>Temeljito razumevanje uporabni\u0161ke izku\u0161nje in po mo\u017enosti strategije izdelkov.<\/li><li>Izku\u0161nje z izvajanjem platform za testiranje in testov enot.<\/li><li>Usposobljenost za uporabo sistema Git.<\/li><li>Cenite \u010disto in dobro dokumentirano kodo.<\/li><li>Lastna delovna postaja.<\/li><\/ul>\n\n\n\n<p><strong>Prednostne kvalifikacije<\/strong><\/p>\n\n\n\n<ul><li>teko\u010de govorjenje in pisanje v angle\u0161\u010dini.<\/li><li>Dokazane izku\u0161nje kot razvijalec celotnega paketa ali v podobni vlogi.<\/li><li>Odli\u010dne komunikacijske sposobnosti in ve\u0161\u010dine timskega dela.<\/li><li>Velika pozornost do podrobnosti.<\/li><li>Organizacijske sposobnosti.<\/li><li>Analiti\u010dni um.<\/li><li>diploma iz ra\u010dunalni\u0161tva, statistike ali ustreznega podro\u010dja.<\/li><\/ul>\n\n\n\n<p><strong>Na\u0161e jedro Workspace Core Stack<\/strong><\/p>\n\n\n\n<ul><li>JavaScript: knji\u017enica Fabric.js<\/li><li>PHP: CodeIgniter Framework<\/li><li>Node.js: ogrodje NestJS<\/li><li>MySQL.<\/li><\/ul>\n\n\n\n<p><strong>Kaj boste na\u0161li tukaj<\/strong><\/p>\n\n\n\n<ul><li>Oddaljeno podjetje 100%.<\/li><li>Prijetni ljudje v prijaznem delovnem okolju.<\/li><li>Visoko usposobljena ekipa, razporejena po vsem svetu.<\/li><li>Konkuren\u010dna pla\u010da v ameri\u0161kih dolarjih.<\/li><li>Postanite del podjetja z globalnim dosegom.<\/li><li>Pomembno delovno mesto, ki je neposredno podrejeno generalnemu direktorju obetavnega zagonskega podjetja.<\/li><li>Klju\u010dno mesto s pomembnimi odgovornostmi v organizaciji.<\/li><li>Uskladitev va\u0161e poklicne rasti z rastjo zagonskega podjetja.<\/li><\/ul>\n\n\n\n<p>Ste se poistovetili s tem delovnim mestom?&nbsp;<\/p>\n\n\n\n<p>Prijavite se in se pridru\u017eite ekipi!<\/p>\n\n\n\n<div class=\"wp-block-button\"><a class=\"wp-block-button__link\" href=\"https:\/\/mindthegraph.com\/blog\/work-with-us\/\">Prijavite se tukaj<\/a><\/div>\n\n\n\n<style>\n.is-provider-youtube .wp-block-embed__wrapper, .gutentim-admin-page-video{ height:auto !important; }\n<\/style>","protected":false},"excerpt":{"rendered":"<p>Imate radi znanost? Mi jo imamo! I\u0161\u010demo nove sodelavce, ki bi se pridru\u017eili na\u0161i ekipi umetnikov, razvijalcev in podjetnikov, ki so vsi navdu\u0161eni nad znanostjo. O podjetju Mind the Graph Podjetje Mind the Graph je del sklopa re\u0161itev CACTUS. Smo vodilna in prva platforma za izdelavo infografik, ki se osredoto\u010da na znanstvene in akademske [...]<\/p>","protected":false},"author":21,"featured_media":11948,"parent":0,"menu_order":0,"comment_status":"closed","ping_status":"closed","template":"","meta":[],"yoast_head":"<!-- This site is optimized with the Yoast SEO plugin v19.9 - https:\/\/yoast.com\/wordpress\/plugins\/seo\/ -->\n<title>Full Stack Developer - Mind the Graph Blog<\/title>\n<meta name=\"robots\" content=\"index, follow, max-snippet:-1, max-image-preview:large, max-video-preview:-1\" \/>\n<link rel=\"canonical\" href=\"https:\/\/mindthegraph.com\/blog\/sl\/sviluppatore-completo\/\" \/>\n<meta property=\"og:locale\" content=\"sl_SI\" \/>\n<meta property=\"og:type\" content=\"article\" \/>\n<meta property=\"og:title\" content=\"Full Stack Developer - Mind the Graph Blog\" \/>\n<meta property=\"og:description\" content=\"Do you love science? We do! We are looking for new people to join our team of artists, developers, and entrepreneurs, all passionate about science. About Mind the Graph Mind the Graph is a part of the CACTUS suite of solutions. We are the leading and first infographic maker platform focused on scientific and academic [&hellip;]\" \/>\n<meta property=\"og:url\" content=\"https:\/\/mindthegraph.com\/blog\/sl\/sviluppatore-completo\/\" \/>\n<meta property=\"og:site_name\" content=\"Mind the Graph Blog\" \/>\n<meta property=\"article:modified_time\" content=\"2022-06-07T22:15:22+00:00\" \/>\n<meta property=\"og:image\" content=\"https:\/\/mindthegraph.com\/blog\/wp-content\/uploads\/2020\/11\/captura-de-tela-2020-11-19-as-131025.png\" \/>\n\t<meta property=\"og:image:width\" content=\"620\" \/>\n\t<meta property=\"og:image:height\" content=\"56\" \/>\n\t<meta property=\"og:image:type\" content=\"image\/png\" \/>\n<meta name=\"twitter:card\" content=\"summary_large_image\" \/>\n<meta name=\"twitter:label1\" content=\"Est. reading time\" \/>\n\t<meta name=\"twitter:data1\" content=\"2 minutes\" \/>\n<!-- \/ Yoast SEO plugin. -->","yoast_head_json":{"title":"Full Stack Developer - Mind the Graph Blog","robots":{"index":"index","follow":"follow","max-snippet":"max-snippet:-1","max-image-preview":"max-image-preview:large","max-video-preview":"max-video-preview:-1"},"canonical":"https:\/\/mindthegraph.com\/blog\/sl\/sviluppatore-completo\/","og_locale":"sl_SI","og_type":"article","og_title":"Full Stack Developer - Mind the Graph Blog","og_description":"Do you love science? We do! We are looking for new people to join our team of artists, developers, and entrepreneurs, all passionate about science. About Mind the Graph Mind the Graph is a part of the CACTUS suite of solutions. We are the leading and first infographic maker platform focused on scientific and academic [&hellip;]","og_url":"https:\/\/mindthegraph.com\/blog\/sl\/sviluppatore-completo\/","og_site_name":"Mind the Graph Blog","article_modified_time":"2022-06-07T22:15:22+00:00","og_image":[{"width":620,"height":56,"url":"https:\/\/mindthegraph.com\/blog\/wp-content\/uploads\/2020\/11\/captura-de-tela-2020-11-19-as-131025.png","type":"image\/png"}],"twitter_card":"summary_large_image","twitter_misc":{"Est. reading time":"2 minutes"},"schema":{"@context":"https:\/\/schema.org","@graph":[{"@type":"WebPage","@id":"https:\/\/mindthegraph.com\/blog\/it\/sviluppatore-completo\/","url":"https:\/\/mindthegraph.com\/blog\/it\/sviluppatore-completo\/","name":"Full Stack Developer - Mind the Graph Blog","isPartOf":{"@id":"https:\/\/mindthegraph.com\/blog\/#website"},"datePublished":"2021-09-27T04:49:01+00:00","dateModified":"2022-06-07T22:15:22+00:00","breadcrumb":{"@id":"https:\/\/mindthegraph.com\/blog\/it\/sviluppatore-completo\/#breadcrumb"},"inLanguage":"sl-SI","potentialAction":[{"@type":"ReadAction","target":["https:\/\/mindthegraph.com\/blog\/it\/sviluppatore-completo\/"]}]},{"@type":"BreadcrumbList","@id":"https:\/\/mindthegraph.com\/blog\/it\/sviluppatore-completo\/#breadcrumb","itemListElement":[{"@type":"ListItem","position":1,"name":"Home","item":"https:\/\/mindthegraph.com\/blog\/"},{"@type":"ListItem","position":2,"name":"Full Stack Developer"}]},{"@type":"WebSite","@id":"https:\/\/mindthegraph.com\/blog\/#website","url":"https:\/\/mindthegraph.com\/blog\/","name":"Mind the Graph Blog","description":"Your science can be beautiful!","potentialAction":[{"@type":"SearchAction","target":{"@type":"EntryPoint","urlTemplate":"https:\/\/mindthegraph.com\/blog\/?s={search_term_string}"},"query-input":"required name=search_term_string"}],"inLanguage":"sl-SI"}]}},"_links":{"self":[{"href":"https:\/\/mindthegraph.com\/blog\/sl\/wp-json\/wp\/v2\/pages\/14643"}],"collection":[{"href":"https:\/\/mindthegraph.com\/blog\/sl\/wp-json\/wp\/v2\/pages"}],"about":[{"href":"https:\/\/mindthegraph.com\/blog\/sl\/wp-json\/wp\/v2\/types\/page"}],"author":[{"embeddable":true,"href":"https:\/\/mindthegraph.com\/blog\/sl\/wp-json\/wp\/v2\/users\/21"}],"replies":[{"embeddable":true,"href":"https:\/\/mindthegraph.com\/blog\/sl\/wp-json\/wp\/v2\/comments?post=14643"}],"version-history":[{"count":4,"href":"https:\/\/mindthegraph.com\/blog\/sl\/wp-json\/wp\/v2\/pages\/14643\/revisions"}],"predecessor-version":[{"id":15901,"href":"https:\/\/mindthegraph.com\/blog\/sl\/wp-json\/wp\/v2\/pages\/14643\/revisions\/15901"}],"wp:featuredmedia":[{"embeddable":true,"href":"https:\/\/mindthegraph.com\/blog\/sl\/wp-json\/wp\/v2\/media\/11948"}],"wp:attachment":[{"href":"https:\/\/mindthegraph.com\/blog\/sl\/wp-json\/wp\/v2\/media?parent=14643"}],"curies":[{"name":"wp","href":"https:\/\/api.w.org\/{rel}","templated":true}]}}