{"id":14643,"date":"2021-09-27T01:49:01","date_gmt":"2021-09-27T04:49:01","guid":{"rendered":"https:\/\/mindthegraph.com\/blog\/jobs\/mkt-growth-copy\/"},"modified":"2022-06-07T19:15:22","modified_gmt":"2022-06-07T22:15:22","slug":"full-stack-developer","status":"publish","type":"page","link":"https:\/\/mindthegraph.com\/blog\/sk\/full-stack-developer\/","title":{"rendered":"V\u00fdvoj\u00e1r cel\u00e9ho bal\u00edka"},"content":{"rendered":"<div class=\"wp-block-button\"><a class=\"wp-block-button__link\" href=\"https:\/\/mindthegraph.com\/blog\/work-with-us\/\">Prihl\u00e1ste sa tu<\/a><\/div>\n\n\n\n<p>M\u00e1te radi vedu? My \u00e1no!<\/p>\n\n\n\n<p>H\u013ead\u00e1me nov\u00fdch \u013eud\u00ed do n\u00e1\u0161ho t\u00edmu umelcov, v\u00fdvoj\u00e1rov a podnikate\u013eov, ktor\u00ed s\u00fa nad\u0161en\u00ed pre vedu.<\/p>\n\n\n\n<p><strong>O spolo\u010dnosti Mind the Graph<\/strong><\/p>\n\n\n\n<p>Mind the Graph je s\u00fa\u010das\u0165ou bal\u00edka rie\u0161en\u00ed CACTUS.<\/p>\n\n\n\n<p>Sme popredn\u00e1 a prv\u00e1 platforma na tvorbu infografiky zameran\u00e1 na vedeck\u00e9 a akademick\u00e9 \u00fa\u010dely. S viac ako 400 000 pou\u017e\u00edvate\u013emi s ka\u017edodennou interakciou a r\u00fdchlo rast\u00facou.<\/p>\n\n\n\n<p>Sme mal\u00fd, vysoko motivovan\u00fd t\u00edm, ktor\u00fd re\u0161pektuje a v\u00e1\u017ei si pr\u00e1cu ostatn\u00fdch. Pracujeme \u00faplne na dia\u013eku, s vyspel\u00fdm t\u00edmom, ktor\u00fd pracuje samostatne a nez\u00e1visle.<\/p>\n\n\n\n<figure class=\"wp-block-embed is-type-video is-provider-youtube wp-block-embed-youtube wp-embed-aspect-16-9 wp-has-aspect-ratio\"><div class=\"wp-block-embed__wrapper\">\n<iframe loading=\"lazy\" title=\"Mind the Graph - Tvorca vedeck\u00fdch infografik\" width=\"800\" height=\"450\" src=\"https:\/\/www.youtube.com\/embed\/tG-PmLzx6NA?feature=oembed\" frameborder=\"0\" allow=\"accelerometer; autoplay; clipboard-write; encrypted-media; gyroscope; picture-in-picture\" allowfullscreen><\/iframe>\n<\/div><\/figure>\n\n\n\n<p>M\u00e1me nov\u00fa pracovn\u00fa pr\u00edle\u017eitos\u0165: <strong>V\u00fdvoj\u00e1r cel\u00e9ho bal\u00edka<\/strong>.<\/p>\n\n\n\n<p>Ako full-stack v\u00fdvoj\u00e1r by ste mali ma\u0165 sk\u00fasenosti s k\u00f3dovac\u00edmi jazykmi front-endu aj back-endu, v\u00fdvojov\u00fdmi r\u00e1mcami a kni\u017enicami tret\u00edch str\u00e1n. Mali by ste by\u0165 aj t\u00edmov\u00fdm hr\u00e1\u010dom so zmyslom pre vizu\u00e1lny dizajn a u\u017eito\u010dnos\u0165.<\/p>\n\n\n\n<p><strong>Hlavn\u00e9 \u010dinnosti<\/strong><\/p>\n\n\n\n<ul><li>\u00da\u010das\u0165 na n\u00e1vrhu a tvorbe \u0161k\u00e1lovate\u013en\u00e9ho softv\u00e9ru.<\/li><li>P\u00edsanie \u010dist\u00e9ho a funk\u010dn\u00e9ho k\u00f3du na front- a back-ende.<\/li><li>Testovanie a oprava ch\u00fdb alebo in\u00fdch probl\u00e9mov s k\u00f3dovan\u00edm.<\/li><li>Spolupracujte s v\u00fdvojov\u00fdm t\u00edmom a produktov\u00fdm mana\u017e\u00e9rom pri navrhovan\u00ed softv\u00e9rov\u00fdch rie\u0161en\u00ed.<\/li><li>N\u00e1vrh architekt\u00fary na strane klienta a servera.<\/li><li>Vytv\u00e1rajte front-end aplik\u00e1ci\u00ed prostredn\u00edctvom atrakt\u00edvneho vizu\u00e1lneho dizajnu.<\/li><li>Vyv\u00edja\u0165 a spravova\u0165 dobre funguj\u00face datab\u00e1zy a aplik\u00e1cie.<\/li><li>Odstra\u0148ovanie probl\u00e9mov, ladenie a aktualiz\u00e1cia softv\u00e9ru.<\/li><li>Vytvorenie nastaven\u00ed zabezpe\u010denia a ochrany \u00fadajov.<\/li><li>P\u00edsanie technickej dokument\u00e1cie.<\/li><li>Spolupracujte s d\u00e1tov\u00fdmi vedcami a analytikmi na zlep\u0161ovan\u00ed softv\u00e9ru.<\/li><\/ul>\n\n\n\n<p><strong>Po\u017eiadavky na pr\u00e1cu<\/strong><\/p>\n\n\n\n<ul><li>Najmenej 5 rokov odbornej praxe ako v\u00fdvoj\u00e1r.<\/li><li>Znalos\u0165 viacer\u00fdch front-end a back-end jazykov, kni\u017en\u00edc a frameworkov.<\/li><li>N\u00e1vrh a spr\u00e1va datab\u00e1zy MySQL.<\/li><li>Sledovanie najnov\u0161\u00edch osved\u010den\u00fdch postupov v\u00fdvoja<\/li><li>D\u00f4kladn\u00e1 znalos\u0165 pou\u017e\u00edvate\u013esk\u00e9ho z\u00e1\u017eitku a pr\u00edpadne produktovej strat\u00e9gie.<\/li><li>Sk\u00fasenosti s implement\u00e1ciou testovac\u00edch platforiem a jednotkov\u00fdch testov.<\/li><li>Znalos\u0165 syst\u00e9mu Git.<\/li><li>Ocenenie \u010dist\u00e9ho a dobre zdokumentovan\u00e9ho k\u00f3du.<\/li><li>Vlastn\u00e1 pracovn\u00e1 stanica.<\/li><\/ul>\n\n\n\n<p><strong>Uprednost\u0148ovan\u00e9 kvalifik\u00e1cie<\/strong><\/p>\n\n\n\n<ul><li>Plynul\u00e1 znalos\u0165 angli\u010dtiny slovom aj p\u00edsmom.<\/li><li>Preuk\u00e1zan\u00e9 sk\u00fasenosti na poz\u00edcii Full Stack Developer alebo na podobnej poz\u00edcii.<\/li><li>Vynikaj\u00face komunika\u010dn\u00e9 schopnosti a schopnos\u0165 t\u00edmovej pr\u00e1ce.<\/li><li>Ve\u013ek\u00fd d\u00f4raz na detail.<\/li><li>Organiza\u010dn\u00e9 schopnosti.<\/li><li>Analytick\u00e1 myse\u013e.<\/li><li>Diplom z informatiky, \u0161tatistiky alebo pr\u00edslu\u0161n\u00e9ho odboru.<\/li><\/ul>\n\n\n\n<p><strong>N\u00e1\u0161 z\u00e1kladn\u00fd z\u00e1sobn\u00edk Workspace<\/strong><\/p>\n\n\n\n<ul><li>JavaScript: kni\u017enica Fabric.js<\/li><li>PHP: CodeIgniter Framework<\/li><li>Node.js: NestJS Framework<\/li><li>MySQL.<\/li><\/ul>\n\n\n\n<p><strong>\u010co tu n\u00e1jdete<\/strong><\/p>\n\n\n\n<ul><li>Vzdialen\u00e1 spolo\u010dnos\u0165 100%.<\/li><li>Pr\u00edjemn\u00ed \u013eudia v priate\u013eskom pracovnom prostred\u00ed.<\/li><li>Vysokokvalifikovan\u00fd t\u00edm rozmiestnen\u00fd po celom svete.<\/li><li>Konkuren\u010dn\u00fd plat vypl\u00e1can\u00fd v USD.<\/li><li>Sta\u0148te sa s\u00fa\u010das\u0165ou spolo\u010dnosti s celosvetovou p\u00f4sobnos\u0165ou.<\/li><li>D\u00f4le\u017eit\u00e1 poz\u00edcia priamo podriaden\u00e1 gener\u00e1lnemu riadite\u013eovi s\u013eubn\u00e9ho startupu.<\/li><li>K\u013e\u00fa\u010dov\u00e9 umiestnenie s d\u00f4le\u017eit\u00fdmi povinnos\u0165ami v organiz\u00e1cii.<\/li><li>Zos\u00faladenie v\u00e1\u0161ho profesion\u00e1lneho rastu s rastom startupu.<\/li><\/ul>\n\n\n\n<p>Stoto\u017enili ste sa s touto pr\u00e1cou?&nbsp;<\/p>\n\n\n\n<p>Podajte si prihl\u00e1\u0161ku a pridajte sa k t\u00edmu!<\/p>\n\n\n\n<div class=\"wp-block-button\"><a class=\"wp-block-button__link\" href=\"https:\/\/mindthegraph.com\/blog\/work-with-us\/\">Prihl\u00e1ste sa tu<\/a><\/div>\n\n\n\n<style>\n.is-provider-youtube .wp-block-embed__wrapper, .gutentim-admin-page-video{ height:auto !important; }\n<\/style>","protected":false},"excerpt":{"rendered":"<p>M\u00e1te radi vedu? My \u00e1no! H\u013ead\u00e1me nov\u00fdch \u013eud\u00ed do n\u00e1\u0161ho t\u00edmu umelcov, v\u00fdvoj\u00e1rov a podnikate\u013eov, ktor\u00fdch sp\u00e1ja v\u00e1\u0161e\u0148 pre vedu. O Mind the Graph Mind the Graph je s\u00fa\u010das\u0165ou bal\u00edka rie\u0161en\u00ed CACTUS. Sme popredn\u00e1 a prv\u00e1 platforma na tvorbu infografiky zameran\u00e1 na vedeck\u00e9 a akademick\u00e9 [...]<\/p>","protected":false},"author":21,"featured_media":11948,"parent":0,"menu_order":0,"comment_status":"closed","ping_status":"closed","template":"","meta":[],"yoast_head":"<!-- This site is optimized with the Yoast SEO plugin v19.9 - https:\/\/yoast.com\/wordpress\/plugins\/seo\/ -->\n<title>Full Stack Developer - Mind the Graph Blog<\/title>\n<meta name=\"robots\" content=\"index, follow, max-snippet:-1, max-image-preview:large, max-video-preview:-1\" \/>\n<link rel=\"canonical\" href=\"https:\/\/mindthegraph.com\/blog\/sk\/sviluppatore-completo\/\" \/>\n<meta property=\"og:locale\" content=\"sk_SK\" \/>\n<meta property=\"og:type\" content=\"article\" \/>\n<meta property=\"og:title\" content=\"Full Stack Developer - Mind the Graph Blog\" \/>\n<meta property=\"og:description\" content=\"Do you love science? We do! We are looking for new people to join our team of artists, developers, and entrepreneurs, all passionate about science. About Mind the Graph Mind the Graph is a part of the CACTUS suite of solutions. We are the leading and first infographic maker platform focused on scientific and academic [&hellip;]\" \/>\n<meta property=\"og:url\" content=\"https:\/\/mindthegraph.com\/blog\/sk\/sviluppatore-completo\/\" \/>\n<meta property=\"og:site_name\" content=\"Mind the Graph Blog\" \/>\n<meta property=\"article:modified_time\" content=\"2022-06-07T22:15:22+00:00\" \/>\n<meta property=\"og:image\" content=\"https:\/\/mindthegraph.com\/blog\/wp-content\/uploads\/2020\/11\/captura-de-tela-2020-11-19-as-131025.png\" \/>\n\t<meta property=\"og:image:width\" content=\"620\" \/>\n\t<meta property=\"og:image:height\" content=\"56\" \/>\n\t<meta property=\"og:image:type\" content=\"image\/png\" \/>\n<meta name=\"twitter:card\" content=\"summary_large_image\" \/>\n<meta name=\"twitter:label1\" content=\"Est. reading time\" \/>\n\t<meta name=\"twitter:data1\" content=\"2 minutes\" \/>\n<!-- \/ Yoast SEO plugin. -->","yoast_head_json":{"title":"Full Stack Developer - Mind the Graph Blog","robots":{"index":"index","follow":"follow","max-snippet":"max-snippet:-1","max-image-preview":"max-image-preview:large","max-video-preview":"max-video-preview:-1"},"canonical":"https:\/\/mindthegraph.com\/blog\/sk\/sviluppatore-completo\/","og_locale":"sk_SK","og_type":"article","og_title":"Full Stack Developer - Mind the Graph Blog","og_description":"Do you love science? We do! We are looking for new people to join our team of artists, developers, and entrepreneurs, all passionate about science. About Mind the Graph Mind the Graph is a part of the CACTUS suite of solutions. We are the leading and first infographic maker platform focused on scientific and academic [&hellip;]","og_url":"https:\/\/mindthegraph.com\/blog\/sk\/sviluppatore-completo\/","og_site_name":"Mind the Graph Blog","article_modified_time":"2022-06-07T22:15:22+00:00","og_image":[{"width":620,"height":56,"url":"https:\/\/mindthegraph.com\/blog\/wp-content\/uploads\/2020\/11\/captura-de-tela-2020-11-19-as-131025.png","type":"image\/png"}],"twitter_card":"summary_large_image","twitter_misc":{"Est. reading time":"2 minutes"},"schema":{"@context":"https:\/\/schema.org","@graph":[{"@type":"WebPage","@id":"https:\/\/mindthegraph.com\/blog\/it\/sviluppatore-completo\/","url":"https:\/\/mindthegraph.com\/blog\/it\/sviluppatore-completo\/","name":"Full Stack Developer - Mind the Graph Blog","isPartOf":{"@id":"https:\/\/mindthegraph.com\/blog\/#website"},"datePublished":"2021-09-27T04:49:01+00:00","dateModified":"2022-06-07T22:15:22+00:00","breadcrumb":{"@id":"https:\/\/mindthegraph.com\/blog\/it\/sviluppatore-completo\/#breadcrumb"},"inLanguage":"sk-SK","potentialAction":[{"@type":"ReadAction","target":["https:\/\/mindthegraph.com\/blog\/it\/sviluppatore-completo\/"]}]},{"@type":"BreadcrumbList","@id":"https:\/\/mindthegraph.com\/blog\/it\/sviluppatore-completo\/#breadcrumb","itemListElement":[{"@type":"ListItem","position":1,"name":"Home","item":"https:\/\/mindthegraph.com\/blog\/"},{"@type":"ListItem","position":2,"name":"Full Stack Developer"}]},{"@type":"WebSite","@id":"https:\/\/mindthegraph.com\/blog\/#website","url":"https:\/\/mindthegraph.com\/blog\/","name":"Mind the Graph Blog","description":"Your science can be beautiful!","potentialAction":[{"@type":"SearchAction","target":{"@type":"EntryPoint","urlTemplate":"https:\/\/mindthegraph.com\/blog\/?s={search_term_string}"},"query-input":"required name=search_term_string"}],"inLanguage":"sk-SK"}]}},"_links":{"self":[{"href":"https:\/\/mindthegraph.com\/blog\/sk\/wp-json\/wp\/v2\/pages\/14643"}],"collection":[{"href":"https:\/\/mindthegraph.com\/blog\/sk\/wp-json\/wp\/v2\/pages"}],"about":[{"href":"https:\/\/mindthegraph.com\/blog\/sk\/wp-json\/wp\/v2\/types\/page"}],"author":[{"embeddable":true,"href":"https:\/\/mindthegraph.com\/blog\/sk\/wp-json\/wp\/v2\/users\/21"}],"replies":[{"embeddable":true,"href":"https:\/\/mindthegraph.com\/blog\/sk\/wp-json\/wp\/v2\/comments?post=14643"}],"version-history":[{"count":4,"href":"https:\/\/mindthegraph.com\/blog\/sk\/wp-json\/wp\/v2\/pages\/14643\/revisions"}],"predecessor-version":[{"id":15901,"href":"https:\/\/mindthegraph.com\/blog\/sk\/wp-json\/wp\/v2\/pages\/14643\/revisions\/15901"}],"wp:featuredmedia":[{"embeddable":true,"href":"https:\/\/mindthegraph.com\/blog\/sk\/wp-json\/wp\/v2\/media\/11948"}],"wp:attachment":[{"href":"https:\/\/mindthegraph.com\/blog\/sk\/wp-json\/wp\/v2\/media?parent=14643"}],"curies":[{"name":"wp","href":"https:\/\/api.w.org\/{rel}","templated":true}]}}