{"id":13191,"date":"2021-07-22T01:33:20","date_gmt":"2021-07-22T04:33:20","guid":{"rendered":"https:\/\/mindthegraph.com\/blog\/jobs\/sdr-copy\/"},"modified":"2021-07-22T14:03:34","modified_gmt":"2021-07-22T17:03:34","slug":"sales-mkt","status":"publish","type":"page","link":"https:\/\/mindthegraph.com\/blog\/sk\/predaj-na-trhu\/","title":{"rendered":"Predaj a marketing"},"content":{"rendered":"<p>M\u00e1te radi vedu? My \u00e1no!<\/p>\n\n\n\n<p>H\u013ead\u00e1me nov\u00fdch \u013eud\u00ed do n\u00e1\u0161ho t\u00edmu umelcov, v\u00fdvoj\u00e1rov a podnikate\u013eov, ktor\u00ed s\u00fa nad\u0161en\u00ed pre vedu.<\/p>\n\n\n\n<p>M\u00e1me nov\u00fa pracovn\u00fa pr\u00edle\u017eitos\u0165: <strong>Predaj a marketing<\/strong>.<\/p>\n\n\n\n<p><strong>Hlavn\u00e9 \u010dinnosti<\/strong><\/p>\n\n\n\n<ul><li>V\u00fdskum a v\u00fdvoj marketingu, pochopenie po\u017eiadaviek spotrebite\u013eov, identifik\u00e1cia trendov na trhu a navrhovanie zlep\u0161en\u00ed na dosiahnutie marketingov\u00fdch a predajn\u00fdch cie\u013eov spolo\u010dnosti.<\/li><li>Udr\u017eiavanie vz\u0165ahov s d\u00f4le\u017eit\u00fdmi klientmi a potenci\u00e1lnymi z\u00e1kazn\u00edkmi prostredn\u00edctvom pravideln\u00e9ho kontaktu, pochopenia ich potrieb a predv\u00eddania nov\u00fdch marketingov\u00fdch pr\u00edle\u017eitost\u00ed.<\/li><li>Spravujte predajn\u00fd kan\u00e1l od generovania nov\u00fdch potenci\u00e1lnych z\u00e1kazn\u00edkov a\u017e po uzatv\u00e1ranie predaja.<\/li><li>Vytv\u00e1ranie a implement\u00e1cia strat\u00e9gi\u00ed na zv\u00fd\u0161enie predaja v predajnej datab\u00e1ze na\u0161ich z\u00e1kazn\u00edkov.<\/li><li>Realizujte predajn\u00e9 a marketingov\u00e9 kampane. \u00dazka spolupr\u00e1ca s t\u00edmami Customer Success a reklamn\u00fdmi t\u00edmami.<\/li><li>Zhroma\u017e\u010fova\u0165 a analyzova\u0165 \u00fadaje na usmer\u0148ovanie pr\u00e1ce na z\u00e1klade merate\u013en\u00fdch ukazovate\u013eov.<\/li><li>Propag\u00e1cia existuj\u00facich zna\u010diek spolo\u010dnosti a zav\u00e1dzanie nov\u00fdch produktov na trh.<\/li><li>Podpora v\u00fdvoja a realiz\u00e1cie predajn\u00fdch a marketingov\u00fdch materi\u00e1lov.<\/li><li>Podie\u013eanie sa na \u010fal\u0161\u00edch \u010dinnostiach s\u00favisiacich s generovan\u00edm potenci\u00e1lnych z\u00e1kazn\u00edkov a z\u00edskavan\u00edm z\u00e1kazn\u00edkov.<\/li><li>Zamerajte sa na konverziu predaja, moderniz\u00e1ciu \u00fa\u010dtov a upsell slu\u017eieb. <\/li><\/ul>\n\n\n\n<p><\/p>\n\n\n\n<p><strong>Po\u017eiadavky na pr\u00e1cu<\/strong><\/p>\n\n\n\n<ul><li>Plynul\u00e1 znalos\u0165 angli\u010dtiny slovom aj p\u00edsmom.<\/li><li>Praktick\u00e9 sk\u00fasenosti s v\u00fdvojom kampan\u00ed a propaga\u010dn\u00fdch akci\u00ed.<\/li><li>Vynikaj\u00face komunika\u010dn\u00e9, interperson\u00e1lne a z\u00e1kazn\u00edcke zru\u010dnosti.<\/li><li>Siln\u00e1 t\u00fa\u017eba a schopnos\u0165 pom\u00e1ha\u0165 organiz\u00e1cii vytv\u00e1ra\u0165 predaj.<\/li><li>Vlastn\u00e1 pracovn\u00e1 stanica.<\/li><\/ul>\n\n\n\n<p><\/p>\n\n\n\n<p><strong>Uprednost\u0148ovan\u00e9 kvalifik\u00e1cie<\/strong><\/p>\n\n\n\n<ul><li>Bu\u010fte k dispoz\u00edcii pre pr\u00e1cu vo v\u00fdchodnom \u010dasovom p\u00e1sme.<\/li><li>Znalos\u0165 pr\u00e1ce s n\u00e1strojmi ZenDesk a RD Station.<\/li><li>Predch\u00e1dzaj\u00face sk\u00fasenosti ako z\u00e1stupca pre rozvoj predaja.<\/li><\/ul>\n\n\n\n<p><\/p>\n\n\n\n<p><strong>O slu\u017ebe Mind The Graph<\/strong><br>Sme popredn\u00e1 a prv\u00e1 platforma na tvorbu infografiky zameran\u00e1 na vedeck\u00e9 a akademick\u00e9 \u00fa\u010dely. S viac ako 400 000 pou\u017e\u00edvate\u013emi s ka\u017edodenn\u00fdmi interakciami a r\u00fdchlo rast\u00facim po\u010dtom.<\/p>\n\n\n\n<figure class=\"wp-block-embed is-type-video is-provider-youtube wp-block-embed-youtube wp-embed-aspect-16-9 wp-has-aspect-ratio\"><div class=\"wp-block-embed__wrapper\">\n<iframe loading=\"lazy\" title=\"Mind the Graph - Tvorca vedeck\u00fdch infografik\" width=\"800\" height=\"450\" src=\"https:\/\/www.youtube.com\/embed\/tG-PmLzx6NA?feature=oembed\" frameborder=\"0\" allow=\"accelerometer; autoplay; clipboard-write; encrypted-media; gyroscope; picture-in-picture\" allowfullscreen><\/iframe>\n<\/div><\/figure>\n\n\n\n<p><strong>\u010co tu n\u00e1jdete<\/strong><\/p>\n\n\n\n<ul><li>A 100% vzdialen\u00e1 spolo\u010dnos\u0165, pr\u00e1ca z domu. <\/li><li>Pr\u00edjemn\u00ed \u013eudia v priate\u013eskom pracovnom prostred\u00ed.<\/li><li>Vysokokvalifikovan\u00fd t\u00edm rozmiestnen\u00fd po celom svete.<\/li><li>Konkuren\u010dn\u00fd plat.<\/li><li>Bonus za v\u00fdkon ka\u017ed\u00fd \u0161tvr\u0165rok.<\/li><li>Internetov\u00fd poukaz (plat\u00edme za v\u00e1\u0161 internet).<\/li><li>Mesa\u010dn\u00fd poukaz na wellness (cvi\u010denie, mas\u00e1\u017e, joga...).<\/li><li>Mesa\u010dn\u00e1 pouk\u00e1\u017eka na stravu (doprajte si dobr\u00e9 jedlo!).<\/li><li>D\u00f4le\u017eit\u00e1 poz\u00edcia priamo podriaden\u00e1 gener\u00e1lnemu riadite\u013eovi s\u013eubn\u00e9ho startupu.<\/li><li>K\u013e\u00fa\u010dov\u00e9 umiestnenie s d\u00f4le\u017eit\u00fdmi povinnos\u0165ami v organiz\u00e1cii.<\/li><li>Zos\u00faladenie v\u00e1\u0161ho profesion\u00e1lneho rastu s rastom startupu.<\/li><\/ul>\n\n\n\n<p>Sme mal\u00fd, vysoko motivovan\u00fd t\u00edm, ktor\u00fd re\u0161pektuje a v\u00e1\u017ei si pr\u00e1cu ostatn\u00fdch. Pracujeme \u00faplne na dia\u013eku, s vyspel\u00fdm t\u00edmom, ktor\u00fd pracuje samostatne a nez\u00e1visle.<\/p>\n\n\n\n<p>Stoto\u017enili ste sa s touto pr\u00e1cou? Pridajte sa k t\u00edmu!<\/p>\n\n\n\n<div class=\"wp-block-button\"><a class=\"wp-block-button__link\" href=\"https:\/\/mindthegraph.com\/blog\/work-with-us\/\">Prihl\u00e1ste sa tu<\/a><\/div>\n\n\n\n<style>\n.is-provider-youtube .wp-block-embed__wrapper, .gutentim-admin-page-video{ height:auto !important; }\n<\/style>","protected":false},"excerpt":{"rendered":"<p>M\u00e1te radi vedu? My \u00e1no! H\u013ead\u00e1me nov\u00fdch \u013eud\u00ed do n\u00e1\u0161ho t\u00edmu umelcov, v\u00fdvoj\u00e1rov a podnikate\u013eov, ktor\u00fdch sp\u00e1ja v\u00e1\u0161e\u0148 pre vedu. M\u00e1me nov\u00fa pracovn\u00fa pr\u00edle\u017eitos\u0165: Predaj a marketing. Hlavn\u00e9 \u010dinnosti V\u00fdskum a v\u00fdvoj marketingu, pochopenie po\u017eiadaviek spotrebite\u013eov, identifik\u00e1cia trendov na trhu a navrhovanie zlep\u0161en\u00ed na dosiahnutie marketingov\u00fdch a [...]<\/p>","protected":false},"author":21,"featured_media":11948,"parent":0,"menu_order":0,"comment_status":"closed","ping_status":"closed","template":"","meta":[],"yoast_head":"<!-- This site is optimized with the Yoast SEO plugin v19.9 - https:\/\/yoast.com\/wordpress\/plugins\/seo\/ -->\n<title>Sales &amp; Marketing - Mind the Graph Blog<\/title>\n<meta name=\"robots\" content=\"index, follow, max-snippet:-1, max-image-preview:large, max-video-preview:-1\" \/>\n<link rel=\"canonical\" href=\"https:\/\/mindthegraph.com\/blog\/sk\/satis-mkt\/\" \/>\n<meta property=\"og:locale\" content=\"sk_SK\" \/>\n<meta property=\"og:type\" content=\"article\" \/>\n<meta property=\"og:title\" content=\"Sales &amp; Marketing - Mind the Graph Blog\" \/>\n<meta property=\"og:description\" content=\"Do you love science? We do! We are looking for new people to join our team of artists, developers, and entrepreneurs, all passionate about science. We have a new job opportunity: Sales &amp; Marketing. Main Activities Researching and developing marketing, understanding consumer requirements, identifying market trends, and suggesting improvements to achieve the company&#8217;s marketing and [&hellip;]\" \/>\n<meta property=\"og:url\" content=\"https:\/\/mindthegraph.com\/blog\/sk\/satis-mkt\/\" \/>\n<meta property=\"og:site_name\" content=\"Mind the Graph Blog\" \/>\n<meta property=\"article:modified_time\" content=\"2021-07-22T17:03:34+00:00\" \/>\n<meta property=\"og:image\" content=\"https:\/\/mindthegraph.com\/blog\/wp-content\/uploads\/2020\/11\/captura-de-tela-2020-11-19-as-131025.png\" \/>\n\t<meta property=\"og:image:width\" content=\"620\" \/>\n\t<meta property=\"og:image:height\" content=\"56\" \/>\n\t<meta property=\"og:image:type\" content=\"image\/png\" \/>\n<meta name=\"twitter:card\" content=\"summary_large_image\" \/>\n<meta name=\"twitter:label1\" content=\"Est. reading time\" \/>\n\t<meta name=\"twitter:data1\" content=\"2 minutes\" \/>\n<!-- \/ Yoast SEO plugin. -->","yoast_head_json":{"title":"Sales & Marketing - Mind the Graph Blog","robots":{"index":"index","follow":"follow","max-snippet":"max-snippet:-1","max-image-preview":"max-image-preview:large","max-video-preview":"max-video-preview:-1"},"canonical":"https:\/\/mindthegraph.com\/blog\/sk\/satis-mkt\/","og_locale":"sk_SK","og_type":"article","og_title":"Sales & Marketing - Mind the Graph Blog","og_description":"Do you love science? We do! We are looking for new people to join our team of artists, developers, and entrepreneurs, all passionate about science. We have a new job opportunity: Sales &amp; Marketing. Main Activities Researching and developing marketing, understanding consumer requirements, identifying market trends, and suggesting improvements to achieve the company&#8217;s marketing and [&hellip;]","og_url":"https:\/\/mindthegraph.com\/blog\/sk\/satis-mkt\/","og_site_name":"Mind the Graph Blog","article_modified_time":"2021-07-22T17:03:34+00:00","og_image":[{"width":620,"height":56,"url":"https:\/\/mindthegraph.com\/blog\/wp-content\/uploads\/2020\/11\/captura-de-tela-2020-11-19-as-131025.png","type":"image\/png"}],"twitter_card":"summary_large_image","twitter_misc":{"Est. reading time":"2 minutes"},"schema":{"@context":"https:\/\/schema.org","@graph":[{"@type":"WebPage","@id":"https:\/\/mindthegraph.com\/blog\/tr\/satis-mkt\/","url":"https:\/\/mindthegraph.com\/blog\/tr\/satis-mkt\/","name":"Sales & Marketing - Mind the Graph Blog","isPartOf":{"@id":"https:\/\/mindthegraph.com\/blog\/#website"},"datePublished":"2021-07-22T04:33:20+00:00","dateModified":"2021-07-22T17:03:34+00:00","breadcrumb":{"@id":"https:\/\/mindthegraph.com\/blog\/tr\/satis-mkt\/#breadcrumb"},"inLanguage":"sk-SK","potentialAction":[{"@type":"ReadAction","target":["https:\/\/mindthegraph.com\/blog\/tr\/satis-mkt\/"]}]},{"@type":"BreadcrumbList","@id":"https:\/\/mindthegraph.com\/blog\/tr\/satis-mkt\/#breadcrumb","itemListElement":[{"@type":"ListItem","position":1,"name":"Home","item":"https:\/\/mindthegraph.com\/blog\/"},{"@type":"ListItem","position":2,"name":"Sales &#038; Marketing"}]},{"@type":"WebSite","@id":"https:\/\/mindthegraph.com\/blog\/#website","url":"https:\/\/mindthegraph.com\/blog\/","name":"Mind the Graph Blog","description":"Your science can be beautiful!","potentialAction":[{"@type":"SearchAction","target":{"@type":"EntryPoint","urlTemplate":"https:\/\/mindthegraph.com\/blog\/?s={search_term_string}"},"query-input":"required name=search_term_string"}],"inLanguage":"sk-SK"}]}},"_links":{"self":[{"href":"https:\/\/mindthegraph.com\/blog\/sk\/wp-json\/wp\/v2\/pages\/13191"}],"collection":[{"href":"https:\/\/mindthegraph.com\/blog\/sk\/wp-json\/wp\/v2\/pages"}],"about":[{"href":"https:\/\/mindthegraph.com\/blog\/sk\/wp-json\/wp\/v2\/types\/page"}],"author":[{"embeddable":true,"href":"https:\/\/mindthegraph.com\/blog\/sk\/wp-json\/wp\/v2\/users\/21"}],"replies":[{"embeddable":true,"href":"https:\/\/mindthegraph.com\/blog\/sk\/wp-json\/wp\/v2\/comments?post=13191"}],"version-history":[{"count":4,"href":"https:\/\/mindthegraph.com\/blog\/sk\/wp-json\/wp\/v2\/pages\/13191\/revisions"}],"predecessor-version":[{"id":13197,"href":"https:\/\/mindthegraph.com\/blog\/sk\/wp-json\/wp\/v2\/pages\/13191\/revisions\/13197"}],"wp:featuredmedia":[{"embeddable":true,"href":"https:\/\/mindthegraph.com\/blog\/sk\/wp-json\/wp\/v2\/media\/11948"}],"wp:attachment":[{"href":"https:\/\/mindthegraph.com\/blog\/sk\/wp-json\/wp\/v2\/media?parent=13191"}],"curies":[{"name":"wp","href":"https:\/\/api.w.org\/{rel}","templated":true}]}}