{"id":11890,"date":"2020-11-10T13:53:50","date_gmt":"2020-11-10T15:53:50","guid":{"rendered":"https:\/\/mindthegraph.com\/blog\/?page_id=11890"},"modified":"2020-11-19T14:14:04","modified_gmt":"2020-11-19T16:14:04","slug":"mkt-growth","status":"publish","type":"page","link":"https:\/\/mindthegraph.com\/blog\/sk\/mkt-growth\/","title":{"rendered":"Analyti\u010dka rastu MKT"},"content":{"rendered":"<div class=\"wp-block-button\"><a class=\"wp-block-button__link\" href=\"https:\/\/mindthegraph.com\/blog\/work-with-us\/\">Prihl\u00e1ste sa tu<\/a><\/div>\n\n\n\n<p>H\u013ead\u00e1me \u010derstv\u00e9ho marketingov\u00e9ho analytika pre rast, ktor\u00fd pom\u00f4\u017ee zv\u00fd\u0161i\u0165 n\u00e1v\u0161tevnos\u0165 a pril\u00e1ka\u0165 kvalifikovan\u00e9 publikum na platformu, ktor\u00e1 sl\u00fa\u017ei viac ako 400 000 vedeck\u00fdm a akademick\u00fdm pou\u017e\u00edvate\u013eom na celom svete.<br><br><strong>Potrebujete ma\u0165:<\/strong><\/p>\n\n\n\n<ul><li>Dobr\u00e9 znalosti SEO, SEM, Google Analytics, remarketingu a A\/B testovania<\/li><li>Pochopenie procesu strat\u00e9gie prepojenia - intern\u00e9 a sp\u00e4tn\u00e9 prepojenie<\/li><li>Odborn\u00edk na v\u00fdskum k\u013e\u00fa\u010dov\u00fdch slov, vyh\u013ead\u00e1vacie algoritmy a strat\u00e9gie hodnotenia<\/li><li>Schopnos\u0165 spusti\u0165 e-mailov\u00e9 marketingov\u00e9 strat\u00e9gie<\/li><li>Znalos\u0165 a realiz\u00e1cia rekl\u00e1m Google a Facebook<\/li><li>Siln\u00e1 orient\u00e1cia na n\u00e1vratnos\u0165 invest\u00edci\u00ed<\/li><\/ul>\n\n\n\n<p><strong>O slu\u017ebe Mind The Graph:<\/strong><br>Sme popredn\u00e1 a prv\u00e1 platforma na tvorbu infografiky zameran\u00e1 na vedeck\u00e9 a akademick\u00e9 \u00fa\u010dely. S viac ako 400 000 pou\u017e\u00edvate\u013emi s ka\u017edodenn\u00fdmi interakciami a r\u00fdchlo rast\u00facim po\u010dtom.<\/p>\n\n\n\n<figure class=\"wp-block-embed-youtube wp-block-embed is-type-video is-provider-youtube wp-embed-aspect-16-9 wp-has-aspect-ratio\"><div class=\"wp-block-embed__wrapper\">\n<iframe loading=\"lazy\" title=\"Mind the Graph - Tvorca vedeck\u00fdch infografik\" width=\"800\" height=\"450\" src=\"https:\/\/www.youtube.com\/embed\/tG-PmLzx6NA?feature=oembed\" frameborder=\"0\" allow=\"accelerometer; autoplay; clipboard-write; encrypted-media; gyroscope; picture-in-picture\" allowfullscreen><\/iframe>\n<\/div><\/figure>\n\n\n\n<p>\u010co tu n\u00e1jdete:<br>- A 100% vzdialen\u00e1 spolo\u010dnos\u0165, pr\u00e1ca z domova <br>- Pr\u00edjemn\u00ed \u013eudia v priate\u013eskom pracovnom prostred\u00ed;<br>- Vysokokvalifikovan\u00fd t\u00edm rozmiestnen\u00fd po celom svete;<br>- Konkuren\u010dn\u00fd plat;<br>- Bonus za v\u00fdkon ka\u017ed\u00fd \u0161tvr\u0165rok;<br>- internetov\u00fd poukaz (plat\u00edme v\u00e1\u0161 internet)<br>- Mesa\u010dn\u00fd poukaz na wellness (cvi\u010denie, mas\u00e1\u017e, joga...)<br>- Mesa\u010dn\u00e1 pouk\u00e1\u017eka na stravu (doprajte si dobr\u00e9 jedlo!)<br>- D\u00f4le\u017eit\u00e1 poz\u00edcia priamo podriaden\u00e1 gener\u00e1lnemu riadite\u013eovi s\u013eubn\u00e9ho startupu;<br>- K\u013e\u00fa\u010dov\u00e9 umiestnenie s d\u00f4le\u017eit\u00fdmi povinnos\u0165ami v organiz\u00e1cii;<br>- Zos\u00faladenie v\u00e1\u0161ho profesion\u00e1lneho rastu s rastom startupu;<\/p>\n\n\n\n<div class=\"wp-block-button\"><a class=\"wp-block-button__link\" href=\"https:\/\/mindthegraph.com\/blog\/work-with-us\/\">Prihl\u00e1ste sa tu<\/a><\/div>\n\n\n\n<style>\n.is-provider-youtube .wp-block-embed__wrapper, .gutentim-admin-page-video{ height:auto !important; }\n<\/style>","protected":false},"excerpt":{"rendered":"<p>H\u013ead\u00e1me \u010derstv\u00e9ho marketingov\u00e9ho analytika pre rast, ktor\u00fd pom\u00f4\u017ee zv\u00fd\u0161i\u0165 n\u00e1v\u0161tevnos\u0165 a pril\u00e1ka\u0165 kvalifikovan\u00e9 publikum na platformu, ktor\u00e1 sl\u00fa\u017ei viac ako 400 000 vedeck\u00fdm a akademick\u00fdm pou\u017e\u00edvate\u013eom na celom svete. Budete musie\u0165 ma\u0165: Dobr\u00e9 znalosti SEO, SEM, Google Analytics, remarketingu a A\/B testovania Rozumie\u0165 procesu strat\u00e9gie odkazov - internej a [...]<\/p>","protected":false},"author":16,"featured_media":11948,"parent":0,"menu_order":0,"comment_status":"closed","ping_status":"closed","template":"","meta":[],"yoast_head":"<!-- This site is optimized with the Yoast SEO plugin v19.9 - https:\/\/yoast.com\/wordpress\/plugins\/seo\/ -->\n<title>MKT Growth Analyst - Mind the Graph Blog<\/title>\n<meta name=\"robots\" content=\"index, follow, max-snippet:-1, max-image-preview:large, max-video-preview:-1\" \/>\n<link rel=\"canonical\" href=\"https:\/\/mindthegraph.com\/blog\/sk\/mkt-growth\/\" \/>\n<meta property=\"og:locale\" content=\"sk_SK\" \/>\n<meta property=\"og:type\" content=\"article\" \/>\n<meta property=\"og:title\" content=\"MKT Growth Analyst - Mind the Graph Blog\" \/>\n<meta property=\"og:description\" content=\"We are looking for a fresh Marketing Growth analyst to help boost traffic and bring qualified audience to a platform serving more than 400,000 scientific and academic users around the world. You&#8217;ll need to have: Strong knowledge of SEO, SEM, Google Analytics, remarketing, and A\/B testing Understand the process of Link strategy \u2013 internal and [&hellip;]\" \/>\n<meta property=\"og:url\" content=\"https:\/\/mindthegraph.com\/blog\/sk\/mkt-growth\/\" \/>\n<meta property=\"og:site_name\" content=\"Mind the Graph Blog\" \/>\n<meta property=\"article:modified_time\" content=\"2020-11-19T16:14:04+00:00\" \/>\n<meta property=\"og:image\" content=\"https:\/\/mindthegraph.com\/blog\/wp-content\/uploads\/2020\/11\/captura-de-tela-2020-11-19-as-131025.png\" \/>\n\t<meta property=\"og:image:width\" content=\"620\" \/>\n\t<meta property=\"og:image:height\" content=\"56\" \/>\n\t<meta property=\"og:image:type\" content=\"image\/png\" \/>\n<meta name=\"twitter:card\" content=\"summary_large_image\" \/>\n<meta name=\"twitter:label1\" content=\"Est. reading time\" \/>\n\t<meta name=\"twitter:data1\" content=\"1 minute\" \/>\n<!-- \/ Yoast SEO plugin. -->","yoast_head_json":{"title":"MKT Growth Analyst - Mind the Graph Blog","robots":{"index":"index","follow":"follow","max-snippet":"max-snippet:-1","max-image-preview":"max-image-preview:large","max-video-preview":"max-video-preview:-1"},"canonical":"https:\/\/mindthegraph.com\/blog\/sk\/mkt-growth\/","og_locale":"sk_SK","og_type":"article","og_title":"MKT Growth Analyst - Mind the Graph Blog","og_description":"We are looking for a fresh Marketing Growth analyst to help boost traffic and bring qualified audience to a platform serving more than 400,000 scientific and academic users around the world. You&#8217;ll need to have: Strong knowledge of SEO, SEM, Google Analytics, remarketing, and A\/B testing Understand the process of Link strategy \u2013 internal and [&hellip;]","og_url":"https:\/\/mindthegraph.com\/blog\/sk\/mkt-growth\/","og_site_name":"Mind the Graph Blog","article_modified_time":"2020-11-19T16:14:04+00:00","og_image":[{"width":620,"height":56,"url":"https:\/\/mindthegraph.com\/blog\/wp-content\/uploads\/2020\/11\/captura-de-tela-2020-11-19-as-131025.png","type":"image\/png"}],"twitter_card":"summary_large_image","twitter_misc":{"Est. reading time":"1 minute"},"schema":{"@context":"https:\/\/schema.org","@graph":[{"@type":"WebPage","@id":"https:\/\/mindthegraph.com\/blog\/mkt-growth\/","url":"https:\/\/mindthegraph.com\/blog\/mkt-growth\/","name":"MKT Growth Analyst - Mind the Graph Blog","isPartOf":{"@id":"https:\/\/mindthegraph.com\/blog\/#website"},"datePublished":"2020-11-10T15:53:50+00:00","dateModified":"2020-11-19T16:14:04+00:00","breadcrumb":{"@id":"https:\/\/mindthegraph.com\/blog\/mkt-growth\/#breadcrumb"},"inLanguage":"sk-SK","potentialAction":[{"@type":"ReadAction","target":["https:\/\/mindthegraph.com\/blog\/mkt-growth\/"]}]},{"@type":"BreadcrumbList","@id":"https:\/\/mindthegraph.com\/blog\/mkt-growth\/#breadcrumb","itemListElement":[{"@type":"ListItem","position":1,"name":"Home","item":"https:\/\/mindthegraph.com\/blog\/"},{"@type":"ListItem","position":2,"name":"MKT Growth Analyst"}]},{"@type":"WebSite","@id":"https:\/\/mindthegraph.com\/blog\/#website","url":"https:\/\/mindthegraph.com\/blog\/","name":"Mind the Graph Blog","description":"Your science can be beautiful!","potentialAction":[{"@type":"SearchAction","target":{"@type":"EntryPoint","urlTemplate":"https:\/\/mindthegraph.com\/blog\/?s={search_term_string}"},"query-input":"required name=search_term_string"}],"inLanguage":"sk-SK"}]}},"_links":{"self":[{"href":"https:\/\/mindthegraph.com\/blog\/sk\/wp-json\/wp\/v2\/pages\/11890"}],"collection":[{"href":"https:\/\/mindthegraph.com\/blog\/sk\/wp-json\/wp\/v2\/pages"}],"about":[{"href":"https:\/\/mindthegraph.com\/blog\/sk\/wp-json\/wp\/v2\/types\/page"}],"author":[{"embeddable":true,"href":"https:\/\/mindthegraph.com\/blog\/sk\/wp-json\/wp\/v2\/users\/16"}],"replies":[{"embeddable":true,"href":"https:\/\/mindthegraph.com\/blog\/sk\/wp-json\/wp\/v2\/comments?post=11890"}],"version-history":[{"count":8,"href":"https:\/\/mindthegraph.com\/blog\/sk\/wp-json\/wp\/v2\/pages\/11890\/revisions"}],"predecessor-version":[{"id":11938,"href":"https:\/\/mindthegraph.com\/blog\/sk\/wp-json\/wp\/v2\/pages\/11890\/revisions\/11938"}],"wp:featuredmedia":[{"embeddable":true,"href":"https:\/\/mindthegraph.com\/blog\/sk\/wp-json\/wp\/v2\/media\/11948"}],"wp:attachment":[{"href":"https:\/\/mindthegraph.com\/blog\/sk\/wp-json\/wp\/v2\/media?parent=11890"}],"curies":[{"name":"wp","href":"https:\/\/api.w.org\/{rel}","templated":true}]}}