{"id":14643,"date":"2021-09-27T01:49:01","date_gmt":"2021-09-27T04:49:01","guid":{"rendered":"https:\/\/mindthegraph.com\/blog\/jobs\/mkt-growth-copy\/"},"modified":"2022-06-07T19:15:22","modified_gmt":"2022-06-07T22:15:22","slug":"full-stack-developer","status":"publish","type":"page","link":"https:\/\/mindthegraph.com\/blog\/ro\/full-stack-developer\/","title":{"rendered":"Dezvoltator Full Stack"},"content":{"rendered":"<div class=\"wp-block-button\"><a class=\"wp-block-button__link\" href=\"https:\/\/mindthegraph.com\/blog\/work-with-us\/\">Aplica\u021bi aici<\/a><\/div>\n\n\n\n<p>\u00ce\u021bi place \u0219tiin\u021ba? Noi o iubim!<\/p>\n\n\n\n<p>C\u0103ut\u0103m oameni noi care s\u0103 se al\u0103ture echipei noastre de arti\u0219ti, dezvoltatori \u0219i antreprenori, to\u021bi pasiona\u021bi de \u0219tiin\u021b\u0103.<\/p>\n\n\n\n<p><strong>Despre Mind the Graph<\/strong><\/p>\n\n\n\n<p>Mind the Graph face parte din suita de solu\u021bii CACTUS.<\/p>\n\n\n\n<p>Suntem prima \u0219i cea mai important\u0103 platform\u0103 de creare de infografice axat\u0103 pe scopuri \u0219tiin\u021bifice \u0219i academice. Cu peste 400.000 de utilizatori cu interac\u021biuni zilnice \u0219i \u00een cre\u0219tere rapid\u0103.<\/p>\n\n\n\n<p>Suntem o echip\u0103 mic\u0103, foarte motivat\u0103, care respect\u0103 \u0219i apreciaz\u0103 munca fiec\u0103ruia dintre noi. Lucr\u0103m \u00eentr-un format complet la distan\u021b\u0103, cu o echip\u0103 matur\u0103 care func\u021bioneaz\u0103 \u00een mod autonom \u0219i independent.<\/p>\n\n\n\n<figure class=\"wp-block-embed is-type-video is-provider-youtube wp-block-embed-youtube wp-embed-aspect-16-9 wp-has-aspect-ratio\"><div class=\"wp-block-embed__wrapper\">\n<iframe loading=\"lazy\" title=\"Mind the Graph - Creator de infografice \u0219tiin\u021bifice\" width=\"800\" height=\"450\" src=\"https:\/\/www.youtube.com\/embed\/tG-PmLzx6NA?feature=oembed\" frameborder=\"0\" allow=\"accelerometer; autoplay; clipboard-write; encrypted-media; gyroscope; picture-in-picture\" allowfullscreen><\/iframe>\n<\/div><\/figure>\n\n\n\n<p>Avem o nou\u0103 oportunitate de angajare: <strong>Dezvoltator Full Stack<\/strong>.<\/p>\n\n\n\n<p>\u00cen calitate de dezvoltator Full Stack, ar trebui s\u0103 v\u0103 sim\u021bi\u021bi confortabil at\u00e2t cu limbajele de codare front-end, c\u00e2t \u0219i cu cele back-end, cu cadrele de dezvoltare \u0219i cu bibliotecile ter\u021be. De asemenea, ar trebui s\u0103 fii un juc\u0103tor de echip\u0103 cu un talent pentru design vizual \u0219i utilitate.<\/p>\n\n\n\n<p><strong>Activit\u0103\u021bi principale<\/strong><\/p>\n\n\n\n<ul><li>Participarea la proiectarea \u0219i crearea de software scalabil.<\/li><li>Scrierea unui cod curat \u0219i func\u021bional \u00een front-end \u0219i back-end.<\/li><li>Testarea \u0219i remedierea erorilor sau a altor probleme de codare.<\/li><li>Lucra\u021bi cu echipa de dezvoltare \u0219i cu managerul de produs pentru a concepe solu\u021bii software.<\/li><li>Proiectarea unei arhitecturi de tip client \u0219i server-side.<\/li><li>Construi\u021bi front-end-ul aplica\u021biilor prin intermediul unui design vizual atractiv.<\/li><li>Dezvoltarea \u0219i gestionarea unor baze de date \u0219i aplica\u021bii func\u021bionale.<\/li><li>Depanarea, depanarea \u0219i actualizarea software-ului.<\/li><li>Crea\u021bi set\u0103rile de securitate \u0219i de protec\u021bie a datelor.<\/li><li>Scrie\u021bi documenta\u021bia tehnic\u0103.<\/li><li>Lucra\u021bi cu oamenii de \u0219tiin\u021b\u0103 \u0219i anali\u0219tii de date pentru a \u00eembun\u0103t\u0103\u021bi software-ul.<\/li><\/ul>\n\n\n\n<p><strong>Cerin\u021bele postului<\/strong><\/p>\n\n\n\n<ul><li>Cel pu\u021bin 5 ani de experien\u021b\u0103 profesional\u0103 ca dezvoltator.<\/li><li>Cunoa\u0219terea mai multor limbaje, biblioteci \u0219i cadre de lucru front-end \u0219i back-end.<\/li><li>Proiectarea \u0219i gestionarea bazelor de date MySQL.<\/li><li>Fiind la curent cu cele mai recente bune practici de dezvoltare<\/li><li>\u00cen\u021belegerea temeinic\u0103 a experien\u021bei utilizatorului \u0219i, eventual, a strategiei de produs.<\/li><li>Experien\u021b\u0103 \u00een implementarea platformelor de testare \u0219i a testelor unitare.<\/li><li>Cuno\u0219tin\u021be de operare cu Git.<\/li><li>Apreciere pentru un cod curat \u0219i bine documentat.<\/li><li>Propria sta\u021bie de lucru.<\/li><\/ul>\n\n\n\n<p><strong>Calific\u0103ri preferate<\/strong><\/p>\n\n\n\n<ul><li>Cunoa\u0219terea fluent\u0103 a limbii engleze la scris \u0219i vorbit.<\/li><li>Experien\u021b\u0103 dovedit\u0103 ca dezvoltator Full Stack sau un rol similar.<\/li><li>Abilit\u0103\u021bi excelente de comunicare \u0219i de lucru \u00een echip\u0103.<\/li><li>Mare aten\u021bie la detalii.<\/li><li>Abilit\u0103\u021bi de organizare.<\/li><li>O minte analitic\u0103.<\/li><li>Diplom\u0103 \u00een informatic\u0103, statistic\u0103 sau \u00eentr-un domeniu relevant.<\/li><\/ul>\n\n\n\n<p><strong>Stiva noastr\u0103 de baz\u0103 Workspace Core Stack<\/strong><\/p>\n\n\n\n<ul><li>JavaScript: biblioteca Fabric.js<\/li><li>PHP: Cadrul CodeIgniter<\/li><li>Node.js: Cadrul NestJS<\/li><li>MySQL.<\/li><\/ul>\n\n\n\n<p><strong>Ce ve\u021bi g\u0103si aici<\/strong><\/p>\n\n\n\n<ul><li>O companie la distan\u021b\u0103 100%.<\/li><li>Oameni dr\u0103gu\u021bi \u00eentr-un mediu de lucru prietenos.<\/li><li>O echip\u0103 de \u00eenalt\u0103 calificare distribuit\u0103 \u00een \u00eentreaga lume.<\/li><li>Salariu competitiv pl\u0103tit \u00een USD.<\/li><li>Face\u021bi parte dintr-o companie cu o acoperire global\u0103.<\/li><li>Pozi\u021bie important\u0103, \u00een subordinea direct\u0103 a directorului general al unui start-up promi\u021b\u0103tor.<\/li><li>Plasament cheie cu responsabilit\u0103\u021bi importante \u00een cadrul organiza\u021biei.<\/li><li>Alinierea cre\u0219terii profesionale cu cre\u0219terea start-up-ului.<\/li><\/ul>\n\n\n\n<p>V-a\u021bi identificat cu acest job?&nbsp;<\/p>\n\n\n\n<p>A\u0219adar, depune\u021bi candidatura \u0219i al\u0103tura\u021bi-v\u0103 echipei!<\/p>\n\n\n\n<div class=\"wp-block-button\"><a class=\"wp-block-button__link\" href=\"https:\/\/mindthegraph.com\/blog\/work-with-us\/\">Aplica\u021bi aici<\/a><\/div>\n\n\n\n<style>\n.is-provider-youtube .wp-block-embed__wrapper, .gutentim-admin-page-video{ height:auto !important; }\n<\/style>","protected":false},"excerpt":{"rendered":"<p>\u00ce\u021bi place \u0219tiin\u021ba? Noi o iubim! C\u0103ut\u0103m oameni noi care s\u0103 se al\u0103ture echipei noastre de arti\u0219ti, dezvoltatori \u0219i antreprenori, to\u021bi pasiona\u021bi de \u0219tiin\u021b\u0103. Despre Mind the Graph Mind the Graph face parte din suita de solu\u021bii CACTUS. Suntem prima \u0219i principala platform\u0103 de creare de infografice axat\u0103 pe domeniul \u0219tiin\u021bific \u0219i academic [...]<\/p>","protected":false},"author":21,"featured_media":11948,"parent":0,"menu_order":0,"comment_status":"closed","ping_status":"closed","template":"","meta":[],"yoast_head":"<!-- This site is optimized with the Yoast SEO plugin v19.9 - https:\/\/yoast.com\/wordpress\/plugins\/seo\/ -->\n<title>Full Stack Developer - Mind the Graph Blog<\/title>\n<meta name=\"robots\" content=\"index, follow, max-snippet:-1, max-image-preview:large, max-video-preview:-1\" \/>\n<link rel=\"canonical\" href=\"https:\/\/mindthegraph.com\/blog\/ro\/sviluppatore-completo\/\" \/>\n<meta property=\"og:locale\" content=\"ro_RO\" \/>\n<meta property=\"og:type\" content=\"article\" \/>\n<meta property=\"og:title\" content=\"Full Stack Developer - Mind the Graph Blog\" \/>\n<meta property=\"og:description\" content=\"Do you love science? We do! We are looking for new people to join our team of artists, developers, and entrepreneurs, all passionate about science. About Mind the Graph Mind the Graph is a part of the CACTUS suite of solutions. We are the leading and first infographic maker platform focused on scientific and academic [&hellip;]\" \/>\n<meta property=\"og:url\" content=\"https:\/\/mindthegraph.com\/blog\/ro\/sviluppatore-completo\/\" \/>\n<meta property=\"og:site_name\" content=\"Mind the Graph Blog\" \/>\n<meta property=\"article:modified_time\" content=\"2022-06-07T22:15:22+00:00\" \/>\n<meta property=\"og:image\" content=\"https:\/\/mindthegraph.com\/blog\/wp-content\/uploads\/2020\/11\/captura-de-tela-2020-11-19-as-131025.png\" \/>\n\t<meta property=\"og:image:width\" content=\"620\" \/>\n\t<meta property=\"og:image:height\" content=\"56\" \/>\n\t<meta property=\"og:image:type\" content=\"image\/png\" \/>\n<meta name=\"twitter:card\" content=\"summary_large_image\" \/>\n<meta name=\"twitter:label1\" content=\"Est. reading time\" \/>\n\t<meta name=\"twitter:data1\" content=\"2 minutes\" \/>\n<!-- \/ Yoast SEO plugin. -->","yoast_head_json":{"title":"Full Stack Developer - Mind the Graph Blog","robots":{"index":"index","follow":"follow","max-snippet":"max-snippet:-1","max-image-preview":"max-image-preview:large","max-video-preview":"max-video-preview:-1"},"canonical":"https:\/\/mindthegraph.com\/blog\/ro\/sviluppatore-completo\/","og_locale":"ro_RO","og_type":"article","og_title":"Full Stack Developer - Mind the Graph Blog","og_description":"Do you love science? We do! We are looking for new people to join our team of artists, developers, and entrepreneurs, all passionate about science. About Mind the Graph Mind the Graph is a part of the CACTUS suite of solutions. We are the leading and first infographic maker platform focused on scientific and academic [&hellip;]","og_url":"https:\/\/mindthegraph.com\/blog\/ro\/sviluppatore-completo\/","og_site_name":"Mind the Graph Blog","article_modified_time":"2022-06-07T22:15:22+00:00","og_image":[{"width":620,"height":56,"url":"https:\/\/mindthegraph.com\/blog\/wp-content\/uploads\/2020\/11\/captura-de-tela-2020-11-19-as-131025.png","type":"image\/png"}],"twitter_card":"summary_large_image","twitter_misc":{"Est. reading time":"2 minutes"},"schema":{"@context":"https:\/\/schema.org","@graph":[{"@type":"WebPage","@id":"https:\/\/mindthegraph.com\/blog\/it\/sviluppatore-completo\/","url":"https:\/\/mindthegraph.com\/blog\/it\/sviluppatore-completo\/","name":"Full Stack Developer - Mind the Graph Blog","isPartOf":{"@id":"https:\/\/mindthegraph.com\/blog\/#website"},"datePublished":"2021-09-27T04:49:01+00:00","dateModified":"2022-06-07T22:15:22+00:00","breadcrumb":{"@id":"https:\/\/mindthegraph.com\/blog\/it\/sviluppatore-completo\/#breadcrumb"},"inLanguage":"ro-RO","potentialAction":[{"@type":"ReadAction","target":["https:\/\/mindthegraph.com\/blog\/it\/sviluppatore-completo\/"]}]},{"@type":"BreadcrumbList","@id":"https:\/\/mindthegraph.com\/blog\/it\/sviluppatore-completo\/#breadcrumb","itemListElement":[{"@type":"ListItem","position":1,"name":"Home","item":"https:\/\/mindthegraph.com\/blog\/"},{"@type":"ListItem","position":2,"name":"Full Stack Developer"}]},{"@type":"WebSite","@id":"https:\/\/mindthegraph.com\/blog\/#website","url":"https:\/\/mindthegraph.com\/blog\/","name":"Mind the Graph Blog","description":"Your science can be beautiful!","potentialAction":[{"@type":"SearchAction","target":{"@type":"EntryPoint","urlTemplate":"https:\/\/mindthegraph.com\/blog\/?s={search_term_string}"},"query-input":"required name=search_term_string"}],"inLanguage":"ro-RO"}]}},"_links":{"self":[{"href":"https:\/\/mindthegraph.com\/blog\/ro\/wp-json\/wp\/v2\/pages\/14643"}],"collection":[{"href":"https:\/\/mindthegraph.com\/blog\/ro\/wp-json\/wp\/v2\/pages"}],"about":[{"href":"https:\/\/mindthegraph.com\/blog\/ro\/wp-json\/wp\/v2\/types\/page"}],"author":[{"embeddable":true,"href":"https:\/\/mindthegraph.com\/blog\/ro\/wp-json\/wp\/v2\/users\/21"}],"replies":[{"embeddable":true,"href":"https:\/\/mindthegraph.com\/blog\/ro\/wp-json\/wp\/v2\/comments?post=14643"}],"version-history":[{"count":4,"href":"https:\/\/mindthegraph.com\/blog\/ro\/wp-json\/wp\/v2\/pages\/14643\/revisions"}],"predecessor-version":[{"id":15901,"href":"https:\/\/mindthegraph.com\/blog\/ro\/wp-json\/wp\/v2\/pages\/14643\/revisions\/15901"}],"wp:featuredmedia":[{"embeddable":true,"href":"https:\/\/mindthegraph.com\/blog\/ro\/wp-json\/wp\/v2\/media\/11948"}],"wp:attachment":[{"href":"https:\/\/mindthegraph.com\/blog\/ro\/wp-json\/wp\/v2\/media?parent=14643"}],"curies":[{"name":"wp","href":"https:\/\/api.w.org\/{rel}","templated":true}]}}