{"id":11890,"date":"2020-11-10T13:53:50","date_gmt":"2020-11-10T15:53:50","guid":{"rendered":"https:\/\/mindthegraph.com\/blog\/?page_id=11890"},"modified":"2020-11-19T14:14:04","modified_gmt":"2020-11-19T16:14:04","slug":"mkt-growth","status":"publish","type":"page","link":"https:\/\/mindthegraph.com\/blog\/ro\/mkt-growth\/","title":{"rendered":"Analist de cre\u0219tere MKT"},"content":{"rendered":"<div class=\"wp-block-button\"><a class=\"wp-block-button__link\" href=\"https:\/\/mindthegraph.com\/blog\/work-with-us\/\">Aplica\u021bi aici<\/a><\/div>\n\n\n\n<p>C\u0103ut\u0103m un analist de marketing proasp\u0103t care s\u0103 contribuie la cre\u0219terea traficului \u0219i s\u0103 aduc\u0103 un public calificat pe o platform\u0103 care deserve\u0219te peste 400.000 de utilizatori \u0219tiin\u021bifici \u0219i universitari din \u00eentreaga lume.<br><br><strong>Va trebui s\u0103 ave\u021bi:<\/strong><\/p>\n\n\n\n<ul><li>Cuno\u0219tin\u021be solide de SEO, SEM, Google Analytics, remarketing \u0219i A\/B testing<\/li><li>\u00cen\u021belegerea procesului de strategie Link - linking intern \u0219i back-linking<\/li><li>Expert \u00een cercetarea cuvintelor cheie, algoritmi de c\u0103utare \u0219i strategii de ranking<\/li><li>Abilitatea de a derula strategii de email marketing<\/li><li>Cunoa\u0219terea \u0219i execu\u021bia pe Google \u0219i Facebook Ads<\/li><li>Orientare puternic\u0103 c\u0103tre ROI<\/li><\/ul>\n\n\n\n<p><strong>Despre Mind The Graph:<\/strong><br>Suntem prima \u0219i cea mai important\u0103 platform\u0103 de creare de infografice axat\u0103 pe scopuri \u0219tiin\u021bifice \u0219i academice. Cu peste 400.000 de utilizatori cu interac\u021biuni zilnice \u0219i \u00een cre\u0219tere rapid\u0103.<\/p>\n\n\n\n<figure class=\"wp-block-embed-youtube wp-block-embed is-type-video is-provider-youtube wp-embed-aspect-16-9 wp-has-aspect-ratio\"><div class=\"wp-block-embed__wrapper\">\n<iframe loading=\"lazy\" title=\"Mind the Graph - Creator de infografice \u0219tiin\u021bifice\" width=\"800\" height=\"450\" src=\"https:\/\/www.youtube.com\/embed\/tG-PmLzx6NA?feature=oembed\" frameborder=\"0\" allow=\"accelerometer; autoplay; clipboard-write; encrypted-media; gyroscope; picture-in-picture\" allowfullscreen><\/iframe>\n<\/div><\/figure>\n\n\n\n<p>Ce ve\u021bi g\u0103si aici:<br>- O companie 100% la distan\u021b\u0103, lucra\u021bi de acas\u0103 <br>- Oameni dr\u0103gu\u021bi \u00eentr-un mediu de lucru prietenos;<br>- O echip\u0103 de \u00eenalt\u0103 calificare distribuit\u0103 \u00een \u00eentreaga lume;<br>- Salariu competitiv;<br>- Bonus \u00een func\u021bie de performan\u021b\u0103 \u00een fiecare trimestru;<br>- Voucher de abonament la internet (noi v\u0103 pl\u0103tim internetul)<br>- Voucher lunar pentru bun\u0103stare (exerci\u021bii fizice, masaj, yoga...)<br>- Voucher alimentar voucher lunar (ofer\u0103-\u021bi mese frumoase!)<br>- Pozi\u021bie important\u0103, \u00een subordinea direct\u0103 a directorului general al unui start-up promi\u021b\u0103tor;<br>- Plasament cheie cu responsabilit\u0103\u021bi importante \u00een cadrul organiza\u021biei;<br>- Alinierea cre\u0219terii tale profesionale cu cre\u0219terea start-up-ului;<\/p>\n\n\n\n<div class=\"wp-block-button\"><a class=\"wp-block-button__link\" href=\"https:\/\/mindthegraph.com\/blog\/work-with-us\/\">Aplica\u021bi aici<\/a><\/div>\n\n\n\n<style>\n.is-provider-youtube .wp-block-embed__wrapper, .gutentim-admin-page-video{ height:auto !important; }\n<\/style>","protected":false},"excerpt":{"rendered":"<p>C\u0103ut\u0103m un analist de marketing proasp\u0103t care s\u0103 contribuie la cre\u0219terea traficului \u0219i s\u0103 aduc\u0103 un public calificat pe o platform\u0103 care deserve\u0219te peste 400.000 de utilizatori \u0219tiin\u021bifici \u0219i universitari din \u00eentreaga lume. Va trebui s\u0103 ave\u021bi: Cuno\u0219tin\u021be solide de SEO, SEM, Google Analytics, remarketing \u0219i teste A\/B \u00cen\u021belege\u021bi procesul de strategie Link - intern \u0219i [...]<\/p>","protected":false},"author":16,"featured_media":11948,"parent":0,"menu_order":0,"comment_status":"closed","ping_status":"closed","template":"","meta":[],"yoast_head":"<!-- This site is optimized with the Yoast SEO plugin v19.9 - https:\/\/yoast.com\/wordpress\/plugins\/seo\/ -->\n<title>MKT Growth Analyst - Mind the Graph Blog<\/title>\n<meta name=\"robots\" content=\"index, follow, max-snippet:-1, max-image-preview:large, max-video-preview:-1\" \/>\n<link rel=\"canonical\" href=\"https:\/\/mindthegraph.com\/blog\/ro\/mkt-growth\/\" \/>\n<meta property=\"og:locale\" content=\"ro_RO\" \/>\n<meta property=\"og:type\" content=\"article\" \/>\n<meta property=\"og:title\" content=\"MKT Growth Analyst - Mind the Graph Blog\" \/>\n<meta property=\"og:description\" content=\"We are looking for a fresh Marketing Growth analyst to help boost traffic and bring qualified audience to a platform serving more than 400,000 scientific and academic users around the world. You&#8217;ll need to have: Strong knowledge of SEO, SEM, Google Analytics, remarketing, and A\/B testing Understand the process of Link strategy \u2013 internal and [&hellip;]\" \/>\n<meta property=\"og:url\" content=\"https:\/\/mindthegraph.com\/blog\/ro\/mkt-growth\/\" \/>\n<meta property=\"og:site_name\" content=\"Mind the Graph Blog\" \/>\n<meta property=\"article:modified_time\" content=\"2020-11-19T16:14:04+00:00\" \/>\n<meta property=\"og:image\" content=\"https:\/\/mindthegraph.com\/blog\/wp-content\/uploads\/2020\/11\/captura-de-tela-2020-11-19-as-131025.png\" \/>\n\t<meta property=\"og:image:width\" content=\"620\" \/>\n\t<meta property=\"og:image:height\" content=\"56\" \/>\n\t<meta property=\"og:image:type\" content=\"image\/png\" \/>\n<meta name=\"twitter:card\" content=\"summary_large_image\" \/>\n<meta name=\"twitter:label1\" content=\"Est. reading time\" \/>\n\t<meta name=\"twitter:data1\" content=\"1 minute\" \/>\n<!-- \/ Yoast SEO plugin. -->","yoast_head_json":{"title":"MKT Growth Analyst - Mind the Graph Blog","robots":{"index":"index","follow":"follow","max-snippet":"max-snippet:-1","max-image-preview":"max-image-preview:large","max-video-preview":"max-video-preview:-1"},"canonical":"https:\/\/mindthegraph.com\/blog\/ro\/mkt-growth\/","og_locale":"ro_RO","og_type":"article","og_title":"MKT Growth Analyst - Mind the Graph Blog","og_description":"We are looking for a fresh Marketing Growth analyst to help boost traffic and bring qualified audience to a platform serving more than 400,000 scientific and academic users around the world. You&#8217;ll need to have: Strong knowledge of SEO, SEM, Google Analytics, remarketing, and A\/B testing Understand the process of Link strategy \u2013 internal and [&hellip;]","og_url":"https:\/\/mindthegraph.com\/blog\/ro\/mkt-growth\/","og_site_name":"Mind the Graph Blog","article_modified_time":"2020-11-19T16:14:04+00:00","og_image":[{"width":620,"height":56,"url":"https:\/\/mindthegraph.com\/blog\/wp-content\/uploads\/2020\/11\/captura-de-tela-2020-11-19-as-131025.png","type":"image\/png"}],"twitter_card":"summary_large_image","twitter_misc":{"Est. reading time":"1 minute"},"schema":{"@context":"https:\/\/schema.org","@graph":[{"@type":"WebPage","@id":"https:\/\/mindthegraph.com\/blog\/mkt-growth\/","url":"https:\/\/mindthegraph.com\/blog\/mkt-growth\/","name":"MKT Growth Analyst - Mind the Graph Blog","isPartOf":{"@id":"https:\/\/mindthegraph.com\/blog\/#website"},"datePublished":"2020-11-10T15:53:50+00:00","dateModified":"2020-11-19T16:14:04+00:00","breadcrumb":{"@id":"https:\/\/mindthegraph.com\/blog\/mkt-growth\/#breadcrumb"},"inLanguage":"ro-RO","potentialAction":[{"@type":"ReadAction","target":["https:\/\/mindthegraph.com\/blog\/mkt-growth\/"]}]},{"@type":"BreadcrumbList","@id":"https:\/\/mindthegraph.com\/blog\/mkt-growth\/#breadcrumb","itemListElement":[{"@type":"ListItem","position":1,"name":"Home","item":"https:\/\/mindthegraph.com\/blog\/"},{"@type":"ListItem","position":2,"name":"MKT Growth Analyst"}]},{"@type":"WebSite","@id":"https:\/\/mindthegraph.com\/blog\/#website","url":"https:\/\/mindthegraph.com\/blog\/","name":"Mind the Graph Blog","description":"Your science can be beautiful!","potentialAction":[{"@type":"SearchAction","target":{"@type":"EntryPoint","urlTemplate":"https:\/\/mindthegraph.com\/blog\/?s={search_term_string}"},"query-input":"required name=search_term_string"}],"inLanguage":"ro-RO"}]}},"_links":{"self":[{"href":"https:\/\/mindthegraph.com\/blog\/ro\/wp-json\/wp\/v2\/pages\/11890"}],"collection":[{"href":"https:\/\/mindthegraph.com\/blog\/ro\/wp-json\/wp\/v2\/pages"}],"about":[{"href":"https:\/\/mindthegraph.com\/blog\/ro\/wp-json\/wp\/v2\/types\/page"}],"author":[{"embeddable":true,"href":"https:\/\/mindthegraph.com\/blog\/ro\/wp-json\/wp\/v2\/users\/16"}],"replies":[{"embeddable":true,"href":"https:\/\/mindthegraph.com\/blog\/ro\/wp-json\/wp\/v2\/comments?post=11890"}],"version-history":[{"count":8,"href":"https:\/\/mindthegraph.com\/blog\/ro\/wp-json\/wp\/v2\/pages\/11890\/revisions"}],"predecessor-version":[{"id":11938,"href":"https:\/\/mindthegraph.com\/blog\/ro\/wp-json\/wp\/v2\/pages\/11890\/revisions\/11938"}],"wp:featuredmedia":[{"embeddable":true,"href":"https:\/\/mindthegraph.com\/blog\/ro\/wp-json\/wp\/v2\/media\/11948"}],"wp:attachment":[{"href":"https:\/\/mindthegraph.com\/blog\/ro\/wp-json\/wp\/v2\/media?parent=11890"}],"curies":[{"name":"wp","href":"https:\/\/api.w.org\/{rel}","templated":true}]}}