{"id":14643,"date":"2021-09-27T01:49:01","date_gmt":"2021-09-27T04:49:01","guid":{"rendered":"https:\/\/mindthegraph.com\/blog\/jobs\/mkt-growth-copy\/"},"modified":"2022-06-07T19:15:22","modified_gmt":"2022-06-07T22:15:22","slug":"full-stack-developer","status":"publish","type":"page","link":"https:\/\/mindthegraph.com\/blog\/pt\/full-stack-developer\/","title":{"rendered":"Desenvolvedor de pilha cheia"},"content":{"rendered":"<div class=\"wp-block-button\"><a class=\"wp-block-button__link\" href=\"https:\/\/mindthegraph.com\/blog\/work-with-us\/\">Aplicar aqui<\/a><\/div>\n\n\n\n<p>Voc\u00ea ama a ci\u00eancia? N\u00f3s amamos!<\/p>\n\n\n\n<p>Estamos \u00e0 procura de novas pessoas para se juntar \u00e0 nossa equipe de artistas, desenvolvedores e empres\u00e1rios, todos apaixonados pela ci\u00eancia.<\/p>\n\n\n\n<p><strong>Sobre o Mind the Graph<\/strong><\/p>\n\n\n\n<p>Mind the Graph \u00e9 uma parte do conjunto de solu\u00e7\u00f5es CACTUS.<\/p>\n\n\n\n<p>Somos a plataforma l\u00edder e a primeira plataforma infogr\u00e1fica focada em prop\u00f3sitos cient\u00edficos e acad\u00eamicos. Com mais de 400.000 usu\u00e1rios com intera\u00e7\u00f5es di\u00e1rias e de r\u00e1pido crescimento.<\/p>\n\n\n\n<p>Somos uma equipe pequena, altamente motivada, que respeita e valoriza o trabalho uns dos outros. Trabalhamos em um formato completamente remoto, com uma equipe madura que opera de forma aut\u00f4noma e independente.<\/p>\n\n\n\n<figure class=\"wp-block-embed is-type-video is-provider-youtube wp-block-embed-youtube wp-embed-aspect-16-9 wp-has-aspect-ratio\"><div class=\"wp-block-embed__wrapper\">\n<iframe loading=\"lazy\" title=\"Mind the Graph - Science Infographic Maker\" width=\"800\" height=\"450\" src=\"https:\/\/www.youtube.com\/embed\/tG-PmLzx6NA?feature=oembed\" frameborder=\"0\" allow=\"accelerometer; autoplay; clipboard-write; encrypted-media; gyroscope; picture-in-picture\" allowfullscreen><\/iframe>\n<\/div><\/figure>\n\n\n\n<p>Temos uma nova oportunidade de trabalho: <strong>Desenvolvedor de pilha cheia<\/strong>.<\/p>\n\n\n\n<p>Como um Desenvolvedor Full Stack, voc\u00ea deve se sentir confort\u00e1vel ao redor de ambas linguagens de codifica\u00e7\u00e3o front-end e back-end, estruturas de desenvolvimento e bibliotecas de terceiros. Voc\u00ea tamb\u00e9m deve ser um jogador de equipe com habilidade para o design visual e utilidade.<\/p>\n\n\n\n<p><strong>Principais Atividades<\/strong><\/p>\n\n\n\n<ul><li>Participando do projeto e cria\u00e7\u00e3o de software escal\u00e1vel.<\/li><li>Escrever c\u00f3digo limpo e funcional na frente e na parte de tr\u00e1s.<\/li><li>Teste e corre\u00e7\u00e3o de bugs ou outros problemas de codifica\u00e7\u00e3o.<\/li><li>Trabalhar com a equipe de desenvolvimento e o gerente de produto para idealizar solu\u00e7\u00f5es de software.<\/li><li>Projetar arquitetura do lado do cliente e do lado do servidor.<\/li><li>Construir o front-end das aplica\u00e7\u00f5es atrav\u00e9s de um design visual atraente.<\/li><li>Desenvolver e gerenciar bancos de dados e aplica\u00e7\u00f5es que funcionem bem.<\/li><li>Solu\u00e7\u00e3o de problemas, depura\u00e7\u00e3o e atualiza\u00e7\u00e3o de software.<\/li><li>Criar configura\u00e7\u00f5es de seguran\u00e7a e prote\u00e7\u00e3o de dados.<\/li><li>Escrever a documenta\u00e7\u00e3o t\u00e9cnica.<\/li><li>Trabalhar com cientistas e analistas de dados para melhorar o software.<\/li><\/ul>\n\n\n\n<p><strong>Requisitos do trabalho<\/strong><\/p>\n\n\n\n<ul><li>Pelo menos 5 anos de experi\u00eancia profissional como desenvolvedor.<\/li><li>Familiaridade com m\u00faltiplos idiomas front-end e back-end, bibliotecas e estruturas.<\/li><li>Projeto e gerenciamento do banco de dados MySQL.<\/li><li>Estar em dia com as melhores pr\u00e1ticas de desenvolvimento mais recentes<\/li><li>Compreens\u00e3o completa da experi\u00eancia do usu\u00e1rio e, possivelmente, da estrat\u00e9gia do produto.<\/li><li>Experi\u00eancia na implementa\u00e7\u00e3o de plataformas de testes e testes unit\u00e1rios.<\/li><li>Profici\u00eancia com Git.<\/li><li>Aprecia\u00e7\u00e3o por c\u00f3digo limpo e bem documentado.<\/li><li>Seu pr\u00f3prio posto de trabalho.<\/li><\/ul>\n\n\n\n<p><strong>Qualifica\u00e7\u00f5es preferenciais<\/strong><\/p>\n\n\n\n<ul><li>Fluente em ingl\u00eas na fala e na escrita.<\/li><li>Experi\u00eancia comprovada como desenvolvedor de pilha completa ou fun\u00e7\u00e3o similar.<\/li><li>Excelentes habilidades de comunica\u00e7\u00e3o e trabalho em equipe.<\/li><li>Grande aten\u00e7\u00e3o aos detalhes.<\/li><li>Habilidades de organiza\u00e7\u00e3o.<\/li><li>Uma mente anal\u00edtica.<\/li><li>Gradua\u00e7\u00e3o em Ci\u00eancia da Computa\u00e7\u00e3o, Estat\u00edstica ou campo relevante.<\/li><\/ul>\n\n\n\n<p><strong>Nossa Pilha Central de Espa\u00e7o de Trabalho<\/strong><\/p>\n\n\n\n<ul><li>JavaScript: biblioteca Fabric.js<\/li><li>PHP: Estrutura do CodeIgniter<\/li><li>Node.js: Estrutura NestJS<\/li><li>MySQL.<\/li><\/ul>\n\n\n\n<p><strong>O que voc\u00ea vai encontrar aqui<\/strong><\/p>\n\n\n\n<ul><li>Uma empresa remota 100%.<\/li><li>Gente simp\u00e1tica em um ambiente de trabalho amig\u00e1vel.<\/li><li>Equipe altamente qualificada, distribu\u00edda em todo o mundo.<\/li><li>Sal\u00e1rio competitivo pago em USD.<\/li><li>Fazer parte de uma empresa com alcance global.<\/li><li>Importante posi\u00e7\u00e3o reportando-se diretamente ao CEO de uma promissora empresa start-up.<\/li><li>Coloca\u00e7\u00e3o chave com responsabilidades importantes na organiza\u00e7\u00e3o.<\/li><li>Alinhamento de seu crescimento profissional com o crescimento inicial.<\/li><\/ul>\n\n\n\n<p>Voc\u00ea j\u00e1 se identificou com este trabalho?&nbsp;<\/p>\n\n\n\n<p>Ent\u00e3o fa\u00e7a sua inscri\u00e7\u00e3o e junte-se \u00e0 equipe!<\/p>\n\n\n\n<div class=\"wp-block-button\"><a class=\"wp-block-button__link\" href=\"https:\/\/mindthegraph.com\/blog\/work-with-us\/\">Aplicar aqui<\/a><\/div>\n\n\n\n<style>\n.is-provider-youtube .wp-block-embed__wrapper, .gutentim-admin-page-video{ height:auto !important; }\n<\/style>","protected":false},"excerpt":{"rendered":"<p>Voc\u00ea ama a ci\u00eancia? N\u00f3s amamos! Estamos \u00e0 procura de novas pessoas para se juntar \u00e0 nossa equipe de artistas, desenvolvedores e empres\u00e1rios, todos apaixonados pela ci\u00eancia. Sobre o Mind the Graph Mind the Graph \u00e9 uma parte do conjunto de solu\u00e7\u00f5es CACTUS. Somos a plataforma l\u00edder e a primeira plataforma infogr\u00e1fica voltada para a ci\u00eancia e o meio acad\u00eamico [...].<\/p>","protected":false},"author":21,"featured_media":11948,"parent":0,"menu_order":0,"comment_status":"closed","ping_status":"closed","template":"","meta":[],"yoast_head":"<!-- This site is optimized with the Yoast SEO plugin v19.9 - https:\/\/yoast.com\/wordpress\/plugins\/seo\/ -->\n<title>Full Stack Developer - Mind the Graph Blog<\/title>\n<meta name=\"robots\" content=\"index, follow, max-snippet:-1, max-image-preview:large, max-video-preview:-1\" \/>\n<link rel=\"canonical\" href=\"https:\/\/mindthegraph.com\/blog\/pt\/sviluppatore-completo\/\" \/>\n<meta property=\"og:locale\" content=\"pt_BR\" \/>\n<meta property=\"og:type\" content=\"article\" \/>\n<meta property=\"og:title\" content=\"Full Stack Developer - Mind the Graph Blog\" \/>\n<meta property=\"og:description\" content=\"Do you love science? We do! We are looking for new people to join our team of artists, developers, and entrepreneurs, all passionate about science. About Mind the Graph Mind the Graph is a part of the CACTUS suite of solutions. We are the leading and first infographic maker platform focused on scientific and academic [&hellip;]\" \/>\n<meta property=\"og:url\" content=\"https:\/\/mindthegraph.com\/blog\/pt\/sviluppatore-completo\/\" \/>\n<meta property=\"og:site_name\" content=\"Mind the Graph Blog\" \/>\n<meta property=\"article:modified_time\" content=\"2022-06-07T22:15:22+00:00\" \/>\n<meta property=\"og:image\" content=\"https:\/\/mindthegraph.com\/blog\/wp-content\/uploads\/2020\/11\/captura-de-tela-2020-11-19-as-131025.png\" \/>\n\t<meta property=\"og:image:width\" content=\"620\" \/>\n\t<meta property=\"og:image:height\" content=\"56\" \/>\n\t<meta property=\"og:image:type\" content=\"image\/png\" \/>\n<meta name=\"twitter:card\" content=\"summary_large_image\" \/>\n<meta name=\"twitter:label1\" content=\"Est. tempo de leitura\" \/>\n\t<meta name=\"twitter:data1\" content=\"2 minutos\" \/>\n<!-- \/ Yoast SEO plugin. -->","yoast_head_json":{"title":"Full Stack Developer - Mind the Graph Blog","robots":{"index":"index","follow":"follow","max-snippet":"max-snippet:-1","max-image-preview":"max-image-preview:large","max-video-preview":"max-video-preview:-1"},"canonical":"https:\/\/mindthegraph.com\/blog\/pt\/sviluppatore-completo\/","og_locale":"pt_BR","og_type":"article","og_title":"Full Stack Developer - Mind the Graph Blog","og_description":"Do you love science? We do! We are looking for new people to join our team of artists, developers, and entrepreneurs, all passionate about science. About Mind the Graph Mind the Graph is a part of the CACTUS suite of solutions. We are the leading and first infographic maker platform focused on scientific and academic [&hellip;]","og_url":"https:\/\/mindthegraph.com\/blog\/pt\/sviluppatore-completo\/","og_site_name":"Mind the Graph Blog","article_modified_time":"2022-06-07T22:15:22+00:00","og_image":[{"width":620,"height":56,"url":"https:\/\/mindthegraph.com\/blog\/wp-content\/uploads\/2020\/11\/captura-de-tela-2020-11-19-as-131025.png","type":"image\/png"}],"twitter_card":"summary_large_image","twitter_misc":{"Est. tempo de leitura":"2 minutos"},"schema":{"@context":"https:\/\/schema.org","@graph":[{"@type":"WebPage","@id":"https:\/\/mindthegraph.com\/blog\/it\/sviluppatore-completo\/","url":"https:\/\/mindthegraph.com\/blog\/it\/sviluppatore-completo\/","name":"Full Stack Developer - Mind the Graph Blog","isPartOf":{"@id":"https:\/\/mindthegraph.com\/blog\/#website"},"datePublished":"2021-09-27T04:49:01+00:00","dateModified":"2022-06-07T22:15:22+00:00","breadcrumb":{"@id":"https:\/\/mindthegraph.com\/blog\/it\/sviluppatore-completo\/#breadcrumb"},"inLanguage":"pt-BR","potentialAction":[{"@type":"ReadAction","target":["https:\/\/mindthegraph.com\/blog\/it\/sviluppatore-completo\/"]}]},{"@type":"BreadcrumbList","@id":"https:\/\/mindthegraph.com\/blog\/it\/sviluppatore-completo\/#breadcrumb","itemListElement":[{"@type":"ListItem","position":1,"name":"Home","item":"https:\/\/mindthegraph.com\/blog\/"},{"@type":"ListItem","position":2,"name":"Full Stack Developer"}]},{"@type":"WebSite","@id":"https:\/\/mindthegraph.com\/blog\/#website","url":"https:\/\/mindthegraph.com\/blog\/","name":"Mind the Graph Blog","description":"Your science can be beautiful!","potentialAction":[{"@type":"SearchAction","target":{"@type":"EntryPoint","urlTemplate":"https:\/\/mindthegraph.com\/blog\/?s={search_term_string}"},"query-input":"required name=search_term_string"}],"inLanguage":"pt-BR"}]}},"_links":{"self":[{"href":"https:\/\/mindthegraph.com\/blog\/pt\/wp-json\/wp\/v2\/pages\/14643"}],"collection":[{"href":"https:\/\/mindthegraph.com\/blog\/pt\/wp-json\/wp\/v2\/pages"}],"about":[{"href":"https:\/\/mindthegraph.com\/blog\/pt\/wp-json\/wp\/v2\/types\/page"}],"author":[{"embeddable":true,"href":"https:\/\/mindthegraph.com\/blog\/pt\/wp-json\/wp\/v2\/users\/21"}],"replies":[{"embeddable":true,"href":"https:\/\/mindthegraph.com\/blog\/pt\/wp-json\/wp\/v2\/comments?post=14643"}],"version-history":[{"count":4,"href":"https:\/\/mindthegraph.com\/blog\/pt\/wp-json\/wp\/v2\/pages\/14643\/revisions"}],"predecessor-version":[{"id":15901,"href":"https:\/\/mindthegraph.com\/blog\/pt\/wp-json\/wp\/v2\/pages\/14643\/revisions\/15901"}],"wp:featuredmedia":[{"embeddable":true,"href":"https:\/\/mindthegraph.com\/blog\/pt\/wp-json\/wp\/v2\/media\/11948"}],"wp:attachment":[{"href":"https:\/\/mindthegraph.com\/blog\/pt\/wp-json\/wp\/v2\/media?parent=14643"}],"curies":[{"name":"wp","href":"https:\/\/api.w.org\/{rel}","templated":true}]}}