{"id":13185,"date":"2021-07-22T01:18:16","date_gmt":"2021-07-22T04:18:16","guid":{"rendered":"https:\/\/mindthegraph.com\/blog\/jobs\/mkt-growth-copy\/"},"modified":"2021-09-27T06:08:30","modified_gmt":"2021-09-27T09:08:30","slug":"sdr","status":"publish","type":"page","link":"https:\/\/mindthegraph.com\/blog\/pt\/sdr\/","title":{"rendered":"SDR - Representante de Desenvolvimento de Vendas"},"content":{"rendered":"<p>Voc\u00ea ama a ci\u00eancia? N\u00f3s amamos!<\/p>\n\n\n\n<p>Estamos \u00e0 procura de novas pessoas para se juntar \u00e0 nossa equipe de artistas, desenvolvedores e empres\u00e1rios, todos apaixonados pela ci\u00eancia.<\/p>\n\n\n\n<p>Temos uma nova oportunidade de trabalho: <strong>SDR - Representante de Desenvolvimento de Vendas.<\/strong><\/p>\n\n\n\n<p><strong>Principais Atividades<\/strong><\/p>\n\n\n\n<ul><li>Representar os produtos e servi\u00e7os de nossa empresa, levando os consumidores a identificar como nossas solu\u00e7\u00f5es atendem \u00e0s suas necessidades.<\/li><li>Qualificar os contatos de entrada e construir relacionamentos alimentando os clientes em potencial e encontrando novos pontos de venda em potencial.<\/li><li>Gerenciar e manter um pipeline de potenciais interessados e contratar executivos de vendas para os pr\u00f3ximos passos.<\/li><li>Comunica\u00e7\u00e3o com os contatos de entrada atrav\u00e9s de chat.<\/li><li>Identificar as necessidades dos prospectos e sugerir produtos\/servi\u00e7os apropriados.<\/li><li>Trabalhar em estreita colabora\u00e7\u00e3o com o setor de CS para oferecer a melhor assist\u00eancia poss\u00edvel aos usu\u00e1rios.<\/li><li>Fornecer uma primeira aten\u00e7\u00e3o aos usu\u00e1rios no bate-papo e selecionar oportunidades de vendas em potencial, atribuindo pistas para o executivo de vendas.<\/li><li>Identificar as melhores pr\u00e1ticas para refinar o livro de reprodu\u00e7\u00e3o da gera\u00e7\u00e3o de leads da empresa.<\/li><li>Ser um embaixador da marca em todos os pontos de intera\u00e7\u00e3o com clientes em potencial e clientes.<\/li><\/ul>\n\n\n\n<p><\/p>\n\n\n\n<p><strong>Requisitos do trabalho<\/strong><\/p>\n\n\n\n<ul><li>Fluente em ingl\u00eas na fala e na escrita.<\/li><li>S\u00f3lidas habilidades de comunica\u00e7\u00e3o via chat, chamadas e e-mail.<\/li><li>Forte desejo e capacidade de ajudar a gerar vendas para a organiza\u00e7\u00e3o.<\/li><li>Posto de trabalho pr\u00f3prio.<\/li><\/ul>\n\n\n\n<p><\/p>\n\n\n\n<p><strong>Qualifica\u00e7\u00f5es preferenciais<\/strong><\/p>\n\n\n\n<ul><li>Estar dispon\u00edvel para trabalhar no Fuso Hor\u00e1rio Oriental.<\/li><li>Profici\u00eancia em ferramentas ZenDesk e RD Station.<\/li><li>Experi\u00eancia anterior como representante de desenvolvimento de vendas.<\/li><\/ul>\n\n\n\n<p><\/p>\n\n\n\n<p><strong>Sobre a Mind The Graph<\/strong><br>Somos a plataforma l\u00edder e a primeira plataforma infogr\u00e1fica focada em prop\u00f3sitos cient\u00edficos e acad\u00eamicos. Com mais de 400.000 usu\u00e1rios com intera\u00e7\u00f5es di\u00e1rias e r\u00e1pido crescimento.<\/p>\n\n\n\n<figure class=\"wp-block-embed is-type-video is-provider-youtube wp-block-embed-youtube wp-embed-aspect-16-9 wp-has-aspect-ratio\"><div class=\"wp-block-embed__wrapper\">\n<iframe loading=\"lazy\" title=\"Mind the Graph - Science Infographic Maker\" width=\"800\" height=\"450\" src=\"https:\/\/www.youtube.com\/embed\/tG-PmLzx6NA?feature=oembed\" frameborder=\"0\" allow=\"accelerometer; autoplay; clipboard-write; encrypted-media; gyroscope; picture-in-picture\" allowfullscreen><\/iframe>\n<\/div><\/figure>\n\n\n\n<p><strong>O que voc\u00ea vai encontrar aqui<\/strong><\/p>\n\n\n\n<ul><li>Uma empresa remota 100%, trabalha a partir de casa. <\/li><li>Gente simp\u00e1tica em um ambiente de trabalho amig\u00e1vel.<\/li><li>Equipe altamente qualificada, distribu\u00edda em todo o mundo.<\/li><li>Sal\u00e1rio competitivo.<\/li><li>B\u00f4nus sobre o desempenho a cada trimestre.<\/li><li>Voucher mensal Internet (pagamos sua Internet).<\/li><li>Bem estar mensalmente (exerc\u00edcios, massagem, yoga...).<\/li><li>Vale-alimenta\u00e7\u00e3o mensal (d\u00ea-se boas refei\u00e7\u00f5es!).<\/li><li>Importante posi\u00e7\u00e3o reportando-se diretamente ao CEO de uma promissora empresa start-up.<\/li><li>Coloca\u00e7\u00e3o chave com responsabilidades importantes na organiza\u00e7\u00e3o.<\/li><li>Alinhamento de seu crescimento profissional com o crescimento inicial.<\/li><\/ul>\n\n\n\n<p>Somos uma equipe pequena, altamente motivada, que respeita e valoriza o trabalho uns dos outros. Trabalhamos em um formato completamente remoto, com uma equipe madura que opera de forma aut\u00f4noma e independente.<\/p>\n\n\n\n<p>Voc\u00ea j\u00e1 se identificou com este trabalho? Ent\u00e3o junte-se \u00e0 equipe!<\/p>\n\n\n\n<div class=\"wp-block-button\"><a class=\"wp-block-button__link\" href=\"https:\/\/mindthegraph.com\/blog\/work-with-us\/\">Aplicar aqui<\/a><\/div>\n\n\n\n<style>\n.is-provider-youtube .wp-block-embed__wrapper, .gutentim-admin-page-video{ height:auto !important; }\n<\/style>","protected":false},"excerpt":{"rendered":"<p>Voc\u00ea ama a ci\u00eancia? N\u00f3s amamos! Estamos \u00e0 procura de novas pessoas para se juntar \u00e0 nossa equipe de artistas, desenvolvedores e empres\u00e1rios, todos apaixonados pela ci\u00eancia. Temos uma nova oportunidade de trabalho: SDR - Sales Development Representative (Representante de Desenvolvimento de Vendas). Principais Atividades Representam os produtos e servi\u00e7os de nossa empresa, levando os consumidores a identificar como nossas solu\u00e7\u00f5es atendem \u00e0s suas necessidades. Qualifique-se [...]<\/p>","protected":false},"author":21,"featured_media":11948,"parent":0,"menu_order":0,"comment_status":"closed","ping_status":"closed","template":"","meta":[],"yoast_head":"<!-- This site is optimized with the Yoast SEO plugin v19.9 - https:\/\/yoast.com\/wordpress\/plugins\/seo\/ -->\n<title>SDR - Sales Development Representative - Mind the Graph Blog<\/title>\n<meta name=\"robots\" content=\"index, follow, max-snippet:-1, max-image-preview:large, max-video-preview:-1\" \/>\n<link rel=\"canonical\" href=\"https:\/\/mindthegraph.com\/blog\/pt\/sdr\/\" \/>\n<meta property=\"og:locale\" content=\"pt_BR\" \/>\n<meta property=\"og:type\" content=\"article\" \/>\n<meta property=\"og:title\" content=\"SDR - Sales Development Representative - Mind the Graph Blog\" \/>\n<meta property=\"og:description\" content=\"Do you love science? We do! We are looking for new people to join our team of artists, developers, and entrepreneurs, all passionate about science. We have a new job opportunity: SDR &#8211; Sales Development Representative. Main Activities Represent our company&#8217;s products and services, leading consumers to identify how our solutions meet their needs. Qualify [&hellip;]\" \/>\n<meta property=\"og:url\" content=\"https:\/\/mindthegraph.com\/blog\/pt\/sdr\/\" \/>\n<meta property=\"og:site_name\" content=\"Mind the Graph Blog\" \/>\n<meta property=\"article:modified_time\" content=\"2021-09-27T09:08:30+00:00\" \/>\n<meta property=\"og:image\" content=\"https:\/\/mindthegraph.com\/blog\/wp-content\/uploads\/2020\/11\/captura-de-tela-2020-11-19-as-131025.png\" \/>\n\t<meta property=\"og:image:width\" content=\"620\" \/>\n\t<meta property=\"og:image:height\" content=\"56\" \/>\n\t<meta property=\"og:image:type\" content=\"image\/png\" \/>\n<meta name=\"twitter:card\" content=\"summary_large_image\" \/>\n<meta name=\"twitter:label1\" content=\"Est. tempo de leitura\" \/>\n\t<meta name=\"twitter:data1\" content=\"2 minutos\" \/>\n<!-- \/ Yoast SEO plugin. -->","yoast_head_json":{"title":"SDR - Sales Development Representative - Mind the Graph Blog","robots":{"index":"index","follow":"follow","max-snippet":"max-snippet:-1","max-image-preview":"max-image-preview:large","max-video-preview":"max-video-preview:-1"},"canonical":"https:\/\/mindthegraph.com\/blog\/pt\/sdr\/","og_locale":"pt_BR","og_type":"article","og_title":"SDR - Sales Development Representative - Mind the Graph Blog","og_description":"Do you love science? We do! We are looking for new people to join our team of artists, developers, and entrepreneurs, all passionate about science. We have a new job opportunity: SDR &#8211; Sales Development Representative. Main Activities Represent our company&#8217;s products and services, leading consumers to identify how our solutions meet their needs. Qualify [&hellip;]","og_url":"https:\/\/mindthegraph.com\/blog\/pt\/sdr\/","og_site_name":"Mind the Graph Blog","article_modified_time":"2021-09-27T09:08:30+00:00","og_image":[{"width":620,"height":56,"url":"https:\/\/mindthegraph.com\/blog\/wp-content\/uploads\/2020\/11\/captura-de-tela-2020-11-19-as-131025.png","type":"image\/png"}],"twitter_card":"summary_large_image","twitter_misc":{"Est. tempo de leitura":"2 minutos"},"schema":{"@context":"https:\/\/schema.org","@graph":[{"@type":"WebPage","@id":"https:\/\/mindthegraph.com\/blog\/sdr\/","url":"https:\/\/mindthegraph.com\/blog\/sdr\/","name":"SDR - Sales Development Representative - Mind the Graph Blog","isPartOf":{"@id":"https:\/\/mindthegraph.com\/blog\/#website"},"datePublished":"2021-07-22T04:18:16+00:00","dateModified":"2021-09-27T09:08:30+00:00","breadcrumb":{"@id":"https:\/\/mindthegraph.com\/blog\/sdr\/#breadcrumb"},"inLanguage":"pt-BR","potentialAction":[{"@type":"ReadAction","target":["https:\/\/mindthegraph.com\/blog\/sdr\/"]}]},{"@type":"BreadcrumbList","@id":"https:\/\/mindthegraph.com\/blog\/sdr\/#breadcrumb","itemListElement":[{"@type":"ListItem","position":1,"name":"Home","item":"https:\/\/mindthegraph.com\/blog\/"},{"@type":"ListItem","position":2,"name":"SDR &#8211; Sales Development Representative"}]},{"@type":"WebSite","@id":"https:\/\/mindthegraph.com\/blog\/#website","url":"https:\/\/mindthegraph.com\/blog\/","name":"Mind the Graph Blog","description":"Your science can be beautiful!","potentialAction":[{"@type":"SearchAction","target":{"@type":"EntryPoint","urlTemplate":"https:\/\/mindthegraph.com\/blog\/?s={search_term_string}"},"query-input":"required name=search_term_string"}],"inLanguage":"pt-BR"}]}},"_links":{"self":[{"href":"https:\/\/mindthegraph.com\/blog\/pt\/wp-json\/wp\/v2\/pages\/13185"}],"collection":[{"href":"https:\/\/mindthegraph.com\/blog\/pt\/wp-json\/wp\/v2\/pages"}],"about":[{"href":"https:\/\/mindthegraph.com\/blog\/pt\/wp-json\/wp\/v2\/types\/page"}],"author":[{"embeddable":true,"href":"https:\/\/mindthegraph.com\/blog\/pt\/wp-json\/wp\/v2\/users\/21"}],"replies":[{"embeddable":true,"href":"https:\/\/mindthegraph.com\/blog\/pt\/wp-json\/wp\/v2\/comments?post=13185"}],"version-history":[{"count":3,"href":"https:\/\/mindthegraph.com\/blog\/pt\/wp-json\/wp\/v2\/pages\/13185\/revisions"}],"predecessor-version":[{"id":13199,"href":"https:\/\/mindthegraph.com\/blog\/pt\/wp-json\/wp\/v2\/pages\/13185\/revisions\/13199"}],"wp:featuredmedia":[{"embeddable":true,"href":"https:\/\/mindthegraph.com\/blog\/pt\/wp-json\/wp\/v2\/media\/11948"}],"wp:attachment":[{"href":"https:\/\/mindthegraph.com\/blog\/pt\/wp-json\/wp\/v2\/media?parent=13185"}],"curies":[{"name":"wp","href":"https:\/\/api.w.org\/{rel}","templated":true}]}}