{"id":14643,"date":"2021-09-27T01:49:01","date_gmt":"2021-09-27T04:49:01","guid":{"rendered":"https:\/\/mindthegraph.com\/blog\/jobs\/mkt-growth-copy\/"},"modified":"2022-06-07T19:15:22","modified_gmt":"2022-06-07T22:15:22","slug":"full-stack-developer","status":"publish","type":"page","link":"https:\/\/mindthegraph.com\/blog\/pl\/full-stack-developer\/","title":{"rendered":"Full Stack Developer"},"content":{"rendered":"<div class=\"wp-block-button\"><a class=\"wp-block-button__link\" href=\"https:\/\/mindthegraph.com\/blog\/work-with-us\/\">Z\u0142\u00f3\u017c wniosek tutaj<\/a><\/div>\n\n\n\n<p>Kochasz nauk\u0119? My kochamy!<\/p>\n\n\n\n<p>Poszukujemy nowych os\u00f3b, kt\u00f3re do\u0142\u0105cz\u0105 do naszego zespo\u0142u artyst\u00f3w, programist\u00f3w i przedsi\u0119biorc\u00f3w, pasjonuj\u0105cych si\u0119 nauk\u0105.<\/p>\n\n\n\n<p><strong>O Mind the Graph<\/strong><\/p>\n\n\n\n<p>Mind the Graph jest cz\u0119\u015bci\u0105 pakietu rozwi\u0105za\u0144 CACTUS.<\/p>\n\n\n\n<p>Jeste\u015bmy wiod\u0105c\u0105 i pierwsz\u0105 platform\u0105 do tworzenia infografik skoncentrowan\u0105 na celach naukowych i akademickich. Z ponad 400 000 u\u017cytkownik\u00f3w z codziennymi interakcjami i szybko rosn\u0105c\u0105 liczb\u0105 u\u017cytkownik\u00f3w.<\/p>\n\n\n\n<p>Jeste\u015bmy ma\u0142ym, wysoce zmotywowanym zespo\u0142em, kt\u00f3ry szanuje i ceni swoj\u0105 prac\u0119. Pracujemy w ca\u0142kowicie zdalnym formacie, z dojrza\u0142ym zespo\u0142em, kt\u00f3ry dzia\u0142a autonomicznie i niezale\u017cnie.<\/p>\n\n\n\n<figure class=\"wp-block-embed is-type-video is-provider-youtube wp-block-embed-youtube wp-embed-aspect-16-9 wp-has-aspect-ratio\"><div class=\"wp-block-embed__wrapper\">\n<iframe loading=\"lazy\" title=\"Mind the Graph - Kreator infografik naukowych\" width=\"800\" height=\"450\" src=\"https:\/\/www.youtube.com\/embed\/tG-PmLzx6NA?feature=oembed\" frameborder=\"0\" allow=\"accelerometer; autoplay; clipboard-write; encrypted-media; gyroscope; picture-in-picture\" allowfullscreen><\/iframe>\n<\/div><\/figure>\n\n\n\n<p>Mamy now\u0105 mo\u017cliwo\u015b\u0107 zatrudnienia: <strong>Full Stack Developer<\/strong>.<\/p>\n\n\n\n<p>Jako Full Stack Developer powiniene\u015b czu\u0107 si\u0119 swobodnie zar\u00f3wno w j\u0119zykach kodowania front-end, jak i back-end, frameworkach programistycznych i bibliotekach innych firm. Powiniene\u015b tak\u017ce by\u0107 graczem zespo\u0142owym z talentem do projektowania wizualnego i u\u017cyteczno\u015bci.<\/p>\n\n\n\n<p><strong>G\u0142\u00f3wne dzia\u0142ania<\/strong><\/p>\n\n\n\n<ul><li>Udzia\u0142 w projektowaniu i tworzeniu skalowalnego oprogramowania.<\/li><li>Pisanie czystego, funkcjonalnego kodu na front-end i back-end.<\/li><li>Testowanie i naprawianie b\u0142\u0119d\u00f3w lub innych problem\u00f3w z kodowaniem.<\/li><li>Wsp\u00f3\u0142praca z zespo\u0142em programist\u00f3w i mened\u017cerem produktu w celu tworzenia rozwi\u0105za\u0144 programowych.<\/li><li>Projektowanie architektury po stronie klienta i serwera.<\/li><li>Tw\u00f3rz front-end aplikacji poprzez atrakcyjny projekt wizualny.<\/li><li>Rozwijanie i zarz\u0105dzanie dobrze funkcjonuj\u0105cymi bazami danych i aplikacjami.<\/li><li>Rozwi\u0105zywanie problem\u00f3w, debugowanie i aktualizacja oprogramowania.<\/li><li>Tworzenie ustawie\u0144 bezpiecze\u0144stwa i ochrony danych.<\/li><li>Tworzenie dokumentacji technicznej.<\/li><li>Wsp\u00f3\u0142praca z analitykami i badaczami danych w celu ulepszenia oprogramowania.<\/li><\/ul>\n\n\n\n<p><strong>Wymagania dotycz\u0105ce pracy<\/strong><\/p>\n\n\n\n<ul><li>Co najmniej 5 lat do\u015bwiadczenia zawodowego jako programista.<\/li><li>Znajomo\u015b\u0107 wielu j\u0119zyk\u00f3w, bibliotek i framework\u00f3w front-endowych i back-endowych.<\/li><li>Projektowanie i zarz\u0105dzanie bazami danych MySQL.<\/li><li>Bycie na bie\u017c\u0105co z najnowszymi najlepszymi praktykami deweloperskimi<\/li><li>Dog\u0142\u0119bne zrozumienie do\u015bwiadczenia u\u017cytkownika i ewentualnie strategii produktu.<\/li><li>Do\u015bwiadczenie we wdra\u017caniu platform testowych i test\u00f3w jednostkowych.<\/li><li>Bieg\u0142a znajomo\u015b\u0107 Git.<\/li><li>Docenianie czystego i dobrze udokumentowanego kodu.<\/li><li>W\u0142asna stacja robocza.<\/li><\/ul>\n\n\n\n<p><strong>Preferowane kwalifikacje<\/strong><\/p>\n\n\n\n<ul><li>Bieg\u0142a znajomo\u015b\u0107 j\u0119zyka angielskiego w mowie i pi\u015bmie.<\/li><li>Udokumentowane do\u015bwiadczenie na stanowisku Full Stack Developer lub podobnym.<\/li><li>Doskona\u0142e umiej\u0119tno\u015bci komunikacji i pracy zespo\u0142owej.<\/li><li>Du\u017ca dba\u0142o\u015b\u0107 o szczeg\u00f3\u0142y.<\/li><li>Umiej\u0119tno\u015bci organizacyjne.<\/li><li>Analityczny umys\u0142.<\/li><li>Stopie\u0144 naukowy z informatyki, statystyki lub odpowiedniej dziedziny.<\/li><\/ul>\n\n\n\n<p><strong>Nasz podstawowy stos Workspace<\/strong><\/p>\n\n\n\n<ul><li>JavaScript: biblioteka Fabric.js<\/li><li>PHP: CodeIgniter Framework<\/li><li>Node.js: Framework NestJS<\/li><li>MySQL.<\/li><\/ul>\n\n\n\n<p><strong>Co znajdziesz tutaj<\/strong><\/p>\n\n\n\n<ul><li>Zdalna firma 100%.<\/li><li>Mili ludzie w przyjaznym \u015brodowisku pracy.<\/li><li>Wysoko wykwalifikowany zesp\u00f3\u0142 rozmieszczony na ca\u0142ym \u015bwiecie.<\/li><li>Konkurencyjne wynagrodzenie wyp\u0142acane w USD.<\/li><li>By\u0107 cz\u0119\u015bci\u0105 firmy o globalnym zasi\u0119gu.<\/li><li>Wa\u017cne stanowisko podlegaj\u0105ce bezpo\u015brednio dyrektorowi generalnemu obiecuj\u0105cego startupu.<\/li><li>Kluczowe stanowiska z wa\u017cnymi obowi\u0105zkami w organizacji.<\/li><li>Dostosowanie rozwoju zawodowego do rozwoju startupu.<\/li><\/ul>\n\n\n\n<p>Czy uto\u017csamiasz si\u0119 z t\u0105 prac\u0105?&nbsp;<\/p>\n\n\n\n<p>Z\u0142\u00f3\u017c swoj\u0105 aplikacj\u0119 i do\u0142\u0105cz do zespo\u0142u!<\/p>\n\n\n\n<div class=\"wp-block-button\"><a class=\"wp-block-button__link\" href=\"https:\/\/mindthegraph.com\/blog\/work-with-us\/\">Z\u0142\u00f3\u017c wniosek tutaj<\/a><\/div>\n\n\n\n<style>\n.is-provider-youtube .wp-block-embed__wrapper, .gutentim-admin-page-video{ height:auto !important; }\n<\/style>","protected":false},"excerpt":{"rendered":"<p>Kochasz nauk\u0119? My kochamy! Szukamy nowych os\u00f3b, kt\u00f3re do\u0142\u0105cz\u0105 do naszego zespo\u0142u artyst\u00f3w, programist\u00f3w i przedsi\u0119biorc\u00f3w, kt\u00f3rych pasj\u0105 jest nauka. O Mind the Graph Mind the Graph jest cz\u0119\u015bci\u0105 pakietu rozwi\u0105za\u0144 CACTUS. Jeste\u015bmy wiod\u0105c\u0105 i pierwsz\u0105 platform\u0105 do tworzenia infografik skoncentrowan\u0105 na naukowych i akademickich [...]<\/p>","protected":false},"author":21,"featured_media":11948,"parent":0,"menu_order":0,"comment_status":"closed","ping_status":"closed","template":"","meta":[],"yoast_head":"<!-- This site is optimized with the Yoast SEO plugin v19.9 - https:\/\/yoast.com\/wordpress\/plugins\/seo\/ -->\n<title>Full Stack Developer - Mind the Graph Blog<\/title>\n<meta name=\"robots\" content=\"index, follow, max-snippet:-1, max-image-preview:large, max-video-preview:-1\" \/>\n<link rel=\"canonical\" href=\"https:\/\/mindthegraph.com\/blog\/pl\/sviluppatore-completo\/\" \/>\n<meta property=\"og:locale\" content=\"pl_PL\" \/>\n<meta property=\"og:type\" content=\"article\" \/>\n<meta property=\"og:title\" content=\"Full Stack Developer - Mind the Graph Blog\" \/>\n<meta property=\"og:description\" content=\"Do you love science? We do! We are looking for new people to join our team of artists, developers, and entrepreneurs, all passionate about science. About Mind the Graph Mind the Graph is a part of the CACTUS suite of solutions. We are the leading and first infographic maker platform focused on scientific and academic [&hellip;]\" \/>\n<meta property=\"og:url\" content=\"https:\/\/mindthegraph.com\/blog\/pl\/sviluppatore-completo\/\" \/>\n<meta property=\"og:site_name\" content=\"Mind the Graph Blog\" \/>\n<meta property=\"article:modified_time\" content=\"2022-06-07T22:15:22+00:00\" \/>\n<meta property=\"og:image\" content=\"https:\/\/mindthegraph.com\/blog\/wp-content\/uploads\/2020\/11\/captura-de-tela-2020-11-19-as-131025.png\" \/>\n\t<meta property=\"og:image:width\" content=\"620\" \/>\n\t<meta property=\"og:image:height\" content=\"56\" \/>\n\t<meta property=\"og:image:type\" content=\"image\/png\" \/>\n<meta name=\"twitter:card\" content=\"summary_large_image\" \/>\n<meta name=\"twitter:label1\" content=\"Est. reading time\" \/>\n\t<meta name=\"twitter:data1\" content=\"2 minutes\" \/>\n<!-- \/ Yoast SEO plugin. -->","yoast_head_json":{"title":"Full Stack Developer - Mind the Graph Blog","robots":{"index":"index","follow":"follow","max-snippet":"max-snippet:-1","max-image-preview":"max-image-preview:large","max-video-preview":"max-video-preview:-1"},"canonical":"https:\/\/mindthegraph.com\/blog\/pl\/sviluppatore-completo\/","og_locale":"pl_PL","og_type":"article","og_title":"Full Stack Developer - Mind the Graph Blog","og_description":"Do you love science? We do! We are looking for new people to join our team of artists, developers, and entrepreneurs, all passionate about science. About Mind the Graph Mind the Graph is a part of the CACTUS suite of solutions. We are the leading and first infographic maker platform focused on scientific and academic [&hellip;]","og_url":"https:\/\/mindthegraph.com\/blog\/pl\/sviluppatore-completo\/","og_site_name":"Mind the Graph Blog","article_modified_time":"2022-06-07T22:15:22+00:00","og_image":[{"width":620,"height":56,"url":"https:\/\/mindthegraph.com\/blog\/wp-content\/uploads\/2020\/11\/captura-de-tela-2020-11-19-as-131025.png","type":"image\/png"}],"twitter_card":"summary_large_image","twitter_misc":{"Est. reading time":"2 minutes"},"schema":{"@context":"https:\/\/schema.org","@graph":[{"@type":"WebPage","@id":"https:\/\/mindthegraph.com\/blog\/it\/sviluppatore-completo\/","url":"https:\/\/mindthegraph.com\/blog\/it\/sviluppatore-completo\/","name":"Full Stack Developer - Mind the Graph Blog","isPartOf":{"@id":"https:\/\/mindthegraph.com\/blog\/#website"},"datePublished":"2021-09-27T04:49:01+00:00","dateModified":"2022-06-07T22:15:22+00:00","breadcrumb":{"@id":"https:\/\/mindthegraph.com\/blog\/it\/sviluppatore-completo\/#breadcrumb"},"inLanguage":"pl-PL","potentialAction":[{"@type":"ReadAction","target":["https:\/\/mindthegraph.com\/blog\/it\/sviluppatore-completo\/"]}]},{"@type":"BreadcrumbList","@id":"https:\/\/mindthegraph.com\/blog\/it\/sviluppatore-completo\/#breadcrumb","itemListElement":[{"@type":"ListItem","position":1,"name":"Home","item":"https:\/\/mindthegraph.com\/blog\/"},{"@type":"ListItem","position":2,"name":"Full Stack Developer"}]},{"@type":"WebSite","@id":"https:\/\/mindthegraph.com\/blog\/#website","url":"https:\/\/mindthegraph.com\/blog\/","name":"Mind the Graph Blog","description":"Your science can be beautiful!","potentialAction":[{"@type":"SearchAction","target":{"@type":"EntryPoint","urlTemplate":"https:\/\/mindthegraph.com\/blog\/?s={search_term_string}"},"query-input":"required name=search_term_string"}],"inLanguage":"pl-PL"}]}},"_links":{"self":[{"href":"https:\/\/mindthegraph.com\/blog\/pl\/wp-json\/wp\/v2\/pages\/14643"}],"collection":[{"href":"https:\/\/mindthegraph.com\/blog\/pl\/wp-json\/wp\/v2\/pages"}],"about":[{"href":"https:\/\/mindthegraph.com\/blog\/pl\/wp-json\/wp\/v2\/types\/page"}],"author":[{"embeddable":true,"href":"https:\/\/mindthegraph.com\/blog\/pl\/wp-json\/wp\/v2\/users\/21"}],"replies":[{"embeddable":true,"href":"https:\/\/mindthegraph.com\/blog\/pl\/wp-json\/wp\/v2\/comments?post=14643"}],"version-history":[{"count":4,"href":"https:\/\/mindthegraph.com\/blog\/pl\/wp-json\/wp\/v2\/pages\/14643\/revisions"}],"predecessor-version":[{"id":15901,"href":"https:\/\/mindthegraph.com\/blog\/pl\/wp-json\/wp\/v2\/pages\/14643\/revisions\/15901"}],"wp:featuredmedia":[{"embeddable":true,"href":"https:\/\/mindthegraph.com\/blog\/pl\/wp-json\/wp\/v2\/media\/11948"}],"wp:attachment":[{"href":"https:\/\/mindthegraph.com\/blog\/pl\/wp-json\/wp\/v2\/media?parent=14643"}],"curies":[{"name":"wp","href":"https:\/\/api.w.org\/{rel}","templated":true}]}}