{"id":13191,"date":"2021-07-22T01:33:20","date_gmt":"2021-07-22T04:33:20","guid":{"rendered":"https:\/\/mindthegraph.com\/blog\/jobs\/sdr-copy\/"},"modified":"2021-07-22T14:03:34","modified_gmt":"2021-07-22T17:03:34","slug":"sales-mkt","status":"publish","type":"page","link":"https:\/\/mindthegraph.com\/blog\/pl\/sales-mkt\/","title":{"rendered":"Sprzeda\u017c i marketing"},"content":{"rendered":"<p>Kochasz nauk\u0119? My kochamy!<\/p>\n\n\n\n<p>Poszukujemy nowych os\u00f3b, kt\u00f3re do\u0142\u0105cz\u0105 do naszego zespo\u0142u artyst\u00f3w, programist\u00f3w i przedsi\u0119biorc\u00f3w, pasjonuj\u0105cych si\u0119 nauk\u0105.<\/p>\n\n\n\n<p>Mamy now\u0105 mo\u017cliwo\u015b\u0107 zatrudnienia: <strong>Sprzeda\u017c i marketing<\/strong>.<\/p>\n\n\n\n<p><strong>G\u0142\u00f3wne dzia\u0142ania<\/strong><\/p>\n\n\n\n<ul><li>Badanie i rozw\u00f3j marketingu, zrozumienie wymaga\u0144 konsument\u00f3w, identyfikacja trend\u00f3w rynkowych i sugerowanie ulepsze\u0144 w celu osi\u0105gni\u0119cia cel\u00f3w marketingowych i sprzeda\u017cowych firmy.<\/li><li>Utrzymywanie relacji z wa\u017cnymi klientami i potencjalnymi klientami poprzez regularny kontakt, zrozumienie ich potrzeb i przewidywanie nowych mo\u017cliwo\u015bci marketingowych.<\/li><li>Zarz\u0105dzanie procesem sprzeda\u017cy, od generowania nowych potencjalnych klient\u00f3w do zamkni\u0119cia sprzeda\u017cy.<\/li><li>Tworzenie i wdra\u017canie strategii maj\u0105cych na celu generowanie dodatkowej sprzeda\u017cy w naszej bazie potencjalnych klient\u00f3w.<\/li><li>Prowadzenie kampanii sprzeda\u017cowych i marketingowych. \u015acis\u0142a wsp\u00f3\u0142praca z zespo\u0142ami ds. obs\u0142ugi klienta i reklamy.<\/li><li>Zbieranie i analizowanie danych w celu kierowania prac\u0105 w oparciu o wymierne wska\u017aniki.<\/li><li>Promowanie istniej\u0105cych marek firmy i wprowadzanie nowych produkt\u00f3w na rynek.<\/li><li>Wspieranie opracowywania i realizacji materia\u0142\u00f3w sprzeda\u017cowych i marketingowych.<\/li><li>Udzia\u0142 w innych dzia\u0142aniach zwi\u0105zanych z generowaniem lead\u00f3w i pozyskiwaniem klient\u00f3w.<\/li><li>Skoncentruj si\u0119 na konwersji sprzeda\u017cy, ulepszaniu kont i us\u0142ugach dodatkowych. <\/li><\/ul>\n\n\n\n<p><\/p>\n\n\n\n<p><strong>Wymagania dotycz\u0105ce pracy<\/strong><\/p>\n\n\n\n<ul><li>Bieg\u0142a znajomo\u015b\u0107 j\u0119zyka angielskiego w mowie i pi\u015bmie.<\/li><li>Praktyczne do\u015bwiadczenie w opracowywaniu kampanii i promocji.<\/li><li>Doskona\u0142e umiej\u0119tno\u015bci komunikacyjne, interpersonalne i obs\u0142ugi klienta.<\/li><li>Silna ch\u0119\u0107 i zdolno\u015b\u0107 do generowania sprzeda\u017cy dla organizacji.<\/li><li>W\u0142asne stanowisko pracy.<\/li><\/ul>\n\n\n\n<p><\/p>\n\n\n\n<p><strong>Preferowane kwalifikacje<\/strong><\/p>\n\n\n\n<ul><li>By\u0107 dost\u0119pnym do pracy we wschodniej strefie czasowej.<\/li><li>Bieg\u0142a znajomo\u015b\u0107 narz\u0119dzi ZenDesk i RD Station.<\/li><li>Wcze\u015bniejsze do\u015bwiadczenie jako przedstawiciel ds. rozwoju sprzeda\u017cy.<\/li><\/ul>\n\n\n\n<p><\/p>\n\n\n\n<p><strong>O Mind The Graph<\/strong><br>Jeste\u015bmy wiod\u0105c\u0105 i pierwsz\u0105 platform\u0105 do tworzenia infografik skoncentrowan\u0105 na celach naukowych i akademickich. Z ponad 400 000 u\u017cytkownik\u00f3w z codziennymi interakcjami i szybko rosn\u0105c\u0105 liczb\u0105 u\u017cytkownik\u00f3w.<\/p>\n\n\n\n<figure class=\"wp-block-embed is-type-video is-provider-youtube wp-block-embed-youtube wp-embed-aspect-16-9 wp-has-aspect-ratio\"><div class=\"wp-block-embed__wrapper\">\n<iframe loading=\"lazy\" title=\"Mind the Graph - Kreator infografik naukowych\" width=\"800\" height=\"450\" src=\"https:\/\/www.youtube.com\/embed\/tG-PmLzx6NA?feature=oembed\" frameborder=\"0\" allow=\"accelerometer; autoplay; clipboard-write; encrypted-media; gyroscope; picture-in-picture\" allowfullscreen><\/iframe>\n<\/div><\/figure>\n\n\n\n<p><strong>Co znajdziesz tutaj<\/strong><\/p>\n\n\n\n<ul><li>Firma zdalna 100%, praca z domu. <\/li><li>Mili ludzie w przyjaznym \u015brodowisku pracy.<\/li><li>Wysoko wykwalifikowany zesp\u00f3\u0142 rozmieszczony na ca\u0142ym \u015bwiecie.<\/li><li>Konkurencyjne wynagrodzenie.<\/li><li>Premia za wyniki co kwarta\u0142.<\/li><li>Voucher internetowy (p\u0142acimy za internet).<\/li><li>Miesi\u0119czny kupon na dobre samopoczucie (\u0107wiczenia, masa\u017c, joga...).<\/li><li>Miesi\u0119czny voucher \u017cywno\u015bciowy (podaruj sobie smaczne posi\u0142ki!).<\/li><li>Wa\u017cne stanowisko podlegaj\u0105ce bezpo\u015brednio dyrektorowi generalnemu obiecuj\u0105cego startupu.<\/li><li>Kluczowe stanowiska z wa\u017cnymi obowi\u0105zkami w organizacji.<\/li><li>Dostosowanie rozwoju zawodowego do rozwoju startupu.<\/li><\/ul>\n\n\n\n<p>Jeste\u015bmy ma\u0142ym, wysoce zmotywowanym zespo\u0142em, kt\u00f3ry szanuje i ceni swoj\u0105 prac\u0119. Pracujemy w ca\u0142kowicie zdalnym formacie, z dojrza\u0142ym zespo\u0142em, kt\u00f3ry dzia\u0142a autonomicznie i niezale\u017cnie.<\/p>\n\n\n\n<p>Uto\u017csamiasz si\u0119 z t\u0105 prac\u0105? Do\u0142\u0105cz do zespo\u0142u!<\/p>\n\n\n\n<div class=\"wp-block-button\"><a class=\"wp-block-button__link\" href=\"https:\/\/mindthegraph.com\/blog\/work-with-us\/\">Z\u0142\u00f3\u017c wniosek tutaj<\/a><\/div>\n\n\n\n<style>\n.is-provider-youtube .wp-block-embed__wrapper, .gutentim-admin-page-video{ height:auto !important; }\n<\/style>","protected":false},"excerpt":{"rendered":"<p>Kochasz nauk\u0119? My kochamy! Szukamy nowych os\u00f3b, kt\u00f3re do\u0142\u0105cz\u0105 do naszego zespo\u0142u artyst\u00f3w, programist\u00f3w i przedsi\u0119biorc\u00f3w, kt\u00f3rzy pasjonuj\u0105 si\u0119 nauk\u0105. Mamy now\u0105 mo\u017cliwo\u015b\u0107 pracy: Sprzeda\u017c i Marketing. G\u0142\u00f3wne dzia\u0142ania Badania i rozw\u00f3j marketingu, zrozumienie wymaga\u0144 konsument\u00f3w, identyfikacja trend\u00f3w rynkowych i sugerowanie ulepsze\u0144 w celu osi\u0105gni\u0119cia cel\u00f3w marketingowych firmy i [...]<\/p>","protected":false},"author":21,"featured_media":11948,"parent":0,"menu_order":0,"comment_status":"closed","ping_status":"closed","template":"","meta":[],"yoast_head":"<!-- This site is optimized with the Yoast SEO plugin v19.9 - https:\/\/yoast.com\/wordpress\/plugins\/seo\/ -->\n<title>Sales &amp; Marketing - Mind the Graph Blog<\/title>\n<meta name=\"robots\" content=\"index, follow, max-snippet:-1, max-image-preview:large, max-video-preview:-1\" \/>\n<link rel=\"canonical\" href=\"https:\/\/mindthegraph.com\/blog\/pl\/satis-mkt\/\" \/>\n<meta property=\"og:locale\" content=\"pl_PL\" \/>\n<meta property=\"og:type\" content=\"article\" \/>\n<meta property=\"og:title\" content=\"Sales &amp; Marketing - Mind the Graph Blog\" \/>\n<meta property=\"og:description\" content=\"Do you love science? We do! We are looking for new people to join our team of artists, developers, and entrepreneurs, all passionate about science. We have a new job opportunity: Sales &amp; Marketing. Main Activities Researching and developing marketing, understanding consumer requirements, identifying market trends, and suggesting improvements to achieve the company&#8217;s marketing and [&hellip;]\" \/>\n<meta property=\"og:url\" content=\"https:\/\/mindthegraph.com\/blog\/pl\/satis-mkt\/\" \/>\n<meta property=\"og:site_name\" content=\"Mind the Graph Blog\" \/>\n<meta property=\"article:modified_time\" content=\"2021-07-22T17:03:34+00:00\" \/>\n<meta property=\"og:image\" content=\"https:\/\/mindthegraph.com\/blog\/wp-content\/uploads\/2020\/11\/captura-de-tela-2020-11-19-as-131025.png\" \/>\n\t<meta property=\"og:image:width\" content=\"620\" \/>\n\t<meta property=\"og:image:height\" content=\"56\" \/>\n\t<meta property=\"og:image:type\" content=\"image\/png\" \/>\n<meta name=\"twitter:card\" content=\"summary_large_image\" \/>\n<meta name=\"twitter:label1\" content=\"Est. reading time\" \/>\n\t<meta name=\"twitter:data1\" content=\"2 minutes\" \/>\n<!-- \/ Yoast SEO plugin. -->","yoast_head_json":{"title":"Sales & Marketing - Mind the Graph Blog","robots":{"index":"index","follow":"follow","max-snippet":"max-snippet:-1","max-image-preview":"max-image-preview:large","max-video-preview":"max-video-preview:-1"},"canonical":"https:\/\/mindthegraph.com\/blog\/pl\/satis-mkt\/","og_locale":"pl_PL","og_type":"article","og_title":"Sales & Marketing - Mind the Graph Blog","og_description":"Do you love science? We do! We are looking for new people to join our team of artists, developers, and entrepreneurs, all passionate about science. We have a new job opportunity: Sales &amp; Marketing. Main Activities Researching and developing marketing, understanding consumer requirements, identifying market trends, and suggesting improvements to achieve the company&#8217;s marketing and [&hellip;]","og_url":"https:\/\/mindthegraph.com\/blog\/pl\/satis-mkt\/","og_site_name":"Mind the Graph Blog","article_modified_time":"2021-07-22T17:03:34+00:00","og_image":[{"width":620,"height":56,"url":"https:\/\/mindthegraph.com\/blog\/wp-content\/uploads\/2020\/11\/captura-de-tela-2020-11-19-as-131025.png","type":"image\/png"}],"twitter_card":"summary_large_image","twitter_misc":{"Est. reading time":"2 minutes"},"schema":{"@context":"https:\/\/schema.org","@graph":[{"@type":"WebPage","@id":"https:\/\/mindthegraph.com\/blog\/tr\/satis-mkt\/","url":"https:\/\/mindthegraph.com\/blog\/tr\/satis-mkt\/","name":"Sales & Marketing - Mind the Graph Blog","isPartOf":{"@id":"https:\/\/mindthegraph.com\/blog\/#website"},"datePublished":"2021-07-22T04:33:20+00:00","dateModified":"2021-07-22T17:03:34+00:00","breadcrumb":{"@id":"https:\/\/mindthegraph.com\/blog\/tr\/satis-mkt\/#breadcrumb"},"inLanguage":"pl-PL","potentialAction":[{"@type":"ReadAction","target":["https:\/\/mindthegraph.com\/blog\/tr\/satis-mkt\/"]}]},{"@type":"BreadcrumbList","@id":"https:\/\/mindthegraph.com\/blog\/tr\/satis-mkt\/#breadcrumb","itemListElement":[{"@type":"ListItem","position":1,"name":"Home","item":"https:\/\/mindthegraph.com\/blog\/"},{"@type":"ListItem","position":2,"name":"Sales &#038; Marketing"}]},{"@type":"WebSite","@id":"https:\/\/mindthegraph.com\/blog\/#website","url":"https:\/\/mindthegraph.com\/blog\/","name":"Mind the Graph Blog","description":"Your science can be beautiful!","potentialAction":[{"@type":"SearchAction","target":{"@type":"EntryPoint","urlTemplate":"https:\/\/mindthegraph.com\/blog\/?s={search_term_string}"},"query-input":"required name=search_term_string"}],"inLanguage":"pl-PL"}]}},"_links":{"self":[{"href":"https:\/\/mindthegraph.com\/blog\/pl\/wp-json\/wp\/v2\/pages\/13191"}],"collection":[{"href":"https:\/\/mindthegraph.com\/blog\/pl\/wp-json\/wp\/v2\/pages"}],"about":[{"href":"https:\/\/mindthegraph.com\/blog\/pl\/wp-json\/wp\/v2\/types\/page"}],"author":[{"embeddable":true,"href":"https:\/\/mindthegraph.com\/blog\/pl\/wp-json\/wp\/v2\/users\/21"}],"replies":[{"embeddable":true,"href":"https:\/\/mindthegraph.com\/blog\/pl\/wp-json\/wp\/v2\/comments?post=13191"}],"version-history":[{"count":4,"href":"https:\/\/mindthegraph.com\/blog\/pl\/wp-json\/wp\/v2\/pages\/13191\/revisions"}],"predecessor-version":[{"id":13197,"href":"https:\/\/mindthegraph.com\/blog\/pl\/wp-json\/wp\/v2\/pages\/13191\/revisions\/13197"}],"wp:featuredmedia":[{"embeddable":true,"href":"https:\/\/mindthegraph.com\/blog\/pl\/wp-json\/wp\/v2\/media\/11948"}],"wp:attachment":[{"href":"https:\/\/mindthegraph.com\/blog\/pl\/wp-json\/wp\/v2\/media?parent=13191"}],"curies":[{"name":"wp","href":"https:\/\/api.w.org\/{rel}","templated":true}]}}