{"id":13185,"date":"2021-07-22T01:18:16","date_gmt":"2021-07-22T04:18:16","guid":{"rendered":"https:\/\/mindthegraph.com\/blog\/jobs\/mkt-growth-copy\/"},"modified":"2021-09-27T06:08:30","modified_gmt":"2021-09-27T09:08:30","slug":"sdr","status":"publish","type":"page","link":"https:\/\/mindthegraph.com\/blog\/pl\/sdr\/","title":{"rendered":"SDR - Przedstawiciel ds. rozwoju sprzeda\u017cy"},"content":{"rendered":"<p>Kochasz nauk\u0119? My kochamy!<\/p>\n\n\n\n<p>Poszukujemy nowych os\u00f3b, kt\u00f3re do\u0142\u0105cz\u0105 do naszego zespo\u0142u artyst\u00f3w, programist\u00f3w i przedsi\u0119biorc\u00f3w, pasjonuj\u0105cych si\u0119 nauk\u0105.<\/p>\n\n\n\n<p>Mamy now\u0105 mo\u017cliwo\u015b\u0107 zatrudnienia: <strong>SDR - przedstawiciel ds. rozwoju sprzeda\u017cy.<\/strong><\/p>\n\n\n\n<p><strong>G\u0142\u00f3wne dzia\u0142ania<\/strong><\/p>\n\n\n\n<ul><li>Reprezentowa\u0107 produkty i us\u0142ugi naszej firmy, prowadz\u0105c konsument\u00f3w do okre\u015blenia, w jaki spos\u00f3b nasze rozwi\u0105zania spe\u0142niaj\u0105 ich potrzeby.<\/li><li>Kwalifikowanie lead\u00f3w przychodz\u0105cych i budowanie relacji poprzez piel\u0119gnowanie ciep\u0142ych perspektyw i znajdowanie nowych potencjalnych rynk\u00f3w zbytu.<\/li><li>Zarz\u0105dzanie i utrzymywanie listy zainteresowanych potencjalnych klient\u00f3w oraz anga\u017cowanie kierownik\u00f3w sprzeda\u017cy w kolejne kroki.<\/li><li>Komunikacja z leadami przychodz\u0105cymi za po\u015brednictwem czatu.<\/li><li>Identyfikacja potrzeb klienta i sugerowanie odpowiednich produkt\u00f3w\/us\u0142ug.<\/li><li>\u015acis\u0142a wsp\u00f3\u0142praca z sektorem CS w celu zapewnienia u\u017cytkownikom najlepszej mo\u017cliwej pomocy.<\/li><li>Zapewnienie pierwszej uwagi u\u017cytkownikom na czacie i sprawdzanie potencjalnych mo\u017cliwo\u015bci sprzeda\u017cy, przypisywanie potencjalnych klient\u00f3w do kierownika sprzeda\u017cy.<\/li><li>Identyfikacja najlepszych praktyk w celu udoskonalenia podr\u0119cznika generowania potencjalnych klient\u00f3w firmy.<\/li><li>Bycie ambasadorem marki we wszystkich punktach interakcji z potencjalnymi klientami i klientami.<\/li><\/ul>\n\n\n\n<p><\/p>\n\n\n\n<p><strong>Wymagania dotycz\u0105ce pracy<\/strong><\/p>\n\n\n\n<ul><li>Bieg\u0142a znajomo\u015b\u0107 j\u0119zyka angielskiego w mowie i pi\u015bmie.<\/li><li>Solidne umiej\u0119tno\u015bci komunikacyjne za po\u015brednictwem czatu, po\u0142\u0105cze\u0144 telefonicznych i poczty elektronicznej.<\/li><li>Silna ch\u0119\u0107 i zdolno\u015b\u0107 do generowania sprzeda\u017cy dla organizacji.<\/li><li>W\u0142asne stanowisko pracy.<\/li><\/ul>\n\n\n\n<p><\/p>\n\n\n\n<p><strong>Preferowane kwalifikacje<\/strong><\/p>\n\n\n\n<ul><li>By\u0107 dost\u0119pnym do pracy we wschodniej strefie czasowej.<\/li><li>Bieg\u0142a znajomo\u015b\u0107 narz\u0119dzi ZenDesk i RD Station.<\/li><li>Wcze\u015bniejsze do\u015bwiadczenie jako przedstawiciel ds. rozwoju sprzeda\u017cy.<\/li><\/ul>\n\n\n\n<p><\/p>\n\n\n\n<p><strong>O Mind The Graph<\/strong><br>Jeste\u015bmy wiod\u0105c\u0105 i pierwsz\u0105 platform\u0105 do tworzenia infografik skoncentrowan\u0105 na celach naukowych i akademickich. Z ponad 400 000 u\u017cytkownik\u00f3w z codziennymi interakcjami i szybko rosn\u0105c\u0105 liczb\u0105 u\u017cytkownik\u00f3w.<\/p>\n\n\n\n<figure class=\"wp-block-embed is-type-video is-provider-youtube wp-block-embed-youtube wp-embed-aspect-16-9 wp-has-aspect-ratio\"><div class=\"wp-block-embed__wrapper\">\n<iframe loading=\"lazy\" title=\"Mind the Graph - Kreator infografik naukowych\" width=\"800\" height=\"450\" src=\"https:\/\/www.youtube.com\/embed\/tG-PmLzx6NA?feature=oembed\" frameborder=\"0\" allow=\"accelerometer; autoplay; clipboard-write; encrypted-media; gyroscope; picture-in-picture\" allowfullscreen><\/iframe>\n<\/div><\/figure>\n\n\n\n<p><strong>Co znajdziesz tutaj<\/strong><\/p>\n\n\n\n<ul><li>Firma zdalna 100%, praca z domu. <\/li><li>Mili ludzie w przyjaznym \u015brodowisku pracy.<\/li><li>Wysoko wykwalifikowany zesp\u00f3\u0142 rozmieszczony na ca\u0142ym \u015bwiecie.<\/li><li>Konkurencyjne wynagrodzenie.<\/li><li>Premia za wyniki co kwarta\u0142.<\/li><li>Voucher internetowy (p\u0142acimy za internet).<\/li><li>Miesi\u0119czny kupon na dobre samopoczucie (\u0107wiczenia, masa\u017c, joga...).<\/li><li>Miesi\u0119czny voucher \u017cywno\u015bciowy (podaruj sobie smaczne posi\u0142ki!).<\/li><li>Wa\u017cne stanowisko podlegaj\u0105ce bezpo\u015brednio dyrektorowi generalnemu obiecuj\u0105cego startupu.<\/li><li>Kluczowe stanowiska z wa\u017cnymi obowi\u0105zkami w organizacji.<\/li><li>Dostosowanie rozwoju zawodowego do rozwoju startupu.<\/li><\/ul>\n\n\n\n<p>Jeste\u015bmy ma\u0142ym, wysoce zmotywowanym zespo\u0142em, kt\u00f3ry szanuje i ceni swoj\u0105 prac\u0119. Pracujemy w ca\u0142kowicie zdalnym formacie, z dojrza\u0142ym zespo\u0142em, kt\u00f3ry dzia\u0142a autonomicznie i niezale\u017cnie.<\/p>\n\n\n\n<p>Uto\u017csamiasz si\u0119 z t\u0105 prac\u0105? Do\u0142\u0105cz do zespo\u0142u!<\/p>\n\n\n\n<div class=\"wp-block-button\"><a class=\"wp-block-button__link\" href=\"https:\/\/mindthegraph.com\/blog\/work-with-us\/\">Z\u0142\u00f3\u017c wniosek tutaj<\/a><\/div>\n\n\n\n<style>\n.is-provider-youtube .wp-block-embed__wrapper, .gutentim-admin-page-video{ height:auto !important; }\n<\/style>","protected":false},"excerpt":{"rendered":"<p>Kochasz nauk\u0119? My kochamy! Szukamy nowych os\u00f3b, kt\u00f3re do\u0142\u0105cz\u0105 do naszego zespo\u0142u artyst\u00f3w, programist\u00f3w i przedsi\u0119biorc\u00f3w, kt\u00f3rzy pasjonuj\u0105 si\u0119 nauk\u0105. Mamy now\u0105 ofert\u0119 pracy: SDR - Sales Development Representative. G\u0142\u00f3wne dzia\u0142ania Reprezentowanie produkt\u00f3w i us\u0142ug naszej firmy, prowadzenie konsument\u00f3w do okre\u015blenia, w jaki spos\u00f3b nasze rozwi\u0105zania spe\u0142niaj\u0105 ich potrzeby. Kwalifikowanie [...]<\/p>","protected":false},"author":21,"featured_media":11948,"parent":0,"menu_order":0,"comment_status":"closed","ping_status":"closed","template":"","meta":[],"yoast_head":"<!-- This site is optimized with the Yoast SEO plugin v19.9 - https:\/\/yoast.com\/wordpress\/plugins\/seo\/ -->\n<title>SDR - Sales Development Representative - Mind the Graph Blog<\/title>\n<meta name=\"robots\" content=\"index, follow, max-snippet:-1, max-image-preview:large, max-video-preview:-1\" \/>\n<link rel=\"canonical\" href=\"https:\/\/mindthegraph.com\/blog\/pl\/sdr\/\" \/>\n<meta property=\"og:locale\" content=\"pl_PL\" \/>\n<meta property=\"og:type\" content=\"article\" \/>\n<meta property=\"og:title\" content=\"SDR - Sales Development Representative - Mind the Graph Blog\" \/>\n<meta property=\"og:description\" content=\"Do you love science? We do! We are looking for new people to join our team of artists, developers, and entrepreneurs, all passionate about science. We have a new job opportunity: SDR &#8211; Sales Development Representative. Main Activities Represent our company&#8217;s products and services, leading consumers to identify how our solutions meet their needs. Qualify [&hellip;]\" \/>\n<meta property=\"og:url\" content=\"https:\/\/mindthegraph.com\/blog\/pl\/sdr\/\" \/>\n<meta property=\"og:site_name\" content=\"Mind the Graph Blog\" \/>\n<meta property=\"article:modified_time\" content=\"2021-09-27T09:08:30+00:00\" \/>\n<meta property=\"og:image\" content=\"https:\/\/mindthegraph.com\/blog\/wp-content\/uploads\/2020\/11\/captura-de-tela-2020-11-19-as-131025.png\" \/>\n\t<meta property=\"og:image:width\" content=\"620\" \/>\n\t<meta property=\"og:image:height\" content=\"56\" \/>\n\t<meta property=\"og:image:type\" content=\"image\/png\" \/>\n<meta name=\"twitter:card\" content=\"summary_large_image\" \/>\n<meta name=\"twitter:label1\" content=\"Est. reading time\" \/>\n\t<meta name=\"twitter:data1\" content=\"2 minutes\" \/>\n<!-- \/ Yoast SEO plugin. -->","yoast_head_json":{"title":"SDR - Sales Development Representative - Mind the Graph Blog","robots":{"index":"index","follow":"follow","max-snippet":"max-snippet:-1","max-image-preview":"max-image-preview:large","max-video-preview":"max-video-preview:-1"},"canonical":"https:\/\/mindthegraph.com\/blog\/pl\/sdr\/","og_locale":"pl_PL","og_type":"article","og_title":"SDR - Sales Development Representative - Mind the Graph Blog","og_description":"Do you love science? We do! We are looking for new people to join our team of artists, developers, and entrepreneurs, all passionate about science. We have a new job opportunity: SDR &#8211; Sales Development Representative. Main Activities Represent our company&#8217;s products and services, leading consumers to identify how our solutions meet their needs. Qualify [&hellip;]","og_url":"https:\/\/mindthegraph.com\/blog\/pl\/sdr\/","og_site_name":"Mind the Graph Blog","article_modified_time":"2021-09-27T09:08:30+00:00","og_image":[{"width":620,"height":56,"url":"https:\/\/mindthegraph.com\/blog\/wp-content\/uploads\/2020\/11\/captura-de-tela-2020-11-19-as-131025.png","type":"image\/png"}],"twitter_card":"summary_large_image","twitter_misc":{"Est. reading time":"2 minutes"},"schema":{"@context":"https:\/\/schema.org","@graph":[{"@type":"WebPage","@id":"https:\/\/mindthegraph.com\/blog\/sdr\/","url":"https:\/\/mindthegraph.com\/blog\/sdr\/","name":"SDR - Sales Development Representative - Mind the Graph Blog","isPartOf":{"@id":"https:\/\/mindthegraph.com\/blog\/#website"},"datePublished":"2021-07-22T04:18:16+00:00","dateModified":"2021-09-27T09:08:30+00:00","breadcrumb":{"@id":"https:\/\/mindthegraph.com\/blog\/sdr\/#breadcrumb"},"inLanguage":"pl-PL","potentialAction":[{"@type":"ReadAction","target":["https:\/\/mindthegraph.com\/blog\/sdr\/"]}]},{"@type":"BreadcrumbList","@id":"https:\/\/mindthegraph.com\/blog\/sdr\/#breadcrumb","itemListElement":[{"@type":"ListItem","position":1,"name":"Home","item":"https:\/\/mindthegraph.com\/blog\/"},{"@type":"ListItem","position":2,"name":"SDR &#8211; Sales Development Representative"}]},{"@type":"WebSite","@id":"https:\/\/mindthegraph.com\/blog\/#website","url":"https:\/\/mindthegraph.com\/blog\/","name":"Mind the Graph Blog","description":"Your science can be beautiful!","potentialAction":[{"@type":"SearchAction","target":{"@type":"EntryPoint","urlTemplate":"https:\/\/mindthegraph.com\/blog\/?s={search_term_string}"},"query-input":"required name=search_term_string"}],"inLanguage":"pl-PL"}]}},"_links":{"self":[{"href":"https:\/\/mindthegraph.com\/blog\/pl\/wp-json\/wp\/v2\/pages\/13185"}],"collection":[{"href":"https:\/\/mindthegraph.com\/blog\/pl\/wp-json\/wp\/v2\/pages"}],"about":[{"href":"https:\/\/mindthegraph.com\/blog\/pl\/wp-json\/wp\/v2\/types\/page"}],"author":[{"embeddable":true,"href":"https:\/\/mindthegraph.com\/blog\/pl\/wp-json\/wp\/v2\/users\/21"}],"replies":[{"embeddable":true,"href":"https:\/\/mindthegraph.com\/blog\/pl\/wp-json\/wp\/v2\/comments?post=13185"}],"version-history":[{"count":3,"href":"https:\/\/mindthegraph.com\/blog\/pl\/wp-json\/wp\/v2\/pages\/13185\/revisions"}],"predecessor-version":[{"id":13199,"href":"https:\/\/mindthegraph.com\/blog\/pl\/wp-json\/wp\/v2\/pages\/13185\/revisions\/13199"}],"wp:featuredmedia":[{"embeddable":true,"href":"https:\/\/mindthegraph.com\/blog\/pl\/wp-json\/wp\/v2\/media\/11948"}],"wp:attachment":[{"href":"https:\/\/mindthegraph.com\/blog\/pl\/wp-json\/wp\/v2\/media?parent=13185"}],"curies":[{"name":"wp","href":"https:\/\/api.w.org\/{rel}","templated":true}]}}