{"id":11890,"date":"2020-11-10T13:53:50","date_gmt":"2020-11-10T15:53:50","guid":{"rendered":"https:\/\/mindthegraph.com\/blog\/?page_id=11890"},"modified":"2020-11-19T14:14:04","modified_gmt":"2020-11-19T16:14:04","slug":"mkt-growth","status":"publish","type":"page","link":"https:\/\/mindthegraph.com\/blog\/pl\/mkt-growth\/","title":{"rendered":"Analityk wzrostu MKT"},"content":{"rendered":"<div class=\"wp-block-button\"><a class=\"wp-block-button__link\" href=\"https:\/\/mindthegraph.com\/blog\/work-with-us\/\">Z\u0142\u00f3\u017c wniosek tutaj<\/a><\/div>\n\n\n\n<p>Poszukujemy nowego analityka ds. rozwoju marketingu, kt\u00f3ry pomo\u017ce zwi\u0119kszy\u0107 ruch i przyci\u0105gn\u0105\u0107 wykwalifikowanych odbiorc\u00f3w do platformy obs\u0142uguj\u0105cej ponad 400 000 u\u017cytkownik\u00f3w naukowych i akademickich na ca\u0142ym \u015bwiecie.<br><br><strong>B\u0119dziesz potrzebowa\u0107:<\/strong><\/p>\n\n\n\n<ul><li>Dobra znajomo\u015b\u0107 SEO, SEM, Google Analytics, remarketingu i test\u00f3w A\/B.<\/li><li>Zrozumienie procesu strategii linkowania - linkowanie wewn\u0119trzne i wsteczne<\/li><li>Ekspert w zakresie badania s\u0142\u00f3w kluczowych, algorytm\u00f3w wyszukiwania i strategii rankingowych<\/li><li>Umiej\u0119tno\u015b\u0107 prowadzenia strategii e-mail marketingu<\/li><li>Znajomo\u015b\u0107 i realizacja reklam Google i Facebook Ads<\/li><li>Silna orientacja na ROI<\/li><\/ul>\n\n\n\n<p><strong>O Mind The Graph:<\/strong><br>Jeste\u015bmy wiod\u0105c\u0105 i pierwsz\u0105 platform\u0105 do tworzenia infografik skoncentrowan\u0105 na celach naukowych i akademickich. Z ponad 400 000 u\u017cytkownik\u00f3w z codziennymi interakcjami i szybko rosn\u0105c\u0105 liczb\u0105 u\u017cytkownik\u00f3w.<\/p>\n\n\n\n<figure class=\"wp-block-embed-youtube wp-block-embed is-type-video is-provider-youtube wp-embed-aspect-16-9 wp-has-aspect-ratio\"><div class=\"wp-block-embed__wrapper\">\n<iframe loading=\"lazy\" title=\"Mind the Graph - Kreator infografik naukowych\" width=\"800\" height=\"450\" src=\"https:\/\/www.youtube.com\/embed\/tG-PmLzx6NA?feature=oembed\" frameborder=\"0\" allow=\"accelerometer; autoplay; clipboard-write; encrypted-media; gyroscope; picture-in-picture\" allowfullscreen><\/iframe>\n<\/div><\/figure>\n\n\n\n<p>Co mo\u017cna tu znale\u017a\u0107:<br>- Zdalna firma 100%, praca z domu <br>- Mili ludzie w przyjaznym \u015brodowisku pracy;<br>- Wysoko wykwalifikowany zesp\u00f3\u0142 rozmieszczony na ca\u0142ym \u015bwiecie;<br>- Konkurencyjne wynagrodzenie;<br>- Premia za wyniki co kwarta\u0142;<br>- Voucher internetowy (p\u0142acimy za internet)<br>- Miesi\u0119czny kupon na dobre samopoczucie (\u0107wiczenia, masa\u017c, joga...)<br>- Miesi\u0119czny voucher \u017cywno\u015bciowy (podaruj sobie smaczne posi\u0142ki!)<br>- Wa\u017cne stanowisko podlegaj\u0105ce bezpo\u015brednio dyrektorowi generalnemu obiecuj\u0105cego startupu;<br>- Kluczowe stanowiska z wa\u017cnymi obowi\u0105zkami w organizacji;<br>- Dostosowanie rozwoju zawodowego do rozwoju startupu;<\/p>\n\n\n\n<div class=\"wp-block-button\"><a class=\"wp-block-button__link\" href=\"https:\/\/mindthegraph.com\/blog\/work-with-us\/\">Z\u0142\u00f3\u017c wniosek tutaj<\/a><\/div>\n\n\n\n<style>\n.is-provider-youtube .wp-block-embed__wrapper, .gutentim-admin-page-video{ height:auto !important; }\n<\/style>","protected":false},"excerpt":{"rendered":"<p>Poszukujemy nowego analityka ds. rozwoju marketingu, kt\u00f3ry pomo\u017ce zwi\u0119kszy\u0107 ruch i przyci\u0105gn\u0105\u0107 wykwalifikowanych odbiorc\u00f3w do platformy obs\u0142uguj\u0105cej ponad 400 000 u\u017cytkownik\u00f3w naukowych i akademickich na ca\u0142ym \u015bwiecie. B\u0119dziesz musia\u0142 posiada\u0107: Silnej znajomo\u015bci SEO, SEM, Google Analytics, remarketingu i test\u00f3w A\/B Zrozumienia procesu strategii Linkowania - wewn\u0119trznego i [...]<\/p>","protected":false},"author":16,"featured_media":11948,"parent":0,"menu_order":0,"comment_status":"closed","ping_status":"closed","template":"","meta":[],"yoast_head":"<!-- This site is optimized with the Yoast SEO plugin v19.9 - https:\/\/yoast.com\/wordpress\/plugins\/seo\/ -->\n<title>MKT Growth Analyst - Mind the Graph Blog<\/title>\n<meta name=\"robots\" content=\"index, follow, max-snippet:-1, max-image-preview:large, max-video-preview:-1\" \/>\n<link rel=\"canonical\" href=\"https:\/\/mindthegraph.com\/blog\/pl\/mkt-growth\/\" \/>\n<meta property=\"og:locale\" content=\"pl_PL\" \/>\n<meta property=\"og:type\" content=\"article\" \/>\n<meta property=\"og:title\" content=\"MKT Growth Analyst - Mind the Graph Blog\" \/>\n<meta property=\"og:description\" content=\"We are looking for a fresh Marketing Growth analyst to help boost traffic and bring qualified audience to a platform serving more than 400,000 scientific and academic users around the world. You&#8217;ll need to have: Strong knowledge of SEO, SEM, Google Analytics, remarketing, and A\/B testing Understand the process of Link strategy \u2013 internal and [&hellip;]\" \/>\n<meta property=\"og:url\" content=\"https:\/\/mindthegraph.com\/blog\/pl\/mkt-growth\/\" \/>\n<meta property=\"og:site_name\" content=\"Mind the Graph Blog\" \/>\n<meta property=\"article:modified_time\" content=\"2020-11-19T16:14:04+00:00\" \/>\n<meta property=\"og:image\" content=\"https:\/\/mindthegraph.com\/blog\/wp-content\/uploads\/2020\/11\/captura-de-tela-2020-11-19-as-131025.png\" \/>\n\t<meta property=\"og:image:width\" content=\"620\" \/>\n\t<meta property=\"og:image:height\" content=\"56\" \/>\n\t<meta property=\"og:image:type\" content=\"image\/png\" \/>\n<meta name=\"twitter:card\" content=\"summary_large_image\" \/>\n<meta name=\"twitter:label1\" content=\"Est. reading time\" \/>\n\t<meta name=\"twitter:data1\" content=\"1 minute\" \/>\n<!-- \/ Yoast SEO plugin. -->","yoast_head_json":{"title":"MKT Growth Analyst - Mind the Graph Blog","robots":{"index":"index","follow":"follow","max-snippet":"max-snippet:-1","max-image-preview":"max-image-preview:large","max-video-preview":"max-video-preview:-1"},"canonical":"https:\/\/mindthegraph.com\/blog\/pl\/mkt-growth\/","og_locale":"pl_PL","og_type":"article","og_title":"MKT Growth Analyst - Mind the Graph Blog","og_description":"We are looking for a fresh Marketing Growth analyst to help boost traffic and bring qualified audience to a platform serving more than 400,000 scientific and academic users around the world. You&#8217;ll need to have: Strong knowledge of SEO, SEM, Google Analytics, remarketing, and A\/B testing Understand the process of Link strategy \u2013 internal and [&hellip;]","og_url":"https:\/\/mindthegraph.com\/blog\/pl\/mkt-growth\/","og_site_name":"Mind the Graph Blog","article_modified_time":"2020-11-19T16:14:04+00:00","og_image":[{"width":620,"height":56,"url":"https:\/\/mindthegraph.com\/blog\/wp-content\/uploads\/2020\/11\/captura-de-tela-2020-11-19-as-131025.png","type":"image\/png"}],"twitter_card":"summary_large_image","twitter_misc":{"Est. reading time":"1 minute"},"schema":{"@context":"https:\/\/schema.org","@graph":[{"@type":"WebPage","@id":"https:\/\/mindthegraph.com\/blog\/mkt-growth\/","url":"https:\/\/mindthegraph.com\/blog\/mkt-growth\/","name":"MKT Growth Analyst - Mind the Graph Blog","isPartOf":{"@id":"https:\/\/mindthegraph.com\/blog\/#website"},"datePublished":"2020-11-10T15:53:50+00:00","dateModified":"2020-11-19T16:14:04+00:00","breadcrumb":{"@id":"https:\/\/mindthegraph.com\/blog\/mkt-growth\/#breadcrumb"},"inLanguage":"pl-PL","potentialAction":[{"@type":"ReadAction","target":["https:\/\/mindthegraph.com\/blog\/mkt-growth\/"]}]},{"@type":"BreadcrumbList","@id":"https:\/\/mindthegraph.com\/blog\/mkt-growth\/#breadcrumb","itemListElement":[{"@type":"ListItem","position":1,"name":"Home","item":"https:\/\/mindthegraph.com\/blog\/"},{"@type":"ListItem","position":2,"name":"MKT Growth Analyst"}]},{"@type":"WebSite","@id":"https:\/\/mindthegraph.com\/blog\/#website","url":"https:\/\/mindthegraph.com\/blog\/","name":"Mind the Graph Blog","description":"Your science can be beautiful!","potentialAction":[{"@type":"SearchAction","target":{"@type":"EntryPoint","urlTemplate":"https:\/\/mindthegraph.com\/blog\/?s={search_term_string}"},"query-input":"required name=search_term_string"}],"inLanguage":"pl-PL"}]}},"_links":{"self":[{"href":"https:\/\/mindthegraph.com\/blog\/pl\/wp-json\/wp\/v2\/pages\/11890"}],"collection":[{"href":"https:\/\/mindthegraph.com\/blog\/pl\/wp-json\/wp\/v2\/pages"}],"about":[{"href":"https:\/\/mindthegraph.com\/blog\/pl\/wp-json\/wp\/v2\/types\/page"}],"author":[{"embeddable":true,"href":"https:\/\/mindthegraph.com\/blog\/pl\/wp-json\/wp\/v2\/users\/16"}],"replies":[{"embeddable":true,"href":"https:\/\/mindthegraph.com\/blog\/pl\/wp-json\/wp\/v2\/comments?post=11890"}],"version-history":[{"count":8,"href":"https:\/\/mindthegraph.com\/blog\/pl\/wp-json\/wp\/v2\/pages\/11890\/revisions"}],"predecessor-version":[{"id":11938,"href":"https:\/\/mindthegraph.com\/blog\/pl\/wp-json\/wp\/v2\/pages\/11890\/revisions\/11938"}],"wp:featuredmedia":[{"embeddable":true,"href":"https:\/\/mindthegraph.com\/blog\/pl\/wp-json\/wp\/v2\/media\/11948"}],"wp:attachment":[{"href":"https:\/\/mindthegraph.com\/blog\/pl\/wp-json\/wp\/v2\/media?parent=11890"}],"curies":[{"name":"wp","href":"https:\/\/api.w.org\/{rel}","templated":true}]}}