{"id":14643,"date":"2021-09-27T01:49:01","date_gmt":"2021-09-27T04:49:01","guid":{"rendered":"https:\/\/mindthegraph.com\/blog\/jobs\/mkt-growth-copy\/"},"modified":"2022-06-07T19:15:22","modified_gmt":"2022-06-07T22:15:22","slug":"full-stack-developer","status":"publish","type":"page","link":"https:\/\/mindthegraph.com\/blog\/nb\/full-stack-utvikler\/","title":{"rendered":"Full Stack-utvikler"},"content":{"rendered":"<div class=\"wp-block-button\"><a class=\"wp-block-button__link\" href=\"https:\/\/mindthegraph.com\/blog\/work-with-us\/\">S\u00f8k her<\/a><\/div>\n\n\n\n<p>Do you love science? We do!<\/p>\n\n\n\n<p>Vi er p\u00e5 utkikk etter nye medarbeidere til teamet v\u00e5rt, som best\u00e5r av kunstnere, utviklere og gr\u00fcndere som alle brenner for vitenskap.<\/p>\n\n\n\n<p><strong>Om Mind the Graph<\/strong><\/p>\n\n\n\n<p>Mind the Graph is a part of the CACTUS suite of solutions.<\/p>\n\n\n\n<p>We are the leading and first infographic maker platform focused on scientific and academic purposes. With more than 400.000 users with daily interactions and fast-growing.<\/p>\n\n\n\n<p>Vi er et lite, h\u00f8yt motivert team som respekterer og verdsetter hverandres arbeid. Vi jobber helt eksternt, med et modent team som jobber selvstendig og uavhengig.<\/p>\n\n\n\n<figure class=\"wp-block-embed is-type-video is-provider-youtube wp-block-embed-youtube wp-embed-aspect-16-9 wp-has-aspect-ratio\"><div class=\"wp-block-embed__wrapper\">\n<iframe loading=\"lazy\" title=\"Mind the Graph - Skaperen av vitenskapelig infografikk\" width=\"800\" height=\"450\" src=\"https:\/\/www.youtube.com\/embed\/tG-PmLzx6NA?feature=oembed\" frameborder=\"0\" allow=\"accelerometer; autoplay; clipboard-write; encrypted-media; gyroscope; picture-in-picture\" allowfullscreen><\/iframe>\n<\/div><\/figure>\n\n\n\n<p>Vi har en ny jobbmulighet: <strong>Full Stack-utvikler<\/strong>.<\/p>\n\n\n\n<p>As a Full Stack Developer, you should be comfortable around both front-end and back-end coding languages, development frameworks, and third-party libraries. You should also be a team player with a knack for visual design and utility.<\/p>\n\n\n\n<p><strong>Hovedaktiviteter<\/strong><\/p>\n\n\n\n<ul><li>Delta i design og utvikling av skalerbar programvare.<\/li><li>Skriver ren, funksjonell kode p\u00e5 front- og backend.<\/li><li>Testing og retting av feil eller andre kodingsproblemer.<\/li><li>Samarbeid med utviklingsteamet og produktsjefen for \u00e5 utvikle programvarel\u00f8sninger.<\/li><li>Utforme klient- og serversidearkitektur.<\/li><li>Bygg opp front-end av applikasjoner med tiltalende visuell design.<\/li><li>Utvikle og administrere velfungerende databaser og applikasjoner.<\/li><li>Feils\u00f8ke, feils\u00f8ke og oppgradere programvare.<\/li><li>Opprett innstillinger for sikkerhet og databeskyttelse.<\/li><li>Skrive teknisk dokumentasjon.<\/li><li>Samarbeid med dataforskere og analytikere for \u00e5 forbedre programvaren.<\/li><\/ul>\n\n\n\n<p><strong>Jobbkrav<\/strong><\/p>\n\n\n\n<ul><li>Minst 5 \u00e5rs yrkeserfaring som utvikler.<\/li><li>Kjennskap til flere frontend- og backend-spr\u00e5k, biblioteker og rammeverk.<\/li><li>Design og administrasjon av MySQL-databaser.<\/li><li>V\u00e6re oppdatert p\u00e5 de nyeste beste praksisene innen utvikling<\/li><li>Grundig forst\u00e5else av brukeropplevelse og eventuelt produktstrategi.<\/li><li>Erfaring med implementering av testplattformer og enhetstester.<\/li><li>Ferdigheter med Git.<\/li><li>Setter pris p\u00e5 ren og veldokumentert kode.<\/li><li>Din egen arbeidsstasjon.<\/li><\/ul>\n\n\n\n<p><strong>Foretrukne kvalifikasjoner<\/strong><\/p>\n\n\n\n<ul><li>Flytende engelsk i tale og skrift.<\/li><li>Dokumenterbar erfaring som fullstack-utvikler eller i en lignende rolle.<\/li><li>Excellent communication and teamwork skills.<\/li><li>Stor oppmerksomhet p\u00e5 detaljer.<\/li><li>Organisatoriske ferdigheter.<\/li><li>Et analytisk sinn.<\/li><li>Degree in Computer Science, Statistics or relevant field.<\/li><\/ul>\n\n\n\n<p><strong>V\u00e5r Workspace Core Stack<\/strong><\/p>\n\n\n\n<ul><li>JavaScript: biblioteket Fabric.js<\/li><li>PHP: Rammeverket CodeIgniter<\/li><li>Node.js: NestJS Framework<\/li><li>MySQL.<\/li><\/ul>\n\n\n\n<p><strong>Dette finner du her<\/strong><\/p>\n\n\n\n<ul><li>Et 100%-fjernstyrt selskap.<\/li><li>Hyggelige mennesker i et vennlig arbeidsmilj\u00f8.<\/li><li>H\u00f8yt kvalifisert team fordelt over hele verden.<\/li><li>Konkurransedyktig l\u00f8nn utbetalt i USD.<\/li><li>Be part of a company with a global reach.<\/li><li>Viktig stilling som rapporterer direkte til administrerende direkt\u00f8r i en lovende oppstartsbedrift.<\/li><li>N\u00f8kkelplassering med viktige ansvarsomr\u00e5der i organisasjonen.<\/li><li>Tilpasning av din profesjonelle vekst til oppstartsbedriftens vekst.<\/li><\/ul>\n\n\n\n<p>Har du identifisert deg med denne jobben?&nbsp;<\/p>\n\n\n\n<p>S\u00e5 send inn s\u00f8knaden din og bli med p\u00e5 laget!<\/p>\n\n\n\n<div class=\"wp-block-button\"><a class=\"wp-block-button__link\" href=\"https:\/\/mindthegraph.com\/blog\/work-with-us\/\">S\u00f8k her<\/a><\/div>\n\n\n\n<style>\n.is-provider-youtube .wp-block-embed__wrapper, .gutentim-admin-page-video{ height:auto !important; }\n<\/style>","protected":false},"excerpt":{"rendered":"<p>Elsker du vitenskap? Det gj\u00f8r vi! Vi er p\u00e5 utkikk etter nye medarbeidere til v\u00e5rt team av kunstnere, utviklere og gr\u00fcndere som alle brenner for vitenskap. Om Mind the Graph Mind the Graph er en del av CACTUS-pakken med l\u00f8sninger. Vi er den ledende og f\u00f8rste plattformen for infografikkproduksjon med fokus p\u00e5 vitenskapelig og akademisk [...].<\/p>","protected":false},"author":21,"featured_media":11948,"parent":0,"menu_order":0,"comment_status":"closed","ping_status":"closed","template":"","meta":[],"yoast_head":"<!-- This site is optimized with the Yoast SEO plugin v19.9 - https:\/\/yoast.com\/wordpress\/plugins\/seo\/ -->\n<title>Full Stack Developer - Mind the Graph Blog<\/title>\n<meta name=\"robots\" content=\"index, follow, max-snippet:-1, max-image-preview:large, max-video-preview:-1\" \/>\n<link rel=\"canonical\" href=\"https:\/\/mindthegraph.com\/blog\/nb\/sviluppatore-completo\/\" \/>\n<meta property=\"og:locale\" content=\"nb_NO\" \/>\n<meta property=\"og:type\" content=\"article\" \/>\n<meta property=\"og:title\" content=\"Full Stack Developer - Mind the Graph Blog\" \/>\n<meta property=\"og:description\" content=\"Do you love science? We do! We are looking for new people to join our team of artists, developers, and entrepreneurs, all passionate about science. About Mind the Graph Mind the Graph is a part of the CACTUS suite of solutions. We are the leading and first infographic maker platform focused on scientific and academic [&hellip;]\" \/>\n<meta property=\"og:url\" content=\"https:\/\/mindthegraph.com\/blog\/nb\/sviluppatore-completo\/\" \/>\n<meta property=\"og:site_name\" content=\"Mind the Graph Blog\" \/>\n<meta property=\"article:modified_time\" content=\"2022-06-07T22:15:22+00:00\" \/>\n<meta property=\"og:image\" content=\"https:\/\/mindthegraph.com\/blog\/wp-content\/uploads\/2020\/11\/captura-de-tela-2020-11-19-as-131025.png\" \/>\n\t<meta property=\"og:image:width\" content=\"620\" \/>\n\t<meta property=\"og:image:height\" content=\"56\" \/>\n\t<meta property=\"og:image:type\" content=\"image\/png\" \/>\n<meta name=\"twitter:card\" content=\"summary_large_image\" \/>\n<meta name=\"twitter:label1\" content=\"Est. reading time\" \/>\n\t<meta name=\"twitter:data1\" content=\"2 minutes\" \/>\n<!-- \/ Yoast SEO plugin. -->","yoast_head_json":{"title":"Full Stack Developer - Mind the Graph Blog","robots":{"index":"index","follow":"follow","max-snippet":"max-snippet:-1","max-image-preview":"max-image-preview:large","max-video-preview":"max-video-preview:-1"},"canonical":"https:\/\/mindthegraph.com\/blog\/nb\/sviluppatore-completo\/","og_locale":"nb_NO","og_type":"article","og_title":"Full Stack Developer - Mind the Graph Blog","og_description":"Do you love science? We do! We are looking for new people to join our team of artists, developers, and entrepreneurs, all passionate about science. About Mind the Graph Mind the Graph is a part of the CACTUS suite of solutions. We are the leading and first infographic maker platform focused on scientific and academic [&hellip;]","og_url":"https:\/\/mindthegraph.com\/blog\/nb\/sviluppatore-completo\/","og_site_name":"Mind the Graph Blog","article_modified_time":"2022-06-07T22:15:22+00:00","og_image":[{"width":620,"height":56,"url":"https:\/\/mindthegraph.com\/blog\/wp-content\/uploads\/2020\/11\/captura-de-tela-2020-11-19-as-131025.png","type":"image\/png"}],"twitter_card":"summary_large_image","twitter_misc":{"Est. reading time":"2 minutes"},"schema":{"@context":"https:\/\/schema.org","@graph":[{"@type":"WebPage","@id":"https:\/\/mindthegraph.com\/blog\/it\/sviluppatore-completo\/","url":"https:\/\/mindthegraph.com\/blog\/it\/sviluppatore-completo\/","name":"Full Stack Developer - Mind the Graph Blog","isPartOf":{"@id":"https:\/\/mindthegraph.com\/blog\/#website"},"datePublished":"2021-09-27T04:49:01+00:00","dateModified":"2022-06-07T22:15:22+00:00","breadcrumb":{"@id":"https:\/\/mindthegraph.com\/blog\/it\/sviluppatore-completo\/#breadcrumb"},"inLanguage":"nb-NO","potentialAction":[{"@type":"ReadAction","target":["https:\/\/mindthegraph.com\/blog\/it\/sviluppatore-completo\/"]}]},{"@type":"BreadcrumbList","@id":"https:\/\/mindthegraph.com\/blog\/it\/sviluppatore-completo\/#breadcrumb","itemListElement":[{"@type":"ListItem","position":1,"name":"Home","item":"https:\/\/mindthegraph.com\/blog\/"},{"@type":"ListItem","position":2,"name":"Full Stack Developer"}]},{"@type":"WebSite","@id":"https:\/\/mindthegraph.com\/blog\/#website","url":"https:\/\/mindthegraph.com\/blog\/","name":"Mind the Graph Blog","description":"Your science can be beautiful!","potentialAction":[{"@type":"SearchAction","target":{"@type":"EntryPoint","urlTemplate":"https:\/\/mindthegraph.com\/blog\/?s={search_term_string}"},"query-input":"required name=search_term_string"}],"inLanguage":"nb-NO"}]}},"_links":{"self":[{"href":"https:\/\/mindthegraph.com\/blog\/nb\/wp-json\/wp\/v2\/pages\/14643"}],"collection":[{"href":"https:\/\/mindthegraph.com\/blog\/nb\/wp-json\/wp\/v2\/pages"}],"about":[{"href":"https:\/\/mindthegraph.com\/blog\/nb\/wp-json\/wp\/v2\/types\/page"}],"author":[{"embeddable":true,"href":"https:\/\/mindthegraph.com\/blog\/nb\/wp-json\/wp\/v2\/users\/21"}],"replies":[{"embeddable":true,"href":"https:\/\/mindthegraph.com\/blog\/nb\/wp-json\/wp\/v2\/comments?post=14643"}],"version-history":[{"count":4,"href":"https:\/\/mindthegraph.com\/blog\/nb\/wp-json\/wp\/v2\/pages\/14643\/revisions"}],"predecessor-version":[{"id":15901,"href":"https:\/\/mindthegraph.com\/blog\/nb\/wp-json\/wp\/v2\/pages\/14643\/revisions\/15901"}],"wp:featuredmedia":[{"embeddable":true,"href":"https:\/\/mindthegraph.com\/blog\/nb\/wp-json\/wp\/v2\/media\/11948"}],"wp:attachment":[{"href":"https:\/\/mindthegraph.com\/blog\/nb\/wp-json\/wp\/v2\/media?parent=14643"}],"curies":[{"name":"wp","href":"https:\/\/api.w.org\/{rel}","templated":true}]}}