{"id":13191,"date":"2021-07-22T01:33:20","date_gmt":"2021-07-22T04:33:20","guid":{"rendered":"https:\/\/mindthegraph.com\/blog\/jobs\/sdr-copy\/"},"modified":"2021-07-22T14:03:34","modified_gmt":"2021-07-22T17:03:34","slug":"sales-mkt","status":"publish","type":"page","link":"https:\/\/mindthegraph.com\/blog\/nb\/salg-marked\/","title":{"rendered":"Salg og markedsf\u00f8ring"},"content":{"rendered":"<p>Do you love science? We do!<\/p>\n\n\n\n<p>Vi er p\u00e5 utkikk etter nye medarbeidere til teamet v\u00e5rt, som best\u00e5r av kunstnere, utviklere og gr\u00fcndere som alle brenner for vitenskap.<\/p>\n\n\n\n<p>Vi har en ny jobbmulighet: <strong>Salg og markedsf\u00f8ring<\/strong>.<\/p>\n\n\n\n<p><strong>Hovedaktiviteter<\/strong><\/p>\n\n\n\n<ul><li>Forske p\u00e5 og utvikle markedsf\u00f8ring, forst\u00e5 forbrukernes behov, identifisere markedstrender og foresl\u00e5 forbedringer for \u00e5 n\u00e5 selskapets markedsf\u00f8rings- og salgsm\u00e5l.<\/li><li>Opprettholde relasjoner med viktige kunder og potensielle kunder ved \u00e5 ta regelmessig kontakt, forst\u00e5 deres behov og forutse nye markedsf\u00f8ringsmuligheter.<\/li><li>Administrere salgspipeline, fra \u00e5 generere nye leads til \u00e5 avslutte salg.<\/li><li>Utarbeide og implementere strategier for \u00e5 generere mersalg i salgsbilletten til kundebasen v\u00e5r.<\/li><li>Run sales and marketing campaigns. Close work with Customer Success and advertising teams.<\/li><li>Samle inn og analysere data for \u00e5 styre arbeidet basert p\u00e5 m\u00e5lbare beregninger.<\/li><li>Markedsf\u00f8re selskapets eksisterende merkevarer og introdusere nye produkter p\u00e5 markedet.<\/li><li>St\u00f8tte utvikling og gjennomf\u00f8ring av salgs- og markedsf\u00f8ringsmateriell.<\/li><li>Bidra til andre aktiviteter for \u00e5 generere leads og skaffe kunder.<\/li><li>Fokuser p\u00e5 \u00e5 konvertere salg, oppgradere kontoer og mersalg av tjenester. <\/li><\/ul>\n\n\n\n<p><\/p>\n\n\n\n<p><strong>Jobbkrav<\/strong><\/p>\n\n\n\n<ul><li>Flytende engelsk i tale og skrift.<\/li><li>Praktisk erfaring med \u00e5 utvikle kampanjer og tilbud.<\/li><li>Excellent communication, interpersonal, and customer service skills.<\/li><li>Sterkt \u00f8nske om og evne til \u00e5 bidra til \u00e5 generere salg for organisasjonen.<\/li><li>Egen arbeidsstasjon.<\/li><\/ul>\n\n\n\n<p><\/p>\n\n\n\n<p><strong>Foretrukne kvalifikasjoner<\/strong><\/p>\n\n\n\n<ul><li>V\u00e6re tilgjengelig for arbeid i Eastern Time Zone.<\/li><li>Ferdigheter i ZenDesk og RD Station-verkt\u00f8y.<\/li><li>Tidligere erfaring som salgsutviklingsrepresentant.<\/li><\/ul>\n\n\n\n<p><\/p>\n\n\n\n<p><strong>About Mind The Graph<\/strong><br>We are the leading and first infographic maker platform focused on scientific and academic purposes. With more than 400.000 users with daily interactions and fast growing.<\/p>\n\n\n\n<figure class=\"wp-block-embed is-type-video is-provider-youtube wp-block-embed-youtube wp-embed-aspect-16-9 wp-has-aspect-ratio\"><div class=\"wp-block-embed__wrapper\">\n<iframe loading=\"lazy\" title=\"Mind the Graph - Skaperen av vitenskapelig infografikk\" width=\"800\" height=\"450\" src=\"https:\/\/www.youtube.com\/embed\/tG-PmLzx6NA?feature=oembed\" frameborder=\"0\" allow=\"accelerometer; autoplay; clipboard-write; encrypted-media; gyroscope; picture-in-picture\" allowfullscreen><\/iframe>\n<\/div><\/figure>\n\n\n\n<p><strong>Dette finner du her<\/strong><\/p>\n\n\n\n<ul><li>Et 100% eksternt selskap, arbeid hjemmefra. <\/li><li>Hyggelige mennesker i et vennlig arbeidsmilj\u00f8.<\/li><li>H\u00f8yt kvalifisert team fordelt over hele verden.<\/li><li>Konkurransedyktig l\u00f8nn.<\/li><li>Bonus p\u00e5 prestasjoner hvert kvartal.<\/li><li>Internet mensal voucher (vi betaler internett).<\/li><li>M\u00e5nedlig kupong for velv\u00e6re (trening, massasje, yoga...).<\/li><li>M\u00e5nedlig matkupong (gi deg selv gode m\u00e5ltider!).<\/li><li>Viktig stilling som rapporterer direkte til administrerende direkt\u00f8r i en lovende oppstartsbedrift.<\/li><li>N\u00f8kkelplassering med viktige ansvarsomr\u00e5der i organisasjonen.<\/li><li>Tilpasning av din profesjonelle vekst til oppstartsbedriftens vekst.<\/li><\/ul>\n\n\n\n<p>Vi er et lite, h\u00f8yt motivert team som respekterer og verdsetter hverandres arbeid. Vi jobber helt eksternt, med et modent team som jobber selvstendig og uavhengig.<\/p>\n\n\n\n<p>Har du identifisert deg med denne jobben? S\u00e5 bli med p\u00e5 laget!<\/p>\n\n\n\n<div class=\"wp-block-button\"><a class=\"wp-block-button__link\" href=\"https:\/\/mindthegraph.com\/blog\/work-with-us\/\">S\u00f8k her<\/a><\/div>\n\n\n\n<style>\n.is-provider-youtube .wp-block-embed__wrapper, .gutentim-admin-page-video{ height:auto !important; }\n<\/style>","protected":false},"excerpt":{"rendered":"<p>Elsker du vitenskap? Det gj\u00f8r vi! Vi er p\u00e5 utkikk etter nye medarbeidere til v\u00e5rt team av kunstnere, utviklere og gr\u00fcndere som alle er lidenskapelig opptatt av vitenskap. Vi har en ny jobbmulighet: Salg og markedsf\u00f8ring. Hovedaktiviteter Unders\u00f8ke og utvikle markedsf\u00f8ring, forst\u00e5 forbrukernes krav, identifisere markedstrender og foresl\u00e5 forbedringer for \u00e5 oppn\u00e5 selskapets markedsf\u00f8rings- og [...]<\/p>","protected":false},"author":21,"featured_media":11948,"parent":0,"menu_order":0,"comment_status":"closed","ping_status":"closed","template":"","meta":[],"yoast_head":"<!-- This site is optimized with the Yoast SEO plugin v19.9 - https:\/\/yoast.com\/wordpress\/plugins\/seo\/ -->\n<title>Sales &amp; Marketing - Mind the Graph Blog<\/title>\n<meta name=\"robots\" content=\"index, follow, max-snippet:-1, max-image-preview:large, max-video-preview:-1\" \/>\n<link rel=\"canonical\" href=\"https:\/\/mindthegraph.com\/blog\/nb\/satis-mkt\/\" \/>\n<meta property=\"og:locale\" content=\"nb_NO\" \/>\n<meta property=\"og:type\" content=\"article\" \/>\n<meta property=\"og:title\" content=\"Sales &amp; Marketing - Mind the Graph Blog\" \/>\n<meta property=\"og:description\" content=\"Do you love science? We do! We are looking for new people to join our team of artists, developers, and entrepreneurs, all passionate about science. We have a new job opportunity: Sales &amp; Marketing. Main Activities Researching and developing marketing, understanding consumer requirements, identifying market trends, and suggesting improvements to achieve the company&#8217;s marketing and [&hellip;]\" \/>\n<meta property=\"og:url\" content=\"https:\/\/mindthegraph.com\/blog\/nb\/satis-mkt\/\" \/>\n<meta property=\"og:site_name\" content=\"Mind the Graph Blog\" \/>\n<meta property=\"article:modified_time\" content=\"2021-07-22T17:03:34+00:00\" \/>\n<meta property=\"og:image\" content=\"https:\/\/mindthegraph.com\/blog\/wp-content\/uploads\/2020\/11\/captura-de-tela-2020-11-19-as-131025.png\" \/>\n\t<meta property=\"og:image:width\" content=\"620\" \/>\n\t<meta property=\"og:image:height\" content=\"56\" \/>\n\t<meta property=\"og:image:type\" content=\"image\/png\" \/>\n<meta name=\"twitter:card\" content=\"summary_large_image\" \/>\n<meta name=\"twitter:label1\" content=\"Est. reading time\" \/>\n\t<meta name=\"twitter:data1\" content=\"2 minutes\" \/>\n<!-- \/ Yoast SEO plugin. -->","yoast_head_json":{"title":"Sales & Marketing - Mind the Graph Blog","robots":{"index":"index","follow":"follow","max-snippet":"max-snippet:-1","max-image-preview":"max-image-preview:large","max-video-preview":"max-video-preview:-1"},"canonical":"https:\/\/mindthegraph.com\/blog\/nb\/satis-mkt\/","og_locale":"nb_NO","og_type":"article","og_title":"Sales & Marketing - Mind the Graph Blog","og_description":"Do you love science? We do! We are looking for new people to join our team of artists, developers, and entrepreneurs, all passionate about science. We have a new job opportunity: Sales &amp; Marketing. Main Activities Researching and developing marketing, understanding consumer requirements, identifying market trends, and suggesting improvements to achieve the company&#8217;s marketing and [&hellip;]","og_url":"https:\/\/mindthegraph.com\/blog\/nb\/satis-mkt\/","og_site_name":"Mind the Graph Blog","article_modified_time":"2021-07-22T17:03:34+00:00","og_image":[{"width":620,"height":56,"url":"https:\/\/mindthegraph.com\/blog\/wp-content\/uploads\/2020\/11\/captura-de-tela-2020-11-19-as-131025.png","type":"image\/png"}],"twitter_card":"summary_large_image","twitter_misc":{"Est. reading time":"2 minutes"},"schema":{"@context":"https:\/\/schema.org","@graph":[{"@type":"WebPage","@id":"https:\/\/mindthegraph.com\/blog\/tr\/satis-mkt\/","url":"https:\/\/mindthegraph.com\/blog\/tr\/satis-mkt\/","name":"Sales & Marketing - Mind the Graph Blog","isPartOf":{"@id":"https:\/\/mindthegraph.com\/blog\/#website"},"datePublished":"2021-07-22T04:33:20+00:00","dateModified":"2021-07-22T17:03:34+00:00","breadcrumb":{"@id":"https:\/\/mindthegraph.com\/blog\/tr\/satis-mkt\/#breadcrumb"},"inLanguage":"nb-NO","potentialAction":[{"@type":"ReadAction","target":["https:\/\/mindthegraph.com\/blog\/tr\/satis-mkt\/"]}]},{"@type":"BreadcrumbList","@id":"https:\/\/mindthegraph.com\/blog\/tr\/satis-mkt\/#breadcrumb","itemListElement":[{"@type":"ListItem","position":1,"name":"Home","item":"https:\/\/mindthegraph.com\/blog\/"},{"@type":"ListItem","position":2,"name":"Sales &#038; Marketing"}]},{"@type":"WebSite","@id":"https:\/\/mindthegraph.com\/blog\/#website","url":"https:\/\/mindthegraph.com\/blog\/","name":"Mind the Graph Blog","description":"Your science can be beautiful!","potentialAction":[{"@type":"SearchAction","target":{"@type":"EntryPoint","urlTemplate":"https:\/\/mindthegraph.com\/blog\/?s={search_term_string}"},"query-input":"required name=search_term_string"}],"inLanguage":"nb-NO"}]}},"_links":{"self":[{"href":"https:\/\/mindthegraph.com\/blog\/nb\/wp-json\/wp\/v2\/pages\/13191"}],"collection":[{"href":"https:\/\/mindthegraph.com\/blog\/nb\/wp-json\/wp\/v2\/pages"}],"about":[{"href":"https:\/\/mindthegraph.com\/blog\/nb\/wp-json\/wp\/v2\/types\/page"}],"author":[{"embeddable":true,"href":"https:\/\/mindthegraph.com\/blog\/nb\/wp-json\/wp\/v2\/users\/21"}],"replies":[{"embeddable":true,"href":"https:\/\/mindthegraph.com\/blog\/nb\/wp-json\/wp\/v2\/comments?post=13191"}],"version-history":[{"count":4,"href":"https:\/\/mindthegraph.com\/blog\/nb\/wp-json\/wp\/v2\/pages\/13191\/revisions"}],"predecessor-version":[{"id":13197,"href":"https:\/\/mindthegraph.com\/blog\/nb\/wp-json\/wp\/v2\/pages\/13191\/revisions\/13197"}],"wp:featuredmedia":[{"embeddable":true,"href":"https:\/\/mindthegraph.com\/blog\/nb\/wp-json\/wp\/v2\/media\/11948"}],"wp:attachment":[{"href":"https:\/\/mindthegraph.com\/blog\/nb\/wp-json\/wp\/v2\/media?parent=13191"}],"curies":[{"name":"wp","href":"https:\/\/api.w.org\/{rel}","templated":true}]}}