{"id":14643,"date":"2021-09-27T01:49:01","date_gmt":"2021-09-27T04:49:01","guid":{"rendered":"https:\/\/mindthegraph.com\/blog\/jobs\/mkt-growth-copy\/"},"modified":"2022-06-07T19:15:22","modified_gmt":"2022-06-07T22:15:22","slug":"full-stack-developer","status":"publish","type":"page","link":"https:\/\/mindthegraph.com\/blog\/lv\/pilns-paketes-izstradatajs\/","title":{"rendered":"Full Stack programm\u0113t\u0101js"},"content":{"rendered":"<div class=\"wp-block-button\"><a class=\"wp-block-button__link\" href=\"https:\/\/mindthegraph.com\/blog\/work-with-us\/\">Piesakies \u0161eit<\/a><\/div>\n\n\n\n<p>Vai jums pat\u012bk zin\u0101tne? Mums pat\u012bk!<\/p>\n\n\n\n<p>M\u0113s mekl\u0113jam jaunus cilv\u0113kus, kas pievienosies m\u016bsu m\u0101kslinieku, izstr\u0101d\u0101t\u0101ju un uz\u0146\u0113m\u0113ju komandai, kuri visi aizraujas ar zin\u0101tni.<\/p>\n\n\n\n<p><strong>Par Mind the Graph<\/strong><\/p>\n\n\n\n<p>Mind the Graph ir da\u013ca no CACTUS risin\u0101jumu kopuma.<\/p>\n\n\n\n<p>M\u0113s esam vado\u0161\u0101 un pirm\u0101 infografiku veido\u0161anas platforma, kas paredz\u0113ta zin\u0101tniskiem un akad\u0113miskiem m\u0113r\u0137iem. Ar vair\u0101k nek\u0101 400 000 lietot\u0101ju, kas ik dienu mijiedarbojas ar mums un strauji aug.<\/p>\n\n\n\n<p>M\u0113s esam neliela, augsti motiv\u0113ta komanda, kas ciena un nov\u0113rt\u0113 viens otra darbu. M\u0113s str\u0101d\u0101jam piln\u012bb\u0101 att\u0101lin\u0101ti, un m\u016bsu komanda ir nobriedusi, darbojas autonomi un neatkar\u012bgi.<\/p>\n\n\n\n<figure class=\"wp-block-embed is-type-video is-provider-youtube wp-block-embed-youtube wp-embed-aspect-16-9 wp-has-aspect-ratio\"><div class=\"wp-block-embed__wrapper\">\n<iframe loading=\"lazy\" title=\"Mind the Graph - Zin\u0101tnes infografikas veidot\u0101js\" width=\"800\" height=\"450\" src=\"https:\/\/www.youtube.com\/embed\/tG-PmLzx6NA?feature=oembed\" frameborder=\"0\" allow=\"accelerometer; autoplay; clipboard-write; encrypted-media; gyroscope; picture-in-picture\" allowfullscreen><\/iframe>\n<\/div><\/figure>\n\n\n\n<p>Mums ir jauna darba iesp\u0113ja: <strong>Full Stack programm\u0113t\u0101js<\/strong>.<\/p>\n\n\n\n<p>K\u0101 pilna paketes programm\u0113t\u0101jam jums ir \u0113rti j\u0101izmanto gan front-end, gan back-end programm\u0113\u0161anas valodas, izstr\u0101des ietvari un tre\u0161o pu\u0161u bibliot\u0113kas. Jums j\u0101b\u016bt ar\u012b komandas sp\u0113l\u0113t\u0101jam ar talantu vizu\u0101l\u0101 dizaina un lietder\u012bbas jom\u0101.<\/p>\n\n\n\n<p><strong>Galven\u0101s darb\u012bbas<\/strong><\/p>\n\n\n\n<ul><li>Dal\u012bba m\u0113rogojamas programmat\u016bras izstr\u0101d\u0113 un izveid\u0113.<\/li><li>t\u012bra un funkcion\u0101la koda rakst\u012b\u0161ana gan priek\u0161\u0113j\u0101, gan aizmugur\u0113j\u0101 da\u013c\u0101.<\/li><li>K\u013c\u016bdu vai citu kod\u0113\u0161anas probl\u0113mu test\u0113\u0161ana un nov\u0113r\u0161ana.<\/li><li>Sadarboties ar izstr\u0101des komandu un produktu vad\u012bt\u0101ju, lai izstr\u0101d\u0101tu programmat\u016bras risin\u0101jumus.<\/li><li>Klienta un servera puses arhitekt\u016bras projekt\u0113\u0161ana.<\/li><li>Veidojiet lietojumprogrammu priek\u0161\u0113jo da\u013cu, izmantojot pievilc\u012bgu vizu\u0101lo dizainu.<\/li><li>Izstr\u0101d\u0101t un p\u0101rvald\u012bt labi funkcion\u0113jo\u0161as datub\u0101zes un lietojumprogrammas.<\/li><li>Nov\u0113rst trauc\u0113jumus, atk\u013c\u016bdot un atjaunin\u0101t programmat\u016bru.<\/li><li>Izveidojiet dro\u0161\u012bbas un datu aizsardz\u012bbas iestat\u012bjumus.<\/li><li>Rakst\u012bt tehnisko dokument\u0101ciju.<\/li><li>Sadarboties ar datu zin\u0101tniekiem un anal\u012bti\u0137iem, lai uzlabotu programmat\u016bru.<\/li><\/ul>\n\n\n\n<p><strong>Darba pras\u012bbas<\/strong><\/p>\n\n\n\n<ul><li>Vismaz 5 gadu profesion\u0101l\u0101 pieredze izstr\u0101d\u0101t\u0101ja amat\u0101.<\/li><li>Iepaz\u012b\u0161an\u0101s ar vair\u0101k\u0101m front-end un back-end valod\u0101m, bibliot\u0113k\u0101m un ietvariem.<\/li><li>MySQL datub\u0101zes projekt\u0113\u0161ana un p\u0101rvald\u012bba.<\/li><li>Inform\u0113t par jaun\u0101ko izstr\u0101des paraugpraksi<\/li><li>Padzi\u013cin\u0101ta izpratne par lietot\u0101ju pieredzi un, iesp\u0113jams, produktu strat\u0113\u0123iju.<\/li><li>Pieredze test\u0113\u0161anas platformu un vien\u012bbas testu \u012bsteno\u0161an\u0101.<\/li><li>Git lieto\u0161anas prasmes.<\/li><li>Izpratne par t\u012bru un labi dokument\u0113tu kodu.<\/li><li>J\u016bsu darbstacija.<\/li><\/ul>\n\n\n\n<p><strong>V\u0113lam\u0101 kvalifik\u0101cija<\/strong><\/p>\n\n\n\n<ul><li>br\u012bvi run\u0101 un raksta ang\u013cu valod\u0101.<\/li><li>Pier\u0101d\u012bta pieredze pilna stuka programm\u0113t\u0101ja vai l\u012bdz\u012bg\u0101 amat\u0101.<\/li><li>teicamas komunik\u0101cijas un komandas darba prasmes.<\/li><li>Liela uzman\u012bba deta\u013c\u0101m.<\/li><li>organizatorisk\u0101s prasmes.<\/li><li>Anal\u012btisks pr\u0101ts.<\/li><li>diploms datorzin\u0101tn\u0113s, statistik\u0101 vai atbilsto\u0161\u0101 jom\u0101.<\/li><\/ul>\n\n\n\n<p><strong>M\u016bsu darbvietas kodols<\/strong><\/p>\n\n\n\n<ul><li>JavaScript: bibliot\u0113ka Fabric.js<\/li><li>PHP: CodeIgniter Framework<\/li><li>Node.js: NestJS ietvars<\/li><li>MySQL.<\/li><\/ul>\n\n\n\n<p><strong>Ko \u0161eit atrad\u012bsiet<\/strong><\/p>\n\n\n\n<ul><li>T\u0101lvad\u012bbas uz\u0146\u0113mums 100%.<\/li><li>Jauki cilv\u0113ki draudz\u012bg\u0101 darba vid\u0113.<\/li><li>Augsti kvalific\u0113ta komanda, kas izvietota vis\u0101 pasaul\u0113.<\/li><li>Konkur\u0113tsp\u0113j\u012bga alga USD.<\/li><li>Esi da\u013ca no uz\u0146\u0113muma ar glob\u0101lu v\u0113rienu.<\/li><li>Svar\u012bgs amats, kas ir tie\u0161i pak\u013cauts daudzsolo\u0161a jaunuz\u0146\u0113muma izpilddirektoram.<\/li><li>Galven\u0101 amata vieta ar svar\u012bgiem pien\u0101kumiem organiz\u0101cij\u0101.<\/li><li>J\u016bsu profesion\u0101l\u0101s izaugsmes saska\u0146o\u0161ana ar jaunuz\u0146\u0113muma izaugsmi.<\/li><\/ul>\n\n\n\n<p>Vai esat identific\u0113jies ar \u0161o darbu?&nbsp;<\/p>\n\n\n\n<p>Piesakies un pievienojies komandai!<\/p>\n\n\n\n<div class=\"wp-block-button\"><a class=\"wp-block-button__link\" href=\"https:\/\/mindthegraph.com\/blog\/work-with-us\/\">Piesakies \u0161eit<\/a><\/div>\n\n\n\n<style>\n.is-provider-youtube .wp-block-embed__wrapper, .gutentim-admin-page-video{ height:auto !important; }\n<\/style>","protected":false},"excerpt":{"rendered":"<p>Vai jums pat\u012bk zin\u0101tne? Mums pat\u012bk! M\u0113s mekl\u0113jam jaunus cilv\u0113kus, kas var\u0113tu pievienoties m\u016bsu m\u0101kslinieku, programm\u0113t\u0101ju un uz\u0146\u0113m\u0113ju komandai, kuri visi aizraujas ar zin\u0101tni. Par Mind the Graph Mind the Graph ir da\u013ca no CACTUS risin\u0101jumu kopuma. M\u0113s esam vado\u0161\u0101 un pirm\u0101 infografiku veidot\u0101ju platforma, kas ir orient\u0113ta uz zin\u0101tnisko un akad\u0113misko [...]<\/p>","protected":false},"author":21,"featured_media":11948,"parent":0,"menu_order":0,"comment_status":"closed","ping_status":"closed","template":"","meta":[],"yoast_head":"<!-- This site is optimized with the Yoast SEO plugin v19.9 - https:\/\/yoast.com\/wordpress\/plugins\/seo\/ -->\n<title>Full Stack Developer - Mind the Graph Blog<\/title>\n<meta name=\"robots\" content=\"index, follow, max-snippet:-1, max-image-preview:large, max-video-preview:-1\" \/>\n<link rel=\"canonical\" href=\"https:\/\/mindthegraph.com\/blog\/lv\/sviluppatore-completo\/\" \/>\n<meta property=\"og:locale\" content=\"lv_LV\" \/>\n<meta property=\"og:type\" content=\"article\" \/>\n<meta property=\"og:title\" content=\"Full Stack Developer - Mind the Graph Blog\" \/>\n<meta property=\"og:description\" content=\"Do you love science? We do! We are looking for new people to join our team of artists, developers, and entrepreneurs, all passionate about science. About Mind the Graph Mind the Graph is a part of the CACTUS suite of solutions. We are the leading and first infographic maker platform focused on scientific and academic [&hellip;]\" \/>\n<meta property=\"og:url\" content=\"https:\/\/mindthegraph.com\/blog\/lv\/sviluppatore-completo\/\" \/>\n<meta property=\"og:site_name\" content=\"Mind the Graph Blog\" \/>\n<meta property=\"article:modified_time\" content=\"2022-06-07T22:15:22+00:00\" \/>\n<meta property=\"og:image\" content=\"https:\/\/mindthegraph.com\/blog\/wp-content\/uploads\/2020\/11\/captura-de-tela-2020-11-19-as-131025.png\" \/>\n\t<meta property=\"og:image:width\" content=\"620\" \/>\n\t<meta property=\"og:image:height\" content=\"56\" \/>\n\t<meta property=\"og:image:type\" content=\"image\/png\" \/>\n<meta name=\"twitter:card\" content=\"summary_large_image\" \/>\n<meta name=\"twitter:label1\" content=\"Est. reading time\" \/>\n\t<meta name=\"twitter:data1\" content=\"2 minutes\" \/>\n<!-- \/ Yoast SEO plugin. -->","yoast_head_json":{"title":"Full Stack Developer - Mind the Graph Blog","robots":{"index":"index","follow":"follow","max-snippet":"max-snippet:-1","max-image-preview":"max-image-preview:large","max-video-preview":"max-video-preview:-1"},"canonical":"https:\/\/mindthegraph.com\/blog\/lv\/sviluppatore-completo\/","og_locale":"lv_LV","og_type":"article","og_title":"Full Stack Developer - Mind the Graph Blog","og_description":"Do you love science? We do! We are looking for new people to join our team of artists, developers, and entrepreneurs, all passionate about science. About Mind the Graph Mind the Graph is a part of the CACTUS suite of solutions. We are the leading and first infographic maker platform focused on scientific and academic [&hellip;]","og_url":"https:\/\/mindthegraph.com\/blog\/lv\/sviluppatore-completo\/","og_site_name":"Mind the Graph Blog","article_modified_time":"2022-06-07T22:15:22+00:00","og_image":[{"width":620,"height":56,"url":"https:\/\/mindthegraph.com\/blog\/wp-content\/uploads\/2020\/11\/captura-de-tela-2020-11-19-as-131025.png","type":"image\/png"}],"twitter_card":"summary_large_image","twitter_misc":{"Est. reading time":"2 minutes"},"schema":{"@context":"https:\/\/schema.org","@graph":[{"@type":"WebPage","@id":"https:\/\/mindthegraph.com\/blog\/it\/sviluppatore-completo\/","url":"https:\/\/mindthegraph.com\/blog\/it\/sviluppatore-completo\/","name":"Full Stack Developer - Mind the Graph Blog","isPartOf":{"@id":"https:\/\/mindthegraph.com\/blog\/#website"},"datePublished":"2021-09-27T04:49:01+00:00","dateModified":"2022-06-07T22:15:22+00:00","breadcrumb":{"@id":"https:\/\/mindthegraph.com\/blog\/it\/sviluppatore-completo\/#breadcrumb"},"inLanguage":"lv","potentialAction":[{"@type":"ReadAction","target":["https:\/\/mindthegraph.com\/blog\/it\/sviluppatore-completo\/"]}]},{"@type":"BreadcrumbList","@id":"https:\/\/mindthegraph.com\/blog\/it\/sviluppatore-completo\/#breadcrumb","itemListElement":[{"@type":"ListItem","position":1,"name":"Home","item":"https:\/\/mindthegraph.com\/blog\/"},{"@type":"ListItem","position":2,"name":"Full Stack Developer"}]},{"@type":"WebSite","@id":"https:\/\/mindthegraph.com\/blog\/#website","url":"https:\/\/mindthegraph.com\/blog\/","name":"Mind the Graph Blog","description":"Your science can be beautiful!","potentialAction":[{"@type":"SearchAction","target":{"@type":"EntryPoint","urlTemplate":"https:\/\/mindthegraph.com\/blog\/?s={search_term_string}"},"query-input":"required name=search_term_string"}],"inLanguage":"lv"}]}},"_links":{"self":[{"href":"https:\/\/mindthegraph.com\/blog\/lv\/wp-json\/wp\/v2\/pages\/14643"}],"collection":[{"href":"https:\/\/mindthegraph.com\/blog\/lv\/wp-json\/wp\/v2\/pages"}],"about":[{"href":"https:\/\/mindthegraph.com\/blog\/lv\/wp-json\/wp\/v2\/types\/page"}],"author":[{"embeddable":true,"href":"https:\/\/mindthegraph.com\/blog\/lv\/wp-json\/wp\/v2\/users\/21"}],"replies":[{"embeddable":true,"href":"https:\/\/mindthegraph.com\/blog\/lv\/wp-json\/wp\/v2\/comments?post=14643"}],"version-history":[{"count":4,"href":"https:\/\/mindthegraph.com\/blog\/lv\/wp-json\/wp\/v2\/pages\/14643\/revisions"}],"predecessor-version":[{"id":15901,"href":"https:\/\/mindthegraph.com\/blog\/lv\/wp-json\/wp\/v2\/pages\/14643\/revisions\/15901"}],"wp:featuredmedia":[{"embeddable":true,"href":"https:\/\/mindthegraph.com\/blog\/lv\/wp-json\/wp\/v2\/media\/11948"}],"wp:attachment":[{"href":"https:\/\/mindthegraph.com\/blog\/lv\/wp-json\/wp\/v2\/media?parent=14643"}],"curies":[{"name":"wp","href":"https:\/\/api.w.org\/{rel}","templated":true}]}}