{"id":13191,"date":"2021-07-22T01:33:20","date_gmt":"2021-07-22T04:33:20","guid":{"rendered":"https:\/\/mindthegraph.com\/blog\/jobs\/sdr-copy\/"},"modified":"2021-07-22T14:03:34","modified_gmt":"2021-07-22T17:03:34","slug":"sales-mkt","status":"publish","type":"page","link":"https:\/\/mindthegraph.com\/blog\/lv\/pardosanas-tirdzniecibas\/","title":{"rendered":"P\u0101rdo\u0161ana un m\u0101rketings"},"content":{"rendered":"<p>Vai jums pat\u012bk zin\u0101tne? Mums pat\u012bk!<\/p>\n\n\n\n<p>M\u0113s mekl\u0113jam jaunus cilv\u0113kus, kas pievienosies m\u016bsu m\u0101kslinieku, izstr\u0101d\u0101t\u0101ju un uz\u0146\u0113m\u0113ju komandai, kuri visi aizraujas ar zin\u0101tni.<\/p>\n\n\n\n<p>Mums ir jauna darba iesp\u0113ja: <strong>P\u0101rdo\u0161ana un m\u0101rketings<\/strong>.<\/p>\n\n\n\n<p><strong>Galven\u0101s darb\u012bbas<\/strong><\/p>\n\n\n\n<ul><li>M\u0101rketinga izp\u0113te un izstr\u0101de, pat\u0113r\u0113t\u0101ju pras\u012bbu izpratne, tirgus tenden\u010du noteik\u0161ana un uzlabojumu ierosin\u0101\u0161ana, lai sasniegtu uz\u0146\u0113muma m\u0101rketinga un p\u0101rdo\u0161anas m\u0113r\u0137us.<\/li><li>uztur\u0113t attiec\u012bbas ar svar\u012bgiem klientiem un potenci\u0101lajiem klientiem, regul\u0101ri sazinoties ar vi\u0146iem, izprotot vi\u0146u vajadz\u012bbas un paredzot jaunas m\u0101rketinga iesp\u0113jas.<\/li><li>P\u0101rvaldiet p\u0101rdo\u0161anas cauru\u013cvadu, s\u0101kot no jaunu potenci\u0101lo klientu piesaist\u012b\u0161anas l\u012bdz p\u0101rdo\u0161anas nosl\u0113g\u0161anai.<\/li><li>Izveidot un \u012bstenot strat\u0113\u0123ijas, lai palielin\u0101tu p\u0101rdo\u0161anas bi\u013ce\u0161u p\u0101rdo\u0161anas apjomu m\u016bsu vad\u012bt\u0101ju b\u0101z\u0113.<\/li><li>Veiciet p\u0101rdo\u0161anas un m\u0101rketinga kampa\u0146as. Cie\u0161s darbs ar klientu pan\u0101kumu un rekl\u0101mas komand\u0101m.<\/li><li>v\u0101kt un analiz\u0113t datus, lai vad\u012btu darbu, pamatojoties uz izm\u0113r\u0101miem r\u0101d\u012bt\u0101jiem.<\/li><li>Uz\u0146\u0113muma eso\u0161o z\u012bmolu populariz\u0113\u0161ana un jaunu produktu ievie\u0161ana tirg\u016b.<\/li><li>Atbalst\u012bt p\u0101rdo\u0161anas un m\u0101rketinga materi\u0101lu izstr\u0101di un izpildi.<\/li><li>Piedal\u012bties cit\u0101s klientu piesaistes un klientu piesaistes aktivit\u0101t\u0113s.<\/li><li>Koncentr\u0113jieties uz p\u0101rdo\u0161anas apjomu p\u0101rv\u0113r\u0161anu, kontu uzlabo\u0161anu un pakalpojumu paaugstin\u0101\u0161anu. <\/li><\/ul>\n\n\n\n<p><\/p>\n\n\n\n<p><strong>Darba pras\u012bbas<\/strong><\/p>\n\n\n\n<ul><li>br\u012bvi run\u0101 un raksta ang\u013cu valod\u0101.<\/li><li>Praktiska pieredze kampa\u0146u un veicin\u0101\u0161anas pas\u0101kumu izstr\u0101d\u0113.<\/li><li>teicamas komunik\u0101cijas, saskarsmes un klientu apkalpo\u0161anas prasmes.<\/li><li>Sp\u0113c\u012bga v\u0113lme un sp\u0113ja pal\u012bdz\u0113t organiz\u0101cijai rad\u012bt p\u0101rdo\u0161anas apjomus.<\/li><li>Pa\u0161u darbstacija.<\/li><\/ul>\n\n\n\n<p><\/p>\n\n\n\n<p><strong>V\u0113lam\u0101 kvalifik\u0101cija<\/strong><\/p>\n\n\n\n<ul><li>j\u0101b\u016bt pieejamam darbam austrumu laika josl\u0101.<\/li><li>ZenDesk un RD Station r\u012bku prasm\u012bga lieto\u0161ana.<\/li><li>Iepriek\u0161\u0113ja pieredze p\u0101rdo\u0161anas att\u012bst\u012bbas p\u0101rst\u0101vja amat\u0101.<\/li><\/ul>\n\n\n\n<p><\/p>\n\n\n\n<p><strong>Par Mind The Graph<\/strong><br>M\u0113s esam vado\u0161\u0101 un pirm\u0101 infografiku veido\u0161anas platforma, kas paredz\u0113ta zin\u0101tniskiem un akad\u0113miskiem m\u0113r\u0137iem. Ar vair\u0101k nek\u0101 400 000 lietot\u0101ju, kas ik dienu mijiedarbojas ar mums, un to skaits strauji pieaug.<\/p>\n\n\n\n<figure class=\"wp-block-embed is-type-video is-provider-youtube wp-block-embed-youtube wp-embed-aspect-16-9 wp-has-aspect-ratio\"><div class=\"wp-block-embed__wrapper\">\n<iframe loading=\"lazy\" title=\"Mind the Graph - Zin\u0101tnes infografikas veidot\u0101js\" width=\"800\" height=\"450\" src=\"https:\/\/www.youtube.com\/embed\/tG-PmLzx6NA?feature=oembed\" frameborder=\"0\" allow=\"accelerometer; autoplay; clipboard-write; encrypted-media; gyroscope; picture-in-picture\" allowfullscreen><\/iframe>\n<\/div><\/figure>\n\n\n\n<p><strong>Ko \u0161eit atrad\u012bsiet<\/strong><\/p>\n\n\n\n<ul><li>100% att\u0101lin\u0101ts uz\u0146\u0113mums, darbs no m\u0101j\u0101m. <\/li><li>Jauki cilv\u0113ki draudz\u012bg\u0101 darba vid\u0113.<\/li><li>Augsti kvalific\u0113ta komanda, kas izvietota vis\u0101 pasaul\u0113.<\/li><li>Konkur\u0113tsp\u0113j\u012bga alga.<\/li><li>Pr\u0113mija par sniegumu katru ceturksni.<\/li><li>interneta kupons (m\u0113s apmaks\u0101jam j\u016bsu internetu).<\/li><li>Ikm\u0113ne\u0161a labsaj\u016btas kupons (vingro\u0161ana, mas\u0101\u017ea, joga...).<\/li><li>Ikm\u0113ne\u0161a p\u0101rtikas kupons (d\u0101viniet sev gardas malt\u012btes!).<\/li><li>Svar\u012bgs amats, kas ir tie\u0161i pak\u013cauts daudzsolo\u0161a jaunuz\u0146\u0113muma izpilddirektoram.<\/li><li>Galven\u0101 amata vieta ar svar\u012bgiem pien\u0101kumiem organiz\u0101cij\u0101.<\/li><li>J\u016bsu profesion\u0101l\u0101s izaugsmes saska\u0146o\u0161ana ar jaunuz\u0146\u0113muma izaugsmi.<\/li><\/ul>\n\n\n\n<p>M\u0113s esam neliela, augsti motiv\u0113ta komanda, kas ciena un nov\u0113rt\u0113 viens otra darbu. M\u0113s str\u0101d\u0101jam piln\u012bb\u0101 att\u0101lin\u0101ti, un m\u016bsu komanda ir nobriedusi, darbojas autonomi un neatkar\u012bgi.<\/p>\n\n\n\n<p>Vai esat identific\u0113jies ar \u0161o darbu? Tad pievienojieties komandai!<\/p>\n\n\n\n<div class=\"wp-block-button\"><a class=\"wp-block-button__link\" href=\"https:\/\/mindthegraph.com\/blog\/work-with-us\/\">Piesakies \u0161eit<\/a><\/div>\n\n\n\n<style>\n.is-provider-youtube .wp-block-embed__wrapper, .gutentim-admin-page-video{ height:auto !important; }\n<\/style>","protected":false},"excerpt":{"rendered":"<p>Vai jums pat\u012bk zin\u0101tne? Mums pat\u012bk! M\u0113s mekl\u0113jam jaunus cilv\u0113kus, kas var\u0113tu pievienoties m\u016bsu m\u0101kslinieku, programm\u0113t\u0101ju un uz\u0146\u0113m\u0113ju komandai, kuri visi aizraujas ar zin\u0101tni. Mums ir jauna darba iesp\u0113ja: P\u0101rdo\u0161anas un m\u0101rketinga noda\u013ca. Galven\u0101s darb\u012bbas M\u0101rketinga izp\u0113te un izstr\u0101de, pat\u0113r\u0113t\u0101ju pras\u012bbu izpratne, tirgus tenden\u010du noteik\u0161ana un ierosin\u0101jumi uzlabojumiem, lai sasniegtu uz\u0146\u0113muma m\u0101rketinga un [...]<\/p>","protected":false},"author":21,"featured_media":11948,"parent":0,"menu_order":0,"comment_status":"closed","ping_status":"closed","template":"","meta":[],"yoast_head":"<!-- This site is optimized with the Yoast SEO plugin v19.9 - https:\/\/yoast.com\/wordpress\/plugins\/seo\/ -->\n<title>Sales &amp; Marketing - Mind the Graph Blog<\/title>\n<meta name=\"robots\" content=\"index, follow, max-snippet:-1, max-image-preview:large, max-video-preview:-1\" \/>\n<link rel=\"canonical\" href=\"https:\/\/mindthegraph.com\/blog\/lv\/satis-mkt\/\" \/>\n<meta property=\"og:locale\" content=\"lv_LV\" \/>\n<meta property=\"og:type\" content=\"article\" \/>\n<meta property=\"og:title\" content=\"Sales &amp; Marketing - Mind the Graph Blog\" \/>\n<meta property=\"og:description\" content=\"Do you love science? We do! We are looking for new people to join our team of artists, developers, and entrepreneurs, all passionate about science. We have a new job opportunity: Sales &amp; Marketing. Main Activities Researching and developing marketing, understanding consumer requirements, identifying market trends, and suggesting improvements to achieve the company&#8217;s marketing and [&hellip;]\" \/>\n<meta property=\"og:url\" content=\"https:\/\/mindthegraph.com\/blog\/lv\/satis-mkt\/\" \/>\n<meta property=\"og:site_name\" content=\"Mind the Graph Blog\" \/>\n<meta property=\"article:modified_time\" content=\"2021-07-22T17:03:34+00:00\" \/>\n<meta property=\"og:image\" content=\"https:\/\/mindthegraph.com\/blog\/wp-content\/uploads\/2020\/11\/captura-de-tela-2020-11-19-as-131025.png\" \/>\n\t<meta property=\"og:image:width\" content=\"620\" \/>\n\t<meta property=\"og:image:height\" content=\"56\" \/>\n\t<meta property=\"og:image:type\" content=\"image\/png\" \/>\n<meta name=\"twitter:card\" content=\"summary_large_image\" \/>\n<meta name=\"twitter:label1\" content=\"Est. reading time\" \/>\n\t<meta name=\"twitter:data1\" content=\"2 minutes\" \/>\n<!-- \/ Yoast SEO plugin. -->","yoast_head_json":{"title":"Sales & Marketing - Mind the Graph Blog","robots":{"index":"index","follow":"follow","max-snippet":"max-snippet:-1","max-image-preview":"max-image-preview:large","max-video-preview":"max-video-preview:-1"},"canonical":"https:\/\/mindthegraph.com\/blog\/lv\/satis-mkt\/","og_locale":"lv_LV","og_type":"article","og_title":"Sales & Marketing - Mind the Graph Blog","og_description":"Do you love science? We do! We are looking for new people to join our team of artists, developers, and entrepreneurs, all passionate about science. We have a new job opportunity: Sales &amp; Marketing. Main Activities Researching and developing marketing, understanding consumer requirements, identifying market trends, and suggesting improvements to achieve the company&#8217;s marketing and [&hellip;]","og_url":"https:\/\/mindthegraph.com\/blog\/lv\/satis-mkt\/","og_site_name":"Mind the Graph Blog","article_modified_time":"2021-07-22T17:03:34+00:00","og_image":[{"width":620,"height":56,"url":"https:\/\/mindthegraph.com\/blog\/wp-content\/uploads\/2020\/11\/captura-de-tela-2020-11-19-as-131025.png","type":"image\/png"}],"twitter_card":"summary_large_image","twitter_misc":{"Est. reading time":"2 minutes"},"schema":{"@context":"https:\/\/schema.org","@graph":[{"@type":"WebPage","@id":"https:\/\/mindthegraph.com\/blog\/tr\/satis-mkt\/","url":"https:\/\/mindthegraph.com\/blog\/tr\/satis-mkt\/","name":"Sales & Marketing - Mind the Graph Blog","isPartOf":{"@id":"https:\/\/mindthegraph.com\/blog\/#website"},"datePublished":"2021-07-22T04:33:20+00:00","dateModified":"2021-07-22T17:03:34+00:00","breadcrumb":{"@id":"https:\/\/mindthegraph.com\/blog\/tr\/satis-mkt\/#breadcrumb"},"inLanguage":"lv","potentialAction":[{"@type":"ReadAction","target":["https:\/\/mindthegraph.com\/blog\/tr\/satis-mkt\/"]}]},{"@type":"BreadcrumbList","@id":"https:\/\/mindthegraph.com\/blog\/tr\/satis-mkt\/#breadcrumb","itemListElement":[{"@type":"ListItem","position":1,"name":"Home","item":"https:\/\/mindthegraph.com\/blog\/"},{"@type":"ListItem","position":2,"name":"Sales &#038; Marketing"}]},{"@type":"WebSite","@id":"https:\/\/mindthegraph.com\/blog\/#website","url":"https:\/\/mindthegraph.com\/blog\/","name":"Mind the Graph Blog","description":"Your science can be beautiful!","potentialAction":[{"@type":"SearchAction","target":{"@type":"EntryPoint","urlTemplate":"https:\/\/mindthegraph.com\/blog\/?s={search_term_string}"},"query-input":"required name=search_term_string"}],"inLanguage":"lv"}]}},"_links":{"self":[{"href":"https:\/\/mindthegraph.com\/blog\/lv\/wp-json\/wp\/v2\/pages\/13191"}],"collection":[{"href":"https:\/\/mindthegraph.com\/blog\/lv\/wp-json\/wp\/v2\/pages"}],"about":[{"href":"https:\/\/mindthegraph.com\/blog\/lv\/wp-json\/wp\/v2\/types\/page"}],"author":[{"embeddable":true,"href":"https:\/\/mindthegraph.com\/blog\/lv\/wp-json\/wp\/v2\/users\/21"}],"replies":[{"embeddable":true,"href":"https:\/\/mindthegraph.com\/blog\/lv\/wp-json\/wp\/v2\/comments?post=13191"}],"version-history":[{"count":4,"href":"https:\/\/mindthegraph.com\/blog\/lv\/wp-json\/wp\/v2\/pages\/13191\/revisions"}],"predecessor-version":[{"id":13197,"href":"https:\/\/mindthegraph.com\/blog\/lv\/wp-json\/wp\/v2\/pages\/13191\/revisions\/13197"}],"wp:featuredmedia":[{"embeddable":true,"href":"https:\/\/mindthegraph.com\/blog\/lv\/wp-json\/wp\/v2\/media\/11948"}],"wp:attachment":[{"href":"https:\/\/mindthegraph.com\/blog\/lv\/wp-json\/wp\/v2\/media?parent=13191"}],"curies":[{"name":"wp","href":"https:\/\/api.w.org\/{rel}","templated":true}]}}