{"id":13185,"date":"2021-07-22T01:18:16","date_gmt":"2021-07-22T04:18:16","guid":{"rendered":"https:\/\/mindthegraph.com\/blog\/jobs\/mkt-growth-copy\/"},"modified":"2021-09-27T06:08:30","modified_gmt":"2021-09-27T09:08:30","slug":"sdr","status":"publish","type":"page","link":"https:\/\/mindthegraph.com\/blog\/lv\/sdr\/","title":{"rendered":"SDR - P\u0101rdo\u0161anas att\u012bst\u012bbas p\u0101rst\u0101vis"},"content":{"rendered":"<p>Vai jums pat\u012bk zin\u0101tne? Mums pat\u012bk!<\/p>\n\n\n\n<p>M\u0113s mekl\u0113jam jaunus cilv\u0113kus, kas pievienosies m\u016bsu m\u0101kslinieku, izstr\u0101d\u0101t\u0101ju un uz\u0146\u0113m\u0113ju komandai, kuri visi aizraujas ar zin\u0101tni.<\/p>\n\n\n\n<p>Mums ir jauna darba iesp\u0113ja: <strong>SDR - p\u0101rdo\u0161anas att\u012bst\u012bbas p\u0101rst\u0101vis.<\/strong><\/p>\n\n\n\n<p><strong>Galven\u0101s darb\u012bbas<\/strong><\/p>\n\n\n\n<ul><li>P\u0101rst\u0101v\u0113t m\u016bsu uz\u0146\u0113muma produktus un pakalpojumus, pal\u012bdzot pat\u0113r\u0113t\u0101jiem noteikt, k\u0101 m\u016bsu risin\u0101jumi atbilst vi\u0146u vajadz\u012bb\u0101m.<\/li><li>Kvalific\u0113jiet ien\u0101ko\u0161os potenci\u0101los klientus un veidojiet attiec\u012bbas, uzturot siltas perspekt\u012bvas un atrodot jaunus potenci\u0101los p\u0101rdo\u0161anas tirgus.<\/li><li>P\u0101rvald\u012bt un uztur\u0113t ieinteres\u0113to potenci\u0101lo klientu loku un iesaist\u012bt p\u0101rdo\u0161anas vad\u012bt\u0101jus turpm\u0101ko so\u013cu veik\u0161anai.<\/li><li>Sazi\u0146a ar ien\u0101ko\u0161ajiem klientiem, izmantojot t\u0113rz\u0113\u0161anu.<\/li><li>Identific\u0113t potenci\u0101lo klientu vajadz\u012bbas un ieteikt atbilsto\u0161us produktus\/pakalpojumus.<\/li><li>cie\u0161i sadarboties ar CS nozari, lai sniegtu vislab\u0101ko iesp\u0113jamo pal\u012bdz\u012bbu lietot\u0101jiem.<\/li><li>Piev\u0113rsiet pirmo uzman\u012bbu t\u0113rz\u0113\u0161anas lietot\u0101jiem un p\u0101rbaudiet potenci\u0101l\u0101s p\u0101rdo\u0161anas iesp\u0113jas, nododot tos p\u0101rdo\u0161anas vad\u012bt\u0101jam.<\/li><li>Identific\u0113t lab\u0101ko praksi, lai pilnveidotu uz\u0146\u0113muma l\u012bderu piesaistes rokasgr\u0101matu.<\/li><li>B\u016bt z\u012bmola v\u0113stnesim visos mijiedarb\u012bbas punktos ar potenci\u0101lajiem klientiem un klientiem.<\/li><\/ul>\n\n\n\n<p><\/p>\n\n\n\n<p><strong>Darba pras\u012bbas<\/strong><\/p>\n\n\n\n<ul><li>br\u012bvi run\u0101 un raksta ang\u013cu valod\u0101.<\/li><li>stabilas komunik\u0101cijas prasmes t\u0113rz\u0113jot, zvanot un izmantojot e-pastu.<\/li><li>Sp\u0113c\u012bga v\u0113lme un sp\u0113ja pal\u012bdz\u0113t organiz\u0101cijai rad\u012bt p\u0101rdo\u0161anas apjomus.<\/li><li>Pa\u0161u darbstacija.<\/li><\/ul>\n\n\n\n<p><\/p>\n\n\n\n<p><strong>V\u0113lam\u0101 kvalifik\u0101cija<\/strong><\/p>\n\n\n\n<ul><li>j\u0101b\u016bt pieejamam darbam austrumu laika josl\u0101.<\/li><li>ZenDesk un RD Station r\u012bku prasm\u012bga lieto\u0161ana.<\/li><li>Iepriek\u0161\u0113ja pieredze p\u0101rdo\u0161anas att\u012bst\u012bbas p\u0101rst\u0101vja amat\u0101.<\/li><\/ul>\n\n\n\n<p><\/p>\n\n\n\n<p><strong>Par Mind The Graph<\/strong><br>M\u0113s esam vado\u0161\u0101 un pirm\u0101 infografiku veido\u0161anas platforma, kas paredz\u0113ta zin\u0101tniskiem un akad\u0113miskiem m\u0113r\u0137iem. Ar vair\u0101k nek\u0101 400 000 lietot\u0101ju, kas ik dienu mijiedarbojas ar mums, un to skaits strauji pieaug.<\/p>\n\n\n\n<figure class=\"wp-block-embed is-type-video is-provider-youtube wp-block-embed-youtube wp-embed-aspect-16-9 wp-has-aspect-ratio\"><div class=\"wp-block-embed__wrapper\">\n<iframe loading=\"lazy\" title=\"Mind the Graph - Zin\u0101tnes infografikas veidot\u0101js\" width=\"800\" height=\"450\" src=\"https:\/\/www.youtube.com\/embed\/tG-PmLzx6NA?feature=oembed\" frameborder=\"0\" allow=\"accelerometer; autoplay; clipboard-write; encrypted-media; gyroscope; picture-in-picture\" allowfullscreen><\/iframe>\n<\/div><\/figure>\n\n\n\n<p><strong>Ko \u0161eit atrad\u012bsiet<\/strong><\/p>\n\n\n\n<ul><li>100% att\u0101lin\u0101ts uz\u0146\u0113mums, darbs no m\u0101j\u0101m. <\/li><li>Jauki cilv\u0113ki draudz\u012bg\u0101 darba vid\u0113.<\/li><li>Augsti kvalific\u0113ta komanda, kas izvietota vis\u0101 pasaul\u0113.<\/li><li>Konkur\u0113tsp\u0113j\u012bga alga.<\/li><li>Pr\u0113mija par sniegumu katru ceturksni.<\/li><li>interneta kupons (m\u0113s apmaks\u0101jam j\u016bsu internetu).<\/li><li>Ikm\u0113ne\u0161a labsaj\u016btas kupons (vingro\u0161ana, mas\u0101\u017ea, joga...).<\/li><li>Ikm\u0113ne\u0161a p\u0101rtikas kupons (d\u0101viniet sev gardas malt\u012btes!).<\/li><li>Svar\u012bgs amats, kas ir tie\u0161i pak\u013cauts daudzsolo\u0161a jaunuz\u0146\u0113muma izpilddirektoram.<\/li><li>Galven\u0101 amata vieta ar svar\u012bgiem pien\u0101kumiem organiz\u0101cij\u0101.<\/li><li>J\u016bsu profesion\u0101l\u0101s izaugsmes saska\u0146o\u0161ana ar jaunuz\u0146\u0113muma izaugsmi.<\/li><\/ul>\n\n\n\n<p>M\u0113s esam neliela, augsti motiv\u0113ta komanda, kas ciena un nov\u0113rt\u0113 viens otra darbu. M\u0113s str\u0101d\u0101jam piln\u012bb\u0101 att\u0101lin\u0101ti, un m\u016bsu komanda ir nobriedusi, darbojas autonomi un neatkar\u012bgi.<\/p>\n\n\n\n<p>Vai esat identific\u0113jies ar \u0161o darbu? Tad pievienojieties komandai!<\/p>\n\n\n\n<div class=\"wp-block-button\"><a class=\"wp-block-button__link\" href=\"https:\/\/mindthegraph.com\/blog\/work-with-us\/\">Piesakies \u0161eit<\/a><\/div>\n\n\n\n<style>\n.is-provider-youtube .wp-block-embed__wrapper, .gutentim-admin-page-video{ height:auto !important; }\n<\/style>","protected":false},"excerpt":{"rendered":"<p>Vai jums pat\u012bk zin\u0101tne? Mums pat\u012bk! M\u0113s mekl\u0113jam jaunus cilv\u0113kus, kas var\u0113tu pievienoties m\u016bsu m\u0101kslinieku, programm\u0113t\u0101ju un uz\u0146\u0113m\u0113ju komandai, kuri visi aizraujas ar zin\u0101tni. Mums ir jauna darba iesp\u0113ja: SDR - p\u0101rdo\u0161anas att\u012bst\u012bbas p\u0101rst\u0101vis. Galven\u0101s darb\u012bbas P\u0101rst\u0101v\u0113t m\u016bsu uz\u0146\u0113muma produktus un pakalpojumus, vedot pat\u0113r\u0113t\u0101jus uzzin\u0101t, k\u0101 m\u016bsu risin\u0101jumi atbilst vi\u0146u vajadz\u012bb\u0101m. Kvalific\u0113t [...]<\/p>","protected":false},"author":21,"featured_media":11948,"parent":0,"menu_order":0,"comment_status":"closed","ping_status":"closed","template":"","meta":[],"yoast_head":"<!-- This site is optimized with the Yoast SEO plugin v19.9 - https:\/\/yoast.com\/wordpress\/plugins\/seo\/ -->\n<title>SDR - Sales Development Representative - Mind the Graph Blog<\/title>\n<meta name=\"robots\" content=\"index, follow, max-snippet:-1, max-image-preview:large, max-video-preview:-1\" \/>\n<link rel=\"canonical\" href=\"https:\/\/mindthegraph.com\/blog\/lv\/sdr\/\" \/>\n<meta property=\"og:locale\" content=\"lv_LV\" \/>\n<meta property=\"og:type\" content=\"article\" \/>\n<meta property=\"og:title\" content=\"SDR - Sales Development Representative - Mind the Graph Blog\" \/>\n<meta property=\"og:description\" content=\"Do you love science? We do! We are looking for new people to join our team of artists, developers, and entrepreneurs, all passionate about science. We have a new job opportunity: SDR &#8211; Sales Development Representative. Main Activities Represent our company&#8217;s products and services, leading consumers to identify how our solutions meet their needs. Qualify [&hellip;]\" \/>\n<meta property=\"og:url\" content=\"https:\/\/mindthegraph.com\/blog\/lv\/sdr\/\" \/>\n<meta property=\"og:site_name\" content=\"Mind the Graph Blog\" \/>\n<meta property=\"article:modified_time\" content=\"2021-09-27T09:08:30+00:00\" \/>\n<meta property=\"og:image\" content=\"https:\/\/mindthegraph.com\/blog\/wp-content\/uploads\/2020\/11\/captura-de-tela-2020-11-19-as-131025.png\" \/>\n\t<meta property=\"og:image:width\" content=\"620\" \/>\n\t<meta property=\"og:image:height\" content=\"56\" \/>\n\t<meta property=\"og:image:type\" content=\"image\/png\" \/>\n<meta name=\"twitter:card\" content=\"summary_large_image\" \/>\n<meta name=\"twitter:label1\" content=\"Est. reading time\" \/>\n\t<meta name=\"twitter:data1\" content=\"2 minutes\" \/>\n<!-- \/ Yoast SEO plugin. -->","yoast_head_json":{"title":"SDR - Sales Development Representative - Mind the Graph Blog","robots":{"index":"index","follow":"follow","max-snippet":"max-snippet:-1","max-image-preview":"max-image-preview:large","max-video-preview":"max-video-preview:-1"},"canonical":"https:\/\/mindthegraph.com\/blog\/lv\/sdr\/","og_locale":"lv_LV","og_type":"article","og_title":"SDR - Sales Development Representative - Mind the Graph Blog","og_description":"Do you love science? We do! We are looking for new people to join our team of artists, developers, and entrepreneurs, all passionate about science. We have a new job opportunity: SDR &#8211; Sales Development Representative. Main Activities Represent our company&#8217;s products and services, leading consumers to identify how our solutions meet their needs. Qualify [&hellip;]","og_url":"https:\/\/mindthegraph.com\/blog\/lv\/sdr\/","og_site_name":"Mind the Graph Blog","article_modified_time":"2021-09-27T09:08:30+00:00","og_image":[{"width":620,"height":56,"url":"https:\/\/mindthegraph.com\/blog\/wp-content\/uploads\/2020\/11\/captura-de-tela-2020-11-19-as-131025.png","type":"image\/png"}],"twitter_card":"summary_large_image","twitter_misc":{"Est. reading time":"2 minutes"},"schema":{"@context":"https:\/\/schema.org","@graph":[{"@type":"WebPage","@id":"https:\/\/mindthegraph.com\/blog\/sdr\/","url":"https:\/\/mindthegraph.com\/blog\/sdr\/","name":"SDR - Sales Development Representative - Mind the Graph Blog","isPartOf":{"@id":"https:\/\/mindthegraph.com\/blog\/#website"},"datePublished":"2021-07-22T04:18:16+00:00","dateModified":"2021-09-27T09:08:30+00:00","breadcrumb":{"@id":"https:\/\/mindthegraph.com\/blog\/sdr\/#breadcrumb"},"inLanguage":"lv","potentialAction":[{"@type":"ReadAction","target":["https:\/\/mindthegraph.com\/blog\/sdr\/"]}]},{"@type":"BreadcrumbList","@id":"https:\/\/mindthegraph.com\/blog\/sdr\/#breadcrumb","itemListElement":[{"@type":"ListItem","position":1,"name":"Home","item":"https:\/\/mindthegraph.com\/blog\/"},{"@type":"ListItem","position":2,"name":"SDR &#8211; Sales Development Representative"}]},{"@type":"WebSite","@id":"https:\/\/mindthegraph.com\/blog\/#website","url":"https:\/\/mindthegraph.com\/blog\/","name":"Mind the Graph Blog","description":"Your science can be beautiful!","potentialAction":[{"@type":"SearchAction","target":{"@type":"EntryPoint","urlTemplate":"https:\/\/mindthegraph.com\/blog\/?s={search_term_string}"},"query-input":"required name=search_term_string"}],"inLanguage":"lv"}]}},"_links":{"self":[{"href":"https:\/\/mindthegraph.com\/blog\/lv\/wp-json\/wp\/v2\/pages\/13185"}],"collection":[{"href":"https:\/\/mindthegraph.com\/blog\/lv\/wp-json\/wp\/v2\/pages"}],"about":[{"href":"https:\/\/mindthegraph.com\/blog\/lv\/wp-json\/wp\/v2\/types\/page"}],"author":[{"embeddable":true,"href":"https:\/\/mindthegraph.com\/blog\/lv\/wp-json\/wp\/v2\/users\/21"}],"replies":[{"embeddable":true,"href":"https:\/\/mindthegraph.com\/blog\/lv\/wp-json\/wp\/v2\/comments?post=13185"}],"version-history":[{"count":3,"href":"https:\/\/mindthegraph.com\/blog\/lv\/wp-json\/wp\/v2\/pages\/13185\/revisions"}],"predecessor-version":[{"id":13199,"href":"https:\/\/mindthegraph.com\/blog\/lv\/wp-json\/wp\/v2\/pages\/13185\/revisions\/13199"}],"wp:featuredmedia":[{"embeddable":true,"href":"https:\/\/mindthegraph.com\/blog\/lv\/wp-json\/wp\/v2\/media\/11948"}],"wp:attachment":[{"href":"https:\/\/mindthegraph.com\/blog\/lv\/wp-json\/wp\/v2\/media?parent=13185"}],"curies":[{"name":"wp","href":"https:\/\/api.w.org\/{rel}","templated":true}]}}