{"id":11890,"date":"2020-11-10T13:53:50","date_gmt":"2020-11-10T15:53:50","guid":{"rendered":"https:\/\/mindthegraph.com\/blog\/?page_id=11890"},"modified":"2020-11-19T14:14:04","modified_gmt":"2020-11-19T16:14:04","slug":"mkt-growth","status":"publish","type":"page","link":"https:\/\/mindthegraph.com\/blog\/lv\/mkt-growth\/","title":{"rendered":"MKT izaugsmes anal\u012bti\u0137is"},"content":{"rendered":"<div class=\"wp-block-button\"><a class=\"wp-block-button__link\" href=\"https:\/\/mindthegraph.com\/blog\/work-with-us\/\">Piesakies \u0161eit<\/a><\/div>\n\n\n\n<p>M\u0113s mekl\u0113jam jaunu m\u0101rketinga izaugsmes anal\u012bti\u0137i, kas pal\u012bdz\u0113tu palielin\u0101t datpl\u016bsmu un piesaist\u012bt kvalific\u0113tu auditoriju platformai, kas apkalpo vair\u0101k nek\u0101 400 000 zin\u0101tnisko un akad\u0113misko lietot\u0101ju vis\u0101 pasaul\u0113.<br><br><strong>Jums b\u016bs nepiecie\u0161ams:<\/strong><\/p>\n\n\n\n<ul><li>Labas zin\u0101\u0161anas par SEO, SEM, Google Analytics, atk\u0101rtotu m\u0101rketingu un A\/B test\u0113\u0161anu.<\/li><li>Izpratne par saite strat\u0113\u0123ijas procesu - iek\u0161\u0113j\u0101s un back-linking.<\/li><li>Atsl\u0113gv\u0101rdu izp\u0113tes, mekl\u0113\u0161anas algoritmu un ran\u017e\u0113\u0161anas strat\u0113\u0123iju eksperts<\/li><li>Sp\u0113ja \u012bstenot e-pasta m\u0101rketinga strat\u0113\u0123ijas<\/li><li>Google un Facebook rekl\u0101mu zin\u0101\u0161anas un izpilde<\/li><li>Sp\u0113c\u012bga orient\u0101cija uz INI<\/li><\/ul>\n\n\n\n<p><strong>Par Mind The Graph:<\/strong><br>M\u0113s esam vado\u0161\u0101 un pirm\u0101 infografiku veido\u0161anas platforma, kas paredz\u0113ta zin\u0101tniskiem un akad\u0113miskiem m\u0113r\u0137iem. Ar vair\u0101k nek\u0101 400 000 lietot\u0101ju, kas ik dienu mijiedarbojas ar mums, un to skaits strauji pieaug.<\/p>\n\n\n\n<figure class=\"wp-block-embed-youtube wp-block-embed is-type-video is-provider-youtube wp-embed-aspect-16-9 wp-has-aspect-ratio\"><div class=\"wp-block-embed__wrapper\">\n<iframe loading=\"lazy\" title=\"Mind the Graph - Zin\u0101tnes infografikas veidot\u0101js\" width=\"800\" height=\"450\" src=\"https:\/\/www.youtube.com\/embed\/tG-PmLzx6NA?feature=oembed\" frameborder=\"0\" allow=\"accelerometer; autoplay; clipboard-write; encrypted-media; gyroscope; picture-in-picture\" allowfullscreen><\/iframe>\n<\/div><\/figure>\n\n\n\n<p>Ko \u0161eit atrad\u012bsiet:<br>- 100% att\u0101lin\u0101ts uz\u0146\u0113mums, darbs no m\u0101j\u0101m <br>- Jauki cilv\u0113ki draudz\u012bg\u0101 darba vid\u0113;<br>- Augsti kvalific\u0113ta komanda, kas izvietota vis\u0101 pasaul\u0113;<br>- Konkur\u0113tsp\u0113j\u012bga alga;<br>- Pr\u0113mija par sniegumu katru ceturksni;<br>- Interneta kupons (m\u0113s apmaks\u0101jam j\u016bsu internetu)<br>- Ikm\u0113ne\u0161a labsaj\u016btas kupons (vingro\u0161ana, mas\u0101\u017ea, joga...)<br>- Ikm\u0113ne\u0161a p\u0101rtikas kupons (d\u0101viniet sev gardas malt\u012btes!)<br>- Svar\u012bgs amats, kas ir tie\u0161i pak\u013cauts daudzsolo\u0161a jaunuz\u0146\u0113muma izpilddirektoram;<br>- Galven\u0101 amata vieta ar svar\u012bgiem pien\u0101kumiem organiz\u0101cij\u0101;<br>- J\u016bsu profesion\u0101l\u0101s izaugsmes saska\u0146o\u0161ana ar jaunuz\u0146\u0113muma izaugsmi;<\/p>\n\n\n\n<div class=\"wp-block-button\"><a class=\"wp-block-button__link\" href=\"https:\/\/mindthegraph.com\/blog\/work-with-us\/\">Piesakies \u0161eit<\/a><\/div>\n\n\n\n<style>\n.is-provider-youtube .wp-block-embed__wrapper, .gutentim-admin-page-video{ height:auto !important; }\n<\/style>","protected":false},"excerpt":{"rendered":"<p>M\u0113s mekl\u0113jam jaunu m\u0101rketinga izaugsmes anal\u012bti\u0137i, kas pal\u012bdz\u0113tu palielin\u0101t datpl\u016bsmu un piesaist\u012bt kvalific\u0113tu auditoriju platformai, kas apkalpo vair\u0101k nek\u0101 400 000 zin\u0101tnisko un akad\u0113misko lietot\u0101ju vis\u0101 pasaul\u0113. Tev ir j\u0101b\u016bt: Labas zin\u0101\u0161anas par SEO, SEM, Google Analytics, atk\u0101rtotu m\u0101rketingu un A\/B test\u0113\u0161anu Izpratne par sai\u0161u strat\u0113\u0123ijas procesu - iek\u0161\u0113jo un [...]<\/p>","protected":false},"author":16,"featured_media":11948,"parent":0,"menu_order":0,"comment_status":"closed","ping_status":"closed","template":"","meta":[],"yoast_head":"<!-- This site is optimized with the Yoast SEO plugin v19.9 - https:\/\/yoast.com\/wordpress\/plugins\/seo\/ -->\n<title>MKT Growth Analyst - Mind the Graph Blog<\/title>\n<meta name=\"robots\" content=\"index, follow, max-snippet:-1, max-image-preview:large, max-video-preview:-1\" \/>\n<link rel=\"canonical\" href=\"https:\/\/mindthegraph.com\/blog\/lv\/mkt-growth\/\" \/>\n<meta property=\"og:locale\" content=\"lv_LV\" \/>\n<meta property=\"og:type\" content=\"article\" \/>\n<meta property=\"og:title\" content=\"MKT Growth Analyst - Mind the Graph Blog\" \/>\n<meta property=\"og:description\" content=\"We are looking for a fresh Marketing Growth analyst to help boost traffic and bring qualified audience to a platform serving more than 400,000 scientific and academic users around the world. You&#8217;ll need to have: Strong knowledge of SEO, SEM, Google Analytics, remarketing, and A\/B testing Understand the process of Link strategy \u2013 internal and [&hellip;]\" \/>\n<meta property=\"og:url\" content=\"https:\/\/mindthegraph.com\/blog\/lv\/mkt-growth\/\" \/>\n<meta property=\"og:site_name\" content=\"Mind the Graph Blog\" \/>\n<meta property=\"article:modified_time\" content=\"2020-11-19T16:14:04+00:00\" \/>\n<meta property=\"og:image\" content=\"https:\/\/mindthegraph.com\/blog\/wp-content\/uploads\/2020\/11\/captura-de-tela-2020-11-19-as-131025.png\" \/>\n\t<meta property=\"og:image:width\" content=\"620\" \/>\n\t<meta property=\"og:image:height\" content=\"56\" \/>\n\t<meta property=\"og:image:type\" content=\"image\/png\" \/>\n<meta name=\"twitter:card\" content=\"summary_large_image\" \/>\n<meta name=\"twitter:label1\" content=\"Est. reading time\" \/>\n\t<meta name=\"twitter:data1\" content=\"1 minute\" \/>\n<!-- \/ Yoast SEO plugin. -->","yoast_head_json":{"title":"MKT Growth Analyst - Mind the Graph Blog","robots":{"index":"index","follow":"follow","max-snippet":"max-snippet:-1","max-image-preview":"max-image-preview:large","max-video-preview":"max-video-preview:-1"},"canonical":"https:\/\/mindthegraph.com\/blog\/lv\/mkt-growth\/","og_locale":"lv_LV","og_type":"article","og_title":"MKT Growth Analyst - Mind the Graph Blog","og_description":"We are looking for a fresh Marketing Growth analyst to help boost traffic and bring qualified audience to a platform serving more than 400,000 scientific and academic users around the world. You&#8217;ll need to have: Strong knowledge of SEO, SEM, Google Analytics, remarketing, and A\/B testing Understand the process of Link strategy \u2013 internal and [&hellip;]","og_url":"https:\/\/mindthegraph.com\/blog\/lv\/mkt-growth\/","og_site_name":"Mind the Graph Blog","article_modified_time":"2020-11-19T16:14:04+00:00","og_image":[{"width":620,"height":56,"url":"https:\/\/mindthegraph.com\/blog\/wp-content\/uploads\/2020\/11\/captura-de-tela-2020-11-19-as-131025.png","type":"image\/png"}],"twitter_card":"summary_large_image","twitter_misc":{"Est. reading time":"1 minute"},"schema":{"@context":"https:\/\/schema.org","@graph":[{"@type":"WebPage","@id":"https:\/\/mindthegraph.com\/blog\/mkt-growth\/","url":"https:\/\/mindthegraph.com\/blog\/mkt-growth\/","name":"MKT Growth Analyst - Mind the Graph Blog","isPartOf":{"@id":"https:\/\/mindthegraph.com\/blog\/#website"},"datePublished":"2020-11-10T15:53:50+00:00","dateModified":"2020-11-19T16:14:04+00:00","breadcrumb":{"@id":"https:\/\/mindthegraph.com\/blog\/mkt-growth\/#breadcrumb"},"inLanguage":"lv","potentialAction":[{"@type":"ReadAction","target":["https:\/\/mindthegraph.com\/blog\/mkt-growth\/"]}]},{"@type":"BreadcrumbList","@id":"https:\/\/mindthegraph.com\/blog\/mkt-growth\/#breadcrumb","itemListElement":[{"@type":"ListItem","position":1,"name":"Home","item":"https:\/\/mindthegraph.com\/blog\/"},{"@type":"ListItem","position":2,"name":"MKT Growth Analyst"}]},{"@type":"WebSite","@id":"https:\/\/mindthegraph.com\/blog\/#website","url":"https:\/\/mindthegraph.com\/blog\/","name":"Mind the Graph Blog","description":"Your science can be beautiful!","potentialAction":[{"@type":"SearchAction","target":{"@type":"EntryPoint","urlTemplate":"https:\/\/mindthegraph.com\/blog\/?s={search_term_string}"},"query-input":"required name=search_term_string"}],"inLanguage":"lv"}]}},"_links":{"self":[{"href":"https:\/\/mindthegraph.com\/blog\/lv\/wp-json\/wp\/v2\/pages\/11890"}],"collection":[{"href":"https:\/\/mindthegraph.com\/blog\/lv\/wp-json\/wp\/v2\/pages"}],"about":[{"href":"https:\/\/mindthegraph.com\/blog\/lv\/wp-json\/wp\/v2\/types\/page"}],"author":[{"embeddable":true,"href":"https:\/\/mindthegraph.com\/blog\/lv\/wp-json\/wp\/v2\/users\/16"}],"replies":[{"embeddable":true,"href":"https:\/\/mindthegraph.com\/blog\/lv\/wp-json\/wp\/v2\/comments?post=11890"}],"version-history":[{"count":8,"href":"https:\/\/mindthegraph.com\/blog\/lv\/wp-json\/wp\/v2\/pages\/11890\/revisions"}],"predecessor-version":[{"id":11938,"href":"https:\/\/mindthegraph.com\/blog\/lv\/wp-json\/wp\/v2\/pages\/11890\/revisions\/11938"}],"wp:featuredmedia":[{"embeddable":true,"href":"https:\/\/mindthegraph.com\/blog\/lv\/wp-json\/wp\/v2\/media\/11948"}],"wp:attachment":[{"href":"https:\/\/mindthegraph.com\/blog\/lv\/wp-json\/wp\/v2\/media?parent=11890"}],"curies":[{"name":"wp","href":"https:\/\/api.w.org\/{rel}","templated":true}]}}