{"id":14643,"date":"2021-09-27T01:49:01","date_gmt":"2021-09-27T04:49:01","guid":{"rendered":"https:\/\/mindthegraph.com\/blog\/jobs\/mkt-growth-copy\/"},"modified":"2022-06-07T19:15:22","modified_gmt":"2022-06-07T22:15:22","slug":"full-stack-developer","status":"publish","type":"page","link":"https:\/\/mindthegraph.com\/blog\/lt\/pilno-paketo-kurejas\/","title":{"rendered":"Viso kamino k\u016br\u0117jas"},"content":{"rendered":"<div class=\"wp-block-button\"><a class=\"wp-block-button__link\" href=\"https:\/\/mindthegraph.com\/blog\/work-with-us\/\">Kandidatuokite \u010dia<\/a><\/div>\n\n\n\n<p>Ar m\u0117gstate moksl\u0105? Mums patinka!<\/p>\n\n\n\n<p>Ie\u0161kome nauj\u0173 \u017emoni\u0173, kurie prisijungt\u0173 prie m\u016bs\u0173 meninink\u0173, k\u016br\u0117j\u0173 ir verslinink\u0173, aistringai besidomin\u010di\u0173 mokslu, komandos.<\/p>\n\n\n\n<p><strong>Apie Mind the Graph<\/strong><\/p>\n\n\n\n<p>Mind the Graph yra CACTUS sprendim\u0173 rinkinio dalis.<\/p>\n\n\n\n<p>Esame pirmaujanti ir pirmoji infografik\u0173 k\u016brimo platforma, skirta moksliniams ir akademiniams tikslams. Su mumis kasdien bendrauja daugiau nei 400 000 naudotoj\u0173, o j\u0173 skai\u010dius spar\u010diai auga.<\/p>\n\n\n\n<p>Esame nedidel\u0117, labai motyvuota komanda, gerbianti ir vertinanti vienas kito darb\u0105. Dirbame visi\u0161kai nuotoliniu b\u016bdu, o subrendusi komanda dirba savaranki\u0161kai ir nepriklausomai.<\/p>\n\n\n\n<figure class=\"wp-block-embed is-type-video is-provider-youtube wp-block-embed-youtube wp-embed-aspect-16-9 wp-has-aspect-ratio\"><div class=\"wp-block-embed__wrapper\">\n<iframe loading=\"lazy\" title=\"Mind the Graph - Mokslo infografikos k\u016br\u0117jas\" width=\"800\" height=\"450\" src=\"https:\/\/www.youtube.com\/embed\/tG-PmLzx6NA?feature=oembed\" frameborder=\"0\" allow=\"accelerometer; autoplay; clipboard-write; encrypted-media; gyroscope; picture-in-picture\" allowfullscreen><\/iframe>\n<\/div><\/figure>\n\n\n\n<p>Turime nauj\u0105 darbo galimyb\u0119: <strong>Viso kamino k\u016br\u0117jas<\/strong>.<\/p>\n\n\n\n<p>B\u016bdamas pilno paketo k\u016br\u0117jas, tur\u0117tum\u0117te gerai i\u0161manyti tiek front-end, tiek back-end kodavimo kalbas, k\u016brimo sistemas ir tre\u010di\u0173j\u0173 \u0161ali\u0173 bibliotekas. Taip pat tur\u0117tum\u0117te b\u016bti komandos \u017eaid\u0117jas, turintis polink\u012f \u012f vizualin\u012f dizain\u0105 ir naudingum\u0105.<\/p>\n\n\n\n<p><strong>Pagrindin\u0117 veikla<\/strong><\/p>\n\n\n\n<ul><li>Dalyvavimas projektuojant ir kuriant kei\u010diamo dyd\u017eio programin\u0119 \u012frang\u0105.<\/li><li>\u0160varaus ir funkcionalaus kodo ra\u0161ymas priekin\u0117je ir galin\u0117je dalyje.<\/li><li>Klaid\u0173 ir kit\u0173 kodavimo problem\u0173 testavimas ir taisymas.<\/li><li>Bendradarbiaukite su k\u016br\u0117j\u0173 komanda ir produkt\u0173 vadybininku kurdami programin\u0117s \u012frangos sprendimus.<\/li><li>Sukurti kliento ir serverio architekt\u016br\u0105.<\/li><li>Kurkite program\u0173 priekin\u0119 dal\u012f, naudodami patraukl\u0173 vizualin\u012f dizain\u0105.<\/li><li>Kurti ir valdyti gerai veikian\u010dias duomen\u0173 bazes ir programas.<\/li><li>\u0161alinti gedimus, derinti ir atnaujinti programin\u0119 \u012frang\u0105.<\/li><li>Sukurkite saugumo ir duomen\u0173 apsaugos nustatymus.<\/li><li>Ra\u0161ykite technin\u0119 dokumentacij\u0105.<\/li><li>Bendradarbiaukite su duomen\u0173 mokslininkais ir analitikais, kad patobulintum\u0117te programin\u0119 \u012frang\u0105.<\/li><\/ul>\n\n\n\n<p><strong>Darbo reikalavimai<\/strong><\/p>\n\n\n\n<ul><li>Bent 5 met\u0173 programuotojo profesin\u0117 patirtis.<\/li><li>Susipa\u017einimas su keliomis front-end ir back-end kalbomis, bibliotekomis ir karkasais.<\/li><li>MySQL duomen\u0173 baz\u0117s projektavimas ir valdymas.<\/li><li>\u017dinoti naujausi\u0105 geriausi\u0105 k\u016brimo praktik\u0105<\/li><li>Gerai i\u0161manyti naudotoj\u0173 patirt\u012f ir, galb\u016bt, produkt\u0173 strategij\u0105.<\/li><li>Patirtis \u012fgyvendinant testavimo platformas ir vienetinius testus.<\/li><li>\"Git\" naudojimo \u012fg\u016bd\u017eiai.<\/li><li>Vertinate \u0161var\u0173 ir gerai dokumentuot\u0105 kod\u0105.<\/li><li>Savo darbo viet\u0105.<\/li><\/ul>\n\n\n\n<p><strong>Pageidaujamos kvalifikacijos<\/strong><\/p>\n\n\n\n<ul><li>Laisvai kalb\u0117ti ir ra\u0161yti angli\u0161kai.<\/li><li>\u012erodyta patirtis dirbant \"Full Stack\" programuotoju ar pana\u0161aus vaidmens atlik\u0117ju.<\/li><li>Puik\u016bs bendravimo ir komandinio darbo \u012fg\u016bd\u017eiai.<\/li><li>Didelis d\u0117mesys detal\u0117ms.<\/li><li>Organizaciniai \u012fg\u016bd\u017eiai.<\/li><li>Analitinis protas.<\/li><li>Informatikos, statistikos ar atitinkamos srities i\u0161silavinimas.<\/li><\/ul>\n\n\n\n<p><strong>M\u016bs\u0173 \"Workspace Core Stack<\/strong><\/p>\n\n\n\n<ul><li>JavaScript: biblioteka Fabric.js<\/li><li>PHP: PHP: CodeIgniter Framework<\/li><li>Node.js: NestJS sistema<\/li><li>\"MySQL\".<\/li><\/ul>\n\n\n\n<p><strong>K\u0105 \u010dia rasite<\/strong><\/p>\n\n\n\n<ul><li>100% nuotolin\u0117 \u012fmon\u0117.<\/li><li>Malon\u016bs \u017emon\u0117s draugi\u0161koje darbo aplinkoje.<\/li><li>Auk\u0161tos kvalifikacijos darbuotoj\u0173 komanda dirba visame pasaulyje.<\/li><li>Konkurencingas atlyginimas, mokamas JAV doleriais.<\/li><li>Tapkite pasaulinio masto \u012fmon\u0117s dalimi.<\/li><li>Svarbios pareigos, tiesiogiai pavald\u017eios perspektyvios startuol\u0117s generaliniam direktoriui.<\/li><li>Pagrindin\u0117 vieta, u\u017eimanti svarbias pareigas organizacijoje.<\/li><li>J\u016bs\u0173 profesinio augimo suderinimas su startuolio augimu.<\/li><\/ul>\n\n\n\n<p>Ar susitapatinote su \u0161iuo darbu?&nbsp;<\/p>\n\n\n\n<p>Taigi pateikite parai\u0161k\u0105 ir prisijunkite prie komandos!<\/p>\n\n\n\n<div class=\"wp-block-button\"><a class=\"wp-block-button__link\" href=\"https:\/\/mindthegraph.com\/blog\/work-with-us\/\">Kandidatuokite \u010dia<\/a><\/div>\n\n\n\n<style>\n.is-provider-youtube .wp-block-embed__wrapper, .gutentim-admin-page-video{ height:auto !important; }\n<\/style>","protected":false},"excerpt":{"rendered":"<p>Ar m\u0117gstate moksl\u0105? Mums patinka! Ie\u0161kome nauj\u0173 \u017emoni\u0173, kurie prisijungt\u0173 prie m\u016bs\u0173 meninink\u0173, k\u016br\u0117j\u0173 ir verslinink\u0173, aistringai besidomin\u010di\u0173 mokslu, komandos. Apie Mind the Graph Mind the Graph yra CACTUS sprendim\u0173 rinkinio dalis. Esame pirmaujanti ir pirmoji infografik\u0173 k\u016brimo platforma, skirta mokslo ir akademinei [...]<\/p>","protected":false},"author":21,"featured_media":11948,"parent":0,"menu_order":0,"comment_status":"closed","ping_status":"closed","template":"","meta":[],"yoast_head":"<!-- This site is optimized with the Yoast SEO plugin v19.9 - https:\/\/yoast.com\/wordpress\/plugins\/seo\/ -->\n<title>Full Stack Developer - Mind the Graph Blog<\/title>\n<meta name=\"robots\" content=\"index, follow, max-snippet:-1, max-image-preview:large, max-video-preview:-1\" \/>\n<link rel=\"canonical\" href=\"https:\/\/mindthegraph.com\/blog\/lt\/sviluppatore-completo\/\" \/>\n<meta property=\"og:locale\" content=\"lt_LT\" \/>\n<meta property=\"og:type\" content=\"article\" \/>\n<meta property=\"og:title\" content=\"Full Stack Developer - Mind the Graph Blog\" \/>\n<meta property=\"og:description\" content=\"Do you love science? We do! We are looking for new people to join our team of artists, developers, and entrepreneurs, all passionate about science. About Mind the Graph Mind the Graph is a part of the CACTUS suite of solutions. We are the leading and first infographic maker platform focused on scientific and academic [&hellip;]\" \/>\n<meta property=\"og:url\" content=\"https:\/\/mindthegraph.com\/blog\/lt\/sviluppatore-completo\/\" \/>\n<meta property=\"og:site_name\" content=\"Mind the Graph Blog\" \/>\n<meta property=\"article:modified_time\" content=\"2022-06-07T22:15:22+00:00\" \/>\n<meta property=\"og:image\" content=\"https:\/\/mindthegraph.com\/blog\/wp-content\/uploads\/2020\/11\/captura-de-tela-2020-11-19-as-131025.png\" \/>\n\t<meta property=\"og:image:width\" content=\"620\" \/>\n\t<meta property=\"og:image:height\" content=\"56\" \/>\n\t<meta property=\"og:image:type\" content=\"image\/png\" \/>\n<meta name=\"twitter:card\" content=\"summary_large_image\" \/>\n<meta name=\"twitter:label1\" content=\"Est. reading time\" \/>\n\t<meta name=\"twitter:data1\" content=\"2 minutes\" \/>\n<!-- \/ Yoast SEO plugin. -->","yoast_head_json":{"title":"Full Stack Developer - Mind the Graph Blog","robots":{"index":"index","follow":"follow","max-snippet":"max-snippet:-1","max-image-preview":"max-image-preview:large","max-video-preview":"max-video-preview:-1"},"canonical":"https:\/\/mindthegraph.com\/blog\/lt\/sviluppatore-completo\/","og_locale":"lt_LT","og_type":"article","og_title":"Full Stack Developer - Mind the Graph Blog","og_description":"Do you love science? We do! We are looking for new people to join our team of artists, developers, and entrepreneurs, all passionate about science. About Mind the Graph Mind the Graph is a part of the CACTUS suite of solutions. We are the leading and first infographic maker platform focused on scientific and academic [&hellip;]","og_url":"https:\/\/mindthegraph.com\/blog\/lt\/sviluppatore-completo\/","og_site_name":"Mind the Graph Blog","article_modified_time":"2022-06-07T22:15:22+00:00","og_image":[{"width":620,"height":56,"url":"https:\/\/mindthegraph.com\/blog\/wp-content\/uploads\/2020\/11\/captura-de-tela-2020-11-19-as-131025.png","type":"image\/png"}],"twitter_card":"summary_large_image","twitter_misc":{"Est. reading time":"2 minutes"},"schema":{"@context":"https:\/\/schema.org","@graph":[{"@type":"WebPage","@id":"https:\/\/mindthegraph.com\/blog\/it\/sviluppatore-completo\/","url":"https:\/\/mindthegraph.com\/blog\/it\/sviluppatore-completo\/","name":"Full Stack Developer - Mind the Graph Blog","isPartOf":{"@id":"https:\/\/mindthegraph.com\/blog\/#website"},"datePublished":"2021-09-27T04:49:01+00:00","dateModified":"2022-06-07T22:15:22+00:00","breadcrumb":{"@id":"https:\/\/mindthegraph.com\/blog\/it\/sviluppatore-completo\/#breadcrumb"},"inLanguage":"lt-LT","potentialAction":[{"@type":"ReadAction","target":["https:\/\/mindthegraph.com\/blog\/it\/sviluppatore-completo\/"]}]},{"@type":"BreadcrumbList","@id":"https:\/\/mindthegraph.com\/blog\/it\/sviluppatore-completo\/#breadcrumb","itemListElement":[{"@type":"ListItem","position":1,"name":"Home","item":"https:\/\/mindthegraph.com\/blog\/"},{"@type":"ListItem","position":2,"name":"Full Stack Developer"}]},{"@type":"WebSite","@id":"https:\/\/mindthegraph.com\/blog\/#website","url":"https:\/\/mindthegraph.com\/blog\/","name":"Mind the Graph Blog","description":"Your science can be beautiful!","potentialAction":[{"@type":"SearchAction","target":{"@type":"EntryPoint","urlTemplate":"https:\/\/mindthegraph.com\/blog\/?s={search_term_string}"},"query-input":"required name=search_term_string"}],"inLanguage":"lt-LT"}]}},"_links":{"self":[{"href":"https:\/\/mindthegraph.com\/blog\/lt\/wp-json\/wp\/v2\/pages\/14643"}],"collection":[{"href":"https:\/\/mindthegraph.com\/blog\/lt\/wp-json\/wp\/v2\/pages"}],"about":[{"href":"https:\/\/mindthegraph.com\/blog\/lt\/wp-json\/wp\/v2\/types\/page"}],"author":[{"embeddable":true,"href":"https:\/\/mindthegraph.com\/blog\/lt\/wp-json\/wp\/v2\/users\/21"}],"replies":[{"embeddable":true,"href":"https:\/\/mindthegraph.com\/blog\/lt\/wp-json\/wp\/v2\/comments?post=14643"}],"version-history":[{"count":4,"href":"https:\/\/mindthegraph.com\/blog\/lt\/wp-json\/wp\/v2\/pages\/14643\/revisions"}],"predecessor-version":[{"id":15901,"href":"https:\/\/mindthegraph.com\/blog\/lt\/wp-json\/wp\/v2\/pages\/14643\/revisions\/15901"}],"wp:featuredmedia":[{"embeddable":true,"href":"https:\/\/mindthegraph.com\/blog\/lt\/wp-json\/wp\/v2\/media\/11948"}],"wp:attachment":[{"href":"https:\/\/mindthegraph.com\/blog\/lt\/wp-json\/wp\/v2\/media?parent=14643"}],"curies":[{"name":"wp","href":"https:\/\/api.w.org\/{rel}","templated":true}]}}