{"id":13191,"date":"2021-07-22T01:33:20","date_gmt":"2021-07-22T04:33:20","guid":{"rendered":"https:\/\/mindthegraph.com\/blog\/jobs\/sdr-copy\/"},"modified":"2021-07-22T14:03:34","modified_gmt":"2021-07-22T17:03:34","slug":"sales-mkt","status":"publish","type":"page","link":"https:\/\/mindthegraph.com\/blog\/lt\/pardavimu-rinka\/","title":{"rendered":"Pardavimai ir rinkodara"},"content":{"rendered":"<p>Ar m\u0117gstate moksl\u0105? Mums patinka!<\/p>\n\n\n\n<p>Ie\u0161kome nauj\u0173 \u017emoni\u0173, kurie prisijungt\u0173 prie m\u016bs\u0173 meninink\u0173, k\u016br\u0117j\u0173 ir verslinink\u0173, aistringai besidomin\u010di\u0173 mokslu, komandos.<\/p>\n\n\n\n<p>Turime nauj\u0105 darbo galimyb\u0119: <strong>Pardavimai ir rinkodara<\/strong>.<\/p>\n\n\n\n<p><strong>Pagrindin\u0117 veikla<\/strong><\/p>\n\n\n\n<ul><li>Tyrin\u0117ti ir pl\u0117toti rinkodar\u0105, suprasti vartotoj\u0173 reikalavimus, nustatyti rinkos tendencijas ir si\u016blyti patobulinimus, kad b\u016bt\u0173 pasiekti \u012fmon\u0117s rinkodaros ir pardavimo tikslai.<\/li><li>Palaikyti santykius su svarbiais klientais ir potencialiais klientais, reguliariai palaikant ry\u0161ius, suprantant j\u0173 poreikius ir numatant naujas rinkodaros galimybes.<\/li><li>Valdykite pardavim\u0173 vamzdyn\u0105, nuo nauj\u0173 potenciali\u0173 klient\u0173 paie\u0161kos iki pardavim\u0173 u\u017ebaigimo.<\/li><li>Sukurkite ir \u012fgyvendinkite strategijas, skirtas padidinti pardavim\u0173 bilietus m\u016bs\u0173 pagrindin\u0117je baz\u0117je.<\/li><li>Vykdykite pardavimo ir rinkodaros kampanijas. Glaud\u017eiai bendradarbiaukite su klient\u0173 s\u0117km\u0117s ir reklamos komandomis.<\/li><li>Rinkite ir analizuokite duomenis, kad gal\u0117tum\u0117te vadovautis i\u0161matuojamais rodikliais.<\/li><li>esam\u0173 bendrov\u0117s preki\u0173 \u017eenkl\u0173 populiarinimas ir nauj\u0173 produkt\u0173 pateikimas rinkai.<\/li><li>Pad\u0117ti kurti ir \u012fgyvendinti pardavimo ir rinkodaros med\u017eiag\u0105.<\/li><li>Prisid\u0117kite prie kit\u0173 klient\u0173 pritraukimo ir klient\u0173 pritraukimo veikl\u0173.<\/li><li>Daugiausia d\u0117mesio skirkite pardavimams, s\u0105skait\u0173 atnaujinimui ir paslaug\u0173 pardavimui. <\/li><\/ul>\n\n\n\n<p><\/p>\n\n\n\n<p><strong>Darbo reikalavimai<\/strong><\/p>\n\n\n\n<ul><li>Laisvai kalb\u0117ti ir ra\u0161yti angli\u0161kai.<\/li><li>Praktin\u0117 patirtis kuriant kampanijas ir akcijas.<\/li><li>Puik\u016bs bendravimo, tarpasmeninio bendravimo ir klient\u0173 aptarnavimo \u012fg\u016bd\u017eiai.<\/li><li>Didelis noras ir geb\u0117jimas pad\u0117ti organizacijai didinti pardavimus.<\/li><li>Nuosava darbo vieta.<\/li><\/ul>\n\n\n\n<p><\/p>\n\n\n\n<p><strong>Pageidaujamos kvalifikacijos<\/strong><\/p>\n\n\n\n<ul><li>Gali dirbti Ryt\u0173 laiko zonoje.<\/li><li>\"ZenDesk\" ir \"RD Station\" \u012franki\u0173 i\u0161manymas.<\/li><li>Ankstesn\u0117 pardavim\u0173 pl\u0117tros atstovo patirtis.<\/li><\/ul>\n\n\n\n<p><\/p>\n\n\n\n<p><strong>Apie \"Mind The Graph<\/strong><br>Esame pirmaujanti ir pirmoji infografik\u0173 k\u016brimo platforma, skirta moksliniams ir akademiniams tikslams. Su mumis kasdien bendrauja daugiau nei 400 000 naudotoj\u0173 ir j\u0173 skai\u010dius spar\u010diai auga.<\/p>\n\n\n\n<figure class=\"wp-block-embed is-type-video is-provider-youtube wp-block-embed-youtube wp-embed-aspect-16-9 wp-has-aspect-ratio\"><div class=\"wp-block-embed__wrapper\">\n<iframe loading=\"lazy\" title=\"Mind the Graph - Mokslo infografikos k\u016br\u0117jas\" width=\"800\" height=\"450\" src=\"https:\/\/www.youtube.com\/embed\/tG-PmLzx6NA?feature=oembed\" frameborder=\"0\" allow=\"accelerometer; autoplay; clipboard-write; encrypted-media; gyroscope; picture-in-picture\" allowfullscreen><\/iframe>\n<\/div><\/figure>\n\n\n\n<p><strong>K\u0105 \u010dia rasite<\/strong><\/p>\n\n\n\n<ul><li>100% nuotolin\u0117 \u012fmon\u0117, darbas i\u0161 nam\u0173. <\/li><li>Malon\u016bs \u017emon\u0117s draugi\u0161koje darbo aplinkoje.<\/li><li>Auk\u0161tos kvalifikacijos darbuotoj\u0173 komanda dirba visame pasaulyje.<\/li><li>Konkurencingas atlyginimas.<\/li><li>Premijos u\u017e darbo rezultatus kiekvien\u0105 ketvirt\u012f.<\/li><li>interneto kuponas (mes mokame u\u017e j\u016bs\u0173 internet\u0105).<\/li><li>M\u0117nesinis geros savijautos kuponas (mank\u0161ta, masa\u017eas, joga...).<\/li><li>M\u0117nesinis maisto kuponas (padovanokite sau skani\u0173 patiekal\u0173!).<\/li><li>Svarbios pareigos, tiesiogiai pavald\u017eios perspektyvios startuol\u0117s generaliniam direktoriui.<\/li><li>Pagrindin\u0117 vieta, u\u017eimanti svarbias pareigas organizacijoje.<\/li><li>J\u016bs\u0173 profesinio augimo suderinimas su startuolio augimu.<\/li><\/ul>\n\n\n\n<p>Esame nedidel\u0117, labai motyvuota komanda, gerbianti ir vertinanti vienas kito darb\u0105. Dirbame visi\u0161kai nuotoliniu b\u016bdu, o subrendusi komanda dirba savaranki\u0161kai ir nepriklausomai.<\/p>\n\n\n\n<p>Ar susitapatinote su \u0161iuo darbu? Prisijunkite prie komandos!<\/p>\n\n\n\n<div class=\"wp-block-button\"><a class=\"wp-block-button__link\" href=\"https:\/\/mindthegraph.com\/blog\/work-with-us\/\">Kandidatuokite \u010dia<\/a><\/div>\n\n\n\n<style>\n.is-provider-youtube .wp-block-embed__wrapper, .gutentim-admin-page-video{ height:auto !important; }\n<\/style>","protected":false},"excerpt":{"rendered":"<p>Ar m\u0117gstate moksl\u0105? Mums patinka! Ie\u0161kome nauj\u0173 \u017emoni\u0173, kurie prisijungt\u0173 prie m\u016bs\u0173 meninink\u0173, k\u016br\u0117j\u0173 ir verslinink\u0173, aistringai besidomin\u010di\u0173 mokslu, komandos. Turime nauj\u0105 darbo pasi\u016blym\u0105: Pardavimai ir rinkodara. Pagrindin\u0117s veiklos sritys Rinkodaros tyrimai ir pl\u0117tra, vartotoj\u0173 poreiki\u0173 supratimas, rinkos tendencij\u0173 nustatymas ir tobulinimo pasi\u016blym\u0173 teikimas siekiant \u012fgyvendinti \u012fmon\u0117s rinkodaros ir [...]<\/p>","protected":false},"author":21,"featured_media":11948,"parent":0,"menu_order":0,"comment_status":"closed","ping_status":"closed","template":"","meta":[],"yoast_head":"<!-- This site is optimized with the Yoast SEO plugin v19.9 - https:\/\/yoast.com\/wordpress\/plugins\/seo\/ -->\n<title>Sales &amp; Marketing - Mind the Graph Blog<\/title>\n<meta name=\"robots\" content=\"index, follow, max-snippet:-1, max-image-preview:large, max-video-preview:-1\" \/>\n<link rel=\"canonical\" href=\"https:\/\/mindthegraph.com\/blog\/lt\/satis-mkt\/\" \/>\n<meta property=\"og:locale\" content=\"lt_LT\" \/>\n<meta property=\"og:type\" content=\"article\" \/>\n<meta property=\"og:title\" content=\"Sales &amp; Marketing - Mind the Graph Blog\" \/>\n<meta property=\"og:description\" content=\"Do you love science? We do! We are looking for new people to join our team of artists, developers, and entrepreneurs, all passionate about science. We have a new job opportunity: Sales &amp; Marketing. Main Activities Researching and developing marketing, understanding consumer requirements, identifying market trends, and suggesting improvements to achieve the company&#8217;s marketing and [&hellip;]\" \/>\n<meta property=\"og:url\" content=\"https:\/\/mindthegraph.com\/blog\/lt\/satis-mkt\/\" \/>\n<meta property=\"og:site_name\" content=\"Mind the Graph Blog\" \/>\n<meta property=\"article:modified_time\" content=\"2021-07-22T17:03:34+00:00\" \/>\n<meta property=\"og:image\" content=\"https:\/\/mindthegraph.com\/blog\/wp-content\/uploads\/2020\/11\/captura-de-tela-2020-11-19-as-131025.png\" \/>\n\t<meta property=\"og:image:width\" content=\"620\" \/>\n\t<meta property=\"og:image:height\" content=\"56\" \/>\n\t<meta property=\"og:image:type\" content=\"image\/png\" \/>\n<meta name=\"twitter:card\" content=\"summary_large_image\" \/>\n<meta name=\"twitter:label1\" content=\"Est. reading time\" \/>\n\t<meta name=\"twitter:data1\" content=\"2 minutes\" \/>\n<!-- \/ Yoast SEO plugin. -->","yoast_head_json":{"title":"Sales & Marketing - Mind the Graph Blog","robots":{"index":"index","follow":"follow","max-snippet":"max-snippet:-1","max-image-preview":"max-image-preview:large","max-video-preview":"max-video-preview:-1"},"canonical":"https:\/\/mindthegraph.com\/blog\/lt\/satis-mkt\/","og_locale":"lt_LT","og_type":"article","og_title":"Sales & Marketing - Mind the Graph Blog","og_description":"Do you love science? We do! We are looking for new people to join our team of artists, developers, and entrepreneurs, all passionate about science. We have a new job opportunity: Sales &amp; Marketing. Main Activities Researching and developing marketing, understanding consumer requirements, identifying market trends, and suggesting improvements to achieve the company&#8217;s marketing and [&hellip;]","og_url":"https:\/\/mindthegraph.com\/blog\/lt\/satis-mkt\/","og_site_name":"Mind the Graph Blog","article_modified_time":"2021-07-22T17:03:34+00:00","og_image":[{"width":620,"height":56,"url":"https:\/\/mindthegraph.com\/blog\/wp-content\/uploads\/2020\/11\/captura-de-tela-2020-11-19-as-131025.png","type":"image\/png"}],"twitter_card":"summary_large_image","twitter_misc":{"Est. reading time":"2 minutes"},"schema":{"@context":"https:\/\/schema.org","@graph":[{"@type":"WebPage","@id":"https:\/\/mindthegraph.com\/blog\/tr\/satis-mkt\/","url":"https:\/\/mindthegraph.com\/blog\/tr\/satis-mkt\/","name":"Sales & Marketing - Mind the Graph Blog","isPartOf":{"@id":"https:\/\/mindthegraph.com\/blog\/#website"},"datePublished":"2021-07-22T04:33:20+00:00","dateModified":"2021-07-22T17:03:34+00:00","breadcrumb":{"@id":"https:\/\/mindthegraph.com\/blog\/tr\/satis-mkt\/#breadcrumb"},"inLanguage":"lt-LT","potentialAction":[{"@type":"ReadAction","target":["https:\/\/mindthegraph.com\/blog\/tr\/satis-mkt\/"]}]},{"@type":"BreadcrumbList","@id":"https:\/\/mindthegraph.com\/blog\/tr\/satis-mkt\/#breadcrumb","itemListElement":[{"@type":"ListItem","position":1,"name":"Home","item":"https:\/\/mindthegraph.com\/blog\/"},{"@type":"ListItem","position":2,"name":"Sales &#038; Marketing"}]},{"@type":"WebSite","@id":"https:\/\/mindthegraph.com\/blog\/#website","url":"https:\/\/mindthegraph.com\/blog\/","name":"Mind the Graph Blog","description":"Your science can be beautiful!","potentialAction":[{"@type":"SearchAction","target":{"@type":"EntryPoint","urlTemplate":"https:\/\/mindthegraph.com\/blog\/?s={search_term_string}"},"query-input":"required name=search_term_string"}],"inLanguage":"lt-LT"}]}},"_links":{"self":[{"href":"https:\/\/mindthegraph.com\/blog\/lt\/wp-json\/wp\/v2\/pages\/13191"}],"collection":[{"href":"https:\/\/mindthegraph.com\/blog\/lt\/wp-json\/wp\/v2\/pages"}],"about":[{"href":"https:\/\/mindthegraph.com\/blog\/lt\/wp-json\/wp\/v2\/types\/page"}],"author":[{"embeddable":true,"href":"https:\/\/mindthegraph.com\/blog\/lt\/wp-json\/wp\/v2\/users\/21"}],"replies":[{"embeddable":true,"href":"https:\/\/mindthegraph.com\/blog\/lt\/wp-json\/wp\/v2\/comments?post=13191"}],"version-history":[{"count":4,"href":"https:\/\/mindthegraph.com\/blog\/lt\/wp-json\/wp\/v2\/pages\/13191\/revisions"}],"predecessor-version":[{"id":13197,"href":"https:\/\/mindthegraph.com\/blog\/lt\/wp-json\/wp\/v2\/pages\/13191\/revisions\/13197"}],"wp:featuredmedia":[{"embeddable":true,"href":"https:\/\/mindthegraph.com\/blog\/lt\/wp-json\/wp\/v2\/media\/11948"}],"wp:attachment":[{"href":"https:\/\/mindthegraph.com\/blog\/lt\/wp-json\/wp\/v2\/media?parent=13191"}],"curies":[{"name":"wp","href":"https:\/\/api.w.org\/{rel}","templated":true}]}}