{"id":11890,"date":"2020-11-10T13:53:50","date_gmt":"2020-11-10T15:53:50","guid":{"rendered":"https:\/\/mindthegraph.com\/blog\/?page_id=11890"},"modified":"2020-11-19T14:14:04","modified_gmt":"2020-11-19T16:14:04","slug":"mkt-growth","status":"publish","type":"page","link":"https:\/\/mindthegraph.com\/blog\/lt\/mkt-augimas\/","title":{"rendered":"MKT augimo analitikas"},"content":{"rendered":"<div class=\"wp-block-button\"><a class=\"wp-block-button__link\" href=\"https:\/\/mindthegraph.com\/blog\/work-with-us\/\">Kandidatuokite \u010dia<\/a><\/div>\n\n\n\n<p>Ie\u0161kome naujo rinkodaros augimo analitiko, kuris pad\u0117t\u0173 padidinti sraut\u0105 ir pritraukti kvalifikuot\u0105 auditorij\u0105 \u012f platform\u0105, aptarnaujan\u010di\u0105 daugiau nei 400 000 mokslini\u0173 ir akademini\u0173 naudotoj\u0173 visame pasaulyje.<br><br><strong>Jums reikia tur\u0117ti:<\/strong><\/p>\n\n\n\n<ul><li>Geros SEO, SEM, \"Google Analytics\", pakartotin\u0117s rinkodaros ir A\/B testavimo \u017einios<\/li><li>Suprasti nuorod\u0173 strategijos proces\u0105 - vidin\u0117s ir atgalin\u0117s nuorodos<\/li><li>Raktini\u0173 \u017eod\u017ei\u0173 tyrim\u0173, paie\u0161kos algoritm\u0173 ir reitingavimo strategij\u0173 ekspertas<\/li><li>Geb\u0117jimas vykdyti el. pa\u0161to rinkodaros strategijas<\/li><li>\u017dinios apie \"Google\" ir \"Facebook\" skelbimus ir j\u0173 vykdymas<\/li><li>Didel\u0117 orientacija \u012f investicij\u0173 gr\u0105\u017e\u0105<\/li><\/ul>\n\n\n\n<p><strong>Apie \"Mind The Graph\":<\/strong><br>Esame pirmaujanti ir pirmoji infografik\u0173 k\u016brimo platforma, skirta moksliniams ir akademiniams tikslams. Su mumis kasdien bendrauja daugiau nei 400 000 naudotoj\u0173 ir j\u0173 skai\u010dius spar\u010diai auga.<\/p>\n\n\n\n<figure class=\"wp-block-embed-youtube wp-block-embed is-type-video is-provider-youtube wp-embed-aspect-16-9 wp-has-aspect-ratio\"><div class=\"wp-block-embed__wrapper\">\n<iframe loading=\"lazy\" title=\"Mind the Graph - Mokslo infografikos k\u016br\u0117jas\" width=\"800\" height=\"450\" src=\"https:\/\/www.youtube.com\/embed\/tG-PmLzx6NA?feature=oembed\" frameborder=\"0\" allow=\"accelerometer; autoplay; clipboard-write; encrypted-media; gyroscope; picture-in-picture\" allowfullscreen><\/iframe>\n<\/div><\/figure>\n\n\n\n<p>K\u0105 \u010dia rasite:<br>- 100% nuotolin\u0117 \u012fmon\u0117, darbas i\u0161 nam\u0173 <br>- Malon\u016bs \u017emon\u0117s draugi\u0161koje darbo aplinkoje;<br>- Auk\u0161tos kvalifikacijos darbuotoj\u0173 komanda dirba visame pasaulyje;<br>- Konkurencingas atlyginimas;<br>- Premijos u\u017e darbo rezultatus kiekvien\u0105 ketvirt\u012f;<br>- interneto kuponas (mes mokame u\u017e j\u016bs\u0173 internet\u0105)<br>- M\u0117nesinis geros savijautos kuponas (mank\u0161ta, masa\u017eas, joga...)<br>- M\u0117nesinis maisto kuponas (padovanokite sau skani\u0173 patiekal\u0173!)<br>- Svarbios pareigos, tiesiogiai pavald\u017eios perspektyvios startuol\u0117s generaliniam direktoriui;<br>- Pagrindin\u0117 vieta, u\u017eimanti svarbias pareigas organizacijoje;<br>- J\u016bs\u0173 profesinio augimo suderinimas su startuolio augimu;<\/p>\n\n\n\n<div class=\"wp-block-button\"><a class=\"wp-block-button__link\" href=\"https:\/\/mindthegraph.com\/blog\/work-with-us\/\">Kandidatuokite \u010dia<\/a><\/div>\n\n\n\n<style>\n.is-provider-youtube .wp-block-embed__wrapper, .gutentim-admin-page-video{ height:auto !important; }\n<\/style>","protected":false},"excerpt":{"rendered":"<p>Ie\u0161kome naujo rinkodaros augimo analitiko, kuris pad\u0117t\u0173 padidinti sraut\u0105 ir pritraukti kvalifikuot\u0105 auditorij\u0105 \u012f platform\u0105, aptarnaujan\u010di\u0105 daugiau nei 400 000 mokslini\u0173 ir akademini\u0173 naudotoj\u0173 visame pasaulyje. Jums reik\u0117s tur\u0117ti: Gerai i\u0161manyti SEO, SEM, \"Google Analytics\", pakartotin\u0119 rinkodar\u0105 ir A\/B testavim\u0105 Suprasti nuorod\u0173 strategijos proces\u0105 - vidin\u012f ir [...]<\/p>","protected":false},"author":16,"featured_media":11948,"parent":0,"menu_order":0,"comment_status":"closed","ping_status":"closed","template":"","meta":[],"yoast_head":"<!-- This site is optimized with the Yoast SEO plugin v19.9 - https:\/\/yoast.com\/wordpress\/plugins\/seo\/ -->\n<title>MKT Growth Analyst - Mind the Graph Blog<\/title>\n<meta name=\"robots\" content=\"index, follow, max-snippet:-1, max-image-preview:large, max-video-preview:-1\" \/>\n<link rel=\"canonical\" href=\"https:\/\/mindthegraph.com\/blog\/lt\/mkt-augimas\/\" \/>\n<meta property=\"og:locale\" content=\"lt_LT\" \/>\n<meta property=\"og:type\" content=\"article\" \/>\n<meta property=\"og:title\" content=\"MKT Growth Analyst - Mind the Graph Blog\" \/>\n<meta property=\"og:description\" content=\"We are looking for a fresh Marketing Growth analyst to help boost traffic and bring qualified audience to a platform serving more than 400,000 scientific and academic users around the world. You&#8217;ll need to have: Strong knowledge of SEO, SEM, Google Analytics, remarketing, and A\/B testing Understand the process of Link strategy \u2013 internal and [&hellip;]\" \/>\n<meta property=\"og:url\" content=\"https:\/\/mindthegraph.com\/blog\/lt\/mkt-augimas\/\" \/>\n<meta property=\"og:site_name\" content=\"Mind the Graph Blog\" \/>\n<meta property=\"article:modified_time\" content=\"2020-11-19T16:14:04+00:00\" \/>\n<meta property=\"og:image\" content=\"https:\/\/mindthegraph.com\/blog\/wp-content\/uploads\/2020\/11\/captura-de-tela-2020-11-19-as-131025.png\" \/>\n\t<meta property=\"og:image:width\" content=\"620\" \/>\n\t<meta property=\"og:image:height\" content=\"56\" \/>\n\t<meta property=\"og:image:type\" content=\"image\/png\" \/>\n<meta name=\"twitter:card\" content=\"summary_large_image\" \/>\n<meta name=\"twitter:label1\" content=\"Est. reading time\" \/>\n\t<meta name=\"twitter:data1\" content=\"1 minute\" \/>\n<!-- \/ Yoast SEO plugin. -->","yoast_head_json":{"title":"MKT Growth Analyst - Mind the Graph Blog","robots":{"index":"index","follow":"follow","max-snippet":"max-snippet:-1","max-image-preview":"max-image-preview:large","max-video-preview":"max-video-preview:-1"},"canonical":"https:\/\/mindthegraph.com\/blog\/lt\/mkt-augimas\/","og_locale":"lt_LT","og_type":"article","og_title":"MKT Growth Analyst - Mind the Graph Blog","og_description":"We are looking for a fresh Marketing Growth analyst to help boost traffic and bring qualified audience to a platform serving more than 400,000 scientific and academic users around the world. You&#8217;ll need to have: Strong knowledge of SEO, SEM, Google Analytics, remarketing, and A\/B testing Understand the process of Link strategy \u2013 internal and [&hellip;]","og_url":"https:\/\/mindthegraph.com\/blog\/lt\/mkt-augimas\/","og_site_name":"Mind the Graph Blog","article_modified_time":"2020-11-19T16:14:04+00:00","og_image":[{"width":620,"height":56,"url":"https:\/\/mindthegraph.com\/blog\/wp-content\/uploads\/2020\/11\/captura-de-tela-2020-11-19-as-131025.png","type":"image\/png"}],"twitter_card":"summary_large_image","twitter_misc":{"Est. reading time":"1 minute"},"schema":{"@context":"https:\/\/schema.org","@graph":[{"@type":"WebPage","@id":"https:\/\/mindthegraph.com\/blog\/mkt-growth\/","url":"https:\/\/mindthegraph.com\/blog\/mkt-growth\/","name":"MKT Growth Analyst - Mind the Graph Blog","isPartOf":{"@id":"https:\/\/mindthegraph.com\/blog\/#website"},"datePublished":"2020-11-10T15:53:50+00:00","dateModified":"2020-11-19T16:14:04+00:00","breadcrumb":{"@id":"https:\/\/mindthegraph.com\/blog\/mkt-growth\/#breadcrumb"},"inLanguage":"lt-LT","potentialAction":[{"@type":"ReadAction","target":["https:\/\/mindthegraph.com\/blog\/mkt-growth\/"]}]},{"@type":"BreadcrumbList","@id":"https:\/\/mindthegraph.com\/blog\/mkt-growth\/#breadcrumb","itemListElement":[{"@type":"ListItem","position":1,"name":"Home","item":"https:\/\/mindthegraph.com\/blog\/"},{"@type":"ListItem","position":2,"name":"MKT Growth Analyst"}]},{"@type":"WebSite","@id":"https:\/\/mindthegraph.com\/blog\/#website","url":"https:\/\/mindthegraph.com\/blog\/","name":"Mind the Graph Blog","description":"Your science can be beautiful!","potentialAction":[{"@type":"SearchAction","target":{"@type":"EntryPoint","urlTemplate":"https:\/\/mindthegraph.com\/blog\/?s={search_term_string}"},"query-input":"required name=search_term_string"}],"inLanguage":"lt-LT"}]}},"_links":{"self":[{"href":"https:\/\/mindthegraph.com\/blog\/lt\/wp-json\/wp\/v2\/pages\/11890"}],"collection":[{"href":"https:\/\/mindthegraph.com\/blog\/lt\/wp-json\/wp\/v2\/pages"}],"about":[{"href":"https:\/\/mindthegraph.com\/blog\/lt\/wp-json\/wp\/v2\/types\/page"}],"author":[{"embeddable":true,"href":"https:\/\/mindthegraph.com\/blog\/lt\/wp-json\/wp\/v2\/users\/16"}],"replies":[{"embeddable":true,"href":"https:\/\/mindthegraph.com\/blog\/lt\/wp-json\/wp\/v2\/comments?post=11890"}],"version-history":[{"count":8,"href":"https:\/\/mindthegraph.com\/blog\/lt\/wp-json\/wp\/v2\/pages\/11890\/revisions"}],"predecessor-version":[{"id":11938,"href":"https:\/\/mindthegraph.com\/blog\/lt\/wp-json\/wp\/v2\/pages\/11890\/revisions\/11938"}],"wp:featuredmedia":[{"embeddable":true,"href":"https:\/\/mindthegraph.com\/blog\/lt\/wp-json\/wp\/v2\/media\/11948"}],"wp:attachment":[{"href":"https:\/\/mindthegraph.com\/blog\/lt\/wp-json\/wp\/v2\/media?parent=11890"}],"curies":[{"name":"wp","href":"https:\/\/api.w.org\/{rel}","templated":true}]}}