{"id":14643,"date":"2021-09-27T01:49:01","date_gmt":"2021-09-27T04:49:01","guid":{"rendered":"https:\/\/mindthegraph.com\/blog\/jobs\/mkt-growth-copy\/"},"modified":"2022-06-07T19:15:22","modified_gmt":"2022-06-07T22:15:22","slug":"full-stack-developer","status":"publish","type":"page","link":"https:\/\/mindthegraph.com\/blog\/hu\/full-stack-developer\/","title":{"rendered":"Full Stack fejleszt\u0151"},"content":{"rendered":"<div class=\"wp-block-button\"><a class=\"wp-block-button__link\" href=\"https:\/\/mindthegraph.com\/blog\/work-with-us\/\">Jelentkezzen itt<\/a><\/div>\n\n\n\n<p>Szereted a tudom\u00e1nyt? Mi igen!<\/p>\n\n\n\n<p>\u00daj embereket keres\u00fcnk, akik csatlakozn\u00e1nak m\u0171v\u00e9szekb\u0151l, fejleszt\u0151kb\u0151l \u00e9s v\u00e1llalkoz\u00f3kb\u00f3l \u00e1ll\u00f3 csapatunkhoz, akik mindannyian szenved\u00e9lyesen szeretik a tudom\u00e1nyt.<\/p>\n\n\n\n<p><strong>Az Mind the Graph-r\u0151l<\/strong><\/p>\n\n\n\n<p>Az Mind the Graph a CACTUS megold\u00e1scsomag r\u00e9sze.<\/p>\n\n\n\n<p>Mi vagyunk a vezet\u0151 \u00e9s els\u0151 tudom\u00e1nyos \u00e9s tudom\u00e1nyos c\u00e9lokra \u00f6sszpontos\u00edt\u00f3 infografika-k\u00e9sz\u00edt\u0151 platform. T\u00f6bb mint 400.000 felhaszn\u00e1l\u00f3val, napi interakci\u00f3kkal \u00e9s gyorsan n\u00f6vekv\u0151.<\/p>\n\n\n\n<p>Kis l\u00e9tsz\u00e1m\u00fa, rendk\u00edv\u00fcl motiv\u00e1lt csapat vagyunk, amely tiszteli \u00e9s \u00e9rt\u00e9keli egym\u00e1s munk\u00e1j\u00e1t. Teljesen t\u00e1vmunk\u00e1ban dolgozunk, egy kiforrott, \u00f6n\u00e1ll\u00f3an \u00e9s \u00f6n\u00e1ll\u00f3an m\u0171k\u00f6d\u0151 csapattal.<\/p>\n\n\n\n<figure class=\"wp-block-embed is-type-video is-provider-youtube wp-block-embed-youtube wp-embed-aspect-16-9 wp-has-aspect-ratio\"><div class=\"wp-block-embed__wrapper\">\n<iframe loading=\"lazy\" title=\"Mind the Graph - Tudom\u00e1nyos infografik\u00e1k k\u00e9sz\u00edt\u0151je\" width=\"800\" height=\"450\" src=\"https:\/\/www.youtube.com\/embed\/tG-PmLzx6NA?feature=oembed\" frameborder=\"0\" allow=\"accelerometer; autoplay; clipboard-write; encrypted-media; gyroscope; picture-in-picture\" allowfullscreen><\/iframe>\n<\/div><\/figure>\n\n\n\n<p>Van egy \u00faj munkalehet\u0151s\u00e9g\u00fcnk: <strong>Full Stack fejleszt\u0151<\/strong>.<\/p>\n\n\n\n<p>Full Stack fejleszt\u0151k\u00e9nt j\u00f3l kell \u00e9rtened magad mind a front-end, mind a back-end k\u00f3dol\u00e1si nyelvekben, fejleszt\u00e9si keretrendszerekben \u00e9s harmadik f\u00e9lt\u0151l sz\u00e1rmaz\u00f3 k\u00f6nyvt\u00e1rakban. Emellett csapatj\u00e1t\u00e9kosnak kell lenned, aki \u00e9rt a vizu\u00e1lis tervez\u00e9shez \u00e9s a hasznoss\u00e1ghoz.<\/p>\n\n\n\n<p><strong>F\u0151 tev\u00e9kenys\u00e9gek<\/strong><\/p>\n\n\n\n<ul><li>R\u00e9szv\u00e9tel a sk\u00e1l\u00e1zhat\u00f3 szoftverek tervez\u00e9s\u00e9ben \u00e9s l\u00e9trehoz\u00e1s\u00e1ban.<\/li><li>Tiszta, funkcion\u00e1lis k\u00f3d \u00edr\u00e1sa front- \u00e9s back-endben.<\/li><li>Hib\u00e1k vagy egy\u00e9b k\u00f3dol\u00e1si probl\u00e9m\u00e1k tesztel\u00e9se \u00e9s jav\u00edt\u00e1sa.<\/li><li>Egy\u00fcttm\u0171k\u00f6dik a fejleszt\u0151i csapattal \u00e9s a term\u00e9kmenedzserrel a szoftvermegold\u00e1sok kital\u00e1l\u00e1s\u00e1ban.<\/li><li>Kliens- \u00e9s szerveroldali architekt\u00fara tervez\u00e9se.<\/li><li>Az alkalmaz\u00e1sok front-endj\u00e9nek kialak\u00edt\u00e1sa vonz\u00f3 vizu\u00e1lis tervez\u00e9ssel.<\/li><li>J\u00f3l m\u0171k\u00f6d\u0151 adatb\u00e1zisok \u00e9s alkalmaz\u00e1sok fejleszt\u00e9se \u00e9s kezel\u00e9se.<\/li><li>Hibaelh\u00e1r\u00edt\u00e1s, hibakeres\u00e9s \u00e9s szoftverfriss\u00edt\u00e9s.<\/li><li>Biztons\u00e1gi \u00e9s adatv\u00e9delmi be\u00e1ll\u00edt\u00e1sok l\u00e9trehoz\u00e1sa.<\/li><li>M\u0171szaki dokument\u00e1ci\u00f3 \u00edr\u00e1sa.<\/li><li>Dolgozzon egy\u00fctt az adattud\u00f3sokkal \u00e9s elemz\u0151kkel a szoftver fejleszt\u00e9se \u00e9rdek\u00e9ben.<\/li><\/ul>\n\n\n\n<p><strong>Munkak\u00f6vetelm\u00e9nyek<\/strong><\/p>\n\n\n\n<ul><li>Legal\u00e1bb 5 \u00e9v szakmai tapasztalat fejleszt\u0151k\u00e9nt.<\/li><li>T\u00f6bb front-end \u00e9s back-end nyelv, k\u00f6nyvt\u00e1r \u00e9s keretrendszer ismerete.<\/li><li>MySQL adatb\u00e1zisok tervez\u00e9se \u00e9s kezel\u00e9se.<\/li><li>A leg\u00fajabb fejleszt\u00e9si legjobb gyakorlatok ismerete<\/li><li>A felhaszn\u00e1l\u00f3i \u00e9lm\u00e9ny \u00e9s esetleg a term\u00e9kstrat\u00e9gia alapos ismerete.<\/li><li>Tapasztalat tesztel\u00e9si platformok \u00e9s egys\u00e9gtesztek megval\u00f3s\u00edt\u00e1s\u00e1ban.<\/li><li>J\u00e1rtass\u00e1g a Gitben.<\/li><li>A tiszta \u00e9s j\u00f3l dokument\u00e1lt k\u00f3d megbecs\u00fcl\u00e9se.<\/li><li>Saj\u00e1t munka\u00e1llom\u00e1s.<\/li><\/ul>\n\n\n\n<p><strong>El\u0151ny\u00f6s k\u00e9pes\u00edt\u00e9sek<\/strong><\/p>\n\n\n\n<ul><li>Foly\u00e9konyan besz\u00e9l \u00e9s \u00edr angolul.<\/li><li>Bizony\u00edtott tapasztalat Full Stack fejleszt\u0151k\u00e9nt vagy hasonl\u00f3 szerepk\u00f6rben.<\/li><li>Kiv\u00e1l\u00f3 kommunik\u00e1ci\u00f3s \u00e9s csapatmunk\u00e1ra val\u00f3 k\u00e9pess\u00e9g.<\/li><li>Nagy figyelmet ford\u00edt a r\u00e9szletekre.<\/li><li>Szervez\u00e9si k\u00e9szs\u00e9gek.<\/li><li>Analitikus elme.<\/li><li>Informatikai, statisztikai vagy egy\u00e9b relev\u00e1ns ter\u00fcleten szerzett diploma.<\/li><\/ul>\n\n\n\n<p><strong>A Workspace Core Stack<\/strong><\/p>\n\n\n\n<ul><li>JavaScript: Fabric.js k\u00f6nyvt\u00e1r<\/li><li>PHP: CodeIgniter keretrendszer<\/li><li>Node.js: NestJS keretrendszer<\/li><li>MySQL.<\/li><\/ul>\n\n\n\n<p><strong>Amit itt tal\u00e1l<\/strong><\/p>\n\n\n\n<ul><li>Egy 100% t\u00e1voli v\u00e1llalat.<\/li><li>Kedves emberek bar\u00e1ts\u00e1gos munkak\u00f6rnyezetben.<\/li><li>Magasan k\u00e9pzett csapat a vil\u00e1g minden t\u00e1j\u00e1n.<\/li><li>Versenyk\u00e9pes, USD-ben fizetett fizet\u00e9s.<\/li><li>Legyen r\u00e9sze egy glob\u00e1lis hat\u00f3k\u00f6r\u0171 v\u00e1llalatnak.<\/li><li>Fontos poz\u00edci\u00f3, amely k\u00f6zvetlen\u00fcl egy \u00edg\u00e9retes startup c\u00e9g vez\u00e9rigazgat\u00f3j\u00e1nak jelent.<\/li><li>Kulcspoz\u00edci\u00f3 a szervezeten bel\u00fcli fontos felel\u0151ss\u00e9ggel.<\/li><li>Az \u00d6n szakmai fejl\u0151d\u00e9s\u00e9nek \u00f6sszehangol\u00e1sa a startup n\u00f6veked\u00e9s\u00e9vel.<\/li><\/ul>\n\n\n\n<p>Azonosult\u00e1l ezzel a munkak\u00f6rrel?&nbsp;<\/p>\n\n\n\n<p>Teh\u00e1t jelentkezz \u00e9s csatlakozz a csapathoz!<\/p>\n\n\n\n<div class=\"wp-block-button\"><a class=\"wp-block-button__link\" href=\"https:\/\/mindthegraph.com\/blog\/work-with-us\/\">Jelentkezzen itt<\/a><\/div>\n\n\n\n<style>\n.is-provider-youtube .wp-block-embed__wrapper, .gutentim-admin-page-video{ height:auto !important; }\n<\/style>","protected":false},"excerpt":{"rendered":"<p>Szereted a tudom\u00e1nyt? Mi igen! \u00daj embereket keres\u00fcnk, akik csatlakozn\u00e1nak m\u0171v\u00e9szekb\u0151l, fejleszt\u0151kb\u0151l \u00e9s v\u00e1llalkoz\u00f3kb\u00f3l \u00e1ll\u00f3 csapatunkhoz, akik mindannyian szenved\u00e9lyesen szeretik a tudom\u00e1nyt. Az Mind the Graph-r\u0151l Az Mind the Graph a CACTUS megold\u00e1scsomag r\u00e9sze. Mi vagyunk a vezet\u0151 \u00e9s els\u0151 olyan infografika-k\u00e9sz\u00edt\u0151 platform, amely a tudom\u00e1nyos \u00e9s akad\u00e9miai [...]<\/p>","protected":false},"author":21,"featured_media":11948,"parent":0,"menu_order":0,"comment_status":"closed","ping_status":"closed","template":"","meta":[],"yoast_head":"<!-- This site is optimized with the Yoast SEO plugin v19.9 - https:\/\/yoast.com\/wordpress\/plugins\/seo\/ -->\n<title>Full Stack Developer - Mind the Graph Blog<\/title>\n<meta name=\"robots\" content=\"index, follow, max-snippet:-1, max-image-preview:large, max-video-preview:-1\" \/>\n<link rel=\"canonical\" href=\"https:\/\/mindthegraph.com\/blog\/hu\/sviluppatore-completo\/\" \/>\n<meta property=\"og:locale\" content=\"hu_HU\" \/>\n<meta property=\"og:type\" content=\"article\" \/>\n<meta property=\"og:title\" content=\"Full Stack Developer - Mind the Graph Blog\" \/>\n<meta property=\"og:description\" content=\"Do you love science? We do! We are looking for new people to join our team of artists, developers, and entrepreneurs, all passionate about science. About Mind the Graph Mind the Graph is a part of the CACTUS suite of solutions. We are the leading and first infographic maker platform focused on scientific and academic [&hellip;]\" \/>\n<meta property=\"og:url\" content=\"https:\/\/mindthegraph.com\/blog\/hu\/sviluppatore-completo\/\" \/>\n<meta property=\"og:site_name\" content=\"Mind the Graph Blog\" \/>\n<meta property=\"article:modified_time\" content=\"2022-06-07T22:15:22+00:00\" \/>\n<meta property=\"og:image\" content=\"https:\/\/mindthegraph.com\/blog\/wp-content\/uploads\/2020\/11\/captura-de-tela-2020-11-19-as-131025.png\" \/>\n\t<meta property=\"og:image:width\" content=\"620\" \/>\n\t<meta property=\"og:image:height\" content=\"56\" \/>\n\t<meta property=\"og:image:type\" content=\"image\/png\" \/>\n<meta name=\"twitter:card\" content=\"summary_large_image\" \/>\n<meta name=\"twitter:label1\" content=\"Est. reading time\" \/>\n\t<meta name=\"twitter:data1\" content=\"2 minutes\" \/>\n<!-- \/ Yoast SEO plugin. -->","yoast_head_json":{"title":"Full Stack Developer - Mind the Graph Blog","robots":{"index":"index","follow":"follow","max-snippet":"max-snippet:-1","max-image-preview":"max-image-preview:large","max-video-preview":"max-video-preview:-1"},"canonical":"https:\/\/mindthegraph.com\/blog\/hu\/sviluppatore-completo\/","og_locale":"hu_HU","og_type":"article","og_title":"Full Stack Developer - Mind the Graph Blog","og_description":"Do you love science? We do! We are looking for new people to join our team of artists, developers, and entrepreneurs, all passionate about science. About Mind the Graph Mind the Graph is a part of the CACTUS suite of solutions. We are the leading and first infographic maker platform focused on scientific and academic [&hellip;]","og_url":"https:\/\/mindthegraph.com\/blog\/hu\/sviluppatore-completo\/","og_site_name":"Mind the Graph Blog","article_modified_time":"2022-06-07T22:15:22+00:00","og_image":[{"width":620,"height":56,"url":"https:\/\/mindthegraph.com\/blog\/wp-content\/uploads\/2020\/11\/captura-de-tela-2020-11-19-as-131025.png","type":"image\/png"}],"twitter_card":"summary_large_image","twitter_misc":{"Est. reading time":"2 minutes"},"schema":{"@context":"https:\/\/schema.org","@graph":[{"@type":"WebPage","@id":"https:\/\/mindthegraph.com\/blog\/it\/sviluppatore-completo\/","url":"https:\/\/mindthegraph.com\/blog\/it\/sviluppatore-completo\/","name":"Full Stack Developer - Mind the Graph Blog","isPartOf":{"@id":"https:\/\/mindthegraph.com\/blog\/#website"},"datePublished":"2021-09-27T04:49:01+00:00","dateModified":"2022-06-07T22:15:22+00:00","breadcrumb":{"@id":"https:\/\/mindthegraph.com\/blog\/it\/sviluppatore-completo\/#breadcrumb"},"inLanguage":"hu-HU","potentialAction":[{"@type":"ReadAction","target":["https:\/\/mindthegraph.com\/blog\/it\/sviluppatore-completo\/"]}]},{"@type":"BreadcrumbList","@id":"https:\/\/mindthegraph.com\/blog\/it\/sviluppatore-completo\/#breadcrumb","itemListElement":[{"@type":"ListItem","position":1,"name":"Home","item":"https:\/\/mindthegraph.com\/blog\/"},{"@type":"ListItem","position":2,"name":"Full Stack Developer"}]},{"@type":"WebSite","@id":"https:\/\/mindthegraph.com\/blog\/#website","url":"https:\/\/mindthegraph.com\/blog\/","name":"Mind the Graph Blog","description":"Your science can be beautiful!","potentialAction":[{"@type":"SearchAction","target":{"@type":"EntryPoint","urlTemplate":"https:\/\/mindthegraph.com\/blog\/?s={search_term_string}"},"query-input":"required name=search_term_string"}],"inLanguage":"hu-HU"}]}},"_links":{"self":[{"href":"https:\/\/mindthegraph.com\/blog\/hu\/wp-json\/wp\/v2\/pages\/14643"}],"collection":[{"href":"https:\/\/mindthegraph.com\/blog\/hu\/wp-json\/wp\/v2\/pages"}],"about":[{"href":"https:\/\/mindthegraph.com\/blog\/hu\/wp-json\/wp\/v2\/types\/page"}],"author":[{"embeddable":true,"href":"https:\/\/mindthegraph.com\/blog\/hu\/wp-json\/wp\/v2\/users\/21"}],"replies":[{"embeddable":true,"href":"https:\/\/mindthegraph.com\/blog\/hu\/wp-json\/wp\/v2\/comments?post=14643"}],"version-history":[{"count":4,"href":"https:\/\/mindthegraph.com\/blog\/hu\/wp-json\/wp\/v2\/pages\/14643\/revisions"}],"predecessor-version":[{"id":15901,"href":"https:\/\/mindthegraph.com\/blog\/hu\/wp-json\/wp\/v2\/pages\/14643\/revisions\/15901"}],"wp:featuredmedia":[{"embeddable":true,"href":"https:\/\/mindthegraph.com\/blog\/hu\/wp-json\/wp\/v2\/media\/11948"}],"wp:attachment":[{"href":"https:\/\/mindthegraph.com\/blog\/hu\/wp-json\/wp\/v2\/media?parent=14643"}],"curies":[{"name":"wp","href":"https:\/\/api.w.org\/{rel}","templated":true}]}}