{"id":13191,"date":"2021-07-22T01:33:20","date_gmt":"2021-07-22T04:33:20","guid":{"rendered":"https:\/\/mindthegraph.com\/blog\/jobs\/sdr-copy\/"},"modified":"2021-07-22T14:03:34","modified_gmt":"2021-07-22T17:03:34","slug":"sales-mkt","status":"publish","type":"page","link":"https:\/\/mindthegraph.com\/blog\/hu\/ertekesites-piac\/","title":{"rendered":"\u00c9rt\u00e9kes\u00edt\u00e9s \u00e9s marketing"},"content":{"rendered":"<p>Szereted a tudom\u00e1nyt? Mi igen!<\/p>\n\n\n\n<p>\u00daj embereket keres\u00fcnk, akik csatlakozn\u00e1nak m\u0171v\u00e9szekb\u0151l, fejleszt\u0151kb\u0151l \u00e9s v\u00e1llalkoz\u00f3kb\u00f3l \u00e1ll\u00f3 csapatunkhoz, akik mindannyian szenved\u00e9lyesen szeretik a tudom\u00e1nyt.<\/p>\n\n\n\n<p>Van egy \u00faj munkalehet\u0151s\u00e9g\u00fcnk: <strong>\u00c9rt\u00e9kes\u00edt\u00e9s \u00e9s marketing<\/strong>.<\/p>\n\n\n\n<p><strong>F\u0151 tev\u00e9kenys\u00e9gek<\/strong><\/p>\n\n\n\n<ul><li>Marketingkutat\u00e1s \u00e9s -fejleszt\u00e9s, a fogyaszt\u00f3i ig\u00e9nyek meg\u00e9rt\u00e9se, a piaci trendek azonos\u00edt\u00e1sa, valamint a v\u00e1llalat marketing- \u00e9s \u00e9rt\u00e9kes\u00edt\u00e9si c\u00e9ljainak el\u00e9r\u00e9se \u00e9rdek\u00e9ben fejleszt\u00e9sek javaslata.<\/li><li>Kapcsolattart\u00e1s a fontos \u00fcgyfelekkel \u00e9s potenci\u00e1lis \u00fcgyfelekkel a rendszeres kapcsolattart\u00e1s, az ig\u00e9nyeik meg\u00e9rt\u00e9se \u00e9s az \u00faj marketinglehet\u0151s\u00e9gek el\u0151rejelz\u00e9se r\u00e9v\u00e9n.<\/li><li>Az \u00e9rt\u00e9kes\u00edt\u00e9si cs\u0151vezet\u00e9k kezel\u00e9se, az \u00faj kapcsolatok l\u00e9trehoz\u00e1s\u00e1t\u00f3l az \u00e9rt\u00e9kes\u00edt\u00e9s lez\u00e1r\u00e1s\u00e1ig.<\/li><li>Strat\u00e9gi\u00e1k l\u00e9trehoz\u00e1sa \u00e9s v\u00e9grehajt\u00e1sa a vezet\u0151i b\u00e1zisunk \u00e9rt\u00e9kes\u00edt\u00e9si jegy\u00e9ben t\u00f6rt\u00e9n\u0151 fel\u00e9rt\u00e9kel\u0151d\u00e9s gener\u00e1l\u00e1s\u00e1ra.<\/li><li>\u00c9rt\u00e9kes\u00edt\u00e9si \u00e9s marketingkamp\u00e1nyok lefuttat\u00e1sa. Szoros egy\u00fcttm\u0171k\u00f6d\u00e9s a Customer Success \u00e9s a hirdet\u00e9si csapatokkal.<\/li><li>Gy\u0171jts\u00f6n \u00e9s elemezzen adatokat, hogy m\u00e9rhet\u0151 m\u00e9r\u0151sz\u00e1mok alapj\u00e1n ir\u00e1ny\u00edtsa a munk\u00e1t.<\/li><li>A v\u00e1llalat megl\u00e9v\u0151 m\u00e1rk\u00e1inak n\u00e9pszer\u0171s\u00edt\u00e9se \u00e9s \u00faj term\u00e9kek bevezet\u00e9se a piacra.<\/li><li>Az \u00e9rt\u00e9kes\u00edt\u00e9si \u00e9s marketinganyagok fejleszt\u00e9s\u00e9nek \u00e9s kivitelez\u00e9s\u00e9nek t\u00e1mogat\u00e1sa.<\/li><li>K\u00f6zrem\u0171k\u00f6d\u00e9s egy\u00e9b leadgener\u00e1l\u00e1si \u00e9s \u00fcgyf\u00e9lszerz\u00e9si tev\u00e9kenys\u00e9gekben.<\/li><li>Koncentr\u00e1ljon az \u00e9rt\u00e9kes\u00edt\u00e9s \u00e1talak\u00edt\u00e1s\u00e1ra, a sz\u00e1ml\u00e1k friss\u00edt\u00e9s\u00e9re \u00e9s a szolg\u00e1ltat\u00e1sok tov\u00e1bb\u00e9rt\u00e9kes\u00edt\u00e9s\u00e9re. <\/li><\/ul>\n\n\n\n<p><\/p>\n\n\n\n<p><strong>Munkak\u00f6vetelm\u00e9nyek<\/strong><\/p>\n\n\n\n<ul><li>Foly\u00e9konyan besz\u00e9l \u00e9s \u00edr angolul.<\/li><li>Gyakorlati tapasztalat kamp\u00e1nyok \u00e9s prom\u00f3ci\u00f3k kidolgoz\u00e1s\u00e1ban.<\/li><li>Kiv\u00e1l\u00f3 kommunik\u00e1ci\u00f3s, interperszon\u00e1lis \u00e9s \u00fcgyf\u00e9lszolg\u00e1lati k\u00e9szs\u00e9gek.<\/li><li>Er\u0151s v\u00e1gy \u00e9s k\u00e9pess\u00e9g arra, hogy seg\u00edtse a szervezet \u00e9rt\u00e9kes\u00edt\u00e9s\u00e9t.<\/li><li>Saj\u00e1t munka\u00e1llom\u00e1s.<\/li><\/ul>\n\n\n\n<p><\/p>\n\n\n\n<p><strong>El\u0151ny\u00f6s k\u00e9pes\u00edt\u00e9sek<\/strong><\/p>\n\n\n\n<ul><li>A keleti id\u0151z\u00f3n\u00e1ban val\u00f3 munkav\u00e9gz\u00e9sre val\u00f3 k\u00e9pess\u00e9g.<\/li><li>J\u00e1rtass\u00e1g a ZenDesk \u00e9s az RD Station eszk\u00f6z\u00f6kben.<\/li><li>Kor\u00e1bbi tapasztalat \u00e9rt\u00e9kes\u00edt\u00e9sfejleszt\u00e9si k\u00e9pvisel\u0151k\u00e9nt.<\/li><\/ul>\n\n\n\n<p><\/p>\n\n\n\n<p><strong>A Mind The Graphr\u00f3l<\/strong><br>Mi vagyunk a vezet\u0151 \u00e9s els\u0151 tudom\u00e1nyos \u00e9s tudom\u00e1nyos c\u00e9lokra \u00f6sszpontos\u00edt\u00f3 infografika-k\u00e9sz\u00edt\u0151 platform. T\u00f6bb mint 400.000 felhaszn\u00e1l\u00f3val, napi interakci\u00f3kkal, \u00e9s gyorsan n\u00f6vekszik.<\/p>\n\n\n\n<figure class=\"wp-block-embed is-type-video is-provider-youtube wp-block-embed-youtube wp-embed-aspect-16-9 wp-has-aspect-ratio\"><div class=\"wp-block-embed__wrapper\">\n<iframe loading=\"lazy\" title=\"Mind the Graph - Tudom\u00e1nyos infografik\u00e1k k\u00e9sz\u00edt\u0151je\" width=\"800\" height=\"450\" src=\"https:\/\/www.youtube.com\/embed\/tG-PmLzx6NA?feature=oembed\" frameborder=\"0\" allow=\"accelerometer; autoplay; clipboard-write; encrypted-media; gyroscope; picture-in-picture\" allowfullscreen><\/iframe>\n<\/div><\/figure>\n\n\n\n<p><strong>Amit itt tal\u00e1l<\/strong><\/p>\n\n\n\n<ul><li>Egy 100% t\u00e1voli c\u00e9g, otthoni munkav\u00e9gz\u00e9s. <\/li><li>Kedves emberek bar\u00e1ts\u00e1gos munkak\u00f6rnyezetben.<\/li><li>Magasan k\u00e9pzett csapat a vil\u00e1g minden t\u00e1j\u00e1n.<\/li><li>Versenyk\u00e9pes fizet\u00e9s.<\/li><li>B\u00f3nusz a teljes\u00edtm\u00e9ny alapj\u00e1n minden negyed\u00e9vben.<\/li><li>Internet utalv\u00e1ny (mi fizetj\u00fck az internetet).<\/li><li>Havi wellness-utalv\u00e1ny (gyakorlatok, massz\u00e1zs, j\u00f3ga...).<\/li><li>\u00c9lelmiszer-utalv\u00e1ny havi utalv\u00e1ny (adjon mag\u00e1nak finom \u00e9teleket!).<\/li><li>Fontos poz\u00edci\u00f3, amely k\u00f6zvetlen\u00fcl egy \u00edg\u00e9retes startup c\u00e9g vez\u00e9rigazgat\u00f3j\u00e1nak jelent.<\/li><li>Kulcspoz\u00edci\u00f3 a szervezeten bel\u00fcli fontos felel\u0151ss\u00e9ggel.<\/li><li>Az \u00d6n szakmai fejl\u0151d\u00e9s\u00e9nek \u00f6sszehangol\u00e1sa a startup n\u00f6veked\u00e9s\u00e9vel.<\/li><\/ul>\n\n\n\n<p>Kis l\u00e9tsz\u00e1m\u00fa, rendk\u00edv\u00fcl motiv\u00e1lt csapat vagyunk, amely tiszteli \u00e9s \u00e9rt\u00e9keli egym\u00e1s munk\u00e1j\u00e1t. Teljesen t\u00e1vmunk\u00e1ban dolgozunk, egy kiforrott, \u00f6n\u00e1ll\u00f3an \u00e9s \u00f6n\u00e1ll\u00f3an m\u0171k\u00f6d\u0151 csapattal.<\/p>\n\n\n\n<p>Azonosult\u00e1l ezzel a munkak\u00f6rrel? Akkor csatlakozzon a csapathoz!<\/p>\n\n\n\n<div class=\"wp-block-button\"><a class=\"wp-block-button__link\" href=\"https:\/\/mindthegraph.com\/blog\/work-with-us\/\">Jelentkezzen itt<\/a><\/div>\n\n\n\n<style>\n.is-provider-youtube .wp-block-embed__wrapper, .gutentim-admin-page-video{ height:auto !important; }\n<\/style>","protected":false},"excerpt":{"rendered":"<p>Szereted a tudom\u00e1nyt? Mi igen! \u00daj embereket keres\u00fcnk, akik csatlakozn\u00e1nak m\u0171v\u00e9szekb\u0151l, fejleszt\u0151kb\u0151l \u00e9s v\u00e1llalkoz\u00f3kb\u00f3l \u00e1ll\u00f3 csapatunkhoz, akik mindannyian szenved\u00e9lyesen szeretik a tudom\u00e1nyt. Van egy \u00faj munkalehet\u0151s\u00e9g\u00fcnk: \u00c9rt\u00e9kes\u00edt\u00e9s \u00e9s marketing. F\u0151bb tev\u00e9kenys\u00e9gek Marketingkutat\u00e1s \u00e9s -fejleszt\u00e9s, a fogyaszt\u00f3i ig\u00e9nyek meg\u00e9rt\u00e9se, a piaci trendek azonos\u00edt\u00e1sa \u00e9s fejleszt\u00e9si javaslatok a v\u00e1llalat marketing- \u00e9s [...]<\/p>","protected":false},"author":21,"featured_media":11948,"parent":0,"menu_order":0,"comment_status":"closed","ping_status":"closed","template":"","meta":[],"yoast_head":"<!-- This site is optimized with the Yoast SEO plugin v19.9 - https:\/\/yoast.com\/wordpress\/plugins\/seo\/ -->\n<title>Sales &amp; Marketing - Mind the Graph Blog<\/title>\n<meta name=\"robots\" content=\"index, follow, max-snippet:-1, max-image-preview:large, max-video-preview:-1\" \/>\n<link rel=\"canonical\" href=\"https:\/\/mindthegraph.com\/blog\/hu\/satis-mkt\/\" \/>\n<meta property=\"og:locale\" content=\"hu_HU\" \/>\n<meta property=\"og:type\" content=\"article\" \/>\n<meta property=\"og:title\" content=\"Sales &amp; Marketing - Mind the Graph Blog\" \/>\n<meta property=\"og:description\" content=\"Do you love science? We do! We are looking for new people to join our team of artists, developers, and entrepreneurs, all passionate about science. We have a new job opportunity: Sales &amp; Marketing. Main Activities Researching and developing marketing, understanding consumer requirements, identifying market trends, and suggesting improvements to achieve the company&#8217;s marketing and [&hellip;]\" \/>\n<meta property=\"og:url\" content=\"https:\/\/mindthegraph.com\/blog\/hu\/satis-mkt\/\" \/>\n<meta property=\"og:site_name\" content=\"Mind the Graph Blog\" \/>\n<meta property=\"article:modified_time\" content=\"2021-07-22T17:03:34+00:00\" \/>\n<meta property=\"og:image\" content=\"https:\/\/mindthegraph.com\/blog\/wp-content\/uploads\/2020\/11\/captura-de-tela-2020-11-19-as-131025.png\" \/>\n\t<meta property=\"og:image:width\" content=\"620\" \/>\n\t<meta property=\"og:image:height\" content=\"56\" \/>\n\t<meta property=\"og:image:type\" content=\"image\/png\" \/>\n<meta name=\"twitter:card\" content=\"summary_large_image\" \/>\n<meta name=\"twitter:label1\" content=\"Est. reading time\" \/>\n\t<meta name=\"twitter:data1\" content=\"2 minutes\" \/>\n<!-- \/ Yoast SEO plugin. -->","yoast_head_json":{"title":"Sales & Marketing - Mind the Graph Blog","robots":{"index":"index","follow":"follow","max-snippet":"max-snippet:-1","max-image-preview":"max-image-preview:large","max-video-preview":"max-video-preview:-1"},"canonical":"https:\/\/mindthegraph.com\/blog\/hu\/satis-mkt\/","og_locale":"hu_HU","og_type":"article","og_title":"Sales & Marketing - Mind the Graph Blog","og_description":"Do you love science? We do! We are looking for new people to join our team of artists, developers, and entrepreneurs, all passionate about science. We have a new job opportunity: Sales &amp; Marketing. Main Activities Researching and developing marketing, understanding consumer requirements, identifying market trends, and suggesting improvements to achieve the company&#8217;s marketing and [&hellip;]","og_url":"https:\/\/mindthegraph.com\/blog\/hu\/satis-mkt\/","og_site_name":"Mind the Graph Blog","article_modified_time":"2021-07-22T17:03:34+00:00","og_image":[{"width":620,"height":56,"url":"https:\/\/mindthegraph.com\/blog\/wp-content\/uploads\/2020\/11\/captura-de-tela-2020-11-19-as-131025.png","type":"image\/png"}],"twitter_card":"summary_large_image","twitter_misc":{"Est. reading time":"2 minutes"},"schema":{"@context":"https:\/\/schema.org","@graph":[{"@type":"WebPage","@id":"https:\/\/mindthegraph.com\/blog\/tr\/satis-mkt\/","url":"https:\/\/mindthegraph.com\/blog\/tr\/satis-mkt\/","name":"Sales & Marketing - Mind the Graph Blog","isPartOf":{"@id":"https:\/\/mindthegraph.com\/blog\/#website"},"datePublished":"2021-07-22T04:33:20+00:00","dateModified":"2021-07-22T17:03:34+00:00","breadcrumb":{"@id":"https:\/\/mindthegraph.com\/blog\/tr\/satis-mkt\/#breadcrumb"},"inLanguage":"hu-HU","potentialAction":[{"@type":"ReadAction","target":["https:\/\/mindthegraph.com\/blog\/tr\/satis-mkt\/"]}]},{"@type":"BreadcrumbList","@id":"https:\/\/mindthegraph.com\/blog\/tr\/satis-mkt\/#breadcrumb","itemListElement":[{"@type":"ListItem","position":1,"name":"Home","item":"https:\/\/mindthegraph.com\/blog\/"},{"@type":"ListItem","position":2,"name":"Sales &#038; Marketing"}]},{"@type":"WebSite","@id":"https:\/\/mindthegraph.com\/blog\/#website","url":"https:\/\/mindthegraph.com\/blog\/","name":"Mind the Graph Blog","description":"Your science can be beautiful!","potentialAction":[{"@type":"SearchAction","target":{"@type":"EntryPoint","urlTemplate":"https:\/\/mindthegraph.com\/blog\/?s={search_term_string}"},"query-input":"required name=search_term_string"}],"inLanguage":"hu-HU"}]}},"_links":{"self":[{"href":"https:\/\/mindthegraph.com\/blog\/hu\/wp-json\/wp\/v2\/pages\/13191"}],"collection":[{"href":"https:\/\/mindthegraph.com\/blog\/hu\/wp-json\/wp\/v2\/pages"}],"about":[{"href":"https:\/\/mindthegraph.com\/blog\/hu\/wp-json\/wp\/v2\/types\/page"}],"author":[{"embeddable":true,"href":"https:\/\/mindthegraph.com\/blog\/hu\/wp-json\/wp\/v2\/users\/21"}],"replies":[{"embeddable":true,"href":"https:\/\/mindthegraph.com\/blog\/hu\/wp-json\/wp\/v2\/comments?post=13191"}],"version-history":[{"count":4,"href":"https:\/\/mindthegraph.com\/blog\/hu\/wp-json\/wp\/v2\/pages\/13191\/revisions"}],"predecessor-version":[{"id":13197,"href":"https:\/\/mindthegraph.com\/blog\/hu\/wp-json\/wp\/v2\/pages\/13191\/revisions\/13197"}],"wp:featuredmedia":[{"embeddable":true,"href":"https:\/\/mindthegraph.com\/blog\/hu\/wp-json\/wp\/v2\/media\/11948"}],"wp:attachment":[{"href":"https:\/\/mindthegraph.com\/blog\/hu\/wp-json\/wp\/v2\/media?parent=13191"}],"curies":[{"name":"wp","href":"https:\/\/api.w.org\/{rel}","templated":true}]}}