{"id":13185,"date":"2021-07-22T01:18:16","date_gmt":"2021-07-22T04:18:16","guid":{"rendered":"https:\/\/mindthegraph.com\/blog\/jobs\/mkt-growth-copy\/"},"modified":"2021-09-27T06:08:30","modified_gmt":"2021-09-27T09:08:30","slug":"sdr","status":"publish","type":"page","link":"https:\/\/mindthegraph.com\/blog\/hu\/sdr\/","title":{"rendered":"SDR - \u00e9rt\u00e9kes\u00edt\u00e9si fejleszt\u00e9si k\u00e9pvisel\u0151"},"content":{"rendered":"<p>Szereted a tudom\u00e1nyt? Mi igen!<\/p>\n\n\n\n<p>\u00daj embereket keres\u00fcnk, akik csatlakozn\u00e1nak m\u0171v\u00e9szekb\u0151l, fejleszt\u0151kb\u0151l \u00e9s v\u00e1llalkoz\u00f3kb\u00f3l \u00e1ll\u00f3 csapatunkhoz, akik mindannyian szenved\u00e9lyesen szeretik a tudom\u00e1nyt.<\/p>\n\n\n\n<p>Van egy \u00faj munkalehet\u0151s\u00e9g\u00fcnk: <strong>SDR - \u00e9rt\u00e9kes\u00edt\u00e9si fejleszt\u00e9si k\u00e9pvisel\u0151.<\/strong><\/p>\n\n\n\n<p><strong>F\u0151 tev\u00e9kenys\u00e9gek<\/strong><\/p>\n\n\n\n<ul><li>V\u00e1llalatunk term\u00e9keinek \u00e9s szolg\u00e1ltat\u00e1sainak k\u00e9pviselete, hogy a fogyaszt\u00f3k felismerj\u00e9k, hogyan felelnek meg megold\u00e1saink az ig\u00e9nyeiknek.<\/li><li>Min\u0151s\u00edtse a bej\u00f6v\u0151 \u00fcgyfeleket \u00e9s \u00e9p\u00edtsen kapcsolatokat a meleg \u00e9rdekl\u0151d\u0151k \u00e1pol\u00e1s\u00e1val \u00e9s \u00faj potenci\u00e1lis \u00e9rt\u00e9kes\u00edt\u00e9si lehet\u0151s\u00e9gek felkutat\u00e1s\u00e1val.<\/li><li>Kezelje \u00e9s tartsa fenn az \u00e9rdekl\u0151d\u0151 potenci\u00e1lis \u00fcgyfelek cs\u0151vezet\u00e9k\u00e9t, \u00e9s vonja be az \u00e9rt\u00e9kes\u00edt\u00e9si vezet\u0151ket a k\u00f6vetkez\u0151 l\u00e9p\u00e9sek megt\u00e9tel\u00e9hez.<\/li><li>Kommunik\u00e1ci\u00f3 a bej\u00f6v\u0151 \u00fcgyfelekkel chat-en kereszt\u00fcl.<\/li><li>Az \u00e9rdekl\u0151d\u0151k ig\u00e9nyeinek azonos\u00edt\u00e1sa \u00e9s megfelel\u0151 term\u00e9kek\/szolg\u00e1ltat\u00e1sok aj\u00e1nl\u00e1sa.<\/li><li>Szorosan egy\u00fcttm\u0171k\u00f6dik a CS-\u00e1gazattal, hogy a lehet\u0151 legjobb seg\u00edts\u00e9get ny\u00fajtsa a felhaszn\u00e1l\u00f3knak.<\/li><li>Els\u0151sorban a felhaszn\u00e1l\u00f3kra figyeljen a chatben, \u00e9s sz\u0171rje ki a potenci\u00e1lis \u00e9rt\u00e9kes\u00edt\u00e9si lehet\u0151s\u00e9geket, a vezet\u0151ket pedig juttassa el az \u00e9rt\u00e9kes\u00edt\u00e9si vezet\u0151h\u00f6z.<\/li><li>A legjobb gyakorlatok azonos\u00edt\u00e1sa a v\u00e1llalat leadgener\u00e1l\u00e1si strat\u00e9gi\u00e1j\u00e1nak finom\u00edt\u00e1sa \u00e9rdek\u00e9ben.<\/li><li>Legyen a m\u00e1rka nagyk\u00f6vete az \u00e9rdekl\u0151d\u0151kkel \u00e9s \u00fcgyfelekkel val\u00f3 kapcsolattart\u00e1s minden pontj\u00e1n.<\/li><\/ul>\n\n\n\n<p><\/p>\n\n\n\n<p><strong>Munkak\u00f6vetelm\u00e9nyek<\/strong><\/p>\n\n\n\n<ul><li>Foly\u00e9konyan besz\u00e9l \u00e9s \u00edr angolul.<\/li><li>Szil\u00e1rd kommunik\u00e1ci\u00f3s k\u00e9szs\u00e9g chat-en, telefonon \u00e9s e-mailben.<\/li><li>Er\u0151s v\u00e1gy \u00e9s k\u00e9pess\u00e9g arra, hogy seg\u00edtse a szervezet \u00e9rt\u00e9kes\u00edt\u00e9s\u00e9t.<\/li><li>Saj\u00e1t munka\u00e1llom\u00e1s.<\/li><\/ul>\n\n\n\n<p><\/p>\n\n\n\n<p><strong>El\u0151ny\u00f6s k\u00e9pes\u00edt\u00e9sek<\/strong><\/p>\n\n\n\n<ul><li>A keleti id\u0151z\u00f3n\u00e1ban val\u00f3 munkav\u00e9gz\u00e9sre val\u00f3 k\u00e9pess\u00e9g.<\/li><li>J\u00e1rtass\u00e1g a ZenDesk \u00e9s az RD Station eszk\u00f6z\u00f6kben.<\/li><li>Kor\u00e1bbi tapasztalat \u00e9rt\u00e9kes\u00edt\u00e9sfejleszt\u00e9si k\u00e9pvisel\u0151k\u00e9nt.<\/li><\/ul>\n\n\n\n<p><\/p>\n\n\n\n<p><strong>A Mind The Graphr\u00f3l<\/strong><br>Mi vagyunk a vezet\u0151 \u00e9s els\u0151 tudom\u00e1nyos \u00e9s tudom\u00e1nyos c\u00e9lokra \u00f6sszpontos\u00edt\u00f3 infografika-k\u00e9sz\u00edt\u0151 platform. T\u00f6bb mint 400.000 felhaszn\u00e1l\u00f3val, napi interakci\u00f3kkal, \u00e9s gyorsan n\u00f6vekszik.<\/p>\n\n\n\n<figure class=\"wp-block-embed is-type-video is-provider-youtube wp-block-embed-youtube wp-embed-aspect-16-9 wp-has-aspect-ratio\"><div class=\"wp-block-embed__wrapper\">\n<iframe loading=\"lazy\" title=\"Mind the Graph - Tudom\u00e1nyos infografik\u00e1k k\u00e9sz\u00edt\u0151je\" width=\"800\" height=\"450\" src=\"https:\/\/www.youtube.com\/embed\/tG-PmLzx6NA?feature=oembed\" frameborder=\"0\" allow=\"accelerometer; autoplay; clipboard-write; encrypted-media; gyroscope; picture-in-picture\" allowfullscreen><\/iframe>\n<\/div><\/figure>\n\n\n\n<p><strong>Amit itt tal\u00e1l<\/strong><\/p>\n\n\n\n<ul><li>Egy 100% t\u00e1voli c\u00e9g, otthoni munkav\u00e9gz\u00e9s. <\/li><li>Kedves emberek bar\u00e1ts\u00e1gos munkak\u00f6rnyezetben.<\/li><li>Magasan k\u00e9pzett csapat a vil\u00e1g minden t\u00e1j\u00e1n.<\/li><li>Versenyk\u00e9pes fizet\u00e9s.<\/li><li>B\u00f3nusz a teljes\u00edtm\u00e9ny alapj\u00e1n minden negyed\u00e9vben.<\/li><li>Internet utalv\u00e1ny (mi fizetj\u00fck az internetet).<\/li><li>Havi wellness-utalv\u00e1ny (gyakorlatok, massz\u00e1zs, j\u00f3ga...).<\/li><li>\u00c9lelmiszer-utalv\u00e1ny havi utalv\u00e1ny (adjon mag\u00e1nak finom \u00e9teleket!).<\/li><li>Fontos poz\u00edci\u00f3, amely k\u00f6zvetlen\u00fcl egy \u00edg\u00e9retes startup c\u00e9g vez\u00e9rigazgat\u00f3j\u00e1nak jelent.<\/li><li>Kulcspoz\u00edci\u00f3 a szervezeten bel\u00fcli fontos felel\u0151ss\u00e9ggel.<\/li><li>Az \u00d6n szakmai fejl\u0151d\u00e9s\u00e9nek \u00f6sszehangol\u00e1sa a startup n\u00f6veked\u00e9s\u00e9vel.<\/li><\/ul>\n\n\n\n<p>Kis l\u00e9tsz\u00e1m\u00fa, rendk\u00edv\u00fcl motiv\u00e1lt csapat vagyunk, amely tiszteli \u00e9s \u00e9rt\u00e9keli egym\u00e1s munk\u00e1j\u00e1t. Teljesen t\u00e1vmunk\u00e1ban dolgozunk, egy kiforrott, \u00f6n\u00e1ll\u00f3an \u00e9s \u00f6n\u00e1ll\u00f3an m\u0171k\u00f6d\u0151 csapattal.<\/p>\n\n\n\n<p>Azonosult\u00e1l ezzel a munkak\u00f6rrel? Akkor csatlakozzon a csapathoz!<\/p>\n\n\n\n<div class=\"wp-block-button\"><a class=\"wp-block-button__link\" href=\"https:\/\/mindthegraph.com\/blog\/work-with-us\/\">Jelentkezzen itt<\/a><\/div>\n\n\n\n<style>\n.is-provider-youtube .wp-block-embed__wrapper, .gutentim-admin-page-video{ height:auto !important; }\n<\/style>","protected":false},"excerpt":{"rendered":"<p>Szereted a tudom\u00e1nyt? Mi igen! \u00daj embereket keres\u00fcnk, akik csatlakozn\u00e1nak m\u0171v\u00e9szekb\u0151l, fejleszt\u0151kb\u0151l \u00e9s v\u00e1llalkoz\u00f3kb\u00f3l \u00e1ll\u00f3 csapatunkhoz, akik mindannyian szenved\u00e9lyesen szeretik a tudom\u00e1nyt. Van egy \u00faj munkalehet\u0151s\u00e9g\u00fcnk: SDR - \u00e9rt\u00e9kes\u00edt\u00e9si fejleszt\u00e9si k\u00e9pvisel\u0151. F\u0151 tev\u00e9kenys\u00e9gek K\u00e9pviselje v\u00e1llalatunk term\u00e9keit \u00e9s szolg\u00e1ltat\u00e1sait, \u00e9s vezesse a fogyaszt\u00f3kat annak felismer\u00e9s\u00e9hez, hogy megold\u00e1saink hogyan felelnek meg az ig\u00e9nyeiknek. Min\u0151s\u00edtse [...]<\/p>","protected":false},"author":21,"featured_media":11948,"parent":0,"menu_order":0,"comment_status":"closed","ping_status":"closed","template":"","meta":[],"yoast_head":"<!-- This site is optimized with the Yoast SEO plugin v19.9 - https:\/\/yoast.com\/wordpress\/plugins\/seo\/ -->\n<title>SDR - Sales Development Representative - Mind the Graph Blog<\/title>\n<meta name=\"robots\" content=\"index, follow, max-snippet:-1, max-image-preview:large, max-video-preview:-1\" \/>\n<link rel=\"canonical\" href=\"https:\/\/mindthegraph.com\/blog\/hu\/sdr\/\" \/>\n<meta property=\"og:locale\" content=\"hu_HU\" \/>\n<meta property=\"og:type\" content=\"article\" \/>\n<meta property=\"og:title\" content=\"SDR - Sales Development Representative - Mind the Graph Blog\" \/>\n<meta property=\"og:description\" content=\"Do you love science? We do! We are looking for new people to join our team of artists, developers, and entrepreneurs, all passionate about science. We have a new job opportunity: SDR &#8211; Sales Development Representative. Main Activities Represent our company&#8217;s products and services, leading consumers to identify how our solutions meet their needs. Qualify [&hellip;]\" \/>\n<meta property=\"og:url\" content=\"https:\/\/mindthegraph.com\/blog\/hu\/sdr\/\" \/>\n<meta property=\"og:site_name\" content=\"Mind the Graph Blog\" \/>\n<meta property=\"article:modified_time\" content=\"2021-09-27T09:08:30+00:00\" \/>\n<meta property=\"og:image\" content=\"https:\/\/mindthegraph.com\/blog\/wp-content\/uploads\/2020\/11\/captura-de-tela-2020-11-19-as-131025.png\" \/>\n\t<meta property=\"og:image:width\" content=\"620\" \/>\n\t<meta property=\"og:image:height\" content=\"56\" \/>\n\t<meta property=\"og:image:type\" content=\"image\/png\" \/>\n<meta name=\"twitter:card\" content=\"summary_large_image\" \/>\n<meta name=\"twitter:label1\" content=\"Est. reading time\" \/>\n\t<meta name=\"twitter:data1\" content=\"2 minutes\" \/>\n<!-- \/ Yoast SEO plugin. -->","yoast_head_json":{"title":"SDR - Sales Development Representative - Mind the Graph Blog","robots":{"index":"index","follow":"follow","max-snippet":"max-snippet:-1","max-image-preview":"max-image-preview:large","max-video-preview":"max-video-preview:-1"},"canonical":"https:\/\/mindthegraph.com\/blog\/hu\/sdr\/","og_locale":"hu_HU","og_type":"article","og_title":"SDR - Sales Development Representative - Mind the Graph Blog","og_description":"Do you love science? We do! We are looking for new people to join our team of artists, developers, and entrepreneurs, all passionate about science. We have a new job opportunity: SDR &#8211; Sales Development Representative. Main Activities Represent our company&#8217;s products and services, leading consumers to identify how our solutions meet their needs. Qualify [&hellip;]","og_url":"https:\/\/mindthegraph.com\/blog\/hu\/sdr\/","og_site_name":"Mind the Graph Blog","article_modified_time":"2021-09-27T09:08:30+00:00","og_image":[{"width":620,"height":56,"url":"https:\/\/mindthegraph.com\/blog\/wp-content\/uploads\/2020\/11\/captura-de-tela-2020-11-19-as-131025.png","type":"image\/png"}],"twitter_card":"summary_large_image","twitter_misc":{"Est. reading time":"2 minutes"},"schema":{"@context":"https:\/\/schema.org","@graph":[{"@type":"WebPage","@id":"https:\/\/mindthegraph.com\/blog\/sdr\/","url":"https:\/\/mindthegraph.com\/blog\/sdr\/","name":"SDR - Sales Development Representative - Mind the Graph Blog","isPartOf":{"@id":"https:\/\/mindthegraph.com\/blog\/#website"},"datePublished":"2021-07-22T04:18:16+00:00","dateModified":"2021-09-27T09:08:30+00:00","breadcrumb":{"@id":"https:\/\/mindthegraph.com\/blog\/sdr\/#breadcrumb"},"inLanguage":"hu-HU","potentialAction":[{"@type":"ReadAction","target":["https:\/\/mindthegraph.com\/blog\/sdr\/"]}]},{"@type":"BreadcrumbList","@id":"https:\/\/mindthegraph.com\/blog\/sdr\/#breadcrumb","itemListElement":[{"@type":"ListItem","position":1,"name":"Home","item":"https:\/\/mindthegraph.com\/blog\/"},{"@type":"ListItem","position":2,"name":"SDR &#8211; Sales Development Representative"}]},{"@type":"WebSite","@id":"https:\/\/mindthegraph.com\/blog\/#website","url":"https:\/\/mindthegraph.com\/blog\/","name":"Mind the Graph Blog","description":"Your science can be beautiful!","potentialAction":[{"@type":"SearchAction","target":{"@type":"EntryPoint","urlTemplate":"https:\/\/mindthegraph.com\/blog\/?s={search_term_string}"},"query-input":"required name=search_term_string"}],"inLanguage":"hu-HU"}]}},"_links":{"self":[{"href":"https:\/\/mindthegraph.com\/blog\/hu\/wp-json\/wp\/v2\/pages\/13185"}],"collection":[{"href":"https:\/\/mindthegraph.com\/blog\/hu\/wp-json\/wp\/v2\/pages"}],"about":[{"href":"https:\/\/mindthegraph.com\/blog\/hu\/wp-json\/wp\/v2\/types\/page"}],"author":[{"embeddable":true,"href":"https:\/\/mindthegraph.com\/blog\/hu\/wp-json\/wp\/v2\/users\/21"}],"replies":[{"embeddable":true,"href":"https:\/\/mindthegraph.com\/blog\/hu\/wp-json\/wp\/v2\/comments?post=13185"}],"version-history":[{"count":3,"href":"https:\/\/mindthegraph.com\/blog\/hu\/wp-json\/wp\/v2\/pages\/13185\/revisions"}],"predecessor-version":[{"id":13199,"href":"https:\/\/mindthegraph.com\/blog\/hu\/wp-json\/wp\/v2\/pages\/13185\/revisions\/13199"}],"wp:featuredmedia":[{"embeddable":true,"href":"https:\/\/mindthegraph.com\/blog\/hu\/wp-json\/wp\/v2\/media\/11948"}],"wp:attachment":[{"href":"https:\/\/mindthegraph.com\/blog\/hu\/wp-json\/wp\/v2\/media?parent=13185"}],"curies":[{"name":"wp","href":"https:\/\/api.w.org\/{rel}","templated":true}]}}