{"id":11890,"date":"2020-11-10T13:53:50","date_gmt":"2020-11-10T15:53:50","guid":{"rendered":"https:\/\/mindthegraph.com\/blog\/?page_id=11890"},"modified":"2020-11-19T14:14:04","modified_gmt":"2020-11-19T16:14:04","slug":"mkt-growth","status":"publish","type":"page","link":"https:\/\/mindthegraph.com\/blog\/hu\/mkt-novekedes\/","title":{"rendered":"MKT n\u00f6veked\u00e9si elemz\u0151"},"content":{"rendered":"<div class=\"wp-block-button\"><a class=\"wp-block-button__link\" href=\"https:\/\/mindthegraph.com\/blog\/work-with-us\/\">Jelentkezzen itt<\/a><\/div>\n\n\n\n<p>Friss marketing n\u00f6veked\u00e9si elemz\u0151t keres\u00fcnk, aki seg\u00edt a forgalom n\u00f6vel\u00e9s\u00e9ben \u00e9s a min\u0151s\u00edtett k\u00f6z\u00f6ns\u00e9g bevon\u00e1s\u00e1ban egy olyan platformra, amely vil\u00e1gszerte t\u00f6bb mint 400 000 tudom\u00e1nyos \u00e9s akad\u00e9miai felhaszn\u00e1l\u00f3t szolg\u00e1l ki.<br><br><strong>Sz\u00fcks\u00e9ged lesz r\u00e1:<\/strong><\/p>\n\n\n\n<ul><li>Er\u0151s ismeretek a SEO, SEM, Google Analytics, remarketing \u00e9s A\/B tesztel\u00e9s ter\u00e9n.<\/li><li>A linkstrat\u00e9gia folyamat\u00e1nak meg\u00e9rt\u00e9se - bels\u0151 \u00e9s visszahivatkoz\u00e1s<\/li><li>Kulcssz\u00f3kutat\u00e1s, keres\u00e9si algoritmusok \u00e9s rangsorol\u00e1si strat\u00e9gi\u00e1k szak\u00e9rt\u0151je<\/li><li>K\u00e9pess\u00e9g az e-mail marketing strat\u00e9gi\u00e1k futtat\u00e1s\u00e1ra<\/li><li>Google \u00e9s Facebook hirdet\u00e9sek ismerete \u00e9s v\u00e9grehajt\u00e1sa<\/li><li>Er\u0151s ROI-orient\u00e1lts\u00e1g<\/li><\/ul>\n\n\n\n<p><strong>A Mind The Graphr\u00f3l:<\/strong><br>Mi vagyunk a vezet\u0151 \u00e9s els\u0151 tudom\u00e1nyos \u00e9s tudom\u00e1nyos c\u00e9lokra \u00f6sszpontos\u00edt\u00f3 infografika-k\u00e9sz\u00edt\u0151 platform. T\u00f6bb mint 400.000 felhaszn\u00e1l\u00f3val, napi interakci\u00f3kkal, \u00e9s gyorsan n\u00f6vekszik.<\/p>\n\n\n\n<figure class=\"wp-block-embed-youtube wp-block-embed is-type-video is-provider-youtube wp-embed-aspect-16-9 wp-has-aspect-ratio\"><div class=\"wp-block-embed__wrapper\">\n<iframe loading=\"lazy\" title=\"Mind the Graph - Tudom\u00e1nyos infografik\u00e1k k\u00e9sz\u00edt\u0151je\" width=\"800\" height=\"450\" src=\"https:\/\/www.youtube.com\/embed\/tG-PmLzx6NA?feature=oembed\" frameborder=\"0\" allow=\"accelerometer; autoplay; clipboard-write; encrypted-media; gyroscope; picture-in-picture\" allowfullscreen><\/iframe>\n<\/div><\/figure>\n\n\n\n<p>Amit itt tal\u00e1l:<br>- A 100% t\u00e1voli c\u00e9g, otthoni munkav\u00e9gz\u00e9s <br>- Kedves emberek bar\u00e1ts\u00e1gos munkak\u00f6rnyezetben;<br>- Magasan k\u00e9pzett csapat a vil\u00e1g minden t\u00e1j\u00e1n;<br>- Versenyk\u00e9pes fizet\u00e9s;<br>- B\u00f3nusz a teljes\u00edtm\u00e9ny alapj\u00e1n minden negyed\u00e9vben;<br>- Internet utalv\u00e1ny (mi fizetj\u00fck az internetet)<br>- Havi wellness-utalv\u00e1ny (torna, massz\u00e1zs, j\u00f3ga...)<br>- \u00c9lelmiszer-utalv\u00e1ny havi utalv\u00e1ny (adjon mag\u00e1nak sz\u00e9p \u00e9teleket!)<br>- Fontos poz\u00edci\u00f3, amely k\u00f6zvetlen\u00fcl egy \u00edg\u00e9retes startup c\u00e9g vez\u00e9rigazgat\u00f3j\u00e1nak jelent;<br>- Kulcsfontoss\u00e1g\u00fa poz\u00edci\u00f3k a szervezeten bel\u00fcl;<br>- Az \u00d6n szakmai fejl\u0151d\u00e9s\u00e9nek \u00f6sszehangol\u00e1sa a startup n\u00f6veked\u00e9s\u00e9vel;<\/p>\n\n\n\n<div class=\"wp-block-button\"><a class=\"wp-block-button__link\" href=\"https:\/\/mindthegraph.com\/blog\/work-with-us\/\">Jelentkezzen itt<\/a><\/div>\n\n\n\n<style>\n.is-provider-youtube .wp-block-embed__wrapper, .gutentim-admin-page-video{ height:auto !important; }\n<\/style>","protected":false},"excerpt":{"rendered":"<p>Friss marketing n\u00f6veked\u00e9si elemz\u0151t keres\u00fcnk, aki seg\u00edt a forgalom n\u00f6vel\u00e9s\u00e9ben \u00e9s a min\u0151s\u00edtett k\u00f6z\u00f6ns\u00e9g bevon\u00e1s\u00e1ban egy olyan platformra, amely vil\u00e1gszerte t\u00f6bb mint 400 000 tudom\u00e1nyos \u00e9s akad\u00e9miai felhaszn\u00e1l\u00f3t szolg\u00e1l ki. Sz\u00fcks\u00e9ged lesz r\u00e1, hogy rendelkezz: Er\u0151s ismeretek a SEO, SEM, Google Analytics, remarketing \u00e9s A\/B tesztel\u00e9s ter\u00e9n A linkstrat\u00e9gia folyamat\u00e1nak meg\u00e9rt\u00e9se - bels\u0151 \u00e9s [...]<\/p>","protected":false},"author":16,"featured_media":11948,"parent":0,"menu_order":0,"comment_status":"closed","ping_status":"closed","template":"","meta":[],"yoast_head":"<!-- This site is optimized with the Yoast SEO plugin v19.9 - https:\/\/yoast.com\/wordpress\/plugins\/seo\/ -->\n<title>MKT Growth Analyst - Mind the Graph Blog<\/title>\n<meta name=\"robots\" content=\"index, follow, max-snippet:-1, max-image-preview:large, max-video-preview:-1\" \/>\n<link rel=\"canonical\" href=\"https:\/\/mindthegraph.com\/blog\/hu\/mkt-novekedes\/\" \/>\n<meta property=\"og:locale\" content=\"hu_HU\" \/>\n<meta property=\"og:type\" content=\"article\" \/>\n<meta property=\"og:title\" content=\"MKT Growth Analyst - Mind the Graph Blog\" \/>\n<meta property=\"og:description\" content=\"We are looking for a fresh Marketing Growth analyst to help boost traffic and bring qualified audience to a platform serving more than 400,000 scientific and academic users around the world. You&#8217;ll need to have: Strong knowledge of SEO, SEM, Google Analytics, remarketing, and A\/B testing Understand the process of Link strategy \u2013 internal and [&hellip;]\" \/>\n<meta property=\"og:url\" content=\"https:\/\/mindthegraph.com\/blog\/hu\/mkt-novekedes\/\" \/>\n<meta property=\"og:site_name\" content=\"Mind the Graph Blog\" \/>\n<meta property=\"article:modified_time\" content=\"2020-11-19T16:14:04+00:00\" \/>\n<meta property=\"og:image\" content=\"https:\/\/mindthegraph.com\/blog\/wp-content\/uploads\/2020\/11\/captura-de-tela-2020-11-19-as-131025.png\" \/>\n\t<meta property=\"og:image:width\" content=\"620\" \/>\n\t<meta property=\"og:image:height\" content=\"56\" \/>\n\t<meta property=\"og:image:type\" content=\"image\/png\" \/>\n<meta name=\"twitter:card\" content=\"summary_large_image\" \/>\n<meta name=\"twitter:label1\" content=\"Est. reading time\" \/>\n\t<meta name=\"twitter:data1\" content=\"1 minute\" \/>\n<!-- \/ Yoast SEO plugin. -->","yoast_head_json":{"title":"MKT Growth Analyst - Mind the Graph Blog","robots":{"index":"index","follow":"follow","max-snippet":"max-snippet:-1","max-image-preview":"max-image-preview:large","max-video-preview":"max-video-preview:-1"},"canonical":"https:\/\/mindthegraph.com\/blog\/hu\/mkt-novekedes\/","og_locale":"hu_HU","og_type":"article","og_title":"MKT Growth Analyst - Mind the Graph Blog","og_description":"We are looking for a fresh Marketing Growth analyst to help boost traffic and bring qualified audience to a platform serving more than 400,000 scientific and academic users around the world. You&#8217;ll need to have: Strong knowledge of SEO, SEM, Google Analytics, remarketing, and A\/B testing Understand the process of Link strategy \u2013 internal and [&hellip;]","og_url":"https:\/\/mindthegraph.com\/blog\/hu\/mkt-novekedes\/","og_site_name":"Mind the Graph Blog","article_modified_time":"2020-11-19T16:14:04+00:00","og_image":[{"width":620,"height":56,"url":"https:\/\/mindthegraph.com\/blog\/wp-content\/uploads\/2020\/11\/captura-de-tela-2020-11-19-as-131025.png","type":"image\/png"}],"twitter_card":"summary_large_image","twitter_misc":{"Est. reading time":"1 minute"},"schema":{"@context":"https:\/\/schema.org","@graph":[{"@type":"WebPage","@id":"https:\/\/mindthegraph.com\/blog\/mkt-growth\/","url":"https:\/\/mindthegraph.com\/blog\/mkt-growth\/","name":"MKT Growth Analyst - Mind the Graph Blog","isPartOf":{"@id":"https:\/\/mindthegraph.com\/blog\/#website"},"datePublished":"2020-11-10T15:53:50+00:00","dateModified":"2020-11-19T16:14:04+00:00","breadcrumb":{"@id":"https:\/\/mindthegraph.com\/blog\/mkt-growth\/#breadcrumb"},"inLanguage":"hu-HU","potentialAction":[{"@type":"ReadAction","target":["https:\/\/mindthegraph.com\/blog\/mkt-growth\/"]}]},{"@type":"BreadcrumbList","@id":"https:\/\/mindthegraph.com\/blog\/mkt-growth\/#breadcrumb","itemListElement":[{"@type":"ListItem","position":1,"name":"Home","item":"https:\/\/mindthegraph.com\/blog\/"},{"@type":"ListItem","position":2,"name":"MKT Growth Analyst"}]},{"@type":"WebSite","@id":"https:\/\/mindthegraph.com\/blog\/#website","url":"https:\/\/mindthegraph.com\/blog\/","name":"Mind the Graph Blog","description":"Your science can be beautiful!","potentialAction":[{"@type":"SearchAction","target":{"@type":"EntryPoint","urlTemplate":"https:\/\/mindthegraph.com\/blog\/?s={search_term_string}"},"query-input":"required name=search_term_string"}],"inLanguage":"hu-HU"}]}},"_links":{"self":[{"href":"https:\/\/mindthegraph.com\/blog\/hu\/wp-json\/wp\/v2\/pages\/11890"}],"collection":[{"href":"https:\/\/mindthegraph.com\/blog\/hu\/wp-json\/wp\/v2\/pages"}],"about":[{"href":"https:\/\/mindthegraph.com\/blog\/hu\/wp-json\/wp\/v2\/types\/page"}],"author":[{"embeddable":true,"href":"https:\/\/mindthegraph.com\/blog\/hu\/wp-json\/wp\/v2\/users\/16"}],"replies":[{"embeddable":true,"href":"https:\/\/mindthegraph.com\/blog\/hu\/wp-json\/wp\/v2\/comments?post=11890"}],"version-history":[{"count":8,"href":"https:\/\/mindthegraph.com\/blog\/hu\/wp-json\/wp\/v2\/pages\/11890\/revisions"}],"predecessor-version":[{"id":11938,"href":"https:\/\/mindthegraph.com\/blog\/hu\/wp-json\/wp\/v2\/pages\/11890\/revisions\/11938"}],"wp:featuredmedia":[{"embeddable":true,"href":"https:\/\/mindthegraph.com\/blog\/hu\/wp-json\/wp\/v2\/media\/11948"}],"wp:attachment":[{"href":"https:\/\/mindthegraph.com\/blog\/hu\/wp-json\/wp\/v2\/media?parent=11890"}],"curies":[{"name":"wp","href":"https:\/\/api.w.org\/{rel}","templated":true}]}}