{"id":14643,"date":"2021-09-27T01:49:01","date_gmt":"2021-09-27T04:49:01","guid":{"rendered":"https:\/\/mindthegraph.com\/blog\/jobs\/mkt-growth-copy\/"},"modified":"2022-06-07T19:15:22","modified_gmt":"2022-06-07T22:15:22","slug":"full-stack-developer","status":"publish","type":"page","link":"https:\/\/mindthegraph.com\/blog\/fr\/developpeur-complet\/","title":{"rendered":"D\u00e9veloppeur Full Stack"},"content":{"rendered":"<div class=\"wp-block-button\"><a class=\"wp-block-button__link\" href=\"https:\/\/mindthegraph.com\/blog\/work-with-us\/\">Postulez ici<\/a><\/div>\n\n\n\n<p>Vous aimez la science ? Nous les aimons !<\/p>\n\n\n\n<p>Nous recherchons de nouvelles personnes pour rejoindre notre \u00e9quipe d'artistes, de d\u00e9veloppeurs et d'entrepreneurs, tous passionn\u00e9s par la science.<\/p>\n\n\n\n<p><strong>\u00c0 propos de Mind the Graph<\/strong><\/p>\n\n\n\n<p>Mind the Graph fait partie de la suite de solutions CACTUS.<\/p>\n\n\n\n<p>Nous sommes la premi\u00e8re et la plus importante plateforme de cr\u00e9ation d'infographies destin\u00e9e \u00e0 des fins scientifiques et universitaires. Avec plus de 400.000 utilisateurs ayant des interactions quotidiennes et une croissance rapide.<\/p>\n\n\n\n<p>Nous sommes une petite \u00e9quipe tr\u00e8s motiv\u00e9e qui respecte et appr\u00e9cie le travail de chacun. Nous travaillons de mani\u00e8re totalement distante, avec une \u00e9quipe mature qui fonctionne de mani\u00e8re autonome et ind\u00e9pendante.<\/p>\n\n\n\n<figure class=\"wp-block-embed is-type-video is-provider-youtube wp-block-embed-youtube wp-embed-aspect-16-9 wp-has-aspect-ratio\"><div class=\"wp-block-embed__wrapper\">\n<iframe loading=\"lazy\" title=\"Mind the Graph - Cr\u00e9ateur d&#039;infographies scientifiques\" width=\"800\" height=\"450\" src=\"https:\/\/www.youtube.com\/embed\/tG-PmLzx6NA?feature=oembed\" frameborder=\"0\" allow=\"accelerometer; autoplay; clipboard-write; encrypted-media; gyroscope; picture-in-picture\" allowfullscreen><\/iframe>\n<\/div><\/figure>\n\n\n\n<p>Nous avons une nouvelle opportunit\u00e9 de travail : <strong>D\u00e9veloppeur Full Stack<\/strong>.<\/p>\n\n\n\n<p>En tant que d\u00e9veloppeur Full Stack, vous devez \u00eatre \u00e0 l'aise avec les langages de codage frontaux et dorsaux, les cadres de d\u00e9veloppement et les biblioth\u00e8ques tierces. Vous devez \u00e9galement avoir l'esprit d'\u00e9quipe et un don pour la conception visuelle et l'utilit\u00e9.<\/p>\n\n\n\n<p><strong>Activit\u00e9s principales<\/strong><\/p>\n\n\n\n<ul><li>Participer \u00e0 la conception et \u00e0 la cr\u00e9ation de logiciels \u00e9volutifs.<\/li><li>R\u00e9diger un code propre et fonctionnel sur le front-end et le back-end.<\/li><li>Tester et corriger les bogues ou autres probl\u00e8mes de codage.<\/li><li>Travailler avec l'\u00e9quipe de d\u00e9veloppement et le chef de produit pour imaginer des solutions logicielles.<\/li><li>Concevoir une architecture c\u00f4t\u00e9 client et c\u00f4t\u00e9 serveur.<\/li><li>Construire le front-end des applications gr\u00e2ce \u00e0 une conception visuelle attrayante.<\/li><li>D\u00e9velopper et g\u00e9rer des bases de donn\u00e9es et des applications qui fonctionnent bien.<\/li><li>D\u00e9panner, d\u00e9boguer et mettre \u00e0 jour les logiciels.<\/li><li>Cr\u00e9ez des param\u00e8tres de s\u00e9curit\u00e9 et de protection des donn\u00e9es.<\/li><li>R\u00e9diger la documentation technique.<\/li><li>Travaillez avec des scientifiques et des analystes de donn\u00e9es pour am\u00e9liorer le logiciel.<\/li><\/ul>\n\n\n\n<p><strong>Exigences professionnelles<\/strong><\/p>\n\n\n\n<ul><li>Au moins 5 ans d'exp\u00e9rience professionnelle en tant que d\u00e9veloppeur.<\/li><li>Familiarit\u00e9 avec plusieurs langages, biblioth\u00e8ques et frameworks frontaux et dorsaux.<\/li><li>Conception et gestion de bases de donn\u00e9es MySQL.<\/li><li>Se tenir au courant des meilleures pratiques de d\u00e9veloppement les plus r\u00e9centes<\/li><li>Compr\u00e9hension approfondie de l'exp\u00e9rience utilisateur, et \u00e9ventuellement, de la strat\u00e9gie produit.<\/li><li>Exp\u00e9rience de la mise en \u0153uvre de plateformes de test et de tests unitaires.<\/li><li>Ma\u00eetrise de Git.<\/li><li>Appr\u00e9ciation d'un code propre et bien document\u00e9.<\/li><li>Votre propre poste de travail.<\/li><\/ul>\n\n\n\n<p><strong>Qualifications souhait\u00e9es<\/strong><\/p>\n\n\n\n<ul><li>Ma\u00eetrise de l'anglais \u00e0 l'oral et \u00e0 l'\u00e9crit.<\/li><li>Exp\u00e9rience confirm\u00e9e en tant que d\u00e9veloppeur Full Stack ou r\u00f4le similaire.<\/li><li>Excellentes aptitudes \u00e0 la communication et au travail d'\u00e9quipe.<\/li><li>Une grande attention aux d\u00e9tails.<\/li><li>Comp\u00e9tences organisationnelles.<\/li><li>Un esprit analytique.<\/li><li>Dipl\u00f4me en informatique, en statistiques ou dans un domaine pertinent.<\/li><\/ul>\n\n\n\n<p><strong>Notre pile de base Workspace<\/strong><\/p>\n\n\n\n<ul><li>JavaScript : biblioth\u00e8que Fabric.js<\/li><li>PHP : Framework CodeIgniter<\/li><li>Node.js : le cadre NestJS<\/li><li>MySQL.<\/li><\/ul>\n\n\n\n<p><strong>Ce que vous trouverez ici<\/strong><\/p>\n\n\n\n<ul><li>Une soci\u00e9t\u00e9 \u00e0 distance 100%.<\/li><li>Des personnes sympathiques dans un environnement de travail convivial.<\/li><li>\u00c9quipe hautement qualifi\u00e9e r\u00e9partie dans le monde entier.<\/li><li>Salaire comp\u00e9titif pay\u00e9 en USD.<\/li><li>Faites partie d'une entreprise d'envergure mondiale.<\/li><li>Poste important relevant directement du PDG d'une startup prometteuse.<\/li><li>Placement cl\u00e9 avec des responsabilit\u00e9s importantes dans l'organisation.<\/li><li>Alignement de votre croissance professionnelle sur celle de la startup.<\/li><\/ul>\n\n\n\n<p>Vous \u00eates-vous identifi\u00e9 \u00e0 ce travail ?&nbsp;<\/p>\n\n\n\n<p>Alors faites votre demande et rejoignez l'\u00e9quipe !<\/p>\n\n\n\n<div class=\"wp-block-button\"><a class=\"wp-block-button__link\" href=\"https:\/\/mindthegraph.com\/blog\/work-with-us\/\">Postulez ici<\/a><\/div>\n\n\n\n<style>\n.is-provider-youtube .wp-block-embed__wrapper, .gutentim-admin-page-video{ height:auto !important; }\n<\/style>","protected":false},"excerpt":{"rendered":"<p>Vous aimez la science ? Nous l'aimons ! Nous recherchons de nouvelles personnes pour rejoindre notre \u00e9quipe d'artistes, de d\u00e9veloppeurs et d'entrepreneurs, tous passionn\u00e9s par la science. A propos de Mind the Graph Mind the Graph fait partie de la suite de solutions CACTUS. Nous sommes la premi\u00e8re et la plus importante plateforme de cr\u00e9ation d'infographies destin\u00e9e aux scientifiques et aux universitaires [...].<\/p>","protected":false},"author":21,"featured_media":11948,"parent":0,"menu_order":0,"comment_status":"closed","ping_status":"closed","template":"","meta":[],"yoast_head":"<!-- This site is optimized with the Yoast SEO plugin v19.9 - https:\/\/yoast.com\/wordpress\/plugins\/seo\/ -->\n<title>Full Stack Developer - Mind the Graph Blog<\/title>\n<meta name=\"robots\" content=\"index, follow, max-snippet:-1, max-image-preview:large, max-video-preview:-1\" \/>\n<link rel=\"canonical\" href=\"https:\/\/mindthegraph.com\/blog\/fr\/sviluppatore-completo\/\" \/>\n<meta property=\"og:locale\" content=\"fr_FR\" \/>\n<meta property=\"og:type\" content=\"article\" \/>\n<meta property=\"og:title\" content=\"Full Stack Developer - Mind the Graph Blog\" \/>\n<meta property=\"og:description\" content=\"Do you love science? We do! We are looking for new people to join our team of artists, developers, and entrepreneurs, all passionate about science. About Mind the Graph Mind the Graph is a part of the CACTUS suite of solutions. We are the leading and first infographic maker platform focused on scientific and academic [&hellip;]\" \/>\n<meta property=\"og:url\" content=\"https:\/\/mindthegraph.com\/blog\/fr\/sviluppatore-completo\/\" \/>\n<meta property=\"og:site_name\" content=\"Mind the Graph Blog\" \/>\n<meta property=\"article:modified_time\" content=\"2022-06-07T22:15:22+00:00\" \/>\n<meta property=\"og:image\" content=\"https:\/\/mindthegraph.com\/blog\/wp-content\/uploads\/2020\/11\/captura-de-tela-2020-11-19-as-131025.png\" \/>\n\t<meta property=\"og:image:width\" content=\"620\" \/>\n\t<meta property=\"og:image:height\" content=\"56\" \/>\n\t<meta property=\"og:image:type\" content=\"image\/png\" \/>\n<meta name=\"twitter:card\" content=\"summary_large_image\" \/>\n<meta name=\"twitter:label1\" content=\"Dur\u00e9e de lecture estim\u00e9e\" \/>\n\t<meta name=\"twitter:data1\" content=\"2 minutes\" \/>\n<!-- \/ Yoast SEO plugin. -->","yoast_head_json":{"title":"Full Stack Developer - Mind the Graph Blog","robots":{"index":"index","follow":"follow","max-snippet":"max-snippet:-1","max-image-preview":"max-image-preview:large","max-video-preview":"max-video-preview:-1"},"canonical":"https:\/\/mindthegraph.com\/blog\/fr\/sviluppatore-completo\/","og_locale":"fr_FR","og_type":"article","og_title":"Full Stack Developer - Mind the Graph Blog","og_description":"Do you love science? We do! We are looking for new people to join our team of artists, developers, and entrepreneurs, all passionate about science. About Mind the Graph Mind the Graph is a part of the CACTUS suite of solutions. We are the leading and first infographic maker platform focused on scientific and academic [&hellip;]","og_url":"https:\/\/mindthegraph.com\/blog\/fr\/sviluppatore-completo\/","og_site_name":"Mind the Graph Blog","article_modified_time":"2022-06-07T22:15:22+00:00","og_image":[{"width":620,"height":56,"url":"https:\/\/mindthegraph.com\/blog\/wp-content\/uploads\/2020\/11\/captura-de-tela-2020-11-19-as-131025.png","type":"image\/png"}],"twitter_card":"summary_large_image","twitter_misc":{"Dur\u00e9e de lecture estim\u00e9e":"2 minutes"},"schema":{"@context":"https:\/\/schema.org","@graph":[{"@type":"WebPage","@id":"https:\/\/mindthegraph.com\/blog\/it\/sviluppatore-completo\/","url":"https:\/\/mindthegraph.com\/blog\/it\/sviluppatore-completo\/","name":"Full Stack Developer - Mind the Graph Blog","isPartOf":{"@id":"https:\/\/mindthegraph.com\/blog\/#website"},"datePublished":"2021-09-27T04:49:01+00:00","dateModified":"2022-06-07T22:15:22+00:00","breadcrumb":{"@id":"https:\/\/mindthegraph.com\/blog\/it\/sviluppatore-completo\/#breadcrumb"},"inLanguage":"fr-FR","potentialAction":[{"@type":"ReadAction","target":["https:\/\/mindthegraph.com\/blog\/it\/sviluppatore-completo\/"]}]},{"@type":"BreadcrumbList","@id":"https:\/\/mindthegraph.com\/blog\/it\/sviluppatore-completo\/#breadcrumb","itemListElement":[{"@type":"ListItem","position":1,"name":"Home","item":"https:\/\/mindthegraph.com\/blog\/"},{"@type":"ListItem","position":2,"name":"Full Stack Developer"}]},{"@type":"WebSite","@id":"https:\/\/mindthegraph.com\/blog\/#website","url":"https:\/\/mindthegraph.com\/blog\/","name":"Mind the Graph Blog","description":"Your science can be beautiful!","potentialAction":[{"@type":"SearchAction","target":{"@type":"EntryPoint","urlTemplate":"https:\/\/mindthegraph.com\/blog\/?s={search_term_string}"},"query-input":"required name=search_term_string"}],"inLanguage":"fr-FR"}]}},"_links":{"self":[{"href":"https:\/\/mindthegraph.com\/blog\/fr\/wp-json\/wp\/v2\/pages\/14643"}],"collection":[{"href":"https:\/\/mindthegraph.com\/blog\/fr\/wp-json\/wp\/v2\/pages"}],"about":[{"href":"https:\/\/mindthegraph.com\/blog\/fr\/wp-json\/wp\/v2\/types\/page"}],"author":[{"embeddable":true,"href":"https:\/\/mindthegraph.com\/blog\/fr\/wp-json\/wp\/v2\/users\/21"}],"replies":[{"embeddable":true,"href":"https:\/\/mindthegraph.com\/blog\/fr\/wp-json\/wp\/v2\/comments?post=14643"}],"version-history":[{"count":4,"href":"https:\/\/mindthegraph.com\/blog\/fr\/wp-json\/wp\/v2\/pages\/14643\/revisions"}],"predecessor-version":[{"id":15901,"href":"https:\/\/mindthegraph.com\/blog\/fr\/wp-json\/wp\/v2\/pages\/14643\/revisions\/15901"}],"wp:featuredmedia":[{"embeddable":true,"href":"https:\/\/mindthegraph.com\/blog\/fr\/wp-json\/wp\/v2\/media\/11948"}],"wp:attachment":[{"href":"https:\/\/mindthegraph.com\/blog\/fr\/wp-json\/wp\/v2\/media?parent=14643"}],"curies":[{"name":"wp","href":"https:\/\/api.w.org\/{rel}","templated":true}]}}