{"id":11890,"date":"2020-11-10T13:53:50","date_gmt":"2020-11-10T15:53:50","guid":{"rendered":"https:\/\/mindthegraph.com\/blog\/?page_id=11890"},"modified":"2020-11-19T14:14:04","modified_gmt":"2020-11-19T16:14:04","slug":"mkt-growth","status":"publish","type":"page","link":"https:\/\/mindthegraph.com\/blog\/fr\/mkt-croissance\/","title":{"rendered":"Analyste de croissance MKT"},"content":{"rendered":"<div class=\"wp-block-button\"><a class=\"wp-block-button__link\" href=\"https:\/\/mindthegraph.com\/blog\/work-with-us\/\">Postulez ici<\/a><\/div>\n\n\n\n<p>Nous sommes \u00e0 la recherche d'un analyste du marketing de croissance pour nous aider \u00e0 augmenter le trafic et \u00e0 attirer une audience qualifi\u00e9e sur une plateforme qui sert plus de 400 000 utilisateurs scientifiques et universitaires dans le monde.<br><br><strong>Vous devez avoir :<\/strong><\/p>\n\n\n\n<ul><li>Connaissance approfondie du r\u00e9f\u00e9rencement, du SEM, de Google Analytics, du remarketing et des tests A\/B.<\/li><li>Comprendre le processus de la strat\u00e9gie de liens - liens internes et r\u00e9troliens.<\/li><li>Expert en recherche de mots-cl\u00e9s, en algorithmes de recherche et en strat\u00e9gies de classement.<\/li><li>Capacit\u00e9 \u00e0 mettre en \u0153uvre des strat\u00e9gies de marketing par courriel<\/li><li>Connaissance et ex\u00e9cution de Google et Facebook Ads<\/li><li>Une forte orientation vers le retour sur investissement<\/li><\/ul>\n\n\n\n<p><strong>A propos de Mind The Graph :<\/strong><br>Nous sommes la premi\u00e8re et la plus importante plateforme de cr\u00e9ation d'infographies destin\u00e9e \u00e0 des fins scientifiques et universitaires. Nous comptons plus de 400 000 utilisateurs qui interagissent quotidiennement et nous sommes en pleine expansion.<\/p>\n\n\n\n<figure class=\"wp-block-embed-youtube wp-block-embed is-type-video is-provider-youtube wp-embed-aspect-16-9 wp-has-aspect-ratio\"><div class=\"wp-block-embed__wrapper\">\n<iframe loading=\"lazy\" title=\"Mind the Graph - Cr\u00e9ateur d&#039;infographies scientifiques\" width=\"800\" height=\"450\" src=\"https:\/\/www.youtube.com\/embed\/tG-PmLzx6NA?feature=oembed\" frameborder=\"0\" allow=\"accelerometer; autoplay; clipboard-write; encrypted-media; gyroscope; picture-in-picture\" allowfullscreen><\/iframe>\n<\/div><\/figure>\n\n\n\n<p>Ce que vous trouverez ici :<br>- Une entreprise \u00e0 distance 100%, travaillez depuis votre domicile <br>- Des personnes sympathiques dans un environnement de travail convivial ;<br>- \u00c9quipe hautement qualifi\u00e9e r\u00e9partie dans le monde entier ;<br>- Salaire comp\u00e9titif ;<br>- Bonus sur les performances chaque trimestre ;<br>- Bon de mensualit\u00e9 Internet (nous payons votre Internet)<br>- Bon mensuel de bien-\u00eatre (exercices, massages, yoga...)<br>- Bon d'alimentation - bon mensuel (offrez-vous de bons repas !)<br>- Poste important relevant directement du PDG d'une startup prometteuse ;<br>- Placement cl\u00e9 avec des responsabilit\u00e9s importantes dans l'organisation ;<br>- Alignement de votre croissance professionnelle sur celle de la startup ;<\/p>\n\n\n\n<div class=\"wp-block-button\"><a class=\"wp-block-button__link\" href=\"https:\/\/mindthegraph.com\/blog\/work-with-us\/\">Postulez ici<\/a><\/div>\n\n\n\n<style>\n.is-provider-youtube .wp-block-embed__wrapper, .gutentim-admin-page-video{ height:auto !important; }\n<\/style>","protected":false},"excerpt":{"rendered":"<p>Nous sommes \u00e0 la recherche d'un analyste de croissance marketing frais pour aider \u00e0 stimuler le trafic et apporter une audience qualifi\u00e9e \u00e0 une plateforme servant plus de 400 000 utilisateurs scientifiques et universitaires dans le monde entier. Vous devrez avoir : Une connaissance approfondie du SEO, du SEM, de Google Analytics, du remarketing et des tests A\/B Comprendre le processus de la strat\u00e9gie de liens - interne et [...]<\/p>","protected":false},"author":16,"featured_media":11948,"parent":0,"menu_order":0,"comment_status":"closed","ping_status":"closed","template":"","meta":[],"yoast_head":"<!-- This site is optimized with the Yoast SEO plugin v19.9 - https:\/\/yoast.com\/wordpress\/plugins\/seo\/ -->\n<title>MKT Growth Analyst - Mind the Graph Blog<\/title>\n<meta name=\"robots\" content=\"index, follow, max-snippet:-1, max-image-preview:large, max-video-preview:-1\" \/>\n<link rel=\"canonical\" href=\"https:\/\/mindthegraph.com\/blog\/fr\/mkt-croissance\/\" \/>\n<meta property=\"og:locale\" content=\"fr_FR\" \/>\n<meta property=\"og:type\" content=\"article\" \/>\n<meta property=\"og:title\" content=\"MKT Growth Analyst - Mind the Graph Blog\" \/>\n<meta property=\"og:description\" content=\"We are looking for a fresh Marketing Growth analyst to help boost traffic and bring qualified audience to a platform serving more than 400,000 scientific and academic users around the world. You&#8217;ll need to have: Strong knowledge of SEO, SEM, Google Analytics, remarketing, and A\/B testing Understand the process of Link strategy \u2013 internal and [&hellip;]\" \/>\n<meta property=\"og:url\" content=\"https:\/\/mindthegraph.com\/blog\/fr\/mkt-croissance\/\" \/>\n<meta property=\"og:site_name\" content=\"Mind the Graph Blog\" \/>\n<meta property=\"article:modified_time\" content=\"2020-11-19T16:14:04+00:00\" \/>\n<meta property=\"og:image\" content=\"https:\/\/mindthegraph.com\/blog\/wp-content\/uploads\/2020\/11\/captura-de-tela-2020-11-19-as-131025.png\" \/>\n\t<meta property=\"og:image:width\" content=\"620\" \/>\n\t<meta property=\"og:image:height\" content=\"56\" \/>\n\t<meta property=\"og:image:type\" content=\"image\/png\" \/>\n<meta name=\"twitter:card\" content=\"summary_large_image\" \/>\n<meta name=\"twitter:label1\" content=\"Dur\u00e9e de lecture estim\u00e9e\" \/>\n\t<meta name=\"twitter:data1\" content=\"1 minute\" \/>\n<!-- \/ Yoast SEO plugin. -->","yoast_head_json":{"title":"MKT Growth Analyst - Mind the Graph Blog","robots":{"index":"index","follow":"follow","max-snippet":"max-snippet:-1","max-image-preview":"max-image-preview:large","max-video-preview":"max-video-preview:-1"},"canonical":"https:\/\/mindthegraph.com\/blog\/fr\/mkt-croissance\/","og_locale":"fr_FR","og_type":"article","og_title":"MKT Growth Analyst - Mind the Graph Blog","og_description":"We are looking for a fresh Marketing Growth analyst to help boost traffic and bring qualified audience to a platform serving more than 400,000 scientific and academic users around the world. You&#8217;ll need to have: Strong knowledge of SEO, SEM, Google Analytics, remarketing, and A\/B testing Understand the process of Link strategy \u2013 internal and [&hellip;]","og_url":"https:\/\/mindthegraph.com\/blog\/fr\/mkt-croissance\/","og_site_name":"Mind the Graph Blog","article_modified_time":"2020-11-19T16:14:04+00:00","og_image":[{"width":620,"height":56,"url":"https:\/\/mindthegraph.com\/blog\/wp-content\/uploads\/2020\/11\/captura-de-tela-2020-11-19-as-131025.png","type":"image\/png"}],"twitter_card":"summary_large_image","twitter_misc":{"Dur\u00e9e de lecture estim\u00e9e":"1 minute"},"schema":{"@context":"https:\/\/schema.org","@graph":[{"@type":"WebPage","@id":"https:\/\/mindthegraph.com\/blog\/mkt-growth\/","url":"https:\/\/mindthegraph.com\/blog\/mkt-growth\/","name":"MKT Growth Analyst - Mind the Graph Blog","isPartOf":{"@id":"https:\/\/mindthegraph.com\/blog\/#website"},"datePublished":"2020-11-10T15:53:50+00:00","dateModified":"2020-11-19T16:14:04+00:00","breadcrumb":{"@id":"https:\/\/mindthegraph.com\/blog\/mkt-growth\/#breadcrumb"},"inLanguage":"fr-FR","potentialAction":[{"@type":"ReadAction","target":["https:\/\/mindthegraph.com\/blog\/mkt-growth\/"]}]},{"@type":"BreadcrumbList","@id":"https:\/\/mindthegraph.com\/blog\/mkt-growth\/#breadcrumb","itemListElement":[{"@type":"ListItem","position":1,"name":"Home","item":"https:\/\/mindthegraph.com\/blog\/"},{"@type":"ListItem","position":2,"name":"MKT Growth Analyst"}]},{"@type":"WebSite","@id":"https:\/\/mindthegraph.com\/blog\/#website","url":"https:\/\/mindthegraph.com\/blog\/","name":"Mind the Graph Blog","description":"Your science can be beautiful!","potentialAction":[{"@type":"SearchAction","target":{"@type":"EntryPoint","urlTemplate":"https:\/\/mindthegraph.com\/blog\/?s={search_term_string}"},"query-input":"required name=search_term_string"}],"inLanguage":"fr-FR"}]}},"_links":{"self":[{"href":"https:\/\/mindthegraph.com\/blog\/fr\/wp-json\/wp\/v2\/pages\/11890"}],"collection":[{"href":"https:\/\/mindthegraph.com\/blog\/fr\/wp-json\/wp\/v2\/pages"}],"about":[{"href":"https:\/\/mindthegraph.com\/blog\/fr\/wp-json\/wp\/v2\/types\/page"}],"author":[{"embeddable":true,"href":"https:\/\/mindthegraph.com\/blog\/fr\/wp-json\/wp\/v2\/users\/16"}],"replies":[{"embeddable":true,"href":"https:\/\/mindthegraph.com\/blog\/fr\/wp-json\/wp\/v2\/comments?post=11890"}],"version-history":[{"count":8,"href":"https:\/\/mindthegraph.com\/blog\/fr\/wp-json\/wp\/v2\/pages\/11890\/revisions"}],"predecessor-version":[{"id":11938,"href":"https:\/\/mindthegraph.com\/blog\/fr\/wp-json\/wp\/v2\/pages\/11890\/revisions\/11938"}],"wp:featuredmedia":[{"embeddable":true,"href":"https:\/\/mindthegraph.com\/blog\/fr\/wp-json\/wp\/v2\/media\/11948"}],"wp:attachment":[{"href":"https:\/\/mindthegraph.com\/blog\/fr\/wp-json\/wp\/v2\/media?parent=11890"}],"curies":[{"name":"wp","href":"https:\/\/api.w.org\/{rel}","templated":true}]}}