{"id":14643,"date":"2021-09-27T01:49:01","date_gmt":"2021-09-27T04:49:01","guid":{"rendered":"https:\/\/mindthegraph.com\/blog\/jobs\/mkt-growth-copy\/"},"modified":"2022-06-07T19:15:22","modified_gmt":"2022-06-07T22:15:22","slug":"full-stack-developer","status":"publish","type":"page","link":"https:\/\/mindthegraph.com\/blog\/fi\/full-stack-developer\/","title":{"rendered":"Full Stack -kehitt\u00e4j\u00e4"},"content":{"rendered":"<div class=\"wp-block-button\"><a class=\"wp-block-button__link\" href=\"https:\/\/mindthegraph.com\/blog\/work-with-us\/\">Hae t\u00e4\u00e4lt\u00e4<\/a><\/div>\n\n\n\n<p>Rakastatko tiedett\u00e4? Me rakastamme!<\/p>\n\n\n\n<p>Etsimme uusia ihmisi\u00e4 liittym\u00e4\u00e4n tiimiimme, joka koostuu taiteilijoista, kehitt\u00e4jist\u00e4 ja yritt\u00e4jist\u00e4, jotka kaikki suhtautuvat intohimoisesti tieteeseen.<\/p>\n\n\n\n<p><strong>Tietoja Mind the Graph:st\u00e4<\/strong><\/p>\n\n\n\n<p>Mind the Graph on osa CACTUS-ratkaisusarjaa.<\/p>\n\n\n\n<p>Olemme johtava ja ensimm\u00e4inen tieteellisiin ja akateemisiin tarkoituksiin keskittynyt infografiikkatuotantoalusta. Meill\u00e4 on yli 400.000 k\u00e4ytt\u00e4j\u00e4\u00e4, jotka ovat p\u00e4ivitt\u00e4in vuorovaikutuksessa ja jotka kasvavat nopeasti.<\/p>\n\n\n\n<p>Olemme pieni, eritt\u00e4in motivoitunut tiimi, joka kunnioittaa ja arvostaa toistensa ty\u00f6t\u00e4. Ty\u00f6skentelemme t\u00e4ysin et\u00e4ty\u00f6n\u00e4, ja meill\u00e4 on kyps\u00e4 tiimi, joka toimii itsen\u00e4isesti ja riippumattomasti.<\/p>\n\n\n\n<figure class=\"wp-block-embed is-type-video is-provider-youtube wp-block-embed-youtube wp-embed-aspect-16-9 wp-has-aspect-ratio\"><div class=\"wp-block-embed__wrapper\">\n<iframe loading=\"lazy\" title=\"Mind the Graph - Tiede-infograafien tekij\u00e4 - Science Infographic Maker\" width=\"800\" height=\"450\" src=\"https:\/\/www.youtube.com\/embed\/tG-PmLzx6NA?feature=oembed\" frameborder=\"0\" allow=\"accelerometer; autoplay; clipboard-write; encrypted-media; gyroscope; picture-in-picture\" allowfullscreen><\/iframe>\n<\/div><\/figure>\n\n\n\n<p>Meill\u00e4 on uusi ty\u00f6mahdollisuus: <strong>Full Stack -kehitt\u00e4j\u00e4<\/strong>.<\/p>\n\n\n\n<p>Full Stack -kehitt\u00e4j\u00e4n\u00e4 sinun tulisi tuntea olosi mukavaksi sek\u00e4 front-end- ett\u00e4 back-end-koodauskielten, kehityskehysten ja kolmansien osapuolten kirjastojen parissa. Sinun tulisi my\u00f6s olla tiimipelaaja, jolla on taito visuaaliseen suunnitteluun ja hy\u00f6dyllisyyteen.<\/p>\n\n\n\n<p><strong>T\u00e4rkeimm\u00e4t toiminnot<\/strong><\/p>\n\n\n\n<ul><li>Osallistuminen skaalautuvien ohjelmistojen suunnitteluun ja luomiseen.<\/li><li>Puhtaan, toimivan koodin kirjoittaminen etu- ja back-endiss\u00e4.<\/li><li>Virheiden ja muiden koodausongelmien testaus ja korjaaminen.<\/li><li>Ty\u00f6skentele kehitystiimin ja tuotep\u00e4\u00e4llik\u00f6n kanssa ohjelmistoratkaisujen ideoimiseksi.<\/li><li>Asiakas- ja palvelinpuolen arkkitehtuurin suunnittelu.<\/li><li>Rakenna sovellusten etusivu houkuttelevan visuaalisen suunnittelun avulla.<\/li><li>kehitt\u00e4\u00e4 ja hallinnoida hyvin toimivia tietokantoja ja sovelluksia.<\/li><li>Vianm\u00e4\u00e4ritys, vianm\u00e4\u00e4ritys ja ohjelmistop\u00e4ivitys.<\/li><li>Luo tietoturva- ja tietosuoja-asetukset.<\/li><li>Teknisen dokumentaation kirjoittaminen.<\/li><li>Ty\u00f6skentele tietotutkijoiden ja analyytikoiden kanssa ohjelmiston parantamiseksi.<\/li><\/ul>\n\n\n\n<p><strong>Ty\u00f6n vaatimukset<\/strong><\/p>\n\n\n\n<ul><li>V\u00e4hint\u00e4\u00e4n 5 vuoden ty\u00f6kokemus kehitt\u00e4j\u00e4n\u00e4.<\/li><li>Perehtyneisyys useisiin front-end- ja back-end-kieliin, kirjastoihin ja kehyksiin.<\/li><li>MySQL-tietokannan suunnittelu ja hallinta.<\/li><li>Uusimmat parhaat kehitysk\u00e4yt\u00e4nn\u00f6t<\/li><li>Perusteellinen ymm\u00e4rrys k\u00e4ytt\u00e4j\u00e4kokemuksesta ja mahdollisesti tuotestrategiasta.<\/li><li>Kokemus testausalustojen ja yksikk\u00f6testien toteuttamisesta.<\/li><li>Git-osaaminen.<\/li><li>Arvostat puhdasta ja hyvin dokumentoitua koodia.<\/li><li>Oma ty\u00f6asema.<\/li><\/ul>\n\n\n\n<p><strong>Edellytett\u00e4v\u00e4t p\u00e4tevyydet<\/strong><\/p>\n\n\n\n<ul><li>Puhuu ja kirjoittaa sujuvasti englantia.<\/li><li>Todistettu kokemus Full Stack Developerina tai vastaavassa teht\u00e4v\u00e4ss\u00e4.<\/li><li>Erinomaiset viestint\u00e4- ja tiimity\u00f6taidot.<\/li><li>Suuri huomio yksityiskohtiin.<\/li><li>Organisointitaidot.<\/li><li>Analyyttinen mieli.<\/li><li>Tutkinto tietojenk\u00e4sittelytieteest\u00e4, tilastotieteest\u00e4 tai vastaavalta alalta.<\/li><\/ul>\n\n\n\n<p><strong>Workspace Core Stack<\/strong><\/p>\n\n\n\n<ul><li>JavaScript: kirjasto Fabric.js<\/li><li>PHP: CodeIgniter Framework<\/li><li>Node.js: NestJS-kehysj\u00e4rjestelm\u00e4<\/li><li>MySQL.<\/li><\/ul>\n\n\n\n<p><strong>Mit\u00e4 l\u00f6yd\u00e4t t\u00e4\u00e4lt\u00e4<\/strong><\/p>\n\n\n\n<ul><li>100%-et\u00e4yhti\u00f6.<\/li><li>Mukavat ihmiset yst\u00e4v\u00e4llisess\u00e4 ty\u00f6ymp\u00e4rist\u00f6ss\u00e4.<\/li><li>Eritt\u00e4in ammattitaitoinen tiimi, joka on jakautunut ymp\u00e4ri maailmaa.<\/li><li>Kilpailukykyinen palkka maksetaan Yhdysvaltain dollareina.<\/li><li>P\u00e4\u00e4set osaksi yrityst\u00e4, jolla on maailmanlaajuinen ulottuvuus.<\/li><li>T\u00e4rke\u00e4 teht\u00e4v\u00e4, jossa raportoidaan suoraan lupaavan startup-yrityksen toimitusjohtajalle.<\/li><li>Avainasemassa oleva henkil\u00f6, jolla on t\u00e4rke\u00e4 vastuu organisaatiossa.<\/li><li>Ammatillisen kasvusi sovittaminen yhteen startupin kasvun kanssa.<\/li><\/ul>\n\n\n\n<p>Oletko samaistunut t\u00e4h\u00e4n ty\u00f6h\u00f6n?&nbsp;<\/p>\n\n\n\n<p>Tee siis hakemus ja liity tiimiin!<\/p>\n\n\n\n<div class=\"wp-block-button\"><a class=\"wp-block-button__link\" href=\"https:\/\/mindthegraph.com\/blog\/work-with-us\/\">Hae t\u00e4\u00e4lt\u00e4<\/a><\/div>\n\n\n\n<style>\n.is-provider-youtube .wp-block-embed__wrapper, .gutentim-admin-page-video{ height:auto !important; }\n<\/style>","protected":false},"excerpt":{"rendered":"<p>Rakastatko tiedett\u00e4? Me rakastamme! Etsimme uusia ihmisi\u00e4 liittym\u00e4\u00e4n tiimiimme, joka koostuu taiteilijoista, kehitt\u00e4jist\u00e4 ja yritt\u00e4jist\u00e4, jotka kaikki suhtautuvat intohimoisesti tieteeseen. Tietoa Mind the Graph:st\u00e4 Mind the Graph on osa CACTUS-ratkaisusarjaa. Olemme johtava ja ensimm\u00e4inen tieteelliseen ja akateemiseen [...]<\/p>","protected":false},"author":21,"featured_media":11948,"parent":0,"menu_order":0,"comment_status":"closed","ping_status":"closed","template":"","meta":[],"yoast_head":"<!-- This site is optimized with the Yoast SEO plugin v19.9 - https:\/\/yoast.com\/wordpress\/plugins\/seo\/ -->\n<title>Full Stack Developer - Mind the Graph Blog<\/title>\n<meta name=\"robots\" content=\"index, follow, max-snippet:-1, max-image-preview:large, max-video-preview:-1\" \/>\n<link rel=\"canonical\" href=\"https:\/\/mindthegraph.com\/blog\/fi\/sviluppatore-completo\/\" \/>\n<meta property=\"og:locale\" content=\"fi_FI\" \/>\n<meta property=\"og:type\" content=\"article\" \/>\n<meta property=\"og:title\" content=\"Full Stack Developer - Mind the Graph Blog\" \/>\n<meta property=\"og:description\" content=\"Do you love science? We do! We are looking for new people to join our team of artists, developers, and entrepreneurs, all passionate about science. About Mind the Graph Mind the Graph is a part of the CACTUS suite of solutions. We are the leading and first infographic maker platform focused on scientific and academic [&hellip;]\" \/>\n<meta property=\"og:url\" content=\"https:\/\/mindthegraph.com\/blog\/fi\/sviluppatore-completo\/\" \/>\n<meta property=\"og:site_name\" content=\"Mind the Graph Blog\" \/>\n<meta property=\"article:modified_time\" content=\"2022-06-07T22:15:22+00:00\" \/>\n<meta property=\"og:image\" content=\"https:\/\/mindthegraph.com\/blog\/wp-content\/uploads\/2020\/11\/captura-de-tela-2020-11-19-as-131025.png\" \/>\n\t<meta property=\"og:image:width\" content=\"620\" \/>\n\t<meta property=\"og:image:height\" content=\"56\" \/>\n\t<meta property=\"og:image:type\" content=\"image\/png\" \/>\n<meta name=\"twitter:card\" content=\"summary_large_image\" \/>\n<meta name=\"twitter:label1\" content=\"Est. reading time\" \/>\n\t<meta name=\"twitter:data1\" content=\"2 minutes\" \/>\n<!-- \/ Yoast SEO plugin. -->","yoast_head_json":{"title":"Full Stack Developer - Mind the Graph Blog","robots":{"index":"index","follow":"follow","max-snippet":"max-snippet:-1","max-image-preview":"max-image-preview:large","max-video-preview":"max-video-preview:-1"},"canonical":"https:\/\/mindthegraph.com\/blog\/fi\/sviluppatore-completo\/","og_locale":"fi_FI","og_type":"article","og_title":"Full Stack Developer - Mind the Graph Blog","og_description":"Do you love science? We do! We are looking for new people to join our team of artists, developers, and entrepreneurs, all passionate about science. About Mind the Graph Mind the Graph is a part of the CACTUS suite of solutions. We are the leading and first infographic maker platform focused on scientific and academic [&hellip;]","og_url":"https:\/\/mindthegraph.com\/blog\/fi\/sviluppatore-completo\/","og_site_name":"Mind the Graph Blog","article_modified_time":"2022-06-07T22:15:22+00:00","og_image":[{"width":620,"height":56,"url":"https:\/\/mindthegraph.com\/blog\/wp-content\/uploads\/2020\/11\/captura-de-tela-2020-11-19-as-131025.png","type":"image\/png"}],"twitter_card":"summary_large_image","twitter_misc":{"Est. reading time":"2 minutes"},"schema":{"@context":"https:\/\/schema.org","@graph":[{"@type":"WebPage","@id":"https:\/\/mindthegraph.com\/blog\/it\/sviluppatore-completo\/","url":"https:\/\/mindthegraph.com\/blog\/it\/sviluppatore-completo\/","name":"Full Stack Developer - Mind the Graph Blog","isPartOf":{"@id":"https:\/\/mindthegraph.com\/blog\/#website"},"datePublished":"2021-09-27T04:49:01+00:00","dateModified":"2022-06-07T22:15:22+00:00","breadcrumb":{"@id":"https:\/\/mindthegraph.com\/blog\/it\/sviluppatore-completo\/#breadcrumb"},"inLanguage":"fi","potentialAction":[{"@type":"ReadAction","target":["https:\/\/mindthegraph.com\/blog\/it\/sviluppatore-completo\/"]}]},{"@type":"BreadcrumbList","@id":"https:\/\/mindthegraph.com\/blog\/it\/sviluppatore-completo\/#breadcrumb","itemListElement":[{"@type":"ListItem","position":1,"name":"Home","item":"https:\/\/mindthegraph.com\/blog\/"},{"@type":"ListItem","position":2,"name":"Full Stack Developer"}]},{"@type":"WebSite","@id":"https:\/\/mindthegraph.com\/blog\/#website","url":"https:\/\/mindthegraph.com\/blog\/","name":"Mind the Graph Blog","description":"Your science can be beautiful!","potentialAction":[{"@type":"SearchAction","target":{"@type":"EntryPoint","urlTemplate":"https:\/\/mindthegraph.com\/blog\/?s={search_term_string}"},"query-input":"required name=search_term_string"}],"inLanguage":"fi"}]}},"_links":{"self":[{"href":"https:\/\/mindthegraph.com\/blog\/fi\/wp-json\/wp\/v2\/pages\/14643"}],"collection":[{"href":"https:\/\/mindthegraph.com\/blog\/fi\/wp-json\/wp\/v2\/pages"}],"about":[{"href":"https:\/\/mindthegraph.com\/blog\/fi\/wp-json\/wp\/v2\/types\/page"}],"author":[{"embeddable":true,"href":"https:\/\/mindthegraph.com\/blog\/fi\/wp-json\/wp\/v2\/users\/21"}],"replies":[{"embeddable":true,"href":"https:\/\/mindthegraph.com\/blog\/fi\/wp-json\/wp\/v2\/comments?post=14643"}],"version-history":[{"count":4,"href":"https:\/\/mindthegraph.com\/blog\/fi\/wp-json\/wp\/v2\/pages\/14643\/revisions"}],"predecessor-version":[{"id":15901,"href":"https:\/\/mindthegraph.com\/blog\/fi\/wp-json\/wp\/v2\/pages\/14643\/revisions\/15901"}],"wp:featuredmedia":[{"embeddable":true,"href":"https:\/\/mindthegraph.com\/blog\/fi\/wp-json\/wp\/v2\/media\/11948"}],"wp:attachment":[{"href":"https:\/\/mindthegraph.com\/blog\/fi\/wp-json\/wp\/v2\/media?parent=14643"}],"curies":[{"name":"wp","href":"https:\/\/api.w.org\/{rel}","templated":true}]}}