{"id":13191,"date":"2021-07-22T01:33:20","date_gmt":"2021-07-22T04:33:20","guid":{"rendered":"https:\/\/mindthegraph.com\/blog\/jobs\/sdr-copy\/"},"modified":"2021-07-22T14:03:34","modified_gmt":"2021-07-22T17:03:34","slug":"sales-mkt","status":"publish","type":"page","link":"https:\/\/mindthegraph.com\/blog\/fi\/myynti-markkinat\/","title":{"rendered":"Myynti ja markkinointi"},"content":{"rendered":"<p>Rakastatko tiedett\u00e4? Me rakastamme!<\/p>\n\n\n\n<p>Etsimme uusia ihmisi\u00e4 liittym\u00e4\u00e4n tiimiimme, joka koostuu taiteilijoista, kehitt\u00e4jist\u00e4 ja yritt\u00e4jist\u00e4, jotka kaikki suhtautuvat intohimoisesti tieteeseen.<\/p>\n\n\n\n<p>Meill\u00e4 on uusi ty\u00f6mahdollisuus: <strong>Myynti ja markkinointi<\/strong>.<\/p>\n\n\n\n<p><strong>T\u00e4rkeimm\u00e4t toiminnot<\/strong><\/p>\n\n\n\n<ul><li>Markkinoinnin tutkiminen ja kehitt\u00e4minen, kuluttajien tarpeiden ymm\u00e4rt\u00e4minen, markkinasuuntausten tunnistaminen ja parannusehdotusten tekeminen yrityksen markkinointi- ja myyntitavoitteiden saavuttamiseksi.<\/li><li>Suhteiden yll\u00e4pit\u00e4minen t\u00e4rkeisiin asiakkaisiin ja potentiaalisiin asiakkaisiin ottamalla s\u00e4\u00e4nn\u00f6llisesti yhteytt\u00e4, ymm\u00e4rt\u00e4m\u00e4ll\u00e4 heid\u00e4n tarpeitaan ja ennakoimalla uusia markkinointimahdollisuuksia.<\/li><li>Hallitse myyntiputkea uusien liidien hankkimisesta myynnin p\u00e4\u00e4tt\u00e4miseen.<\/li><li>Luo ja toteuta strategioita, joiden avulla voit lis\u00e4t\u00e4 myyntihinnan nousua liidipohjalta.<\/li><li>Suorita myynti- ja markkinointikampanjoita. Tiivis yhteisty\u00f6 Customer Success- ja mainosryhmien kanssa.<\/li><li>Ker\u00e4\u00e4 ja analysoi tietoja ty\u00f6n ohjaamiseksi mitattavissa olevien mittareiden perusteella.<\/li><li>Yrityksen nykyisten tuotemerkkien edist\u00e4minen ja uusien tuotteiden tuominen markkinoille.<\/li><li>Tukea myynti- ja markkinointimateriaalin kehitt\u00e4mist\u00e4 ja toteuttamista.<\/li><li>Osallistut muihin liidien luomiseen ja asiakashankintaan liittyviin toimiin.<\/li><li>Keskity myynnin muuntamiseen, tilien p\u00e4ivitt\u00e4miseen ja palvelujen myymiseen. <\/li><\/ul>\n\n\n\n<p><\/p>\n\n\n\n<p><strong>Ty\u00f6n vaatimukset<\/strong><\/p>\n\n\n\n<ul><li>Puhuu ja kirjoittaa sujuvasti englantia.<\/li><li>K\u00e4yt\u00e4nn\u00f6n kokemusta kampanjoiden ja kampanjoiden kehitt\u00e4misest\u00e4.<\/li><li>Erinomaiset viestint\u00e4-, vuorovaikutus- ja asiakaspalvelutaidot.<\/li><li>Vahva halu ja kyky auttaa luomaan myynti\u00e4 organisaatiolle.<\/li><li>Oma ty\u00f6piste.<\/li><\/ul>\n\n\n\n<p><\/p>\n\n\n\n<p><strong>Edellytett\u00e4v\u00e4t p\u00e4tevyydet<\/strong><\/p>\n\n\n\n<ul><li>Voit ty\u00f6skennell\u00e4 it\u00e4isell\u00e4 aikavy\u00f6hykkeell\u00e4.<\/li><li>ZenDesk- ja RD Station -ty\u00f6kalujen hallinta.<\/li><li>Aikaisempi kokemus myynnin kehitt\u00e4misen edustajana.<\/li><\/ul>\n\n\n\n<p><\/p>\n\n\n\n<p><strong>Tietoja Mind The Graphista<\/strong><br>Olemme johtava ja ensimm\u00e4inen tieteellisiin ja akateemisiin tarkoituksiin keskittynyt infografiikkatuotantoalusta. Meill\u00e4 on yli 400.000 k\u00e4ytt\u00e4j\u00e4\u00e4, jotka ovat p\u00e4ivitt\u00e4in vuorovaikutuksessa ja kasvavat nopeasti.<\/p>\n\n\n\n<figure class=\"wp-block-embed is-type-video is-provider-youtube wp-block-embed-youtube wp-embed-aspect-16-9 wp-has-aspect-ratio\"><div class=\"wp-block-embed__wrapper\">\n<iframe loading=\"lazy\" title=\"Mind the Graph - Tiede-infograafien tekij\u00e4 - Science Infographic Maker\" width=\"800\" height=\"450\" src=\"https:\/\/www.youtube.com\/embed\/tG-PmLzx6NA?feature=oembed\" frameborder=\"0\" allow=\"accelerometer; autoplay; clipboard-write; encrypted-media; gyroscope; picture-in-picture\" allowfullscreen><\/iframe>\n<\/div><\/figure>\n\n\n\n<p><strong>Mit\u00e4 l\u00f6yd\u00e4t t\u00e4\u00e4lt\u00e4<\/strong><\/p>\n\n\n\n<ul><li>100% Et\u00e4yhti\u00f6, ty\u00f6skentele kotoa k\u00e4sin. <\/li><li>Mukavat ihmiset yst\u00e4v\u00e4llisess\u00e4 ty\u00f6ymp\u00e4rist\u00f6ss\u00e4.<\/li><li>Eritt\u00e4in ammattitaitoinen tiimi, joka on jakautunut ymp\u00e4ri maailmaa.<\/li><li>Kilpailukykyinen palkka.<\/li><li>Tulospalkkio nelj\u00e4nnesvuosittain.<\/li><li>Internet-maksuseteli (me maksamme internetin).<\/li><li>Kuukausittainen hyvinvointiseteli (harjoitukset, hieronta, jooga...).<\/li><li>Ruokakuponki kuukausittain (anna itsellesi mukavia aterioita!).<\/li><li>T\u00e4rke\u00e4 teht\u00e4v\u00e4, jossa raportoidaan suoraan lupaavan startup-yrityksen toimitusjohtajalle.<\/li><li>Avainasemassa oleva henkil\u00f6, jolla on t\u00e4rke\u00e4 vastuu organisaatiossa.<\/li><li>Ammatillisen kasvusi sovittaminen yhteen startupin kasvun kanssa.<\/li><\/ul>\n\n\n\n<p>Olemme pieni, eritt\u00e4in motivoitunut tiimi, joka kunnioittaa ja arvostaa toistensa ty\u00f6t\u00e4. Ty\u00f6skentelemme t\u00e4ysin et\u00e4ty\u00f6n\u00e4, ja meill\u00e4 on kyps\u00e4 tiimi, joka toimii itsen\u00e4isesti ja riippumattomasti.<\/p>\n\n\n\n<p>Oletko samaistunut t\u00e4h\u00e4n ty\u00f6h\u00f6n? Liity tiimiin!<\/p>\n\n\n\n<div class=\"wp-block-button\"><a class=\"wp-block-button__link\" href=\"https:\/\/mindthegraph.com\/blog\/work-with-us\/\">Hae t\u00e4\u00e4lt\u00e4<\/a><\/div>\n\n\n\n<style>\n.is-provider-youtube .wp-block-embed__wrapper, .gutentim-admin-page-video{ height:auto !important; }\n<\/style>","protected":false},"excerpt":{"rendered":"<p>Rakastatko tiedett\u00e4? Me rakastamme! Etsimme uusia ihmisi\u00e4 liittym\u00e4\u00e4n tiimiimme, joka koostuu taiteilijoista, kehitt\u00e4jist\u00e4 ja yritt\u00e4jist\u00e4, jotka kaikki suhtautuvat intohimoisesti tieteeseen. Meill\u00e4 on uusi ty\u00f6mahdollisuus: Myynti ja markkinointi. P\u00e4\u00e4toiminnot Markkinoinnin tutkiminen ja kehitt\u00e4minen, kuluttajien tarpeiden ymm\u00e4rt\u00e4minen, markkinasuuntausten tunnistaminen ja parannusehdotusten tekeminen yrityksen markkinointi- ja [...]<\/p>","protected":false},"author":21,"featured_media":11948,"parent":0,"menu_order":0,"comment_status":"closed","ping_status":"closed","template":"","meta":[],"yoast_head":"<!-- This site is optimized with the Yoast SEO plugin v19.9 - https:\/\/yoast.com\/wordpress\/plugins\/seo\/ -->\n<title>Sales &amp; Marketing - Mind the Graph Blog<\/title>\n<meta name=\"robots\" content=\"index, follow, max-snippet:-1, max-image-preview:large, max-video-preview:-1\" \/>\n<link rel=\"canonical\" href=\"https:\/\/mindthegraph.com\/blog\/fi\/satis-mkt\/\" \/>\n<meta property=\"og:locale\" content=\"fi_FI\" \/>\n<meta property=\"og:type\" content=\"article\" \/>\n<meta property=\"og:title\" content=\"Sales &amp; Marketing - Mind the Graph Blog\" \/>\n<meta property=\"og:description\" content=\"Do you love science? We do! We are looking for new people to join our team of artists, developers, and entrepreneurs, all passionate about science. We have a new job opportunity: Sales &amp; Marketing. Main Activities Researching and developing marketing, understanding consumer requirements, identifying market trends, and suggesting improvements to achieve the company&#8217;s marketing and [&hellip;]\" \/>\n<meta property=\"og:url\" content=\"https:\/\/mindthegraph.com\/blog\/fi\/satis-mkt\/\" \/>\n<meta property=\"og:site_name\" content=\"Mind the Graph Blog\" \/>\n<meta property=\"article:modified_time\" content=\"2021-07-22T17:03:34+00:00\" \/>\n<meta property=\"og:image\" content=\"https:\/\/mindthegraph.com\/blog\/wp-content\/uploads\/2020\/11\/captura-de-tela-2020-11-19-as-131025.png\" \/>\n\t<meta property=\"og:image:width\" content=\"620\" \/>\n\t<meta property=\"og:image:height\" content=\"56\" \/>\n\t<meta property=\"og:image:type\" content=\"image\/png\" \/>\n<meta name=\"twitter:card\" content=\"summary_large_image\" \/>\n<meta name=\"twitter:label1\" content=\"Est. reading time\" \/>\n\t<meta name=\"twitter:data1\" content=\"2 minutes\" \/>\n<!-- \/ Yoast SEO plugin. -->","yoast_head_json":{"title":"Sales & Marketing - Mind the Graph Blog","robots":{"index":"index","follow":"follow","max-snippet":"max-snippet:-1","max-image-preview":"max-image-preview:large","max-video-preview":"max-video-preview:-1"},"canonical":"https:\/\/mindthegraph.com\/blog\/fi\/satis-mkt\/","og_locale":"fi_FI","og_type":"article","og_title":"Sales & Marketing - Mind the Graph Blog","og_description":"Do you love science? We do! We are looking for new people to join our team of artists, developers, and entrepreneurs, all passionate about science. We have a new job opportunity: Sales &amp; Marketing. Main Activities Researching and developing marketing, understanding consumer requirements, identifying market trends, and suggesting improvements to achieve the company&#8217;s marketing and [&hellip;]","og_url":"https:\/\/mindthegraph.com\/blog\/fi\/satis-mkt\/","og_site_name":"Mind the Graph Blog","article_modified_time":"2021-07-22T17:03:34+00:00","og_image":[{"width":620,"height":56,"url":"https:\/\/mindthegraph.com\/blog\/wp-content\/uploads\/2020\/11\/captura-de-tela-2020-11-19-as-131025.png","type":"image\/png"}],"twitter_card":"summary_large_image","twitter_misc":{"Est. reading time":"2 minutes"},"schema":{"@context":"https:\/\/schema.org","@graph":[{"@type":"WebPage","@id":"https:\/\/mindthegraph.com\/blog\/tr\/satis-mkt\/","url":"https:\/\/mindthegraph.com\/blog\/tr\/satis-mkt\/","name":"Sales & Marketing - Mind the Graph Blog","isPartOf":{"@id":"https:\/\/mindthegraph.com\/blog\/#website"},"datePublished":"2021-07-22T04:33:20+00:00","dateModified":"2021-07-22T17:03:34+00:00","breadcrumb":{"@id":"https:\/\/mindthegraph.com\/blog\/tr\/satis-mkt\/#breadcrumb"},"inLanguage":"fi","potentialAction":[{"@type":"ReadAction","target":["https:\/\/mindthegraph.com\/blog\/tr\/satis-mkt\/"]}]},{"@type":"BreadcrumbList","@id":"https:\/\/mindthegraph.com\/blog\/tr\/satis-mkt\/#breadcrumb","itemListElement":[{"@type":"ListItem","position":1,"name":"Home","item":"https:\/\/mindthegraph.com\/blog\/"},{"@type":"ListItem","position":2,"name":"Sales &#038; Marketing"}]},{"@type":"WebSite","@id":"https:\/\/mindthegraph.com\/blog\/#website","url":"https:\/\/mindthegraph.com\/blog\/","name":"Mind the Graph Blog","description":"Your science can be beautiful!","potentialAction":[{"@type":"SearchAction","target":{"@type":"EntryPoint","urlTemplate":"https:\/\/mindthegraph.com\/blog\/?s={search_term_string}"},"query-input":"required name=search_term_string"}],"inLanguage":"fi"}]}},"_links":{"self":[{"href":"https:\/\/mindthegraph.com\/blog\/fi\/wp-json\/wp\/v2\/pages\/13191"}],"collection":[{"href":"https:\/\/mindthegraph.com\/blog\/fi\/wp-json\/wp\/v2\/pages"}],"about":[{"href":"https:\/\/mindthegraph.com\/blog\/fi\/wp-json\/wp\/v2\/types\/page"}],"author":[{"embeddable":true,"href":"https:\/\/mindthegraph.com\/blog\/fi\/wp-json\/wp\/v2\/users\/21"}],"replies":[{"embeddable":true,"href":"https:\/\/mindthegraph.com\/blog\/fi\/wp-json\/wp\/v2\/comments?post=13191"}],"version-history":[{"count":4,"href":"https:\/\/mindthegraph.com\/blog\/fi\/wp-json\/wp\/v2\/pages\/13191\/revisions"}],"predecessor-version":[{"id":13197,"href":"https:\/\/mindthegraph.com\/blog\/fi\/wp-json\/wp\/v2\/pages\/13191\/revisions\/13197"}],"wp:featuredmedia":[{"embeddable":true,"href":"https:\/\/mindthegraph.com\/blog\/fi\/wp-json\/wp\/v2\/media\/11948"}],"wp:attachment":[{"href":"https:\/\/mindthegraph.com\/blog\/fi\/wp-json\/wp\/v2\/media?parent=13191"}],"curies":[{"name":"wp","href":"https:\/\/api.w.org\/{rel}","templated":true}]}}