{"id":13185,"date":"2021-07-22T01:18:16","date_gmt":"2021-07-22T04:18:16","guid":{"rendered":"https:\/\/mindthegraph.com\/blog\/jobs\/mkt-growth-copy\/"},"modified":"2021-09-27T06:08:30","modified_gmt":"2021-09-27T09:08:30","slug":"sdr","status":"publish","type":"page","link":"https:\/\/mindthegraph.com\/blog\/fi\/sdr\/","title":{"rendered":"SDR - Myynnin kehitt\u00e4misen edustaja"},"content":{"rendered":"<p>Rakastatko tiedett\u00e4? Me rakastamme!<\/p>\n\n\n\n<p>Etsimme uusia ihmisi\u00e4 liittym\u00e4\u00e4n tiimiimme, joka koostuu taiteilijoista, kehitt\u00e4jist\u00e4 ja yritt\u00e4jist\u00e4, jotka kaikki suhtautuvat intohimoisesti tieteeseen.<\/p>\n\n\n\n<p>Meill\u00e4 on uusi ty\u00f6mahdollisuus: <strong>SDR - Myynnin kehitt\u00e4misedustaja.<\/strong><\/p>\n\n\n\n<p><strong>T\u00e4rkeimm\u00e4t toiminnot<\/strong><\/p>\n\n\n\n<ul><li>Edustamme yrityksemme tuotteita ja palveluita ja johdatamme kuluttajat tunnistamaan, miten ratkaisumme vastaavat heid\u00e4n tarpeitaan.<\/li><li>Kvalifioi saapuvat liidit ja rakenna suhteita hoitamalla l\u00e4mpimi\u00e4 n\u00e4kymi\u00e4 ja etsim\u00e4ll\u00e4 uusia potentiaalisia myyntikanavia.<\/li><li>Hallitse ja yll\u00e4pid\u00e4 kiinnostuneiden mahdollisuuksien putkea ja ota myyntijohtajat mukaan seuraaviin vaiheisiin.<\/li><li>Viestint\u00e4 saapuvien liidien kanssa chatin kautta.<\/li><li>Tunnistetaan potentiaalisten asiakkaiden tarpeet ja ehdotetaan sopivia tuotteita\/palveluita.<\/li><li>tehd\u00e4 tiivist\u00e4 yhteisty\u00f6t\u00e4 CS-sektorin kanssa, jotta k\u00e4ytt\u00e4jille voidaan tarjota parasta mahdollista apua.<\/li><li>Kiinnit\u00e4 chatissa ensituntuma k\u00e4ytt\u00e4jiin ja seuloa mahdolliset myyntimahdollisuudet ja ohjaa liidit myyntip\u00e4\u00e4llik\u00f6lle.<\/li><li>Tunnistetaan parhaat k\u00e4yt\u00e4nn\u00f6t, joiden avulla voidaan kehitt\u00e4\u00e4 yrityksen lead generation playbookia.<\/li><li>Toimia br\u00e4ndin l\u00e4hettil\u00e4\u00e4n\u00e4 kaikissa vuorovaikutustilanteissa potentiaalisten asiakkaiden ja potentiaalisten asiakkaiden kanssa.<\/li><\/ul>\n\n\n\n<p><\/p>\n\n\n\n<p><strong>Ty\u00f6n vaatimukset<\/strong><\/p>\n\n\n\n<ul><li>Puhuu ja kirjoittaa sujuvasti englantia.<\/li><li>vankat viestint\u00e4taidot chatin, puhelujen ja s\u00e4hk\u00f6postin v\u00e4lityksell\u00e4.<\/li><li>Vahva halu ja kyky auttaa luomaan myynti\u00e4 organisaatiolle.<\/li><li>Oma ty\u00f6piste.<\/li><\/ul>\n\n\n\n<p><\/p>\n\n\n\n<p><strong>Edellytett\u00e4v\u00e4t p\u00e4tevyydet<\/strong><\/p>\n\n\n\n<ul><li>Voit ty\u00f6skennell\u00e4 it\u00e4isell\u00e4 aikavy\u00f6hykkeell\u00e4.<\/li><li>ZenDesk- ja RD Station -ty\u00f6kalujen hallinta.<\/li><li>Aikaisempi kokemus myynnin kehitt\u00e4misen edustajana.<\/li><\/ul>\n\n\n\n<p><\/p>\n\n\n\n<p><strong>Tietoja Mind The Graphista<\/strong><br>Olemme johtava ja ensimm\u00e4inen tieteellisiin ja akateemisiin tarkoituksiin keskittynyt infografiikkatuotantoalusta. Meill\u00e4 on yli 400.000 k\u00e4ytt\u00e4j\u00e4\u00e4, jotka ovat p\u00e4ivitt\u00e4in vuorovaikutuksessa ja kasvavat nopeasti.<\/p>\n\n\n\n<figure class=\"wp-block-embed is-type-video is-provider-youtube wp-block-embed-youtube wp-embed-aspect-16-9 wp-has-aspect-ratio\"><div class=\"wp-block-embed__wrapper\">\n<iframe loading=\"lazy\" title=\"Mind the Graph - Tiede-infograafien tekij\u00e4 - Science Infographic Maker\" width=\"800\" height=\"450\" src=\"https:\/\/www.youtube.com\/embed\/tG-PmLzx6NA?feature=oembed\" frameborder=\"0\" allow=\"accelerometer; autoplay; clipboard-write; encrypted-media; gyroscope; picture-in-picture\" allowfullscreen><\/iframe>\n<\/div><\/figure>\n\n\n\n<p><strong>Mit\u00e4 l\u00f6yd\u00e4t t\u00e4\u00e4lt\u00e4<\/strong><\/p>\n\n\n\n<ul><li>100% Et\u00e4yhti\u00f6, ty\u00f6skentele kotoa k\u00e4sin. <\/li><li>Mukavat ihmiset yst\u00e4v\u00e4llisess\u00e4 ty\u00f6ymp\u00e4rist\u00f6ss\u00e4.<\/li><li>Eritt\u00e4in ammattitaitoinen tiimi, joka on jakautunut ymp\u00e4ri maailmaa.<\/li><li>Kilpailukykyinen palkka.<\/li><li>Tulospalkkio nelj\u00e4nnesvuosittain.<\/li><li>Internet-maksuseteli (me maksamme internetin).<\/li><li>Kuukausittainen hyvinvointiseteli (harjoitukset, hieronta, jooga...).<\/li><li>Ruokakuponki kuukausittain (anna itsellesi mukavia aterioita!).<\/li><li>T\u00e4rke\u00e4 teht\u00e4v\u00e4, jossa raportoidaan suoraan lupaavan startup-yrityksen toimitusjohtajalle.<\/li><li>Avainasemassa oleva henkil\u00f6, jolla on t\u00e4rke\u00e4 vastuu organisaatiossa.<\/li><li>Ammatillisen kasvusi sovittaminen yhteen startupin kasvun kanssa.<\/li><\/ul>\n\n\n\n<p>Olemme pieni, eritt\u00e4in motivoitunut tiimi, joka kunnioittaa ja arvostaa toistensa ty\u00f6t\u00e4. Ty\u00f6skentelemme t\u00e4ysin et\u00e4ty\u00f6n\u00e4, ja meill\u00e4 on kyps\u00e4 tiimi, joka toimii itsen\u00e4isesti ja riippumattomasti.<\/p>\n\n\n\n<p>Oletko samaistunut t\u00e4h\u00e4n ty\u00f6h\u00f6n? Liity tiimiin!<\/p>\n\n\n\n<div class=\"wp-block-button\"><a class=\"wp-block-button__link\" href=\"https:\/\/mindthegraph.com\/blog\/work-with-us\/\">Hae t\u00e4\u00e4lt\u00e4<\/a><\/div>\n\n\n\n<style>\n.is-provider-youtube .wp-block-embed__wrapper, .gutentim-admin-page-video{ height:auto !important; }\n<\/style>","protected":false},"excerpt":{"rendered":"<p>Rakastatko tiedett\u00e4? Me rakastamme! Etsimme uusia ihmisi\u00e4 liittym\u00e4\u00e4n tiimiimme, joka koostuu taiteilijoista, kehitt\u00e4jist\u00e4 ja yritt\u00e4jist\u00e4, jotka kaikki suhtautuvat intohimoisesti tieteeseen. Meill\u00e4 on uusi ty\u00f6mahdollisuus: SDR - Sales Development Representative. P\u00e4\u00e4toiminnot Edustaa yrityksemme tuotteita ja palveluita ja johdattaa kuluttajat tunnistamaan, miten ratkaisumme vastaavat heid\u00e4n tarpeitaan. Kelpuuttaa [...]<\/p>","protected":false},"author":21,"featured_media":11948,"parent":0,"menu_order":0,"comment_status":"closed","ping_status":"closed","template":"","meta":[],"yoast_head":"<!-- This site is optimized with the Yoast SEO plugin v19.9 - https:\/\/yoast.com\/wordpress\/plugins\/seo\/ -->\n<title>SDR - Sales Development Representative - Mind the Graph Blog<\/title>\n<meta name=\"robots\" content=\"index, follow, max-snippet:-1, max-image-preview:large, max-video-preview:-1\" \/>\n<link rel=\"canonical\" href=\"https:\/\/mindthegraph.com\/blog\/fi\/sdr\/\" \/>\n<meta property=\"og:locale\" content=\"fi_FI\" \/>\n<meta property=\"og:type\" content=\"article\" \/>\n<meta property=\"og:title\" content=\"SDR - Sales Development Representative - Mind the Graph Blog\" \/>\n<meta property=\"og:description\" content=\"Do you love science? We do! We are looking for new people to join our team of artists, developers, and entrepreneurs, all passionate about science. We have a new job opportunity: SDR &#8211; Sales Development Representative. Main Activities Represent our company&#8217;s products and services, leading consumers to identify how our solutions meet their needs. Qualify [&hellip;]\" \/>\n<meta property=\"og:url\" content=\"https:\/\/mindthegraph.com\/blog\/fi\/sdr\/\" \/>\n<meta property=\"og:site_name\" content=\"Mind the Graph Blog\" \/>\n<meta property=\"article:modified_time\" content=\"2021-09-27T09:08:30+00:00\" \/>\n<meta property=\"og:image\" content=\"https:\/\/mindthegraph.com\/blog\/wp-content\/uploads\/2020\/11\/captura-de-tela-2020-11-19-as-131025.png\" \/>\n\t<meta property=\"og:image:width\" content=\"620\" \/>\n\t<meta property=\"og:image:height\" content=\"56\" \/>\n\t<meta property=\"og:image:type\" content=\"image\/png\" \/>\n<meta name=\"twitter:card\" content=\"summary_large_image\" \/>\n<meta name=\"twitter:label1\" content=\"Est. reading time\" \/>\n\t<meta name=\"twitter:data1\" content=\"2 minutes\" \/>\n<!-- \/ Yoast SEO plugin. -->","yoast_head_json":{"title":"SDR - Sales Development Representative - Mind the Graph Blog","robots":{"index":"index","follow":"follow","max-snippet":"max-snippet:-1","max-image-preview":"max-image-preview:large","max-video-preview":"max-video-preview:-1"},"canonical":"https:\/\/mindthegraph.com\/blog\/fi\/sdr\/","og_locale":"fi_FI","og_type":"article","og_title":"SDR - Sales Development Representative - Mind the Graph Blog","og_description":"Do you love science? We do! We are looking for new people to join our team of artists, developers, and entrepreneurs, all passionate about science. We have a new job opportunity: SDR &#8211; Sales Development Representative. Main Activities Represent our company&#8217;s products and services, leading consumers to identify how our solutions meet their needs. Qualify [&hellip;]","og_url":"https:\/\/mindthegraph.com\/blog\/fi\/sdr\/","og_site_name":"Mind the Graph Blog","article_modified_time":"2021-09-27T09:08:30+00:00","og_image":[{"width":620,"height":56,"url":"https:\/\/mindthegraph.com\/blog\/wp-content\/uploads\/2020\/11\/captura-de-tela-2020-11-19-as-131025.png","type":"image\/png"}],"twitter_card":"summary_large_image","twitter_misc":{"Est. reading time":"2 minutes"},"schema":{"@context":"https:\/\/schema.org","@graph":[{"@type":"WebPage","@id":"https:\/\/mindthegraph.com\/blog\/sdr\/","url":"https:\/\/mindthegraph.com\/blog\/sdr\/","name":"SDR - Sales Development Representative - Mind the Graph Blog","isPartOf":{"@id":"https:\/\/mindthegraph.com\/blog\/#website"},"datePublished":"2021-07-22T04:18:16+00:00","dateModified":"2021-09-27T09:08:30+00:00","breadcrumb":{"@id":"https:\/\/mindthegraph.com\/blog\/sdr\/#breadcrumb"},"inLanguage":"fi","potentialAction":[{"@type":"ReadAction","target":["https:\/\/mindthegraph.com\/blog\/sdr\/"]}]},{"@type":"BreadcrumbList","@id":"https:\/\/mindthegraph.com\/blog\/sdr\/#breadcrumb","itemListElement":[{"@type":"ListItem","position":1,"name":"Home","item":"https:\/\/mindthegraph.com\/blog\/"},{"@type":"ListItem","position":2,"name":"SDR &#8211; Sales Development Representative"}]},{"@type":"WebSite","@id":"https:\/\/mindthegraph.com\/blog\/#website","url":"https:\/\/mindthegraph.com\/blog\/","name":"Mind the Graph Blog","description":"Your science can be beautiful!","potentialAction":[{"@type":"SearchAction","target":{"@type":"EntryPoint","urlTemplate":"https:\/\/mindthegraph.com\/blog\/?s={search_term_string}"},"query-input":"required name=search_term_string"}],"inLanguage":"fi"}]}},"_links":{"self":[{"href":"https:\/\/mindthegraph.com\/blog\/fi\/wp-json\/wp\/v2\/pages\/13185"}],"collection":[{"href":"https:\/\/mindthegraph.com\/blog\/fi\/wp-json\/wp\/v2\/pages"}],"about":[{"href":"https:\/\/mindthegraph.com\/blog\/fi\/wp-json\/wp\/v2\/types\/page"}],"author":[{"embeddable":true,"href":"https:\/\/mindthegraph.com\/blog\/fi\/wp-json\/wp\/v2\/users\/21"}],"replies":[{"embeddable":true,"href":"https:\/\/mindthegraph.com\/blog\/fi\/wp-json\/wp\/v2\/comments?post=13185"}],"version-history":[{"count":3,"href":"https:\/\/mindthegraph.com\/blog\/fi\/wp-json\/wp\/v2\/pages\/13185\/revisions"}],"predecessor-version":[{"id":13199,"href":"https:\/\/mindthegraph.com\/blog\/fi\/wp-json\/wp\/v2\/pages\/13185\/revisions\/13199"}],"wp:featuredmedia":[{"embeddable":true,"href":"https:\/\/mindthegraph.com\/blog\/fi\/wp-json\/wp\/v2\/media\/11948"}],"wp:attachment":[{"href":"https:\/\/mindthegraph.com\/blog\/fi\/wp-json\/wp\/v2\/media?parent=13185"}],"curies":[{"name":"wp","href":"https:\/\/api.w.org\/{rel}","templated":true}]}}