{"id":11890,"date":"2020-11-10T13:53:50","date_gmt":"2020-11-10T15:53:50","guid":{"rendered":"https:\/\/mindthegraph.com\/blog\/?page_id=11890"},"modified":"2020-11-19T14:14:04","modified_gmt":"2020-11-19T16:14:04","slug":"mkt-growth","status":"publish","type":"page","link":"https:\/\/mindthegraph.com\/blog\/fi\/mkt-kasvu\/","title":{"rendered":"MKT kasvuanalyytikko"},"content":{"rendered":"<div class=\"wp-block-button\"><a class=\"wp-block-button__link\" href=\"https:\/\/mindthegraph.com\/blog\/work-with-us\/\">Hae t\u00e4\u00e4lt\u00e4<\/a><\/div>\n\n\n\n<p>Etsimme tuoretta markkinoinnin kasvuanalyytikkoa, joka auttaa lis\u00e4\u00e4m\u00e4\u00e4n liikennett\u00e4 ja tuomaan p\u00e4tev\u00e4\u00e4 yleis\u00f6\u00e4 alustalle, joka palvelee yli 400 000 tieteellist\u00e4 ja akateemista k\u00e4ytt\u00e4j\u00e4\u00e4 ymp\u00e4ri maailmaa.<br><br><strong>Sinulla on oltava:<\/strong><\/p>\n\n\n\n<ul><li>Vahva tiet\u00e4mys SEO:sta, SEM:st\u00e4, Google Analyticsista, uudelleenmarkkinoinnista ja A\/B-testauksesta.<\/li><li>Ymm\u00e4rt\u00e4\u00e4 linkkistrategian prosessin - sis\u00e4inen ja takaisinsinkeist\u00e4minen.<\/li><li>Avainsanatutkimuksen, hakualgoritmien ja sijoitusstrategioiden asiantuntija.<\/li><li>Kyky toteuttaa s\u00e4hk\u00f6postimarkkinointistrategioita<\/li><li>Google- ja Facebook-mainonnan tuntemus ja toteutus<\/li><li>Vahva ROI-suuntautuneisuus<\/li><\/ul>\n\n\n\n<p><strong>Tietoja Mind The Graphista:<\/strong><br>Olemme johtava ja ensimm\u00e4inen tieteellisiin ja akateemisiin tarkoituksiin keskittynyt infografiikkatuotantoalusta. Meill\u00e4 on yli 400.000 k\u00e4ytt\u00e4j\u00e4\u00e4, jotka ovat p\u00e4ivitt\u00e4in vuorovaikutuksessa ja kasvavat nopeasti.<\/p>\n\n\n\n<figure class=\"wp-block-embed-youtube wp-block-embed is-type-video is-provider-youtube wp-embed-aspect-16-9 wp-has-aspect-ratio\"><div class=\"wp-block-embed__wrapper\">\n<iframe loading=\"lazy\" title=\"Mind the Graph - Tiede-infograafien tekij\u00e4 - Science Infographic Maker\" width=\"800\" height=\"450\" src=\"https:\/\/www.youtube.com\/embed\/tG-PmLzx6NA?feature=oembed\" frameborder=\"0\" allow=\"accelerometer; autoplay; clipboard-write; encrypted-media; gyroscope; picture-in-picture\" allowfullscreen><\/iframe>\n<\/div><\/figure>\n\n\n\n<p>Mit\u00e4 l\u00f6yd\u00e4t t\u00e4\u00e4lt\u00e4:<br>- 100% et\u00e4yritys, ty\u00f6skentele kotoa k\u00e4sin. <br>- Mukavat ihmiset yst\u00e4v\u00e4llisess\u00e4 ty\u00f6ymp\u00e4rist\u00f6ss\u00e4;<br>- Eritt\u00e4in ammattitaitoinen tiimi, joka on jakautunut ymp\u00e4ri maailmaa;<br>- Kilpailukykyinen palkka;<br>- Tulospalkkio nelj\u00e4nnesvuosittain;<br>- Internet-seteli (me maksamme internetin)<br>- Kuukausittainen hyvinvointipalveluseteli (harjoitukset, hieronta, jooga...).<br>- Ruokakuponki kuukausittainen kuponki (anna itsellesi mukavia aterioita!)<br>- T\u00e4rke\u00e4 teht\u00e4v\u00e4, jossa raportoidaan suoraan lupaavan startup-yrityksen toimitusjohtajalle;<br>- Avainasemassa oleva henkil\u00f6, jolla on t\u00e4rke\u00e4 vastuu organisaatiossa;<br>- Ammatillisen kasvusi sovittaminen yhteen startupin kasvun kanssa;<\/p>\n\n\n\n<div class=\"wp-block-button\"><a class=\"wp-block-button__link\" href=\"https:\/\/mindthegraph.com\/blog\/work-with-us\/\">Hae t\u00e4\u00e4lt\u00e4<\/a><\/div>\n\n\n\n<style>\n.is-provider-youtube .wp-block-embed__wrapper, .gutentim-admin-page-video{ height:auto !important; }\n<\/style>","protected":false},"excerpt":{"rendered":"<p>Etsimme tuoretta markkinoinnin kasvuanalyytikkoa, joka auttaa lis\u00e4\u00e4m\u00e4\u00e4n liikennett\u00e4 ja tuomaan p\u00e4tev\u00e4\u00e4 yleis\u00f6\u00e4 alustalle, joka palvelee yli 400 000 tieteellist\u00e4 ja akateemista k\u00e4ytt\u00e4j\u00e4\u00e4 ymp\u00e4ri maailmaa. Sinulla tulee olla mm: Vahvaa tiet\u00e4myst\u00e4 SEO:sta, SEM:st\u00e4, Google Analyticsista, uudelleenmarkkinoinnista ja A\/B-testauksesta Ymm\u00e4rr\u00e4t linkkistrategian prosessin - sis\u00e4isen ja [...]<\/p>","protected":false},"author":16,"featured_media":11948,"parent":0,"menu_order":0,"comment_status":"closed","ping_status":"closed","template":"","meta":[],"yoast_head":"<!-- This site is optimized with the Yoast SEO plugin v19.9 - https:\/\/yoast.com\/wordpress\/plugins\/seo\/ -->\n<title>MKT Growth Analyst - Mind the Graph Blog<\/title>\n<meta name=\"robots\" content=\"index, follow, max-snippet:-1, max-image-preview:large, max-video-preview:-1\" \/>\n<link rel=\"canonical\" href=\"https:\/\/mindthegraph.com\/blog\/fi\/mkt-kasvu\/\" \/>\n<meta property=\"og:locale\" content=\"fi_FI\" \/>\n<meta property=\"og:type\" content=\"article\" \/>\n<meta property=\"og:title\" content=\"MKT Growth Analyst - Mind the Graph Blog\" \/>\n<meta property=\"og:description\" content=\"We are looking for a fresh Marketing Growth analyst to help boost traffic and bring qualified audience to a platform serving more than 400,000 scientific and academic users around the world. You&#8217;ll need to have: Strong knowledge of SEO, SEM, Google Analytics, remarketing, and A\/B testing Understand the process of Link strategy \u2013 internal and [&hellip;]\" \/>\n<meta property=\"og:url\" content=\"https:\/\/mindthegraph.com\/blog\/fi\/mkt-kasvu\/\" \/>\n<meta property=\"og:site_name\" content=\"Mind the Graph Blog\" \/>\n<meta property=\"article:modified_time\" content=\"2020-11-19T16:14:04+00:00\" \/>\n<meta property=\"og:image\" content=\"https:\/\/mindthegraph.com\/blog\/wp-content\/uploads\/2020\/11\/captura-de-tela-2020-11-19-as-131025.png\" \/>\n\t<meta property=\"og:image:width\" content=\"620\" \/>\n\t<meta property=\"og:image:height\" content=\"56\" \/>\n\t<meta property=\"og:image:type\" content=\"image\/png\" \/>\n<meta name=\"twitter:card\" content=\"summary_large_image\" \/>\n<meta name=\"twitter:label1\" content=\"Est. reading time\" \/>\n\t<meta name=\"twitter:data1\" content=\"1 minute\" \/>\n<!-- \/ Yoast SEO plugin. -->","yoast_head_json":{"title":"MKT Growth Analyst - Mind the Graph Blog","robots":{"index":"index","follow":"follow","max-snippet":"max-snippet:-1","max-image-preview":"max-image-preview:large","max-video-preview":"max-video-preview:-1"},"canonical":"https:\/\/mindthegraph.com\/blog\/fi\/mkt-kasvu\/","og_locale":"fi_FI","og_type":"article","og_title":"MKT Growth Analyst - Mind the Graph Blog","og_description":"We are looking for a fresh Marketing Growth analyst to help boost traffic and bring qualified audience to a platform serving more than 400,000 scientific and academic users around the world. You&#8217;ll need to have: Strong knowledge of SEO, SEM, Google Analytics, remarketing, and A\/B testing Understand the process of Link strategy \u2013 internal and [&hellip;]","og_url":"https:\/\/mindthegraph.com\/blog\/fi\/mkt-kasvu\/","og_site_name":"Mind the Graph Blog","article_modified_time":"2020-11-19T16:14:04+00:00","og_image":[{"width":620,"height":56,"url":"https:\/\/mindthegraph.com\/blog\/wp-content\/uploads\/2020\/11\/captura-de-tela-2020-11-19-as-131025.png","type":"image\/png"}],"twitter_card":"summary_large_image","twitter_misc":{"Est. reading time":"1 minute"},"schema":{"@context":"https:\/\/schema.org","@graph":[{"@type":"WebPage","@id":"https:\/\/mindthegraph.com\/blog\/mkt-growth\/","url":"https:\/\/mindthegraph.com\/blog\/mkt-growth\/","name":"MKT Growth Analyst - Mind the Graph Blog","isPartOf":{"@id":"https:\/\/mindthegraph.com\/blog\/#website"},"datePublished":"2020-11-10T15:53:50+00:00","dateModified":"2020-11-19T16:14:04+00:00","breadcrumb":{"@id":"https:\/\/mindthegraph.com\/blog\/mkt-growth\/#breadcrumb"},"inLanguage":"fi","potentialAction":[{"@type":"ReadAction","target":["https:\/\/mindthegraph.com\/blog\/mkt-growth\/"]}]},{"@type":"BreadcrumbList","@id":"https:\/\/mindthegraph.com\/blog\/mkt-growth\/#breadcrumb","itemListElement":[{"@type":"ListItem","position":1,"name":"Home","item":"https:\/\/mindthegraph.com\/blog\/"},{"@type":"ListItem","position":2,"name":"MKT Growth Analyst"}]},{"@type":"WebSite","@id":"https:\/\/mindthegraph.com\/blog\/#website","url":"https:\/\/mindthegraph.com\/blog\/","name":"Mind the Graph Blog","description":"Your science can be beautiful!","potentialAction":[{"@type":"SearchAction","target":{"@type":"EntryPoint","urlTemplate":"https:\/\/mindthegraph.com\/blog\/?s={search_term_string}"},"query-input":"required name=search_term_string"}],"inLanguage":"fi"}]}},"_links":{"self":[{"href":"https:\/\/mindthegraph.com\/blog\/fi\/wp-json\/wp\/v2\/pages\/11890"}],"collection":[{"href":"https:\/\/mindthegraph.com\/blog\/fi\/wp-json\/wp\/v2\/pages"}],"about":[{"href":"https:\/\/mindthegraph.com\/blog\/fi\/wp-json\/wp\/v2\/types\/page"}],"author":[{"embeddable":true,"href":"https:\/\/mindthegraph.com\/blog\/fi\/wp-json\/wp\/v2\/users\/16"}],"replies":[{"embeddable":true,"href":"https:\/\/mindthegraph.com\/blog\/fi\/wp-json\/wp\/v2\/comments?post=11890"}],"version-history":[{"count":8,"href":"https:\/\/mindthegraph.com\/blog\/fi\/wp-json\/wp\/v2\/pages\/11890\/revisions"}],"predecessor-version":[{"id":11938,"href":"https:\/\/mindthegraph.com\/blog\/fi\/wp-json\/wp\/v2\/pages\/11890\/revisions\/11938"}],"wp:featuredmedia":[{"embeddable":true,"href":"https:\/\/mindthegraph.com\/blog\/fi\/wp-json\/wp\/v2\/media\/11948"}],"wp:attachment":[{"href":"https:\/\/mindthegraph.com\/blog\/fi\/wp-json\/wp\/v2\/media?parent=11890"}],"curies":[{"name":"wp","href":"https:\/\/api.w.org\/{rel}","templated":true}]}}