{"id":14643,"date":"2021-09-27T01:49:01","date_gmt":"2021-09-27T04:49:01","guid":{"rendered":"https:\/\/mindthegraph.com\/blog\/jobs\/mkt-growth-copy\/"},"modified":"2022-06-07T19:15:22","modified_gmt":"2022-06-07T22:15:22","slug":"full-stack-developer","status":"publish","type":"page","link":"https:\/\/mindthegraph.com\/blog\/et\/full-stack-developer\/","title":{"rendered":"Full Stack arendaja"},"content":{"rendered":"<div class=\"wp-block-button\"><a class=\"wp-block-button__link\" href=\"https:\/\/mindthegraph.com\/blog\/work-with-us\/\">Kandideeri siin<\/a><\/div>\n\n\n\n<p>Kas sa armastad teadust? Me armastame!<\/p>\n\n\n\n<p>Otsime uusi inimesi, kes liituksid meie meeskonnaga, kuhu kuuluvad kunstnikud, arendajad ja ettev\u00f5tjad, kes on k\u00f5ik teadushuvilised.<\/p>\n\n\n\n<p><strong>Mind the Graph kohta<\/strong><\/p>\n\n\n\n<p>Mind the Graph on osa CACTUSe lahenduste paketist.<\/p>\n\n\n\n<p>Me oleme juhtiv ja esimene infograafiate valmistamise platvorm, mis on keskendunud teaduslikele ja akadeemilistele eesm\u00e4rkidele. Rohkem kui 400.000 kasutajat, kes suhtlevad igap\u00e4evaselt ja kelle arv kasvab kiiresti.<\/p>\n\n\n\n<p>Me oleme v\u00e4ike, v\u00e4ga motiveeritud meeskond, mis austab ja hindab \u00fcksteise t\u00f6\u00f6d. T\u00f6\u00f6tame t\u00e4iesti kaugt\u00f6\u00f6 vormis, k\u00fcps meeskond tegutseb iseseisvalt ja s\u00f5ltumatult.<\/p>\n\n\n\n<figure class=\"wp-block-embed is-type-video is-provider-youtube wp-block-embed-youtube wp-embed-aspect-16-9 wp-has-aspect-ratio\"><div class=\"wp-block-embed__wrapper\">\n<iframe loading=\"lazy\" title=\"Mind the Graph - Teaduse infograafiakujundaja (Science Infographic Maker)\" width=\"800\" height=\"450\" src=\"https:\/\/www.youtube.com\/embed\/tG-PmLzx6NA?feature=oembed\" frameborder=\"0\" allow=\"accelerometer; autoplay; clipboard-write; encrypted-media; gyroscope; picture-in-picture\" allowfullscreen><\/iframe>\n<\/div><\/figure>\n\n\n\n<p>Meil on uus t\u00f6\u00f6v\u00f5imalus: <strong>Full Stack arendaja<\/strong>.<\/p>\n\n\n\n<p>Full Stack Developer'ina peaksite olema mugav nii front-end kui ka back-end kodeerimiskeelte, arendusraamistike ja kolmandate osapoolte raamatukogude kasutamisega. Peaksid olema ka meeskonnam\u00e4ngija, kellel on visuaalse disaini ja kasulikkuse oskus.<\/p>\n\n\n\n<p><strong>Peamised tegevused<\/strong><\/p>\n\n\n\n<ul><li>Osalemine skaleeritava tarkvara kavandamisel ja loomisel.<\/li><li>Puhta ja funktsionaalse koodi kirjutamine nii ees- kui ka tagak\u00fcljel.<\/li><li>Testimine ja vigade v\u00f5i muude kodeerimisprobleemide parandamine.<\/li><li>Koost\u00f6\u00f6 arendusmeeskonna ja tootejuhiga tarkvaralahenduste ideede v\u00e4ljat\u00f6\u00f6tamisel.<\/li><li>Kliendi- ja serveripoolse arhitektuuri kavandamine.<\/li><li>Rakenduste esiosa loomine atraktiivse visuaalse disaini abil.<\/li><li>Arendada ja hallata h\u00e4stitoimivaid andmebaase ja rakendusi.<\/li><li>Veaotsing, t\u00f5rkeotsing ja tarkvara uuendamine.<\/li><li>Looge turva- ja andmekaitse seaded.<\/li><li>Kirjutage tehnilist dokumentatsiooni.<\/li><li>T\u00f6\u00f6tage koos andmeteadlaste ja anal\u00fc\u00fctikutega tarkvara t\u00e4iustamiseks.<\/li><\/ul>\n\n\n\n<p><strong>T\u00f6\u00f6 n\u00f5uded<\/strong><\/p>\n\n\n\n<ul><li>V\u00e4hemalt 5-aastane t\u00f6\u00f6kogemus arendajana.<\/li><li>Mitmete front-end ja back-end keelte, raamatukogude ja raamistike tundmine.<\/li><li>MySQL andmebaasi projekteerimine ja haldamine.<\/li><li>Olles kursis viimaste arenduse parimate tavadega<\/li><li>P\u00f5hjalik arusaam kasutajakogemusest ja v\u00f5imaluse korral ka tootestrateegiast.<\/li><li>Kogemused testimisplatvormide ja \u00fchiktestide rakendamisel.<\/li><li>Git'i kasutamise oskus.<\/li><li>Puhta ja h\u00e4sti dokumenteeritud koodi v\u00e4\u00e4rtustamine.<\/li><li>Teie enda t\u00f6\u00f6koht.<\/li><\/ul>\n\n\n\n<p><strong>Eelistatud kvalifikatsioon<\/strong><\/p>\n\n\n\n<ul><li>Sujuv inglise keele oskus k\u00f5nes ja kirjas.<\/li><li>T\u00f5estatud kogemused Full Stack Developerina v\u00f5i sarnases rollis.<\/li><li>Suurep\u00e4rane suhtlemis- ja meeskonnat\u00f6\u00f6 oskus.<\/li><li>Suur t\u00e4helepanu detailidele.<\/li><li>Organiseerimisoskused.<\/li><li>Anal\u00fc\u00fctiline meel.<\/li><li>K\u00f5rgharidus arvutiteaduses, statistikas v\u00f5i asjakohases valdkonnas.<\/li><\/ul>\n\n\n\n<p><strong>Meie t\u00f6\u00f6ruumi p\u00f5hipakett<\/strong><\/p>\n\n\n\n<ul><li>JavaScript: raamatukogu Fabric.js<\/li><li>PHP: CodeIgniter raamistik<\/li><li>Node.js: NestJS raamistik<\/li><li>MySQL.<\/li><\/ul>\n\n\n\n<p><strong>Mida leiad siit<\/strong><\/p>\n\n\n\n<ul><li>100% kaugettev\u00f5tte.<\/li><li>Toredad inimesed s\u00f5bralikus t\u00f6\u00f6keskkonnas.<\/li><li>K\u00f5rge kvalifikatsiooniga meeskond, mis on jaotatud \u00fcle kogu maailma.<\/li><li>Konkurentsiv\u00f5imeline palk, mis makstakse USA dollarites.<\/li><li>Olge osa \u00fclemaailmselt tegutsevast ettev\u00f5ttest.<\/li><li>Oluline ametikoht, mis on otseselt allutatud paljut\u00f5otava idufirma tegevjuhile.<\/li><li>V\u00f5tmepositsioon, millel on organisatsioonis oluline vastutus.<\/li><li>Teie professionaalse kasvu koosk\u00f5lastamine ettev\u00f5tte kasvuga.<\/li><\/ul>\n\n\n\n<p>Kas olete selle t\u00f6\u00f6ga samastunud?&nbsp;<\/p>\n\n\n\n<p>Nii et tee oma avaldus ja liitu meeskonnaga!<\/p>\n\n\n\n<div class=\"wp-block-button\"><a class=\"wp-block-button__link\" href=\"https:\/\/mindthegraph.com\/blog\/work-with-us\/\">Kandideeri siin<\/a><\/div>\n\n\n\n<style>\n.is-provider-youtube .wp-block-embed__wrapper, .gutentim-admin-page-video{ height:auto !important; }\n<\/style>","protected":false},"excerpt":{"rendered":"<p>Kas sa armastad teadust? Me armastame! Otsime uusi inimesi, kes liituksid meie meeskonnaga, kuhu kuuluvad kunstnikud, arendajad ja ettev\u00f5tjad, kes on k\u00f5ik teadushuvilised. Mind the Graph-st Mind the Graph on osa CACTUSe lahenduste paketist. Me oleme juhtiv ja esimene infograafiate valmistamise platvorm, mis on keskendunud teaduslikele ja akadeemilistele [...]<\/p>","protected":false},"author":21,"featured_media":11948,"parent":0,"menu_order":0,"comment_status":"closed","ping_status":"closed","template":"","meta":[],"yoast_head":"<!-- This site is optimized with the Yoast SEO plugin v19.9 - https:\/\/yoast.com\/wordpress\/plugins\/seo\/ -->\n<title>Full Stack Developer - Mind the Graph Blog<\/title>\n<meta name=\"robots\" content=\"index, follow, max-snippet:-1, max-image-preview:large, max-video-preview:-1\" \/>\n<link rel=\"canonical\" href=\"https:\/\/mindthegraph.com\/blog\/et\/sviluppatore-completo\/\" \/>\n<meta property=\"og:locale\" content=\"et_EE\" \/>\n<meta property=\"og:type\" content=\"article\" \/>\n<meta property=\"og:title\" content=\"Full Stack Developer - Mind the Graph Blog\" \/>\n<meta property=\"og:description\" content=\"Do you love science? We do! We are looking for new people to join our team of artists, developers, and entrepreneurs, all passionate about science. About Mind the Graph Mind the Graph is a part of the CACTUS suite of solutions. We are the leading and first infographic maker platform focused on scientific and academic [&hellip;]\" \/>\n<meta property=\"og:url\" content=\"https:\/\/mindthegraph.com\/blog\/et\/sviluppatore-completo\/\" \/>\n<meta property=\"og:site_name\" content=\"Mind the Graph Blog\" \/>\n<meta property=\"article:modified_time\" content=\"2022-06-07T22:15:22+00:00\" \/>\n<meta property=\"og:image\" content=\"https:\/\/mindthegraph.com\/blog\/wp-content\/uploads\/2020\/11\/captura-de-tela-2020-11-19-as-131025.png\" \/>\n\t<meta property=\"og:image:width\" content=\"620\" \/>\n\t<meta property=\"og:image:height\" content=\"56\" \/>\n\t<meta property=\"og:image:type\" content=\"image\/png\" \/>\n<meta name=\"twitter:card\" content=\"summary_large_image\" \/>\n<meta name=\"twitter:label1\" content=\"Est. reading time\" \/>\n\t<meta name=\"twitter:data1\" content=\"2 minutes\" \/>\n<!-- \/ Yoast SEO plugin. -->","yoast_head_json":{"title":"Full Stack Developer - Mind the Graph Blog","robots":{"index":"index","follow":"follow","max-snippet":"max-snippet:-1","max-image-preview":"max-image-preview:large","max-video-preview":"max-video-preview:-1"},"canonical":"https:\/\/mindthegraph.com\/blog\/et\/sviluppatore-completo\/","og_locale":"et_EE","og_type":"article","og_title":"Full Stack Developer - Mind the Graph Blog","og_description":"Do you love science? We do! We are looking for new people to join our team of artists, developers, and entrepreneurs, all passionate about science. About Mind the Graph Mind the Graph is a part of the CACTUS suite of solutions. We are the leading and first infographic maker platform focused on scientific and academic [&hellip;]","og_url":"https:\/\/mindthegraph.com\/blog\/et\/sviluppatore-completo\/","og_site_name":"Mind the Graph Blog","article_modified_time":"2022-06-07T22:15:22+00:00","og_image":[{"width":620,"height":56,"url":"https:\/\/mindthegraph.com\/blog\/wp-content\/uploads\/2020\/11\/captura-de-tela-2020-11-19-as-131025.png","type":"image\/png"}],"twitter_card":"summary_large_image","twitter_misc":{"Est. reading time":"2 minutes"},"schema":{"@context":"https:\/\/schema.org","@graph":[{"@type":"WebPage","@id":"https:\/\/mindthegraph.com\/blog\/it\/sviluppatore-completo\/","url":"https:\/\/mindthegraph.com\/blog\/it\/sviluppatore-completo\/","name":"Full Stack Developer - Mind the Graph Blog","isPartOf":{"@id":"https:\/\/mindthegraph.com\/blog\/#website"},"datePublished":"2021-09-27T04:49:01+00:00","dateModified":"2022-06-07T22:15:22+00:00","breadcrumb":{"@id":"https:\/\/mindthegraph.com\/blog\/it\/sviluppatore-completo\/#breadcrumb"},"inLanguage":"et","potentialAction":[{"@type":"ReadAction","target":["https:\/\/mindthegraph.com\/blog\/it\/sviluppatore-completo\/"]}]},{"@type":"BreadcrumbList","@id":"https:\/\/mindthegraph.com\/blog\/it\/sviluppatore-completo\/#breadcrumb","itemListElement":[{"@type":"ListItem","position":1,"name":"Home","item":"https:\/\/mindthegraph.com\/blog\/"},{"@type":"ListItem","position":2,"name":"Full Stack Developer"}]},{"@type":"WebSite","@id":"https:\/\/mindthegraph.com\/blog\/#website","url":"https:\/\/mindthegraph.com\/blog\/","name":"Mind the Graph Blog","description":"Your science can be beautiful!","potentialAction":[{"@type":"SearchAction","target":{"@type":"EntryPoint","urlTemplate":"https:\/\/mindthegraph.com\/blog\/?s={search_term_string}"},"query-input":"required name=search_term_string"}],"inLanguage":"et"}]}},"_links":{"self":[{"href":"https:\/\/mindthegraph.com\/blog\/et\/wp-json\/wp\/v2\/pages\/14643"}],"collection":[{"href":"https:\/\/mindthegraph.com\/blog\/et\/wp-json\/wp\/v2\/pages"}],"about":[{"href":"https:\/\/mindthegraph.com\/blog\/et\/wp-json\/wp\/v2\/types\/page"}],"author":[{"embeddable":true,"href":"https:\/\/mindthegraph.com\/blog\/et\/wp-json\/wp\/v2\/users\/21"}],"replies":[{"embeddable":true,"href":"https:\/\/mindthegraph.com\/blog\/et\/wp-json\/wp\/v2\/comments?post=14643"}],"version-history":[{"count":4,"href":"https:\/\/mindthegraph.com\/blog\/et\/wp-json\/wp\/v2\/pages\/14643\/revisions"}],"predecessor-version":[{"id":15901,"href":"https:\/\/mindthegraph.com\/blog\/et\/wp-json\/wp\/v2\/pages\/14643\/revisions\/15901"}],"wp:featuredmedia":[{"embeddable":true,"href":"https:\/\/mindthegraph.com\/blog\/et\/wp-json\/wp\/v2\/media\/11948"}],"wp:attachment":[{"href":"https:\/\/mindthegraph.com\/blog\/et\/wp-json\/wp\/v2\/media?parent=14643"}],"curies":[{"name":"wp","href":"https:\/\/api.w.org\/{rel}","templated":true}]}}