{"id":13191,"date":"2021-07-22T01:33:20","date_gmt":"2021-07-22T04:33:20","guid":{"rendered":"https:\/\/mindthegraph.com\/blog\/jobs\/sdr-copy\/"},"modified":"2021-07-22T14:03:34","modified_gmt":"2021-07-22T17:03:34","slug":"sales-mkt","status":"publish","type":"page","link":"https:\/\/mindthegraph.com\/blog\/et\/sales-mkt\/","title":{"rendered":"M\u00fc\u00fck ja turundus"},"content":{"rendered":"<p>Kas sa armastad teadust? Me armastame!<\/p>\n\n\n\n<p>Otsime uusi inimesi, kes liituksid meie meeskonnaga, kuhu kuuluvad kunstnikud, arendajad ja ettev\u00f5tjad, kes on k\u00f5ik teadushuvilised.<\/p>\n\n\n\n<p>Meil on uus t\u00f6\u00f6v\u00f5imalus: <strong>M\u00fc\u00fck ja turundus<\/strong>.<\/p>\n\n\n\n<p><strong>Peamised tegevused<\/strong><\/p>\n\n\n\n<ul><li>Turunduse uurimine ja arendamine, tarbijate vajaduste m\u00f5istmine, turutrendide tuvastamine ja parendusettepanekute tegemine ettev\u00f5tte turundus- ja m\u00fc\u00fcgieesm\u00e4rkide saavutamiseks.<\/li><li>Suhete hoidmine oluliste klientide ja potentsiaalsete klientidega, v\u00f5ttes regulaarselt \u00fchendust, m\u00f5istes nende vajadusi ja ennetades uusi turundusv\u00f5imalusi.<\/li><li>M\u00fc\u00fcgiprogrammi haldamine, alates uute kontaktide loomisest kuni m\u00fc\u00fcgi l\u00f5petamiseni.<\/li><li>Luua ja rakendada strateegiaid, et luua meie juhtivate klientide m\u00fc\u00fcgipiletite lisam\u00fc\u00fcki.<\/li><li>Viige l\u00e4bi m\u00fc\u00fcgi- ja turunduskampaaniaid. Tiheda koost\u00f6\u00f6 klienditoetuse ja reklaamimeeskondadega.<\/li><li>Koguda ja anal\u00fc\u00fcsida andmeid, et suunata t\u00f6\u00f6d m\u00f5\u00f5detavate n\u00e4itajate alusel.<\/li><li>Ettev\u00f5tte olemasolevate kaubam\u00e4rkide edendamine ja uute toodete turule toomine.<\/li><li>Toetada m\u00fc\u00fcgi- ja turundusmaterjalide v\u00e4ljat\u00f6\u00f6tamist ja elluviimist.<\/li><li>Aidata kaasa muudele juhtide loomise ja klientide hankimise tegevustele.<\/li><li>Keskenduge m\u00fc\u00fcgi muutmisele, kontode uuendamisele ja teenuste t\u00e4iendavale m\u00fc\u00fcgile. <\/li><\/ul>\n\n\n\n<p><\/p>\n\n\n\n<p><strong>T\u00f6\u00f6 n\u00f5uded<\/strong><\/p>\n\n\n\n<ul><li>Sujuv inglise keele oskus k\u00f5nes ja kirjas.<\/li><li>Praktiline kogemus kampaaniate ja reklaamikampaaniate v\u00e4ljat\u00f6\u00f6tamisel.<\/li><li>Suurep\u00e4rane suhtlemis-, suhtlemis- ja klienditeenindusoskus.<\/li><li>Tugev soov ja v\u00f5ime aidata kaasa organisatsiooni m\u00fc\u00fcgitegevuse edendamisele.<\/li><li>Oma t\u00f6\u00f6koht.<\/li><\/ul>\n\n\n\n<p><\/p>\n\n\n\n<p><strong>Eelistatud kvalifikatsioon<\/strong><\/p>\n\n\n\n<ul><li>olema valmis t\u00f6\u00f6tama idapoolses ajav\u00f6\u00f6ndis.<\/li><li>ZenDeski ja RD Stationi vahendite kasutamise oskus.<\/li><li>Eelnev kogemus m\u00fc\u00fcgiarenduse esindajana.<\/li><\/ul>\n\n\n\n<p><\/p>\n\n\n\n<p><strong>Mind The Graphi kohta<\/strong><br>Me oleme juhtiv ja esimene infograafiate valmistamise platvorm, mis on keskendunud teaduslikele ja akadeemilistele eesm\u00e4rkidele. Rohkem kui 400.000 kasutajat, kes suhtlevad iga p\u00e4ev ja kelle arv kasvab kiiresti.<\/p>\n\n\n\n<figure class=\"wp-block-embed is-type-video is-provider-youtube wp-block-embed-youtube wp-embed-aspect-16-9 wp-has-aspect-ratio\"><div class=\"wp-block-embed__wrapper\">\n<iframe loading=\"lazy\" title=\"Mind the Graph - Teaduse infograafiakujundaja (Science Infographic Maker)\" width=\"800\" height=\"450\" src=\"https:\/\/www.youtube.com\/embed\/tG-PmLzx6NA?feature=oembed\" frameborder=\"0\" allow=\"accelerometer; autoplay; clipboard-write; encrypted-media; gyroscope; picture-in-picture\" allowfullscreen><\/iframe>\n<\/div><\/figure>\n\n\n\n<p><strong>Mida leiad siit<\/strong><\/p>\n\n\n\n<ul><li>100% kaugt\u00f6\u00f6taotleja, t\u00f6\u00f6 kodust. <\/li><li>Toredad inimesed s\u00f5bralikus t\u00f6\u00f6keskkonnas.<\/li><li>K\u00f5rge kvalifikatsiooniga meeskond, mis on jaotatud \u00fcle kogu maailma.<\/li><li>Konkurentsiv\u00f5imeline palk.<\/li><li>Boonus iga kvartali tulemuslikkuse eest.<\/li><li>Interneti-maksekviitung (me maksame teie interneti kasutamise eest).<\/li><li>Heaolu igakuine vaut\u0161er (harjutused, massaa\u017e, jooga...).<\/li><li>Toidukupong igakuiselt (kinkige endale m\u00f5nusat s\u00f6\u00f6ki!).<\/li><li>Oluline ametikoht, mis on otseselt allutatud paljut\u00f5otava idufirma tegevjuhile.<\/li><li>V\u00f5tmepositsioon, millel on organisatsioonis oluline vastutus.<\/li><li>Teie professionaalse kasvu koosk\u00f5lastamine ettev\u00f5tte kasvuga.<\/li><\/ul>\n\n\n\n<p>Me oleme v\u00e4ike, v\u00e4ga motiveeritud meeskond, mis austab ja hindab \u00fcksteise t\u00f6\u00f6d. T\u00f6\u00f6tame t\u00e4iesti kaugt\u00f6\u00f6 vormis, k\u00fcps meeskond tegutseb iseseisvalt ja s\u00f5ltumatult.<\/p>\n\n\n\n<p>Kas olete selle t\u00f6\u00f6ga samastunud? Siis liitu meeskonnaga!<\/p>\n\n\n\n<div class=\"wp-block-button\"><a class=\"wp-block-button__link\" href=\"https:\/\/mindthegraph.com\/blog\/work-with-us\/\">Kandideeri siin<\/a><\/div>\n\n\n\n<style>\n.is-provider-youtube .wp-block-embed__wrapper, .gutentim-admin-page-video{ height:auto !important; }\n<\/style>","protected":false},"excerpt":{"rendered":"<p>Kas sa armastad teadust? Me armastame! Otsime uusi inimesi, kes liituksid meie meeskonnaga, kuhu kuuluvad kunstnikud, arendajad ja ettev\u00f5tjad, kes on k\u00f5ik teadushuvilised. Meil on uus t\u00f6\u00f6v\u00f5imalus: M\u00fc\u00fck ja turundus. Peamised tegevused Turunduse uurimine ja arendamine, tarbijate vajaduste m\u00f5istmine, turutrendide tuvastamine ja parendusettepanekute tegemine, et saavutada ettev\u00f5tte turundus- ja [...]<\/p>","protected":false},"author":21,"featured_media":11948,"parent":0,"menu_order":0,"comment_status":"closed","ping_status":"closed","template":"","meta":[],"yoast_head":"<!-- This site is optimized with the Yoast SEO plugin v19.9 - https:\/\/yoast.com\/wordpress\/plugins\/seo\/ -->\n<title>Sales &amp; Marketing - Mind the Graph Blog<\/title>\n<meta name=\"robots\" content=\"index, follow, max-snippet:-1, max-image-preview:large, max-video-preview:-1\" \/>\n<link rel=\"canonical\" href=\"https:\/\/mindthegraph.com\/blog\/et\/satis-mkt\/\" \/>\n<meta property=\"og:locale\" content=\"et_EE\" \/>\n<meta property=\"og:type\" content=\"article\" \/>\n<meta property=\"og:title\" content=\"Sales &amp; Marketing - Mind the Graph Blog\" \/>\n<meta property=\"og:description\" content=\"Do you love science? We do! We are looking for new people to join our team of artists, developers, and entrepreneurs, all passionate about science. We have a new job opportunity: Sales &amp; Marketing. Main Activities Researching and developing marketing, understanding consumer requirements, identifying market trends, and suggesting improvements to achieve the company&#8217;s marketing and [&hellip;]\" \/>\n<meta property=\"og:url\" content=\"https:\/\/mindthegraph.com\/blog\/et\/satis-mkt\/\" \/>\n<meta property=\"og:site_name\" content=\"Mind the Graph Blog\" \/>\n<meta property=\"article:modified_time\" content=\"2021-07-22T17:03:34+00:00\" \/>\n<meta property=\"og:image\" content=\"https:\/\/mindthegraph.com\/blog\/wp-content\/uploads\/2020\/11\/captura-de-tela-2020-11-19-as-131025.png\" \/>\n\t<meta property=\"og:image:width\" content=\"620\" \/>\n\t<meta property=\"og:image:height\" content=\"56\" \/>\n\t<meta property=\"og:image:type\" content=\"image\/png\" \/>\n<meta name=\"twitter:card\" content=\"summary_large_image\" \/>\n<meta name=\"twitter:label1\" content=\"Est. reading time\" \/>\n\t<meta name=\"twitter:data1\" content=\"2 minutes\" \/>\n<!-- \/ Yoast SEO plugin. -->","yoast_head_json":{"title":"Sales & Marketing - Mind the Graph Blog","robots":{"index":"index","follow":"follow","max-snippet":"max-snippet:-1","max-image-preview":"max-image-preview:large","max-video-preview":"max-video-preview:-1"},"canonical":"https:\/\/mindthegraph.com\/blog\/et\/satis-mkt\/","og_locale":"et_EE","og_type":"article","og_title":"Sales & Marketing - Mind the Graph Blog","og_description":"Do you love science? We do! We are looking for new people to join our team of artists, developers, and entrepreneurs, all passionate about science. We have a new job opportunity: Sales &amp; Marketing. Main Activities Researching and developing marketing, understanding consumer requirements, identifying market trends, and suggesting improvements to achieve the company&#8217;s marketing and [&hellip;]","og_url":"https:\/\/mindthegraph.com\/blog\/et\/satis-mkt\/","og_site_name":"Mind the Graph Blog","article_modified_time":"2021-07-22T17:03:34+00:00","og_image":[{"width":620,"height":56,"url":"https:\/\/mindthegraph.com\/blog\/wp-content\/uploads\/2020\/11\/captura-de-tela-2020-11-19-as-131025.png","type":"image\/png"}],"twitter_card":"summary_large_image","twitter_misc":{"Est. reading time":"2 minutes"},"schema":{"@context":"https:\/\/schema.org","@graph":[{"@type":"WebPage","@id":"https:\/\/mindthegraph.com\/blog\/tr\/satis-mkt\/","url":"https:\/\/mindthegraph.com\/blog\/tr\/satis-mkt\/","name":"Sales & Marketing - Mind the Graph Blog","isPartOf":{"@id":"https:\/\/mindthegraph.com\/blog\/#website"},"datePublished":"2021-07-22T04:33:20+00:00","dateModified":"2021-07-22T17:03:34+00:00","breadcrumb":{"@id":"https:\/\/mindthegraph.com\/blog\/tr\/satis-mkt\/#breadcrumb"},"inLanguage":"et","potentialAction":[{"@type":"ReadAction","target":["https:\/\/mindthegraph.com\/blog\/tr\/satis-mkt\/"]}]},{"@type":"BreadcrumbList","@id":"https:\/\/mindthegraph.com\/blog\/tr\/satis-mkt\/#breadcrumb","itemListElement":[{"@type":"ListItem","position":1,"name":"Home","item":"https:\/\/mindthegraph.com\/blog\/"},{"@type":"ListItem","position":2,"name":"Sales &#038; Marketing"}]},{"@type":"WebSite","@id":"https:\/\/mindthegraph.com\/blog\/#website","url":"https:\/\/mindthegraph.com\/blog\/","name":"Mind the Graph Blog","description":"Your science can be beautiful!","potentialAction":[{"@type":"SearchAction","target":{"@type":"EntryPoint","urlTemplate":"https:\/\/mindthegraph.com\/blog\/?s={search_term_string}"},"query-input":"required name=search_term_string"}],"inLanguage":"et"}]}},"_links":{"self":[{"href":"https:\/\/mindthegraph.com\/blog\/et\/wp-json\/wp\/v2\/pages\/13191"}],"collection":[{"href":"https:\/\/mindthegraph.com\/blog\/et\/wp-json\/wp\/v2\/pages"}],"about":[{"href":"https:\/\/mindthegraph.com\/blog\/et\/wp-json\/wp\/v2\/types\/page"}],"author":[{"embeddable":true,"href":"https:\/\/mindthegraph.com\/blog\/et\/wp-json\/wp\/v2\/users\/21"}],"replies":[{"embeddable":true,"href":"https:\/\/mindthegraph.com\/blog\/et\/wp-json\/wp\/v2\/comments?post=13191"}],"version-history":[{"count":4,"href":"https:\/\/mindthegraph.com\/blog\/et\/wp-json\/wp\/v2\/pages\/13191\/revisions"}],"predecessor-version":[{"id":13197,"href":"https:\/\/mindthegraph.com\/blog\/et\/wp-json\/wp\/v2\/pages\/13191\/revisions\/13197"}],"wp:featuredmedia":[{"embeddable":true,"href":"https:\/\/mindthegraph.com\/blog\/et\/wp-json\/wp\/v2\/media\/11948"}],"wp:attachment":[{"href":"https:\/\/mindthegraph.com\/blog\/et\/wp-json\/wp\/v2\/media?parent=13191"}],"curies":[{"name":"wp","href":"https:\/\/api.w.org\/{rel}","templated":true}]}}