{"id":13185,"date":"2021-07-22T01:18:16","date_gmt":"2021-07-22T04:18:16","guid":{"rendered":"https:\/\/mindthegraph.com\/blog\/jobs\/mkt-growth-copy\/"},"modified":"2021-09-27T06:08:30","modified_gmt":"2021-09-27T09:08:30","slug":"sdr","status":"publish","type":"page","link":"https:\/\/mindthegraph.com\/blog\/et\/sdr\/","title":{"rendered":"SDR - m\u00fc\u00fcgiedendaja"},"content":{"rendered":"<p>Kas sa armastad teadust? Me armastame!<\/p>\n\n\n\n<p>Otsime uusi inimesi, kes liituksid meie meeskonnaga, kuhu kuuluvad kunstnikud, arendajad ja ettev\u00f5tjad, kes on k\u00f5ik teadushuvilised.<\/p>\n\n\n\n<p>Meil on uus t\u00f6\u00f6v\u00f5imalus: <strong>SDR - m\u00fc\u00fcgiedendaja.<\/strong><\/p>\n\n\n\n<p><strong>Peamised tegevused<\/strong><\/p>\n\n\n\n<ul><li>esindada meie ettev\u00f5tte tooteid ja teenuseid, et tarbijad saaksid teada, kuidas meie lahendused vastavad nende vajadustele.<\/li><li>Kvalifitseerige sissetulevaid juhtumeid ja ehitage suhteid, hoolitsedes soojade v\u00e4ljavaadete eest ja leides uusi potentsiaalseid m\u00fc\u00fcgiv\u00f5imalusi.<\/li><li>Halda ja halda huvitatud potentsiaalsete klientide nimekirja ning kaasata m\u00fc\u00fcgijuhid j\u00e4rgmiste sammude tegemiseks.<\/li><li>Suhtlemine sissetulevate juhtidega chat'i kaudu.<\/li><li>Teha kindlaks potentsiaalsete klientide vajadused ja pakkuda sobivaid tooteid\/teenuseid.<\/li><li>Teha tihedat koost\u00f6\u00f6d CS-sektoriga, et pakkuda kasutajatele parimat v\u00f5imalikku abi.<\/li><li>Pakkuda esimest t\u00e4helepanu kasutajatele vestluses ja s\u00f5eluda potentsiaalseid m\u00fc\u00fcgiv\u00f5imalusi, suunates juhtn\u00f6\u00f6re m\u00fc\u00fcgijuhile.<\/li><li>Tuvastage parimad tavad, et t\u00e4iustada ettev\u00f5tte juhtimisteenuse loomise k\u00e4siraamatut.<\/li><li>Olge br\u00e4ndi saadik k\u00f5igis suhtluspunktides potentsiaalsete klientide ja klientidega.<\/li><\/ul>\n\n\n\n<p><\/p>\n\n\n\n<p><strong>T\u00f6\u00f6 n\u00f5uded<\/strong><\/p>\n\n\n\n<ul><li>Sujuv inglise keele oskus k\u00f5nes ja kirjas.<\/li><li>Soliidne suhtlemisoskus vestluse, k\u00f5nede ja e-posti teel.<\/li><li>Tugev soov ja v\u00f5ime aidata kaasa organisatsiooni m\u00fc\u00fcgitegevuse edendamisele.<\/li><li>Oma t\u00f6\u00f6koht.<\/li><\/ul>\n\n\n\n<p><\/p>\n\n\n\n<p><strong>Eelistatud kvalifikatsioon<\/strong><\/p>\n\n\n\n<ul><li>olema valmis t\u00f6\u00f6tama idapoolses ajav\u00f6\u00f6ndis.<\/li><li>ZenDeski ja RD Stationi vahendite kasutamise oskus.<\/li><li>Eelnev kogemus m\u00fc\u00fcgiarenduse esindajana.<\/li><\/ul>\n\n\n\n<p><\/p>\n\n\n\n<p><strong>Mind The Graphi kohta<\/strong><br>Me oleme juhtiv ja esimene infograafiate valmistamise platvorm, mis on keskendunud teaduslikele ja akadeemilistele eesm\u00e4rkidele. Rohkem kui 400.000 kasutajat, kes suhtlevad iga p\u00e4ev ja kelle arv kasvab kiiresti.<\/p>\n\n\n\n<figure class=\"wp-block-embed is-type-video is-provider-youtube wp-block-embed-youtube wp-embed-aspect-16-9 wp-has-aspect-ratio\"><div class=\"wp-block-embed__wrapper\">\n<iframe loading=\"lazy\" title=\"Mind the Graph - Teaduse infograafiakujundaja (Science Infographic Maker)\" width=\"800\" height=\"450\" src=\"https:\/\/www.youtube.com\/embed\/tG-PmLzx6NA?feature=oembed\" frameborder=\"0\" allow=\"accelerometer; autoplay; clipboard-write; encrypted-media; gyroscope; picture-in-picture\" allowfullscreen><\/iframe>\n<\/div><\/figure>\n\n\n\n<p><strong>Mida leiad siit<\/strong><\/p>\n\n\n\n<ul><li>100% kaugt\u00f6\u00f6taotleja, t\u00f6\u00f6 kodust. <\/li><li>Toredad inimesed s\u00f5bralikus t\u00f6\u00f6keskkonnas.<\/li><li>K\u00f5rge kvalifikatsiooniga meeskond, mis on jaotatud \u00fcle kogu maailma.<\/li><li>Konkurentsiv\u00f5imeline palk.<\/li><li>Boonus iga kvartali tulemuslikkuse eest.<\/li><li>Interneti-maksekviitung (me maksame teie interneti kasutamise eest).<\/li><li>Heaolu igakuine vaut\u0161er (harjutused, massaa\u017e, jooga...).<\/li><li>Toidukupong igakuiselt (kinkige endale m\u00f5nusat s\u00f6\u00f6ki!).<\/li><li>Oluline ametikoht, mis on otseselt allutatud paljut\u00f5otava idufirma tegevjuhile.<\/li><li>V\u00f5tmepositsioon, millel on organisatsioonis oluline vastutus.<\/li><li>Teie professionaalse kasvu koosk\u00f5lastamine ettev\u00f5tte kasvuga.<\/li><\/ul>\n\n\n\n<p>Me oleme v\u00e4ike, v\u00e4ga motiveeritud meeskond, mis austab ja hindab \u00fcksteise t\u00f6\u00f6d. T\u00f6\u00f6tame t\u00e4iesti kaugt\u00f6\u00f6 vormis, k\u00fcps meeskond tegutseb iseseisvalt ja s\u00f5ltumatult.<\/p>\n\n\n\n<p>Kas olete selle t\u00f6\u00f6ga samastunud? Siis liitu meeskonnaga!<\/p>\n\n\n\n<div class=\"wp-block-button\"><a class=\"wp-block-button__link\" href=\"https:\/\/mindthegraph.com\/blog\/work-with-us\/\">Kandideeri siin<\/a><\/div>\n\n\n\n<style>\n.is-provider-youtube .wp-block-embed__wrapper, .gutentim-admin-page-video{ height:auto !important; }\n<\/style>","protected":false},"excerpt":{"rendered":"<p>Kas sa armastad teadust? Me armastame! Otsime uusi inimesi, kes liituksid meie meeskonnaga, kuhu kuuluvad kunstnikud, arendajad ja ettev\u00f5tjad, kes on k\u00f5ik teadushuvilised. Meil on uus t\u00f6\u00f6v\u00f5imalus: SDR - m\u00fc\u00fcgiarenduse esindaja. Peamised tegevused Esindate meie ettev\u00f5tte tooteid ja teenuseid, juhatades tarbijaid tuvastama, kuidas meie lahendused vastavad nende vajadustele. Kvalifitseerida [...]<\/p>","protected":false},"author":21,"featured_media":11948,"parent":0,"menu_order":0,"comment_status":"closed","ping_status":"closed","template":"","meta":[],"yoast_head":"<!-- This site is optimized with the Yoast SEO plugin v19.9 - https:\/\/yoast.com\/wordpress\/plugins\/seo\/ -->\n<title>SDR - Sales Development Representative - Mind the Graph Blog<\/title>\n<meta name=\"robots\" content=\"index, follow, max-snippet:-1, max-image-preview:large, max-video-preview:-1\" \/>\n<link rel=\"canonical\" href=\"https:\/\/mindthegraph.com\/blog\/et\/sdr\/\" \/>\n<meta property=\"og:locale\" content=\"et_EE\" \/>\n<meta property=\"og:type\" content=\"article\" \/>\n<meta property=\"og:title\" content=\"SDR - Sales Development Representative - Mind the Graph Blog\" \/>\n<meta property=\"og:description\" content=\"Do you love science? We do! We are looking for new people to join our team of artists, developers, and entrepreneurs, all passionate about science. We have a new job opportunity: SDR &#8211; Sales Development Representative. Main Activities Represent our company&#8217;s products and services, leading consumers to identify how our solutions meet their needs. Qualify [&hellip;]\" \/>\n<meta property=\"og:url\" content=\"https:\/\/mindthegraph.com\/blog\/et\/sdr\/\" \/>\n<meta property=\"og:site_name\" content=\"Mind the Graph Blog\" \/>\n<meta property=\"article:modified_time\" content=\"2021-09-27T09:08:30+00:00\" \/>\n<meta property=\"og:image\" content=\"https:\/\/mindthegraph.com\/blog\/wp-content\/uploads\/2020\/11\/captura-de-tela-2020-11-19-as-131025.png\" \/>\n\t<meta property=\"og:image:width\" content=\"620\" \/>\n\t<meta property=\"og:image:height\" content=\"56\" \/>\n\t<meta property=\"og:image:type\" content=\"image\/png\" \/>\n<meta name=\"twitter:card\" content=\"summary_large_image\" \/>\n<meta name=\"twitter:label1\" content=\"Est. reading time\" \/>\n\t<meta name=\"twitter:data1\" content=\"2 minutes\" \/>\n<!-- \/ Yoast SEO plugin. -->","yoast_head_json":{"title":"SDR - Sales Development Representative - Mind the Graph Blog","robots":{"index":"index","follow":"follow","max-snippet":"max-snippet:-1","max-image-preview":"max-image-preview:large","max-video-preview":"max-video-preview:-1"},"canonical":"https:\/\/mindthegraph.com\/blog\/et\/sdr\/","og_locale":"et_EE","og_type":"article","og_title":"SDR - Sales Development Representative - Mind the Graph Blog","og_description":"Do you love science? We do! We are looking for new people to join our team of artists, developers, and entrepreneurs, all passionate about science. We have a new job opportunity: SDR &#8211; Sales Development Representative. Main Activities Represent our company&#8217;s products and services, leading consumers to identify how our solutions meet their needs. Qualify [&hellip;]","og_url":"https:\/\/mindthegraph.com\/blog\/et\/sdr\/","og_site_name":"Mind the Graph Blog","article_modified_time":"2021-09-27T09:08:30+00:00","og_image":[{"width":620,"height":56,"url":"https:\/\/mindthegraph.com\/blog\/wp-content\/uploads\/2020\/11\/captura-de-tela-2020-11-19-as-131025.png","type":"image\/png"}],"twitter_card":"summary_large_image","twitter_misc":{"Est. reading time":"2 minutes"},"schema":{"@context":"https:\/\/schema.org","@graph":[{"@type":"WebPage","@id":"https:\/\/mindthegraph.com\/blog\/sdr\/","url":"https:\/\/mindthegraph.com\/blog\/sdr\/","name":"SDR - Sales Development Representative - Mind the Graph Blog","isPartOf":{"@id":"https:\/\/mindthegraph.com\/blog\/#website"},"datePublished":"2021-07-22T04:18:16+00:00","dateModified":"2021-09-27T09:08:30+00:00","breadcrumb":{"@id":"https:\/\/mindthegraph.com\/blog\/sdr\/#breadcrumb"},"inLanguage":"et","potentialAction":[{"@type":"ReadAction","target":["https:\/\/mindthegraph.com\/blog\/sdr\/"]}]},{"@type":"BreadcrumbList","@id":"https:\/\/mindthegraph.com\/blog\/sdr\/#breadcrumb","itemListElement":[{"@type":"ListItem","position":1,"name":"Home","item":"https:\/\/mindthegraph.com\/blog\/"},{"@type":"ListItem","position":2,"name":"SDR &#8211; Sales Development Representative"}]},{"@type":"WebSite","@id":"https:\/\/mindthegraph.com\/blog\/#website","url":"https:\/\/mindthegraph.com\/blog\/","name":"Mind the Graph Blog","description":"Your science can be beautiful!","potentialAction":[{"@type":"SearchAction","target":{"@type":"EntryPoint","urlTemplate":"https:\/\/mindthegraph.com\/blog\/?s={search_term_string}"},"query-input":"required name=search_term_string"}],"inLanguage":"et"}]}},"_links":{"self":[{"href":"https:\/\/mindthegraph.com\/blog\/et\/wp-json\/wp\/v2\/pages\/13185"}],"collection":[{"href":"https:\/\/mindthegraph.com\/blog\/et\/wp-json\/wp\/v2\/pages"}],"about":[{"href":"https:\/\/mindthegraph.com\/blog\/et\/wp-json\/wp\/v2\/types\/page"}],"author":[{"embeddable":true,"href":"https:\/\/mindthegraph.com\/blog\/et\/wp-json\/wp\/v2\/users\/21"}],"replies":[{"embeddable":true,"href":"https:\/\/mindthegraph.com\/blog\/et\/wp-json\/wp\/v2\/comments?post=13185"}],"version-history":[{"count":3,"href":"https:\/\/mindthegraph.com\/blog\/et\/wp-json\/wp\/v2\/pages\/13185\/revisions"}],"predecessor-version":[{"id":13199,"href":"https:\/\/mindthegraph.com\/blog\/et\/wp-json\/wp\/v2\/pages\/13185\/revisions\/13199"}],"wp:featuredmedia":[{"embeddable":true,"href":"https:\/\/mindthegraph.com\/blog\/et\/wp-json\/wp\/v2\/media\/11948"}],"wp:attachment":[{"href":"https:\/\/mindthegraph.com\/blog\/et\/wp-json\/wp\/v2\/media?parent=13185"}],"curies":[{"name":"wp","href":"https:\/\/api.w.org\/{rel}","templated":true}]}}