{"id":14643,"date":"2021-09-27T01:49:01","date_gmt":"2021-09-27T04:49:01","guid":{"rendered":"https:\/\/mindthegraph.com\/blog\/jobs\/mkt-growth-copy\/"},"modified":"2022-06-07T19:15:22","modified_gmt":"2022-06-07T22:15:22","slug":"full-stack-developer","status":"publish","type":"page","link":"https:\/\/mindthegraph.com\/blog\/es\/full-stack-developer\/","title":{"rendered":"Desarrollador Full Stack"},"content":{"rendered":"<div class=\"wp-block-button\"><a class=\"wp-block-button__link\" href=\"https:\/\/mindthegraph.com\/blog\/work-with-us\/\">Solicitar aqu\u00ed<\/a><\/div>\n\n\n\n<p>\u00bfTe gusta la ciencia? A nosotros s\u00ed.<\/p>\n\n\n\n<p>Buscamos gente nueva que se una a nuestro equipo de artistas, desarrolladores y emprendedores, todos ellos apasionados por la ciencia.<\/p>\n\n\n\n<p><strong>Sobre Mind the Graph<\/strong><\/p>\n\n\n\n<p>Mind the Graph forma parte del conjunto de soluciones CACTUS.<\/p>\n\n\n\n<p>Somos la primera y m\u00e1s importante plataforma de creaci\u00f3n de infograf\u00edas con fines cient\u00edficos y acad\u00e9micos. Con m\u00e1s de 400.000 usuarios con interacciones diarias y en r\u00e1pido crecimiento.<\/p>\n\n\n\n<p>Somos un equipo peque\u00f1o y muy motivado que respeta y valora el trabajo de los dem\u00e1s. Trabajamos en formato totalmente remoto, con un equipo maduro que opera de forma aut\u00f3noma e independiente.<\/p>\n\n\n\n<figure class=\"wp-block-embed is-type-video is-provider-youtube wp-block-embed-youtube wp-embed-aspect-16-9 wp-has-aspect-ratio\"><div class=\"wp-block-embed__wrapper\">\n<iframe loading=\"lazy\" title=\"Mind the Graph - Creador de infograf\u00edas cient\u00edficas\" width=\"800\" height=\"450\" src=\"https:\/\/www.youtube.com\/embed\/tG-PmLzx6NA?feature=oembed\" frameborder=\"0\" allow=\"accelerometer; autoplay; clipboard-write; encrypted-media; gyroscope; picture-in-picture\" allowfullscreen><\/iframe>\n<\/div><\/figure>\n\n\n\n<p>Tenemos una nueva oportunidad de trabajo: <strong>Desarrollador Full Stack<\/strong>.<\/p>\n\n\n\n<p>Como desarrollador Full Stack, debes sentirte c\u00f3modo con los lenguajes de codificaci\u00f3n front-end y back-end, los marcos de desarrollo y las bibliotecas de terceros. Tambi\u00e9n debe ser un jugador de equipo con un don para el dise\u00f1o visual y la utilidad.<\/p>\n\n\n\n<p><strong>Actividades principales<\/strong><\/p>\n\n\n\n<ul><li>Participar en el dise\u00f1o y la creaci\u00f3n de software escalable.<\/li><li>Escribir c\u00f3digo limpio y funcional en el front-end y back-end.<\/li><li>Comprobaci\u00f3n y correcci\u00f3n de errores u otros problemas de codificaci\u00f3n.<\/li><li>Trabajar con el equipo de desarrollo y el jefe de producto para idear soluciones de software.<\/li><li>Dise\u00f1ar la arquitectura del lado del cliente y del lado del servidor.<\/li><li>Construya el front-end de las aplicaciones mediante un dise\u00f1o visual atractivo.<\/li><li>Desarrollar y gestionar bases de datos y aplicaciones que funcionen correctamente.<\/li><li>Soluci\u00f3n de problemas, depuraci\u00f3n y actualizaci\u00f3n de software.<\/li><li>Crear configuraciones de seguridad y protecci\u00f3n de datos.<\/li><li>Redactar documentaci\u00f3n t\u00e9cnica.<\/li><li>Trabaje con cient\u00edficos y analistas de datos para mejorar el software.<\/li><\/ul>\n\n\n\n<p><strong>Requisitos del puesto<\/strong><\/p>\n\n\n\n<ul><li>Al menos 5 a\u00f1os de experiencia profesional como desarrollador.<\/li><li>Familiaridad con m\u00faltiples lenguajes, bibliotecas y marcos de trabajo front-end y back-end.<\/li><li>Dise\u00f1o y gesti\u00f3n de bases de datos MySQL.<\/li><li>Estar al d\u00eda de las mejores pr\u00e1cticas de desarrollo<\/li><li>Conocimiento profundo de la experiencia del usuario y, posiblemente, de la estrategia de producto.<\/li><li>Experiencia en la implementaci\u00f3n de plataformas de pruebas y pruebas unitarias.<\/li><li>Dominio de Git.<\/li><li>Aprecio por el c\u00f3digo limpio y bien documentado.<\/li><li>Tu propio puesto de trabajo.<\/li><\/ul>\n\n\n\n<p><strong>Cualificaciones preferidas<\/strong><\/p>\n\n\n\n<ul><li>Dominio del ingl\u00e9s hablado y escrito.<\/li><li>Experiencia demostrada como Full Stack Developer o puesto similar.<\/li><li>Excelentes dotes de comunicaci\u00f3n y trabajo en equipo.<\/li><li>Gran atenci\u00f3n al detalle.<\/li><li>Capacidad de organizaci\u00f3n.<\/li><li>Una mente anal\u00edtica.<\/li><li>Licenciado en Inform\u00e1tica, Estad\u00edstica o especialidad pertinente.<\/li><\/ul>\n\n\n\n<p><strong>Nuestra pila principal del espacio de trabajo<\/strong><\/p>\n\n\n\n<ul><li>JavaScript: biblioteca Fabric.js<\/li><li>PHP: Marco CodeIgniter<\/li><li>Node.js: Marco NestJS<\/li><li>MySQL.<\/li><\/ul>\n\n\n\n<p><strong>Lo que encontrar\u00e1 aqu\u00ed<\/strong><\/p>\n\n\n\n<ul><li>Una empresa 100% a distancia.<\/li><li>Gente agradable en un entorno de trabajo agradable.<\/li><li>Equipo altamente cualificado distribuido por todo el mundo.<\/li><li>Salario competitivo pagado en USD.<\/li><li>Forme parte de una empresa de alcance mundial.<\/li><li>Importante puesto que reporta directamente al CEO de una prometedora startup.<\/li><li>Colocaci\u00f3n clave con responsabilidades importantes en la organizaci\u00f3n.<\/li><li>Alineaci\u00f3n de tu crecimiento profesional con el crecimiento de la startup.<\/li><\/ul>\n\n\n\n<p>\u00bfTe has identificado con este trabajo?&nbsp;<\/p>\n\n\n\n<p>Presente su candidatura y \u00fanase al equipo.<\/p>\n\n\n\n<div class=\"wp-block-button\"><a class=\"wp-block-button__link\" href=\"https:\/\/mindthegraph.com\/blog\/work-with-us\/\">Solicitar aqu\u00ed<\/a><\/div>\n\n\n\n<style>\n.is-provider-youtube .wp-block-embed__wrapper, .gutentim-admin-page-video{ height:auto !important; }\n<\/style>","protected":false},"excerpt":{"rendered":"<p>\u00bfTe gusta la ciencia? A nosotros s\u00ed. Buscamos gente nueva para unirse a nuestro equipo de artistas, desarrolladores y emprendedores, todos ellos apasionados por la ciencia. Acerca de Mind the Graph Mind the Graph forma parte del conjunto de soluciones CACTUS. Somos la primera y m\u00e1s importante plataforma de creaci\u00f3n de infograf\u00edas [...]<\/p>","protected":false},"author":21,"featured_media":11948,"parent":0,"menu_order":0,"comment_status":"closed","ping_status":"closed","template":"","meta":[],"yoast_head":"<!-- This site is optimized with the Yoast SEO plugin v19.9 - https:\/\/yoast.com\/wordpress\/plugins\/seo\/ -->\n<title>Full Stack Developer - Mind the Graph Blog<\/title>\n<meta name=\"robots\" content=\"index, follow, max-snippet:-1, max-image-preview:large, max-video-preview:-1\" \/>\n<link rel=\"canonical\" href=\"https:\/\/mindthegraph.com\/blog\/es\/sviluppatore-completo\/\" \/>\n<meta property=\"og:locale\" content=\"es_MX\" \/>\n<meta property=\"og:type\" content=\"article\" \/>\n<meta property=\"og:title\" content=\"Full Stack Developer - Mind the Graph Blog\" \/>\n<meta property=\"og:description\" content=\"Do you love science? We do! We are looking for new people to join our team of artists, developers, and entrepreneurs, all passionate about science. About Mind the Graph Mind the Graph is a part of the CACTUS suite of solutions. We are the leading and first infographic maker platform focused on scientific and academic [&hellip;]\" \/>\n<meta property=\"og:url\" content=\"https:\/\/mindthegraph.com\/blog\/es\/sviluppatore-completo\/\" \/>\n<meta property=\"og:site_name\" content=\"Mind the Graph Blog\" \/>\n<meta property=\"article:modified_time\" content=\"2022-06-07T22:15:22+00:00\" \/>\n<meta property=\"og:image\" content=\"https:\/\/mindthegraph.com\/blog\/wp-content\/uploads\/2020\/11\/captura-de-tela-2020-11-19-as-131025.png\" \/>\n\t<meta property=\"og:image:width\" content=\"620\" \/>\n\t<meta property=\"og:image:height\" content=\"56\" \/>\n\t<meta property=\"og:image:type\" content=\"image\/png\" \/>\n<meta name=\"twitter:card\" content=\"summary_large_image\" \/>\n<meta name=\"twitter:label1\" content=\"Tiempo de lectura\" \/>\n\t<meta name=\"twitter:data1\" content=\"2 minutos\" \/>\n<!-- \/ Yoast SEO plugin. -->","yoast_head_json":{"title":"Full Stack Developer - Mind the Graph Blog","robots":{"index":"index","follow":"follow","max-snippet":"max-snippet:-1","max-image-preview":"max-image-preview:large","max-video-preview":"max-video-preview:-1"},"canonical":"https:\/\/mindthegraph.com\/blog\/es\/sviluppatore-completo\/","og_locale":"es_MX","og_type":"article","og_title":"Full Stack Developer - Mind the Graph Blog","og_description":"Do you love science? We do! We are looking for new people to join our team of artists, developers, and entrepreneurs, all passionate about science. About Mind the Graph Mind the Graph is a part of the CACTUS suite of solutions. We are the leading and first infographic maker platform focused on scientific and academic [&hellip;]","og_url":"https:\/\/mindthegraph.com\/blog\/es\/sviluppatore-completo\/","og_site_name":"Mind the Graph Blog","article_modified_time":"2022-06-07T22:15:22+00:00","og_image":[{"width":620,"height":56,"url":"https:\/\/mindthegraph.com\/blog\/wp-content\/uploads\/2020\/11\/captura-de-tela-2020-11-19-as-131025.png","type":"image\/png"}],"twitter_card":"summary_large_image","twitter_misc":{"Tiempo de lectura":"2 minutos"},"schema":{"@context":"https:\/\/schema.org","@graph":[{"@type":"WebPage","@id":"https:\/\/mindthegraph.com\/blog\/it\/sviluppatore-completo\/","url":"https:\/\/mindthegraph.com\/blog\/it\/sviluppatore-completo\/","name":"Full Stack Developer - Mind the Graph Blog","isPartOf":{"@id":"https:\/\/mindthegraph.com\/blog\/#website"},"datePublished":"2021-09-27T04:49:01+00:00","dateModified":"2022-06-07T22:15:22+00:00","breadcrumb":{"@id":"https:\/\/mindthegraph.com\/blog\/it\/sviluppatore-completo\/#breadcrumb"},"inLanguage":"es-MX","potentialAction":[{"@type":"ReadAction","target":["https:\/\/mindthegraph.com\/blog\/it\/sviluppatore-completo\/"]}]},{"@type":"BreadcrumbList","@id":"https:\/\/mindthegraph.com\/blog\/it\/sviluppatore-completo\/#breadcrumb","itemListElement":[{"@type":"ListItem","position":1,"name":"Home","item":"https:\/\/mindthegraph.com\/blog\/"},{"@type":"ListItem","position":2,"name":"Full Stack Developer"}]},{"@type":"WebSite","@id":"https:\/\/mindthegraph.com\/blog\/#website","url":"https:\/\/mindthegraph.com\/blog\/","name":"Mind the Graph Blog","description":"Your science can be beautiful!","potentialAction":[{"@type":"SearchAction","target":{"@type":"EntryPoint","urlTemplate":"https:\/\/mindthegraph.com\/blog\/?s={search_term_string}"},"query-input":"required name=search_term_string"}],"inLanguage":"es-MX"}]}},"_links":{"self":[{"href":"https:\/\/mindthegraph.com\/blog\/es\/wp-json\/wp\/v2\/pages\/14643"}],"collection":[{"href":"https:\/\/mindthegraph.com\/blog\/es\/wp-json\/wp\/v2\/pages"}],"about":[{"href":"https:\/\/mindthegraph.com\/blog\/es\/wp-json\/wp\/v2\/types\/page"}],"author":[{"embeddable":true,"href":"https:\/\/mindthegraph.com\/blog\/es\/wp-json\/wp\/v2\/users\/21"}],"replies":[{"embeddable":true,"href":"https:\/\/mindthegraph.com\/blog\/es\/wp-json\/wp\/v2\/comments?post=14643"}],"version-history":[{"count":4,"href":"https:\/\/mindthegraph.com\/blog\/es\/wp-json\/wp\/v2\/pages\/14643\/revisions"}],"predecessor-version":[{"id":15901,"href":"https:\/\/mindthegraph.com\/blog\/es\/wp-json\/wp\/v2\/pages\/14643\/revisions\/15901"}],"wp:featuredmedia":[{"embeddable":true,"href":"https:\/\/mindthegraph.com\/blog\/es\/wp-json\/wp\/v2\/media\/11948"}],"wp:attachment":[{"href":"https:\/\/mindthegraph.com\/blog\/es\/wp-json\/wp\/v2\/media?parent=14643"}],"curies":[{"name":"wp","href":"https:\/\/api.w.org\/{rel}","templated":true}]}}