{"id":13191,"date":"2021-07-22T01:33:20","date_gmt":"2021-07-22T04:33:20","guid":{"rendered":"https:\/\/mindthegraph.com\/blog\/jobs\/sdr-copy\/"},"modified":"2021-07-22T14:03:34","modified_gmt":"2021-07-22T17:03:34","slug":"sales-mkt","status":"publish","type":"page","link":"https:\/\/mindthegraph.com\/blog\/es\/ventas-mercado\/","title":{"rendered":"Ventas y marketing"},"content":{"rendered":"<p>\u00bfTe gusta la ciencia? A nosotros s\u00ed.<\/p>\n\n\n\n<p>Buscamos gente nueva que se una a nuestro equipo de artistas, desarrolladores y emprendedores, todos ellos apasionados por la ciencia.<\/p>\n\n\n\n<p>Tenemos una nueva oportunidad de trabajo: <strong>Ventas y marketing<\/strong>.<\/p>\n\n\n\n<p><strong>Actividades principales<\/strong><\/p>\n\n\n\n<ul><li>Investigar y desarrollar el marketing, comprender las necesidades de los consumidores, identificar las tendencias del mercado y sugerir mejoras para alcanzar los objetivos de marketing y ventas de la empresa.<\/li><li>Mantener relaciones con clientes importantes y potenciales estableciendo contactos regulares, comprendiendo sus necesidades y anticipando nuevas oportunidades de marketing.<\/li><li>Gestionar el proceso de ventas, desde la generaci\u00f3n de nuevos clientes potenciales hasta el cierre de ventas.<\/li><li>Crear e implementar estrategias para generar upsell en el ticket de venta de nuestra base de leads.<\/li><li>Ejecutar campa\u00f1as de ventas y marketing. Trabajar estrechamente con los equipos de \u00e9xito de clientes y publicidad.<\/li><li>Recopilar y analizar datos para orientar el trabajo en funci\u00f3n de par\u00e1metros mensurables.<\/li><li>Promocionar las marcas existentes de la empresa e introducir nuevos productos en el mercado.<\/li><li>Apoyar el desarrollo y la ejecuci\u00f3n de materiales de ventas y marketing.<\/li><li>Contribuir a otras actividades de generaci\u00f3n de contactos y captaci\u00f3n de clientes.<\/li><li>Centrarse en la conversi\u00f3n de las ventas, la mejora de las cuentas y los servicios de upsell. <\/li><\/ul>\n\n\n\n<p><\/p>\n\n\n\n<p><strong>Requisitos del puesto<\/strong><\/p>\n\n\n\n<ul><li>Dominio del ingl\u00e9s hablado y escrito.<\/li><li>Experiencia pr\u00e1ctica en el desarrollo de campa\u00f1as y promociones.<\/li><li>Excelentes dotes de comunicaci\u00f3n, interpersonales y de atenci\u00f3n al cliente.<\/li><li>Fuerte deseo y capacidad para ayudar a generar ventas para la organizaci\u00f3n.<\/li><li>Puesto de trabajo propio.<\/li><\/ul>\n\n\n\n<p><\/p>\n\n\n\n<p><strong>Cualificaciones preferidas<\/strong><\/p>\n\n\n\n<ul><li>Estar disponible para trabajar en la zona horaria del Este.<\/li><li>Dominio de las herramientas ZenDesk y RD Station.<\/li><li>Experiencia previa como representante de desarrollo de ventas.<\/li><\/ul>\n\n\n\n<p><\/p>\n\n\n\n<p><strong>Acerca de Mind The Graph<\/strong><br>Somos la primera plataforma de creaci\u00f3n de infograf\u00edas con fines cient\u00edficos y acad\u00e9micos. Con m\u00e1s de 400.000 usuarios con interacciones diarias y en r\u00e1pido crecimiento.<\/p>\n\n\n\n<figure class=\"wp-block-embed is-type-video is-provider-youtube wp-block-embed-youtube wp-embed-aspect-16-9 wp-has-aspect-ratio\"><div class=\"wp-block-embed__wrapper\">\n<iframe loading=\"lazy\" title=\"Mind the Graph - Creador de infograf\u00edas cient\u00edficas\" width=\"800\" height=\"450\" src=\"https:\/\/www.youtube.com\/embed\/tG-PmLzx6NA?feature=oembed\" frameborder=\"0\" allow=\"accelerometer; autoplay; clipboard-write; encrypted-media; gyroscope; picture-in-picture\" allowfullscreen><\/iframe>\n<\/div><\/figure>\n\n\n\n<p><strong>Lo que encontrar\u00e1 aqu\u00ed<\/strong><\/p>\n\n\n\n<ul><li>Una empresa 100% a distancia, trabajo desde casa. <\/li><li>Gente agradable en un entorno de trabajo agradable.<\/li><li>Equipo altamente cualificado distribuido por todo el mundo.<\/li><li>Salario competitivo.<\/li><li>Bonificaciones trimestrales en funci\u00f3n de los resultados.<\/li><li>Bono mensual de Internet (nosotros pagamos tu Internet).<\/li><li>Bono mensual de bienestar (ejercicios, masajes, yoga...).<\/li><li>Bono mensual de comida (\u00a1reg\u00e1late buenas comidas!).<\/li><li>Importante puesto que reporta directamente al CEO de una prometedora startup.<\/li><li>Colocaci\u00f3n clave con responsabilidades importantes en la organizaci\u00f3n.<\/li><li>Alineaci\u00f3n de tu crecimiento profesional con el crecimiento de la startup.<\/li><\/ul>\n\n\n\n<p>Somos un equipo peque\u00f1o y muy motivado que respeta y valora el trabajo de los dem\u00e1s. Trabajamos en formato totalmente remoto, con un equipo maduro que opera de forma aut\u00f3noma e independiente.<\/p>\n\n\n\n<p>\u00bfTe sientes identificado con este trabajo? \u00a1Pues \u00fanete al equipo!<\/p>\n\n\n\n<div class=\"wp-block-button\"><a class=\"wp-block-button__link\" href=\"https:\/\/mindthegraph.com\/blog\/work-with-us\/\">Solicitar aqu\u00ed<\/a><\/div>\n\n\n\n<style>\n.is-provider-youtube .wp-block-embed__wrapper, .gutentim-admin-page-video{ height:auto !important; }\n<\/style>","protected":false},"excerpt":{"rendered":"<p>\u00bfTe gusta la ciencia? A nosotros s\u00ed. Buscamos gente nueva que se una a nuestro equipo de artistas, desarrolladores y emprendedores, todos ellos apasionados por la ciencia. Tenemos una nueva oportunidad de trabajo: Ventas y Marketing. Actividades principales Investigar y desarrollar el marketing, comprender las necesidades de los consumidores, identificar las tendencias del mercado y sugerir mejoras para lograr [...]<\/p>","protected":false},"author":21,"featured_media":11948,"parent":0,"menu_order":0,"comment_status":"closed","ping_status":"closed","template":"","meta":[],"yoast_head":"<!-- This site is optimized with the Yoast SEO plugin v19.9 - https:\/\/yoast.com\/wordpress\/plugins\/seo\/ -->\n<title>Sales &amp; Marketing - Mind the Graph Blog<\/title>\n<meta name=\"robots\" content=\"index, follow, max-snippet:-1, max-image-preview:large, max-video-preview:-1\" \/>\n<link rel=\"canonical\" href=\"https:\/\/mindthegraph.com\/blog\/es\/satis-mkt\/\" \/>\n<meta property=\"og:locale\" content=\"es_MX\" \/>\n<meta property=\"og:type\" content=\"article\" \/>\n<meta property=\"og:title\" content=\"Sales &amp; Marketing - Mind the Graph Blog\" \/>\n<meta property=\"og:description\" content=\"Do you love science? We do! We are looking for new people to join our team of artists, developers, and entrepreneurs, all passionate about science. We have a new job opportunity: Sales &amp; Marketing. Main Activities Researching and developing marketing, understanding consumer requirements, identifying market trends, and suggesting improvements to achieve the company&#8217;s marketing and [&hellip;]\" \/>\n<meta property=\"og:url\" content=\"https:\/\/mindthegraph.com\/blog\/es\/satis-mkt\/\" \/>\n<meta property=\"og:site_name\" content=\"Mind the Graph Blog\" \/>\n<meta property=\"article:modified_time\" content=\"2021-07-22T17:03:34+00:00\" \/>\n<meta property=\"og:image\" content=\"https:\/\/mindthegraph.com\/blog\/wp-content\/uploads\/2020\/11\/captura-de-tela-2020-11-19-as-131025.png\" \/>\n\t<meta property=\"og:image:width\" content=\"620\" \/>\n\t<meta property=\"og:image:height\" content=\"56\" \/>\n\t<meta property=\"og:image:type\" content=\"image\/png\" \/>\n<meta name=\"twitter:card\" content=\"summary_large_image\" \/>\n<meta name=\"twitter:label1\" content=\"Tiempo de lectura\" \/>\n\t<meta name=\"twitter:data1\" content=\"2 minutos\" \/>\n<!-- \/ Yoast SEO plugin. -->","yoast_head_json":{"title":"Sales & Marketing - Mind the Graph Blog","robots":{"index":"index","follow":"follow","max-snippet":"max-snippet:-1","max-image-preview":"max-image-preview:large","max-video-preview":"max-video-preview:-1"},"canonical":"https:\/\/mindthegraph.com\/blog\/es\/satis-mkt\/","og_locale":"es_MX","og_type":"article","og_title":"Sales & Marketing - Mind the Graph Blog","og_description":"Do you love science? We do! We are looking for new people to join our team of artists, developers, and entrepreneurs, all passionate about science. We have a new job opportunity: Sales &amp; Marketing. Main Activities Researching and developing marketing, understanding consumer requirements, identifying market trends, and suggesting improvements to achieve the company&#8217;s marketing and [&hellip;]","og_url":"https:\/\/mindthegraph.com\/blog\/es\/satis-mkt\/","og_site_name":"Mind the Graph Blog","article_modified_time":"2021-07-22T17:03:34+00:00","og_image":[{"width":620,"height":56,"url":"https:\/\/mindthegraph.com\/blog\/wp-content\/uploads\/2020\/11\/captura-de-tela-2020-11-19-as-131025.png","type":"image\/png"}],"twitter_card":"summary_large_image","twitter_misc":{"Tiempo de lectura":"2 minutos"},"schema":{"@context":"https:\/\/schema.org","@graph":[{"@type":"WebPage","@id":"https:\/\/mindthegraph.com\/blog\/tr\/satis-mkt\/","url":"https:\/\/mindthegraph.com\/blog\/tr\/satis-mkt\/","name":"Sales & Marketing - Mind the Graph Blog","isPartOf":{"@id":"https:\/\/mindthegraph.com\/blog\/#website"},"datePublished":"2021-07-22T04:33:20+00:00","dateModified":"2021-07-22T17:03:34+00:00","breadcrumb":{"@id":"https:\/\/mindthegraph.com\/blog\/tr\/satis-mkt\/#breadcrumb"},"inLanguage":"es-MX","potentialAction":[{"@type":"ReadAction","target":["https:\/\/mindthegraph.com\/blog\/tr\/satis-mkt\/"]}]},{"@type":"BreadcrumbList","@id":"https:\/\/mindthegraph.com\/blog\/tr\/satis-mkt\/#breadcrumb","itemListElement":[{"@type":"ListItem","position":1,"name":"Home","item":"https:\/\/mindthegraph.com\/blog\/"},{"@type":"ListItem","position":2,"name":"Sales &#038; Marketing"}]},{"@type":"WebSite","@id":"https:\/\/mindthegraph.com\/blog\/#website","url":"https:\/\/mindthegraph.com\/blog\/","name":"Mind the Graph Blog","description":"Your science can be beautiful!","potentialAction":[{"@type":"SearchAction","target":{"@type":"EntryPoint","urlTemplate":"https:\/\/mindthegraph.com\/blog\/?s={search_term_string}"},"query-input":"required name=search_term_string"}],"inLanguage":"es-MX"}]}},"_links":{"self":[{"href":"https:\/\/mindthegraph.com\/blog\/es\/wp-json\/wp\/v2\/pages\/13191"}],"collection":[{"href":"https:\/\/mindthegraph.com\/blog\/es\/wp-json\/wp\/v2\/pages"}],"about":[{"href":"https:\/\/mindthegraph.com\/blog\/es\/wp-json\/wp\/v2\/types\/page"}],"author":[{"embeddable":true,"href":"https:\/\/mindthegraph.com\/blog\/es\/wp-json\/wp\/v2\/users\/21"}],"replies":[{"embeddable":true,"href":"https:\/\/mindthegraph.com\/blog\/es\/wp-json\/wp\/v2\/comments?post=13191"}],"version-history":[{"count":4,"href":"https:\/\/mindthegraph.com\/blog\/es\/wp-json\/wp\/v2\/pages\/13191\/revisions"}],"predecessor-version":[{"id":13197,"href":"https:\/\/mindthegraph.com\/blog\/es\/wp-json\/wp\/v2\/pages\/13191\/revisions\/13197"}],"wp:featuredmedia":[{"embeddable":true,"href":"https:\/\/mindthegraph.com\/blog\/es\/wp-json\/wp\/v2\/media\/11948"}],"wp:attachment":[{"href":"https:\/\/mindthegraph.com\/blog\/es\/wp-json\/wp\/v2\/media?parent=13191"}],"curies":[{"name":"wp","href":"https:\/\/api.w.org\/{rel}","templated":true}]}}