{"id":11890,"date":"2020-11-10T13:53:50","date_gmt":"2020-11-10T15:53:50","guid":{"rendered":"https:\/\/mindthegraph.com\/blog\/?page_id=11890"},"modified":"2020-11-19T14:14:04","modified_gmt":"2020-11-19T16:14:04","slug":"mkt-growth","status":"publish","type":"page","link":"https:\/\/mindthegraph.com\/blog\/es\/mkt-crecimiento\/","title":{"rendered":"Analista de crecimiento de MKT"},"content":{"rendered":"<div class=\"wp-block-button\"><a class=\"wp-block-button__link\" href=\"https:\/\/mindthegraph.com\/blog\/work-with-us\/\">Solicitar aqu\u00ed<\/a><\/div>\n\n\n\n<p>Buscamos un nuevo analista de crecimiento de marketing para ayudar a impulsar el tr\u00e1fico y atraer p\u00fablico cualificado a una plataforma que presta servicio a m\u00e1s de 400.000 usuarios cient\u00edficos y acad\u00e9micos de todo el mundo.<br><br><strong>Necesitar\u00e1s tener:<\/strong><\/p>\n\n\n\n<ul><li>Conocimientos s\u00f3lidos de SEO, SEM, Google Analytics, remarketing y pruebas A\/B.<\/li><li>Comprender el proceso de la estrategia de enlaces: internos y de retorno<\/li><li>Experto en investigaci\u00f3n de palabras clave, algoritmos de b\u00fasqueda y estrategias de clasificaci\u00f3n<\/li><li>Capacidad para ejecutar estrategias de marketing por correo electr\u00f3nico<\/li><li>Conocimiento y ejecuci\u00f3n en Google y Facebook Ads<\/li><li>Fuerte orientaci\u00f3n al ROI<\/li><\/ul>\n\n\n\n<p><strong>Acerca de Mind The Graph:<\/strong><br>Somos la primera plataforma de creaci\u00f3n de infograf\u00edas con fines cient\u00edficos y acad\u00e9micos. Con m\u00e1s de 400.000 usuarios con interacciones diarias y en r\u00e1pido crecimiento.<\/p>\n\n\n\n<figure class=\"wp-block-embed-youtube wp-block-embed is-type-video is-provider-youtube wp-embed-aspect-16-9 wp-has-aspect-ratio\"><div class=\"wp-block-embed__wrapper\">\n<iframe loading=\"lazy\" title=\"Mind the Graph - Creador de infograf\u00edas cient\u00edficas\" width=\"800\" height=\"450\" src=\"https:\/\/www.youtube.com\/embed\/tG-PmLzx6NA?feature=oembed\" frameborder=\"0\" allow=\"accelerometer; autoplay; clipboard-write; encrypted-media; gyroscope; picture-in-picture\" allowfullscreen><\/iframe>\n<\/div><\/figure>\n\n\n\n<p>Lo que encontrar\u00e1 aqu\u00ed:<br>- Una empresa 100% a distancia, trabaja desde tu casa <br>- Gente agradable en un entorno de trabajo agradable;<br>- Equipo altamente cualificado distribuido por todo el mundo;<br>- Salario competitivo;<br>- Bonificaciones trimestrales en funci\u00f3n de los resultados;<br>- Bono mensual de Internet (nosotros pagamos su Internet)<br>- Bono mensual de bienestar (ejercicios, masajes, yoga...)<br>- Vale mensual de comida (\u00a1reg\u00e1late buenas comidas!)<br>- Importante puesto que reporta directamente al CEO de una prometedora startup;<br>- Colocaci\u00f3n clave con responsabilidades importantes en la organizaci\u00f3n;<br>- Alineaci\u00f3n de tu crecimiento profesional con el crecimiento de la startup;<\/p>\n\n\n\n<div class=\"wp-block-button\"><a class=\"wp-block-button__link\" href=\"https:\/\/mindthegraph.com\/blog\/work-with-us\/\">Solicitar aqu\u00ed<\/a><\/div>\n\n\n\n<style>\n.is-provider-youtube .wp-block-embed__wrapper, .gutentim-admin-page-video{ height:auto !important; }\n<\/style>","protected":false},"excerpt":{"rendered":"<p>Estamos buscando un nuevo analista de Marketing de Crecimiento para ayudar a impulsar el tr\u00e1fico y traer audiencia cualificada a una plataforma que sirve a m\u00e1s de 400.000 usuarios cient\u00edficos y acad\u00e9micos de todo el mundo. Tendr\u00e1s que tener S\u00f3lidos conocimientos de SEO, SEM, Google Analytics, remarketing y pruebas A\/B Comprender el proceso de Estrategia de enlaces - internos y [...]<\/p>","protected":false},"author":16,"featured_media":11948,"parent":0,"menu_order":0,"comment_status":"closed","ping_status":"closed","template":"","meta":[],"yoast_head":"<!-- This site is optimized with the Yoast SEO plugin v19.9 - https:\/\/yoast.com\/wordpress\/plugins\/seo\/ -->\n<title>MKT Growth Analyst - Mind the Graph Blog<\/title>\n<meta name=\"robots\" content=\"index, follow, max-snippet:-1, max-image-preview:large, max-video-preview:-1\" \/>\n<link rel=\"canonical\" href=\"https:\/\/mindthegraph.com\/blog\/es\/mkt-crecimiento\/\" \/>\n<meta property=\"og:locale\" content=\"es_MX\" \/>\n<meta property=\"og:type\" content=\"article\" \/>\n<meta property=\"og:title\" content=\"MKT Growth Analyst - Mind the Graph Blog\" \/>\n<meta property=\"og:description\" content=\"We are looking for a fresh Marketing Growth analyst to help boost traffic and bring qualified audience to a platform serving more than 400,000 scientific and academic users around the world. You&#8217;ll need to have: Strong knowledge of SEO, SEM, Google Analytics, remarketing, and A\/B testing Understand the process of Link strategy \u2013 internal and [&hellip;]\" \/>\n<meta property=\"og:url\" content=\"https:\/\/mindthegraph.com\/blog\/es\/mkt-crecimiento\/\" \/>\n<meta property=\"og:site_name\" content=\"Mind the Graph Blog\" \/>\n<meta property=\"article:modified_time\" content=\"2020-11-19T16:14:04+00:00\" \/>\n<meta property=\"og:image\" content=\"https:\/\/mindthegraph.com\/blog\/wp-content\/uploads\/2020\/11\/captura-de-tela-2020-11-19-as-131025.png\" \/>\n\t<meta property=\"og:image:width\" content=\"620\" \/>\n\t<meta property=\"og:image:height\" content=\"56\" \/>\n\t<meta property=\"og:image:type\" content=\"image\/png\" \/>\n<meta name=\"twitter:card\" content=\"summary_large_image\" \/>\n<meta name=\"twitter:label1\" content=\"Tiempo de lectura\" \/>\n\t<meta name=\"twitter:data1\" content=\"1 minuto\" \/>\n<!-- \/ Yoast SEO plugin. -->","yoast_head_json":{"title":"MKT Growth Analyst - Mind the Graph Blog","robots":{"index":"index","follow":"follow","max-snippet":"max-snippet:-1","max-image-preview":"max-image-preview:large","max-video-preview":"max-video-preview:-1"},"canonical":"https:\/\/mindthegraph.com\/blog\/es\/mkt-crecimiento\/","og_locale":"es_MX","og_type":"article","og_title":"MKT Growth Analyst - Mind the Graph Blog","og_description":"We are looking for a fresh Marketing Growth analyst to help boost traffic and bring qualified audience to a platform serving more than 400,000 scientific and academic users around the world. You&#8217;ll need to have: Strong knowledge of SEO, SEM, Google Analytics, remarketing, and A\/B testing Understand the process of Link strategy \u2013 internal and [&hellip;]","og_url":"https:\/\/mindthegraph.com\/blog\/es\/mkt-crecimiento\/","og_site_name":"Mind the Graph Blog","article_modified_time":"2020-11-19T16:14:04+00:00","og_image":[{"width":620,"height":56,"url":"https:\/\/mindthegraph.com\/blog\/wp-content\/uploads\/2020\/11\/captura-de-tela-2020-11-19-as-131025.png","type":"image\/png"}],"twitter_card":"summary_large_image","twitter_misc":{"Tiempo de lectura":"1 minuto"},"schema":{"@context":"https:\/\/schema.org","@graph":[{"@type":"WebPage","@id":"https:\/\/mindthegraph.com\/blog\/mkt-growth\/","url":"https:\/\/mindthegraph.com\/blog\/mkt-growth\/","name":"MKT Growth Analyst - Mind the Graph Blog","isPartOf":{"@id":"https:\/\/mindthegraph.com\/blog\/#website"},"datePublished":"2020-11-10T15:53:50+00:00","dateModified":"2020-11-19T16:14:04+00:00","breadcrumb":{"@id":"https:\/\/mindthegraph.com\/blog\/mkt-growth\/#breadcrumb"},"inLanguage":"es-MX","potentialAction":[{"@type":"ReadAction","target":["https:\/\/mindthegraph.com\/blog\/mkt-growth\/"]}]},{"@type":"BreadcrumbList","@id":"https:\/\/mindthegraph.com\/blog\/mkt-growth\/#breadcrumb","itemListElement":[{"@type":"ListItem","position":1,"name":"Home","item":"https:\/\/mindthegraph.com\/blog\/"},{"@type":"ListItem","position":2,"name":"MKT Growth Analyst"}]},{"@type":"WebSite","@id":"https:\/\/mindthegraph.com\/blog\/#website","url":"https:\/\/mindthegraph.com\/blog\/","name":"Mind the Graph Blog","description":"Your science can be beautiful!","potentialAction":[{"@type":"SearchAction","target":{"@type":"EntryPoint","urlTemplate":"https:\/\/mindthegraph.com\/blog\/?s={search_term_string}"},"query-input":"required name=search_term_string"}],"inLanguage":"es-MX"}]}},"_links":{"self":[{"href":"https:\/\/mindthegraph.com\/blog\/es\/wp-json\/wp\/v2\/pages\/11890"}],"collection":[{"href":"https:\/\/mindthegraph.com\/blog\/es\/wp-json\/wp\/v2\/pages"}],"about":[{"href":"https:\/\/mindthegraph.com\/blog\/es\/wp-json\/wp\/v2\/types\/page"}],"author":[{"embeddable":true,"href":"https:\/\/mindthegraph.com\/blog\/es\/wp-json\/wp\/v2\/users\/16"}],"replies":[{"embeddable":true,"href":"https:\/\/mindthegraph.com\/blog\/es\/wp-json\/wp\/v2\/comments?post=11890"}],"version-history":[{"count":8,"href":"https:\/\/mindthegraph.com\/blog\/es\/wp-json\/wp\/v2\/pages\/11890\/revisions"}],"predecessor-version":[{"id":11938,"href":"https:\/\/mindthegraph.com\/blog\/es\/wp-json\/wp\/v2\/pages\/11890\/revisions\/11938"}],"wp:featuredmedia":[{"embeddable":true,"href":"https:\/\/mindthegraph.com\/blog\/es\/wp-json\/wp\/v2\/media\/11948"}],"wp:attachment":[{"href":"https:\/\/mindthegraph.com\/blog\/es\/wp-json\/wp\/v2\/media?parent=11890"}],"curies":[{"name":"wp","href":"https:\/\/api.w.org\/{rel}","templated":true}]}}