{"id":14643,"date":"2021-09-27T01:49:01","date_gmt":"2021-09-27T04:49:01","guid":{"rendered":"https:\/\/mindthegraph.com\/blog\/jobs\/mkt-growth-copy\/"},"modified":"2022-06-07T19:15:22","modified_gmt":"2022-06-07T22:15:22","slug":"full-stack-developer","status":"publish","type":"page","link":"https:\/\/mindthegraph.com\/blog\/de\/full-stack-entwickler\/","title":{"rendered":"Full Stack Entwickler"},"content":{"rendered":"<div class=\"wp-block-button\"><a class=\"wp-block-button__link\" href=\"https:\/\/mindthegraph.com\/blog\/work-with-us\/\">Hier bewerben<\/a><\/div>\n\n\n\n<p>Lieben Sie die Wissenschaft? Wir schon!<\/p>\n\n\n\n<p>Wir suchen neue Mitarbeiter f\u00fcr unser Team aus K\u00fcnstlern, Entwicklern und Unternehmern, die sich alle f\u00fcr die Wissenschaft begeistern.<\/p>\n\n\n\n<p><strong>\u00dcber Mind the Graph<\/strong><\/p>\n\n\n\n<p>Mind the Graph ist Teil der CACTUS-L\u00f6sungssuite.<\/p>\n\n\n\n<p>Wir sind die f\u00fchrende und erste Infografik-Plattform, die sich auf wissenschaftliche und akademische Zwecke konzentriert. Mit mehr als 400.000 Nutzern mit t\u00e4glichen Interaktionen und schnell wachsend.<\/p>\n\n\n\n<p>Wir sind ein kleines, hoch motiviertes Team, das die Arbeit der anderen respektiert und sch\u00e4tzt. Wir arbeiten komplett dezentral, mit einem ausgereiften Team, das selbstst\u00e4ndig und unabh\u00e4ngig arbeitet.<\/p>\n\n\n\n<figure class=\"wp-block-embed is-type-video is-provider-youtube wp-block-embed-youtube wp-embed-aspect-16-9 wp-has-aspect-ratio\"><div class=\"wp-block-embed__wrapper\">\n<iframe loading=\"lazy\" title=\"Mind the Graph - Infografik-Macher f\u00fcr die Wissenschaft\" width=\"800\" height=\"450\" src=\"https:\/\/www.youtube.com\/embed\/tG-PmLzx6NA?feature=oembed\" frameborder=\"0\" allow=\"accelerometer; autoplay; clipboard-write; encrypted-media; gyroscope; picture-in-picture\" allowfullscreen><\/iframe>\n<\/div><\/figure>\n\n\n\n<p>Wir haben ein neues Stellenangebot: <strong>Full Stack Entwickler<\/strong>.<\/p>\n\n\n\n<p>Als Full Stack Developer sollten Sie sich sowohl mit Front-End- als auch mit Back-End-Programmiersprachen, Entwicklungs-Frameworks und Bibliotheken von Drittanbietern auskennen. Au\u00dferdem sollten Sie ein Teamplayer sein und ein H\u00e4ndchen f\u00fcr visuelles Design und Nutzen haben.<\/p>\n\n\n\n<p><strong>Wichtigste Aktivit\u00e4ten<\/strong><\/p>\n\n\n\n<ul><li>Mitwirkung an der Konzeption und Erstellung skalierbarer Software.<\/li><li>Schreiben von sauberem, funktionalem Code im Front- und Back-End.<\/li><li>Testen und Beheben von Fehlern oder anderen Programmierproblemen.<\/li><li>Sie arbeiten mit dem Entwicklungsteam und dem Produktmanager zusammen, um Softwarel\u00f6sungen zu konzipieren.<\/li><li>Entwurf einer clientseitigen und serverseitigen Architektur.<\/li><li>Erstellen Sie das Frontend von Anwendungen durch ansprechendes visuelles Design.<\/li><li>Entwicklung und Verwaltung gut funktionierender Datenbanken und Anwendungen.<\/li><li>Fehlerbehebung, Fehlersuche und Aktualisierung von Software.<\/li><li>Erstellen Sie Sicherheits- und Datenschutzeinstellungen.<\/li><li>Verfassen technischer Dokumentation.<\/li><li>Zusammenarbeit mit Datenwissenschaftlern und Analytikern zur Verbesserung der Software.<\/li><\/ul>\n\n\n\n<p><strong>Job-Anforderungen<\/strong><\/p>\n\n\n\n<ul><li>Mindestens 5 Jahre Berufserfahrung als Entwickler.<\/li><li>Vertrautheit mit mehreren Front-End- und Back-End-Sprachen, Bibliotheken und Frameworks.<\/li><li>Entwurf und Verwaltung von MySQL-Datenbanken.<\/li><li>Auf dem neuesten Stand der besten Entwicklungspraktiken sein<\/li><li>Gr\u00fcndliche Kenntnisse der Benutzererfahrung und m\u00f6glicherweise der Produktstrategie.<\/li><li>Erfahrung mit der Implementierung von Testplattformen und Einheitstests.<\/li><li>Beherrschung von Git.<\/li><li>Wertsch\u00e4tzung f\u00fcr sauberen und gut dokumentierten Code.<\/li><li>Ihr eigener Arbeitsplatz.<\/li><\/ul>\n\n\n\n<p><strong>Bevorzugte Qualifikationen<\/strong><\/p>\n\n\n\n<ul><li>Flie\u00dfende Englischkenntnisse in Wort und Schrift.<\/li><li>Nachgewiesene Erfahrung als Full Stack Developer oder in einer \u00e4hnlichen Funktion.<\/li><li>Ausgezeichnete Kommunikations- und Teamf\u00e4higkeit.<\/li><li>Gro\u00dfe Aufmerksamkeit f\u00fcr Details.<\/li><li>Organisatorische F\u00e4higkeiten.<\/li><li>Ein analytischer Verstand.<\/li><li>Hochschulabschluss in Informatik, Statistik oder einem einschl\u00e4gigen Fachgebiet.<\/li><\/ul>\n\n\n\n<p><strong>Unser Workspace Core Stack<\/strong><\/p>\n\n\n\n<ul><li>JavaScript: Bibliothek Fabric.js<\/li><li>PHP: CodeIgniter-Framework<\/li><li>Node.js: NestJS Framework<\/li><li>MySQL.<\/li><\/ul>\n\n\n\n<p><strong>Was Sie hier finden werden<\/strong><\/p>\n\n\n\n<ul><li>Ein 100% Fernunternehmen.<\/li><li>Nette Leute in einem freundlichen Arbeitsumfeld.<\/li><li>Ein hochqualifiziertes Team, das \u00fcber die ganze Welt verteilt ist.<\/li><li>Wettbewerbsf\u00e4higes Gehalt in USD.<\/li><li>Werden Sie Teil eines Unternehmens mit globaler Reichweite.<\/li><li>Wichtige Position, die direkt dem CEO eines vielversprechenden Start-ups unterstellt ist.<\/li><li>Schl\u00fcsselposition mit wichtigen Aufgaben in der Organisation.<\/li><li>Angleichung Ihres beruflichen Wachstums an das Wachstum des Start-ups.<\/li><\/ul>\n\n\n\n<p>Haben Sie sich mit diesem Beruf identifiziert?&nbsp;<\/p>\n\n\n\n<p>Bewerben Sie sich also und werden Sie Teil des Teams!<\/p>\n\n\n\n<div class=\"wp-block-button\"><a class=\"wp-block-button__link\" href=\"https:\/\/mindthegraph.com\/blog\/work-with-us\/\">Hier bewerben<\/a><\/div>\n\n\n\n<style>\n.is-provider-youtube .wp-block-embed__wrapper, .gutentim-admin-page-video{ height:auto !important; }\n<\/style>","protected":false},"excerpt":{"rendered":"<p>Lieben Sie die Wissenschaft? Wir schon! Wir suchen neue Mitarbeiter f\u00fcr unser Team aus K\u00fcnstlern, Entwicklern und Unternehmern, die sich alle f\u00fcr die Wissenschaft begeistern. \u00dcber Mind the Graph Mind the Graph ist ein Teil der CACTUS-L\u00f6sungspalette. Wir sind die f\u00fchrende und erste Infografik-Plattform, die sich auf wissenschaftliche und akademische [...]<\/p>","protected":false},"author":21,"featured_media":11948,"parent":0,"menu_order":0,"comment_status":"closed","ping_status":"closed","template":"","meta":[],"yoast_head":"<!-- This site is optimized with the Yoast SEO plugin v19.9 - https:\/\/yoast.com\/wordpress\/plugins\/seo\/ -->\n<title>Full Stack Developer - Mind the Graph Blog<\/title>\n<meta name=\"robots\" content=\"index, follow, max-snippet:-1, max-image-preview:large, max-video-preview:-1\" \/>\n<link rel=\"canonical\" href=\"https:\/\/mindthegraph.com\/blog\/de\/sviluppatore-completo\/\" \/>\n<meta property=\"og:locale\" content=\"de_DE\" \/>\n<meta property=\"og:type\" content=\"article\" \/>\n<meta property=\"og:title\" content=\"Full Stack Developer - Mind the Graph Blog\" \/>\n<meta property=\"og:description\" content=\"Do you love science? We do! We are looking for new people to join our team of artists, developers, and entrepreneurs, all passionate about science. About Mind the Graph Mind the Graph is a part of the CACTUS suite of solutions. We are the leading and first infographic maker platform focused on scientific and academic [&hellip;]\" \/>\n<meta property=\"og:url\" content=\"https:\/\/mindthegraph.com\/blog\/de\/sviluppatore-completo\/\" \/>\n<meta property=\"og:site_name\" content=\"Mind the Graph Blog\" \/>\n<meta property=\"article:modified_time\" content=\"2022-06-07T22:15:22+00:00\" \/>\n<meta property=\"og:image\" content=\"https:\/\/mindthegraph.com\/blog\/wp-content\/uploads\/2020\/11\/captura-de-tela-2020-11-19-as-131025.png\" \/>\n\t<meta property=\"og:image:width\" content=\"620\" \/>\n\t<meta property=\"og:image:height\" content=\"56\" \/>\n\t<meta property=\"og:image:type\" content=\"image\/png\" \/>\n<meta name=\"twitter:card\" content=\"summary_large_image\" \/>\n<meta name=\"twitter:label1\" content=\"Gesch\u00e4tzte Lesezeit\" \/>\n\t<meta name=\"twitter:data1\" content=\"2 Minuten\" \/>\n<!-- \/ Yoast SEO plugin. -->","yoast_head_json":{"title":"Full Stack Developer - Mind the Graph Blog","robots":{"index":"index","follow":"follow","max-snippet":"max-snippet:-1","max-image-preview":"max-image-preview:large","max-video-preview":"max-video-preview:-1"},"canonical":"https:\/\/mindthegraph.com\/blog\/de\/sviluppatore-completo\/","og_locale":"de_DE","og_type":"article","og_title":"Full Stack Developer - Mind the Graph Blog","og_description":"Do you love science? We do! We are looking for new people to join our team of artists, developers, and entrepreneurs, all passionate about science. About Mind the Graph Mind the Graph is a part of the CACTUS suite of solutions. We are the leading and first infographic maker platform focused on scientific and academic [&hellip;]","og_url":"https:\/\/mindthegraph.com\/blog\/de\/sviluppatore-completo\/","og_site_name":"Mind the Graph Blog","article_modified_time":"2022-06-07T22:15:22+00:00","og_image":[{"width":620,"height":56,"url":"https:\/\/mindthegraph.com\/blog\/wp-content\/uploads\/2020\/11\/captura-de-tela-2020-11-19-as-131025.png","type":"image\/png"}],"twitter_card":"summary_large_image","twitter_misc":{"Gesch\u00e4tzte Lesezeit":"2 Minuten"},"schema":{"@context":"https:\/\/schema.org","@graph":[{"@type":"WebPage","@id":"https:\/\/mindthegraph.com\/blog\/it\/sviluppatore-completo\/","url":"https:\/\/mindthegraph.com\/blog\/it\/sviluppatore-completo\/","name":"Full Stack Developer - Mind the Graph Blog","isPartOf":{"@id":"https:\/\/mindthegraph.com\/blog\/#website"},"datePublished":"2021-09-27T04:49:01+00:00","dateModified":"2022-06-07T22:15:22+00:00","breadcrumb":{"@id":"https:\/\/mindthegraph.com\/blog\/it\/sviluppatore-completo\/#breadcrumb"},"inLanguage":"de-DE","potentialAction":[{"@type":"ReadAction","target":["https:\/\/mindthegraph.com\/blog\/it\/sviluppatore-completo\/"]}]},{"@type":"BreadcrumbList","@id":"https:\/\/mindthegraph.com\/blog\/it\/sviluppatore-completo\/#breadcrumb","itemListElement":[{"@type":"ListItem","position":1,"name":"Home","item":"https:\/\/mindthegraph.com\/blog\/"},{"@type":"ListItem","position":2,"name":"Full Stack Developer"}]},{"@type":"WebSite","@id":"https:\/\/mindthegraph.com\/blog\/#website","url":"https:\/\/mindthegraph.com\/blog\/","name":"Mind the Graph Blog","description":"Your science can be beautiful!","potentialAction":[{"@type":"SearchAction","target":{"@type":"EntryPoint","urlTemplate":"https:\/\/mindthegraph.com\/blog\/?s={search_term_string}"},"query-input":"required name=search_term_string"}],"inLanguage":"de-DE"}]}},"_links":{"self":[{"href":"https:\/\/mindthegraph.com\/blog\/de\/wp-json\/wp\/v2\/pages\/14643"}],"collection":[{"href":"https:\/\/mindthegraph.com\/blog\/de\/wp-json\/wp\/v2\/pages"}],"about":[{"href":"https:\/\/mindthegraph.com\/blog\/de\/wp-json\/wp\/v2\/types\/page"}],"author":[{"embeddable":true,"href":"https:\/\/mindthegraph.com\/blog\/de\/wp-json\/wp\/v2\/users\/21"}],"replies":[{"embeddable":true,"href":"https:\/\/mindthegraph.com\/blog\/de\/wp-json\/wp\/v2\/comments?post=14643"}],"version-history":[{"count":4,"href":"https:\/\/mindthegraph.com\/blog\/de\/wp-json\/wp\/v2\/pages\/14643\/revisions"}],"predecessor-version":[{"id":15901,"href":"https:\/\/mindthegraph.com\/blog\/de\/wp-json\/wp\/v2\/pages\/14643\/revisions\/15901"}],"wp:featuredmedia":[{"embeddable":true,"href":"https:\/\/mindthegraph.com\/blog\/de\/wp-json\/wp\/v2\/media\/11948"}],"wp:attachment":[{"href":"https:\/\/mindthegraph.com\/blog\/de\/wp-json\/wp\/v2\/media?parent=14643"}],"curies":[{"name":"wp","href":"https:\/\/api.w.org\/{rel}","templated":true}]}}