{"id":13191,"date":"2021-07-22T01:33:20","date_gmt":"2021-07-22T04:33:20","guid":{"rendered":"https:\/\/mindthegraph.com\/blog\/jobs\/sdr-copy\/"},"modified":"2021-07-22T14:03:34","modified_gmt":"2021-07-22T17:03:34","slug":"sales-mkt","status":"publish","type":"page","link":"https:\/\/mindthegraph.com\/blog\/de\/verkaufsmarkt\/","title":{"rendered":"Vertrieb und Marketing"},"content":{"rendered":"<p>Lieben Sie die Wissenschaft? Wir schon!<\/p>\n\n\n\n<p>Wir suchen neue Mitarbeiter f\u00fcr unser Team aus K\u00fcnstlern, Entwicklern und Unternehmern, die sich alle f\u00fcr die Wissenschaft begeistern.<\/p>\n\n\n\n<p>Wir haben ein neues Stellenangebot: <strong>Vertrieb und Marketing<\/strong>.<\/p>\n\n\n\n<p><strong>Wichtigste Aktivit\u00e4ten<\/strong><\/p>\n\n\n\n<ul><li>Erforschung und Entwicklung des Marketings, Verstehen der Verbraucherbed\u00fcrfnisse, Erkennen von Markttrends und Vorschlagen von Verbesserungen, um die Marketing- und Verkaufsziele des Unternehmens zu erreichen.<\/li><li>Pflege der Beziehungen zu wichtigen Kunden und potenziellen Kunden durch regelm\u00e4\u00dfige Kontakte, Verst\u00e4ndnis f\u00fcr ihre Bed\u00fcrfnisse und Antizipation neuer Marketingm\u00f6glichkeiten.<\/li><li>Verwalten Sie die Vertriebspipeline, von der Generierung neuer Leads bis zum Abschluss von Verk\u00e4ufen.<\/li><li>Entwicklung und Umsetzung von Strategien zur Generierung von Upsell im Verkaufsticket unserer Lead-Basis.<\/li><li>Durchf\u00fchrung von Verkaufs- und Marketingkampagnen. Enge Zusammenarbeit mit Customer Success und Werbeteams.<\/li><li>Sammeln und Analysieren von Daten, um die Arbeit auf der Grundlage messbarer Kennzahlen zu steuern.<\/li><li>F\u00f6rderung der bestehenden Marken des Unternehmens und Einf\u00fchrung neuer Produkte auf dem Markt.<\/li><li>Unterst\u00fctzung bei der Entwicklung und Ausf\u00fchrung von Verkaufs- und Marketingmaterialien.<\/li><li>Mitwirkung an anderen Aktivit\u00e4ten zur Lead-Generierung und Kundenakquise.<\/li><li>Konzentrieren Sie sich auf die Umwandlung von Verk\u00e4ufen, die Aufwertung von Konten und das Upselling von Dienstleistungen. <\/li><\/ul>\n\n\n\n<p><\/p>\n\n\n\n<p><strong>Job-Anforderungen<\/strong><\/p>\n\n\n\n<ul><li>Flie\u00dfende Englischkenntnisse in Wort und Schrift.<\/li><li>Praktische Erfahrung in der Entwicklung von Kampagnen und Werbeaktionen.<\/li><li>Ausgezeichnete F\u00e4higkeiten in den Bereichen Kommunikation, zwischenmenschliche Beziehungen und Kundendienst.<\/li><li>Starker Wunsch und die F\u00e4higkeit, zur Umsatzsteigerung des Unternehmens beizutragen.<\/li><li>Eigener Arbeitsplatz.<\/li><\/ul>\n\n\n\n<p><\/p>\n\n\n\n<p><strong>Bevorzugte Qualifikationen<\/strong><\/p>\n\n\n\n<ul><li>Sie m\u00fcssen in der \u00f6stlichen Zeitzone arbeiten k\u00f6nnen.<\/li><li>Beherrschung der Tools ZenDesk und RD Station.<\/li><li>Fr\u00fchere Erfahrungen als Vertreter der Vertriebsentwicklung.<\/li><\/ul>\n\n\n\n<p><\/p>\n\n\n\n<p><strong>\u00dcber Mind The Graph<\/strong><br>Wir sind die erste und f\u00fchrende Infografik-Plattform, die sich auf wissenschaftliche und akademische Zwecke konzentriert. Mit mehr als 400.000 Nutzern mit t\u00e4glichen Interaktionen und schnell wachsend.<\/p>\n\n\n\n<figure class=\"wp-block-embed is-type-video is-provider-youtube wp-block-embed-youtube wp-embed-aspect-16-9 wp-has-aspect-ratio\"><div class=\"wp-block-embed__wrapper\">\n<iframe loading=\"lazy\" title=\"Mind the Graph - Infografik-Macher f\u00fcr die Wissenschaft\" width=\"800\" height=\"450\" src=\"https:\/\/www.youtube.com\/embed\/tG-PmLzx6NA?feature=oembed\" frameborder=\"0\" allow=\"accelerometer; autoplay; clipboard-write; encrypted-media; gyroscope; picture-in-picture\" allowfullscreen><\/iframe>\n<\/div><\/figure>\n\n\n\n<p><strong>Was Sie hier finden werden<\/strong><\/p>\n\n\n\n<ul><li>A 100% Remote-Unternehmen, Arbeit von zu Hause aus. <\/li><li>Nette Leute in einem freundlichen Arbeitsumfeld.<\/li><li>Ein hochqualifiziertes Team, das \u00fcber die ganze Welt verteilt ist.<\/li><li>Wettbewerbsf\u00e4higes Gehalt.<\/li><li>Leistungspr\u00e4mie f\u00fcr jedes Quartal.<\/li><li>Internet-Mensa-Gutschein (wir bezahlen Ihr Internet).<\/li><li>Monatlicher Wellness-Gutschein (Gymnastik, Massage, Yoga...).<\/li><li>Lebensmittelgutschein monatlicher Gutschein (g\u00f6nnen Sie sich sch\u00f6ne Mahlzeiten!).<\/li><li>Wichtige Position, die direkt dem CEO eines vielversprechenden Start-ups unterstellt ist.<\/li><li>Schl\u00fcsselposition mit wichtigen Aufgaben in der Organisation.<\/li><li>Angleichung Ihres beruflichen Wachstums an das Wachstum des Start-ups.<\/li><\/ul>\n\n\n\n<p>Wir sind ein kleines, hoch motiviertes Team, das die Arbeit der anderen respektiert und sch\u00e4tzt. Wir arbeiten komplett dezentral, mit einem ausgereiften Team, das selbstst\u00e4ndig und unabh\u00e4ngig arbeitet.<\/p>\n\n\n\n<p>Haben Sie sich mit diesem Beruf identifiziert? Dann kommen Sie ins Team!<\/p>\n\n\n\n<div class=\"wp-block-button\"><a class=\"wp-block-button__link\" href=\"https:\/\/mindthegraph.com\/blog\/work-with-us\/\">Hier bewerben<\/a><\/div>\n\n\n\n<style>\n.is-provider-youtube .wp-block-embed__wrapper, .gutentim-admin-page-video{ height:auto !important; }\n<\/style>","protected":false},"excerpt":{"rendered":"<p>Lieben Sie die Wissenschaft? Wir schon! Wir suchen neue Mitarbeiter f\u00fcr unser Team aus K\u00fcnstlern, Entwicklern und Unternehmern, die sich alle f\u00fcr die Wissenschaft begeistern. Wir haben eine neue Stelle zu besetzen: Vertrieb und Marketing. Hauptt\u00e4tigkeiten Forschung und Entwicklung von Marketing, Verst\u00e4ndnis f\u00fcr die Bed\u00fcrfnisse der Verbraucher, Erkennung von Markttrends und Verbesserungsvorschl\u00e4ge zur Erreichung der Marketing- und [...]<\/p>","protected":false},"author":21,"featured_media":11948,"parent":0,"menu_order":0,"comment_status":"closed","ping_status":"closed","template":"","meta":[],"yoast_head":"<!-- This site is optimized with the Yoast SEO plugin v19.9 - https:\/\/yoast.com\/wordpress\/plugins\/seo\/ -->\n<title>Sales &amp; Marketing - Mind the Graph Blog<\/title>\n<meta name=\"robots\" content=\"index, follow, max-snippet:-1, max-image-preview:large, max-video-preview:-1\" \/>\n<link rel=\"canonical\" href=\"https:\/\/mindthegraph.com\/blog\/de\/satis-mkt\/\" \/>\n<meta property=\"og:locale\" content=\"de_DE\" \/>\n<meta property=\"og:type\" content=\"article\" \/>\n<meta property=\"og:title\" content=\"Sales &amp; Marketing - Mind the Graph Blog\" \/>\n<meta property=\"og:description\" content=\"Do you love science? We do! We are looking for new people to join our team of artists, developers, and entrepreneurs, all passionate about science. We have a new job opportunity: Sales &amp; Marketing. Main Activities Researching and developing marketing, understanding consumer requirements, identifying market trends, and suggesting improvements to achieve the company&#8217;s marketing and [&hellip;]\" \/>\n<meta property=\"og:url\" content=\"https:\/\/mindthegraph.com\/blog\/de\/satis-mkt\/\" \/>\n<meta property=\"og:site_name\" content=\"Mind the Graph Blog\" \/>\n<meta property=\"article:modified_time\" content=\"2021-07-22T17:03:34+00:00\" \/>\n<meta property=\"og:image\" content=\"https:\/\/mindthegraph.com\/blog\/wp-content\/uploads\/2020\/11\/captura-de-tela-2020-11-19-as-131025.png\" \/>\n\t<meta property=\"og:image:width\" content=\"620\" \/>\n\t<meta property=\"og:image:height\" content=\"56\" \/>\n\t<meta property=\"og:image:type\" content=\"image\/png\" \/>\n<meta name=\"twitter:card\" content=\"summary_large_image\" \/>\n<meta name=\"twitter:label1\" content=\"Gesch\u00e4tzte Lesezeit\" \/>\n\t<meta name=\"twitter:data1\" content=\"2 Minuten\" \/>\n<!-- \/ Yoast SEO plugin. -->","yoast_head_json":{"title":"Sales & Marketing - Mind the Graph Blog","robots":{"index":"index","follow":"follow","max-snippet":"max-snippet:-1","max-image-preview":"max-image-preview:large","max-video-preview":"max-video-preview:-1"},"canonical":"https:\/\/mindthegraph.com\/blog\/de\/satis-mkt\/","og_locale":"de_DE","og_type":"article","og_title":"Sales & Marketing - Mind the Graph Blog","og_description":"Do you love science? We do! We are looking for new people to join our team of artists, developers, and entrepreneurs, all passionate about science. We have a new job opportunity: Sales &amp; Marketing. Main Activities Researching and developing marketing, understanding consumer requirements, identifying market trends, and suggesting improvements to achieve the company&#8217;s marketing and [&hellip;]","og_url":"https:\/\/mindthegraph.com\/blog\/de\/satis-mkt\/","og_site_name":"Mind the Graph Blog","article_modified_time":"2021-07-22T17:03:34+00:00","og_image":[{"width":620,"height":56,"url":"https:\/\/mindthegraph.com\/blog\/wp-content\/uploads\/2020\/11\/captura-de-tela-2020-11-19-as-131025.png","type":"image\/png"}],"twitter_card":"summary_large_image","twitter_misc":{"Gesch\u00e4tzte Lesezeit":"2 Minuten"},"schema":{"@context":"https:\/\/schema.org","@graph":[{"@type":"WebPage","@id":"https:\/\/mindthegraph.com\/blog\/tr\/satis-mkt\/","url":"https:\/\/mindthegraph.com\/blog\/tr\/satis-mkt\/","name":"Sales & Marketing - Mind the Graph Blog","isPartOf":{"@id":"https:\/\/mindthegraph.com\/blog\/#website"},"datePublished":"2021-07-22T04:33:20+00:00","dateModified":"2021-07-22T17:03:34+00:00","breadcrumb":{"@id":"https:\/\/mindthegraph.com\/blog\/tr\/satis-mkt\/#breadcrumb"},"inLanguage":"de-DE","potentialAction":[{"@type":"ReadAction","target":["https:\/\/mindthegraph.com\/blog\/tr\/satis-mkt\/"]}]},{"@type":"BreadcrumbList","@id":"https:\/\/mindthegraph.com\/blog\/tr\/satis-mkt\/#breadcrumb","itemListElement":[{"@type":"ListItem","position":1,"name":"Home","item":"https:\/\/mindthegraph.com\/blog\/"},{"@type":"ListItem","position":2,"name":"Sales &#038; Marketing"}]},{"@type":"WebSite","@id":"https:\/\/mindthegraph.com\/blog\/#website","url":"https:\/\/mindthegraph.com\/blog\/","name":"Mind the Graph Blog","description":"Your science can be beautiful!","potentialAction":[{"@type":"SearchAction","target":{"@type":"EntryPoint","urlTemplate":"https:\/\/mindthegraph.com\/blog\/?s={search_term_string}"},"query-input":"required name=search_term_string"}],"inLanguage":"de-DE"}]}},"_links":{"self":[{"href":"https:\/\/mindthegraph.com\/blog\/de\/wp-json\/wp\/v2\/pages\/13191"}],"collection":[{"href":"https:\/\/mindthegraph.com\/blog\/de\/wp-json\/wp\/v2\/pages"}],"about":[{"href":"https:\/\/mindthegraph.com\/blog\/de\/wp-json\/wp\/v2\/types\/page"}],"author":[{"embeddable":true,"href":"https:\/\/mindthegraph.com\/blog\/de\/wp-json\/wp\/v2\/users\/21"}],"replies":[{"embeddable":true,"href":"https:\/\/mindthegraph.com\/blog\/de\/wp-json\/wp\/v2\/comments?post=13191"}],"version-history":[{"count":4,"href":"https:\/\/mindthegraph.com\/blog\/de\/wp-json\/wp\/v2\/pages\/13191\/revisions"}],"predecessor-version":[{"id":13197,"href":"https:\/\/mindthegraph.com\/blog\/de\/wp-json\/wp\/v2\/pages\/13191\/revisions\/13197"}],"wp:featuredmedia":[{"embeddable":true,"href":"https:\/\/mindthegraph.com\/blog\/de\/wp-json\/wp\/v2\/media\/11948"}],"wp:attachment":[{"href":"https:\/\/mindthegraph.com\/blog\/de\/wp-json\/wp\/v2\/media?parent=13191"}],"curies":[{"name":"wp","href":"https:\/\/api.w.org\/{rel}","templated":true}]}}