{"id":13185,"date":"2021-07-22T01:18:16","date_gmt":"2021-07-22T04:18:16","guid":{"rendered":"https:\/\/mindthegraph.com\/blog\/jobs\/mkt-growth-copy\/"},"modified":"2021-09-27T06:08:30","modified_gmt":"2021-09-27T09:08:30","slug":"sdr","status":"publish","type":"page","link":"https:\/\/mindthegraph.com\/blog\/de\/sdr\/","title":{"rendered":"SDR - Vertriebsentwicklungsbeauftragter"},"content":{"rendered":"<p>Lieben Sie die Wissenschaft? Wir schon!<\/p>\n\n\n\n<p>Wir suchen neue Mitarbeiter f\u00fcr unser Team aus K\u00fcnstlern, Entwicklern und Unternehmern, die sich alle f\u00fcr die Wissenschaft begeistern.<\/p>\n\n\n\n<p>Wir haben ein neues Stellenangebot: <strong>SDR - Sales Development Representative.<\/strong><\/p>\n\n\n\n<p><strong>Wichtigste Aktivit\u00e4ten<\/strong><\/p>\n\n\n\n<ul><li>Repr\u00e4sentieren Sie die Produkte und Dienstleistungen unseres Unternehmens, damit die Verbraucher erkennen, wie unsere L\u00f6sungen ihren Bed\u00fcrfnissen entsprechen.<\/li><li>Qualifizieren Sie eingehende Leads und bauen Sie Beziehungen auf, indem Sie warme Interessenten betreuen und neue potenzielle Verkaufsstellen finden.<\/li><li>Verwalten und pflegen Sie eine Pipeline interessierter Kunden und beauftragen Sie Vertriebsmitarbeiter mit den n\u00e4chsten Schritten.<\/li><li>Kommunikation mit eingehenden Leads \u00fcber Chat.<\/li><li>Ermitteln Sie die Bed\u00fcrfnisse der potenziellen Kunden und schlagen Sie geeignete Produkte\/Dienstleistungen vor.<\/li><li>enge Zusammenarbeit mit dem CS-Sektor, um den Nutzern die bestm\u00f6gliche Unterst\u00fctzung zu bieten.<\/li><li>Bieten Sie den Nutzern im Chat eine erste Aufmerksamkeit und pr\u00fcfen Sie potenzielle Verkaufschancen, indem Sie Leads an den Vertriebsmitarbeiter weiterleiten.<\/li><li>Ermittlung bew\u00e4hrter Verfahren zur Verfeinerung des Leitfadens f\u00fcr das Unternehmen.<\/li><li>Bei allen Interaktionen mit Interessenten und Kunden ein Botschafter der Marke sein.<\/li><\/ul>\n\n\n\n<p><\/p>\n\n\n\n<p><strong>Job-Anforderungen<\/strong><\/p>\n\n\n\n<ul><li>Flie\u00dfende Englischkenntnisse in Wort und Schrift.<\/li><li>Solide Kommunikationsf\u00e4higkeiten \u00fcber Chat, Anrufe und E-Mail.<\/li><li>Starker Wunsch und die F\u00e4higkeit, zur Umsatzsteigerung des Unternehmens beizutragen.<\/li><li>Eigener Arbeitsplatz.<\/li><\/ul>\n\n\n\n<p><\/p>\n\n\n\n<p><strong>Bevorzugte Qualifikationen<\/strong><\/p>\n\n\n\n<ul><li>Sie m\u00fcssen in der \u00f6stlichen Zeitzone arbeiten k\u00f6nnen.<\/li><li>Beherrschung der Tools ZenDesk und RD Station.<\/li><li>Fr\u00fchere Erfahrungen als Vertreter der Vertriebsentwicklung.<\/li><\/ul>\n\n\n\n<p><\/p>\n\n\n\n<p><strong>\u00dcber Mind The Graph<\/strong><br>Wir sind die erste und f\u00fchrende Infografik-Plattform, die sich auf wissenschaftliche und akademische Zwecke konzentriert. Mit mehr als 400.000 Nutzern mit t\u00e4glichen Interaktionen und schnell wachsend.<\/p>\n\n\n\n<figure class=\"wp-block-embed is-type-video is-provider-youtube wp-block-embed-youtube wp-embed-aspect-16-9 wp-has-aspect-ratio\"><div class=\"wp-block-embed__wrapper\">\n<iframe loading=\"lazy\" title=\"Mind the Graph - Infografik-Macher f\u00fcr die Wissenschaft\" width=\"800\" height=\"450\" src=\"https:\/\/www.youtube.com\/embed\/tG-PmLzx6NA?feature=oembed\" frameborder=\"0\" allow=\"accelerometer; autoplay; clipboard-write; encrypted-media; gyroscope; picture-in-picture\" allowfullscreen><\/iframe>\n<\/div><\/figure>\n\n\n\n<p><strong>Was Sie hier finden werden<\/strong><\/p>\n\n\n\n<ul><li>A 100% Remote-Unternehmen, Arbeit von zu Hause aus. <\/li><li>Nette Leute in einem freundlichen Arbeitsumfeld.<\/li><li>Ein hochqualifiziertes Team, das \u00fcber die ganze Welt verteilt ist.<\/li><li>Wettbewerbsf\u00e4higes Gehalt.<\/li><li>Leistungspr\u00e4mie f\u00fcr jedes Quartal.<\/li><li>Internet-Mensa-Gutschein (wir bezahlen Ihr Internet).<\/li><li>Monatlicher Wellness-Gutschein (Gymnastik, Massage, Yoga...).<\/li><li>Lebensmittelgutschein monatlicher Gutschein (g\u00f6nnen Sie sich sch\u00f6ne Mahlzeiten!).<\/li><li>Wichtige Position, die direkt dem CEO eines vielversprechenden Start-ups unterstellt ist.<\/li><li>Schl\u00fcsselposition mit wichtigen Aufgaben in der Organisation.<\/li><li>Angleichung Ihres beruflichen Wachstums an das Wachstum des Start-ups.<\/li><\/ul>\n\n\n\n<p>Wir sind ein kleines, hoch motiviertes Team, das die Arbeit der anderen respektiert und sch\u00e4tzt. Wir arbeiten komplett dezentral, mit einem ausgereiften Team, das selbstst\u00e4ndig und unabh\u00e4ngig arbeitet.<\/p>\n\n\n\n<p>Haben Sie sich mit diesem Beruf identifiziert? Dann kommen Sie ins Team!<\/p>\n\n\n\n<div class=\"wp-block-button\"><a class=\"wp-block-button__link\" href=\"https:\/\/mindthegraph.com\/blog\/work-with-us\/\">Hier bewerben<\/a><\/div>\n\n\n\n<style>\n.is-provider-youtube .wp-block-embed__wrapper, .gutentim-admin-page-video{ height:auto !important; }\n<\/style>","protected":false},"excerpt":{"rendered":"<p>Lieben Sie die Wissenschaft? Wir schon! Wir suchen neue Mitarbeiter f\u00fcr unser Team aus K\u00fcnstlern, Entwicklern und Unternehmern, die sich alle f\u00fcr die Wissenschaft begeistern. Wir haben eine neue Stelle zu besetzen: SDR - Sales Development Representative. Hauptt\u00e4tigkeiten Repr\u00e4sentieren Sie die Produkte und Dienstleistungen unseres Unternehmens und f\u00fchren Sie Kunden dazu, herauszufinden, wie unsere L\u00f6sungen ihren Bed\u00fcrfnissen entsprechen. Qualifizieren Sie [...]<\/p>","protected":false},"author":21,"featured_media":11948,"parent":0,"menu_order":0,"comment_status":"closed","ping_status":"closed","template":"","meta":[],"yoast_head":"<!-- This site is optimized with the Yoast SEO plugin v19.9 - https:\/\/yoast.com\/wordpress\/plugins\/seo\/ -->\n<title>SDR - Sales Development Representative - Mind the Graph Blog<\/title>\n<meta name=\"robots\" content=\"index, follow, max-snippet:-1, max-image-preview:large, max-video-preview:-1\" \/>\n<link rel=\"canonical\" href=\"https:\/\/mindthegraph.com\/blog\/de\/sdr\/\" \/>\n<meta property=\"og:locale\" content=\"de_DE\" \/>\n<meta property=\"og:type\" content=\"article\" \/>\n<meta property=\"og:title\" content=\"SDR - Sales Development Representative - Mind the Graph Blog\" \/>\n<meta property=\"og:description\" content=\"Do you love science? We do! We are looking for new people to join our team of artists, developers, and entrepreneurs, all passionate about science. We have a new job opportunity: SDR &#8211; Sales Development Representative. Main Activities Represent our company&#8217;s products and services, leading consumers to identify how our solutions meet their needs. Qualify [&hellip;]\" \/>\n<meta property=\"og:url\" content=\"https:\/\/mindthegraph.com\/blog\/de\/sdr\/\" \/>\n<meta property=\"og:site_name\" content=\"Mind the Graph Blog\" \/>\n<meta property=\"article:modified_time\" content=\"2021-09-27T09:08:30+00:00\" \/>\n<meta property=\"og:image\" content=\"https:\/\/mindthegraph.com\/blog\/wp-content\/uploads\/2020\/11\/captura-de-tela-2020-11-19-as-131025.png\" \/>\n\t<meta property=\"og:image:width\" content=\"620\" \/>\n\t<meta property=\"og:image:height\" content=\"56\" \/>\n\t<meta property=\"og:image:type\" content=\"image\/png\" \/>\n<meta name=\"twitter:card\" content=\"summary_large_image\" \/>\n<meta name=\"twitter:label1\" content=\"Gesch\u00e4tzte Lesezeit\" \/>\n\t<meta name=\"twitter:data1\" content=\"2 Minuten\" \/>\n<!-- \/ Yoast SEO plugin. -->","yoast_head_json":{"title":"SDR - Sales Development Representative - Mind the Graph Blog","robots":{"index":"index","follow":"follow","max-snippet":"max-snippet:-1","max-image-preview":"max-image-preview:large","max-video-preview":"max-video-preview:-1"},"canonical":"https:\/\/mindthegraph.com\/blog\/de\/sdr\/","og_locale":"de_DE","og_type":"article","og_title":"SDR - Sales Development Representative - Mind the Graph Blog","og_description":"Do you love science? We do! We are looking for new people to join our team of artists, developers, and entrepreneurs, all passionate about science. We have a new job opportunity: SDR &#8211; Sales Development Representative. Main Activities Represent our company&#8217;s products and services, leading consumers to identify how our solutions meet their needs. Qualify [&hellip;]","og_url":"https:\/\/mindthegraph.com\/blog\/de\/sdr\/","og_site_name":"Mind the Graph Blog","article_modified_time":"2021-09-27T09:08:30+00:00","og_image":[{"width":620,"height":56,"url":"https:\/\/mindthegraph.com\/blog\/wp-content\/uploads\/2020\/11\/captura-de-tela-2020-11-19-as-131025.png","type":"image\/png"}],"twitter_card":"summary_large_image","twitter_misc":{"Gesch\u00e4tzte Lesezeit":"2 Minuten"},"schema":{"@context":"https:\/\/schema.org","@graph":[{"@type":"WebPage","@id":"https:\/\/mindthegraph.com\/blog\/sdr\/","url":"https:\/\/mindthegraph.com\/blog\/sdr\/","name":"SDR - Sales Development Representative - Mind the Graph Blog","isPartOf":{"@id":"https:\/\/mindthegraph.com\/blog\/#website"},"datePublished":"2021-07-22T04:18:16+00:00","dateModified":"2021-09-27T09:08:30+00:00","breadcrumb":{"@id":"https:\/\/mindthegraph.com\/blog\/sdr\/#breadcrumb"},"inLanguage":"de-DE","potentialAction":[{"@type":"ReadAction","target":["https:\/\/mindthegraph.com\/blog\/sdr\/"]}]},{"@type":"BreadcrumbList","@id":"https:\/\/mindthegraph.com\/blog\/sdr\/#breadcrumb","itemListElement":[{"@type":"ListItem","position":1,"name":"Home","item":"https:\/\/mindthegraph.com\/blog\/"},{"@type":"ListItem","position":2,"name":"SDR &#8211; Sales Development Representative"}]},{"@type":"WebSite","@id":"https:\/\/mindthegraph.com\/blog\/#website","url":"https:\/\/mindthegraph.com\/blog\/","name":"Mind the Graph Blog","description":"Your science can be beautiful!","potentialAction":[{"@type":"SearchAction","target":{"@type":"EntryPoint","urlTemplate":"https:\/\/mindthegraph.com\/blog\/?s={search_term_string}"},"query-input":"required name=search_term_string"}],"inLanguage":"de-DE"}]}},"_links":{"self":[{"href":"https:\/\/mindthegraph.com\/blog\/de\/wp-json\/wp\/v2\/pages\/13185"}],"collection":[{"href":"https:\/\/mindthegraph.com\/blog\/de\/wp-json\/wp\/v2\/pages"}],"about":[{"href":"https:\/\/mindthegraph.com\/blog\/de\/wp-json\/wp\/v2\/types\/page"}],"author":[{"embeddable":true,"href":"https:\/\/mindthegraph.com\/blog\/de\/wp-json\/wp\/v2\/users\/21"}],"replies":[{"embeddable":true,"href":"https:\/\/mindthegraph.com\/blog\/de\/wp-json\/wp\/v2\/comments?post=13185"}],"version-history":[{"count":3,"href":"https:\/\/mindthegraph.com\/blog\/de\/wp-json\/wp\/v2\/pages\/13185\/revisions"}],"predecessor-version":[{"id":13199,"href":"https:\/\/mindthegraph.com\/blog\/de\/wp-json\/wp\/v2\/pages\/13185\/revisions\/13199"}],"wp:featuredmedia":[{"embeddable":true,"href":"https:\/\/mindthegraph.com\/blog\/de\/wp-json\/wp\/v2\/media\/11948"}],"wp:attachment":[{"href":"https:\/\/mindthegraph.com\/blog\/de\/wp-json\/wp\/v2\/media?parent=13185"}],"curies":[{"name":"wp","href":"https:\/\/api.w.org\/{rel}","templated":true}]}}