{"id":14643,"date":"2021-09-27T01:49:01","date_gmt":"2021-09-27T04:49:01","guid":{"rendered":"https:\/\/mindthegraph.com\/blog\/jobs\/mkt-growth-copy\/"},"modified":"2022-06-07T19:15:22","modified_gmt":"2022-06-07T22:15:22","slug":"full-stack-developer","status":"publish","type":"page","link":"https:\/\/mindthegraph.com\/blog\/da\/full-stack-udvikler\/","title":{"rendered":"Full Stack-udvikler"},"content":{"rendered":"<div class=\"wp-block-button\"><a class=\"wp-block-button__link\" href=\"https:\/\/mindthegraph.com\/blog\/work-with-us\/\">Ans\u00f8g her<\/a><\/div>\n\n\n\n<p>Elsker du videnskab? Det g\u00f8r vi!<\/p>\n\n\n\n<p>Vi leder efter nye folk til vores team af kunstnere, udviklere og iv\u00e6rks\u00e6ttere, der alle br\u00e6nder for videnskab.<\/p>\n\n\n\n<p><strong>Om Mind the Graph<\/strong><\/p>\n\n\n\n<p>Mind the Graph er en del af CACTUS-l\u00f8sningspakken.<\/p>\n\n\n\n<p>Vi er den f\u00f8rende og f\u00f8rste infographic maker-platform med fokus p\u00e5 videnskabelige og akademiske form\u00e5l. Med mere end 400.000 brugere med daglige interaktioner og hurtigt voksende.<\/p>\n\n\n\n<p>Vi er et lille, h\u00f8jt motiveret team, der respekterer og v\u00e6rds\u00e6tter hinandens arbejde. Vi arbejder i et helt eksternt format med et modent team, der arbejder selvst\u00e6ndigt og uafh\u00e6ngigt.<\/p>\n\n\n\n<figure class=\"wp-block-embed is-type-video is-provider-youtube wp-block-embed-youtube wp-embed-aspect-16-9 wp-has-aspect-ratio\"><div class=\"wp-block-embed__wrapper\">\n<iframe loading=\"lazy\" title=\"Mind the Graph - skaber af videnskabelig infografik\" width=\"800\" height=\"450\" src=\"https:\/\/www.youtube.com\/embed\/tG-PmLzx6NA?feature=oembed\" frameborder=\"0\" allow=\"accelerometer; autoplay; clipboard-write; encrypted-media; gyroscope; picture-in-picture\" allowfullscreen><\/iframe>\n<\/div><\/figure>\n\n\n\n<p>Vi har en ny jobmulighed: <strong>Full Stack-udvikler<\/strong>.<\/p>\n\n\n\n<p>Som Full Stack-udvikler skal du v\u00e6re fortrolig med b\u00e5de frontend- og backend-kodesprog, udviklingsframeworks og tredjepartsbiblioteker. Du skal ogs\u00e5 v\u00e6re en holdspiller med sans for visuelt design og anvendelighed.<\/p>\n\n\n\n<p><strong>Vigtigste aktiviteter<\/strong><\/p>\n\n\n\n<ul><li>Deltage i design og udvikling af skalerbar software.<\/li><li>Skrive ren, funktionel kode p\u00e5 front- og back-end.<\/li><li>Test og rettelse af fejl eller andre kodningsproblemer.<\/li><li>Samarbejde med udviklingsteamet og produktchefen om at udt\u00e6nke softwarel\u00f8sninger.<\/li><li>Design arkitektur p\u00e5 klient- og serversiden.<\/li><li>Byg applikationernes front-end med tiltalende visuelt design.<\/li><li>Udvikle og administrere velfungerende databaser og applikationer.<\/li><li>Fejlfinding, fejlretning og opgradering af software.<\/li><li>Opret indstillinger for sikkerhed og databeskyttelse.<\/li><li>Skriv teknisk dokumentation.<\/li><li>Samarbejd med dataforskere og analytikere om at forbedre softwaren.<\/li><\/ul>\n\n\n\n<p><strong>Krav til jobbet<\/strong><\/p>\n\n\n\n<ul><li>Mindst 5 \u00e5rs erhvervserfaring som udvikler.<\/li><li>Kendskab til flere frontend- og backend-sprog, biblioteker og frameworks.<\/li><li>Design og administration af MySQL-databaser.<\/li><li>At v\u00e6re opdateret p\u00e5 de nyeste best practices inden for udvikling<\/li><li>Grundig forst\u00e5else af brugeroplevelse og muligvis produktstrategi.<\/li><li>Erfaring med implementering af testplatforme og unit tests.<\/li><li>F\u00e6rdigheder med Git.<\/li><li>V\u00e6rds\u00e6ttelse af ren og veldokumenteret kode.<\/li><li>Din egen arbejdsstation.<\/li><\/ul>\n\n\n\n<p><strong>Foretrukne kvalifikationer<\/strong><\/p>\n\n\n\n<ul><li>Flydende engelsk i skrift og tale.<\/li><li>Dokumenteret erfaring som Full Stack-udvikler eller lignende rolle.<\/li><li>Fremragende kommunikations- og samarbejdsevner.<\/li><li>Stor opm\u00e6rksomhed p\u00e5 detaljer.<\/li><li>Organisatoriske f\u00e6rdigheder.<\/li><li>Et analytisk sind.<\/li><li>Kandidatgrad i datalogi, statistik eller relevant omr\u00e5de.<\/li><\/ul>\n\n\n\n<p><strong>Vores kernepakke til arbejdsomr\u00e5det<\/strong><\/p>\n\n\n\n<ul><li>JavaScript: bibliotek Fabric.js<\/li><li>PHP: CodeIgniter Framework<\/li><li>Node.js: NestJS Framework<\/li><li>MySQL.<\/li><\/ul>\n\n\n\n<p><strong>Det finder du her<\/strong><\/p>\n\n\n\n<ul><li>En 100% fjernvirksomhed.<\/li><li>Dejlige mennesker i et venligt arbejdsmilj\u00f8.<\/li><li>H\u00f8jt kvalificeret team fordelt over hele verden.<\/li><li>Konkurrencedygtig l\u00f8n udbetalt i USD.<\/li><li>Bliv en del af en virksomhed med global r\u00e6kkevidde.<\/li><li>Vigtig stilling med direkte reference til CEO i en lovende startup.<\/li><li>N\u00f8gleplacering med vigtigt ansvar i organisationen.<\/li><li>Tilpasning af din professionelle v\u00e6kst til startuppets v\u00e6kst.<\/li><\/ul>\n\n\n\n<p>Har du identificeret dig med dette job?&nbsp;<\/p>\n\n\n\n<p>S\u00e5 send din ans\u00f8gning og bliv en del af teamet!<\/p>\n\n\n\n<div class=\"wp-block-button\"><a class=\"wp-block-button__link\" href=\"https:\/\/mindthegraph.com\/blog\/work-with-us\/\">Ans\u00f8g her<\/a><\/div>\n\n\n\n<style>\n.is-provider-youtube .wp-block-embed__wrapper, .gutentim-admin-page-video{ height:auto !important; }\n<\/style>","protected":false},"excerpt":{"rendered":"<p>Elsker du videnskab? Det g\u00f8r vi! Vi leder efter nye folk til vores team af kunstnere, udviklere og iv\u00e6rks\u00e6ttere, der alle br\u00e6nder for videnskab. Om Mind the Graph Mind the Graph er en del af CACTUS-l\u00f8sningspakken. Vi er den f\u00f8rende og f\u00f8rste infographic maker-platform med fokus p\u00e5 videnskabelige og akademiske [...]<\/p>","protected":false},"author":21,"featured_media":11948,"parent":0,"menu_order":0,"comment_status":"closed","ping_status":"closed","template":"","meta":[],"yoast_head":"<!-- This site is optimized with the Yoast SEO plugin v19.9 - https:\/\/yoast.com\/wordpress\/plugins\/seo\/ -->\n<title>Full Stack Developer - Mind the Graph Blog<\/title>\n<meta name=\"robots\" content=\"index, follow, max-snippet:-1, max-image-preview:large, max-video-preview:-1\" \/>\n<link rel=\"canonical\" href=\"https:\/\/mindthegraph.com\/blog\/da\/sviluppatore-completo\/\" \/>\n<meta property=\"og:locale\" content=\"da_DK\" \/>\n<meta property=\"og:type\" content=\"article\" \/>\n<meta property=\"og:title\" content=\"Full Stack Developer - Mind the Graph Blog\" \/>\n<meta property=\"og:description\" content=\"Do you love science? We do! We are looking for new people to join our team of artists, developers, and entrepreneurs, all passionate about science. About Mind the Graph Mind the Graph is a part of the CACTUS suite of solutions. We are the leading and first infographic maker platform focused on scientific and academic [&hellip;]\" \/>\n<meta property=\"og:url\" content=\"https:\/\/mindthegraph.com\/blog\/da\/sviluppatore-completo\/\" \/>\n<meta property=\"og:site_name\" content=\"Mind the Graph Blog\" \/>\n<meta property=\"article:modified_time\" content=\"2022-06-07T22:15:22+00:00\" \/>\n<meta property=\"og:image\" content=\"https:\/\/mindthegraph.com\/blog\/wp-content\/uploads\/2020\/11\/captura-de-tela-2020-11-19-as-131025.png\" \/>\n\t<meta property=\"og:image:width\" content=\"620\" \/>\n\t<meta property=\"og:image:height\" content=\"56\" \/>\n\t<meta property=\"og:image:type\" content=\"image\/png\" \/>\n<meta name=\"twitter:card\" content=\"summary_large_image\" \/>\n<meta name=\"twitter:label1\" content=\"Est. reading time\" \/>\n\t<meta name=\"twitter:data1\" content=\"2 minutes\" \/>\n<!-- \/ Yoast SEO plugin. -->","yoast_head_json":{"title":"Full Stack Developer - Mind the Graph Blog","robots":{"index":"index","follow":"follow","max-snippet":"max-snippet:-1","max-image-preview":"max-image-preview:large","max-video-preview":"max-video-preview:-1"},"canonical":"https:\/\/mindthegraph.com\/blog\/da\/sviluppatore-completo\/","og_locale":"da_DK","og_type":"article","og_title":"Full Stack Developer - Mind the Graph Blog","og_description":"Do you love science? We do! We are looking for new people to join our team of artists, developers, and entrepreneurs, all passionate about science. About Mind the Graph Mind the Graph is a part of the CACTUS suite of solutions. We are the leading and first infographic maker platform focused on scientific and academic [&hellip;]","og_url":"https:\/\/mindthegraph.com\/blog\/da\/sviluppatore-completo\/","og_site_name":"Mind the Graph Blog","article_modified_time":"2022-06-07T22:15:22+00:00","og_image":[{"width":620,"height":56,"url":"https:\/\/mindthegraph.com\/blog\/wp-content\/uploads\/2020\/11\/captura-de-tela-2020-11-19-as-131025.png","type":"image\/png"}],"twitter_card":"summary_large_image","twitter_misc":{"Est. reading time":"2 minutes"},"schema":{"@context":"https:\/\/schema.org","@graph":[{"@type":"WebPage","@id":"https:\/\/mindthegraph.com\/blog\/it\/sviluppatore-completo\/","url":"https:\/\/mindthegraph.com\/blog\/it\/sviluppatore-completo\/","name":"Full Stack Developer - Mind the Graph Blog","isPartOf":{"@id":"https:\/\/mindthegraph.com\/blog\/#website"},"datePublished":"2021-09-27T04:49:01+00:00","dateModified":"2022-06-07T22:15:22+00:00","breadcrumb":{"@id":"https:\/\/mindthegraph.com\/blog\/it\/sviluppatore-completo\/#breadcrumb"},"inLanguage":"da-DK","potentialAction":[{"@type":"ReadAction","target":["https:\/\/mindthegraph.com\/blog\/it\/sviluppatore-completo\/"]}]},{"@type":"BreadcrumbList","@id":"https:\/\/mindthegraph.com\/blog\/it\/sviluppatore-completo\/#breadcrumb","itemListElement":[{"@type":"ListItem","position":1,"name":"Home","item":"https:\/\/mindthegraph.com\/blog\/"},{"@type":"ListItem","position":2,"name":"Full Stack Developer"}]},{"@type":"WebSite","@id":"https:\/\/mindthegraph.com\/blog\/#website","url":"https:\/\/mindthegraph.com\/blog\/","name":"Mind the Graph Blog","description":"Your science can be beautiful!","potentialAction":[{"@type":"SearchAction","target":{"@type":"EntryPoint","urlTemplate":"https:\/\/mindthegraph.com\/blog\/?s={search_term_string}"},"query-input":"required name=search_term_string"}],"inLanguage":"da-DK"}]}},"_links":{"self":[{"href":"https:\/\/mindthegraph.com\/blog\/da\/wp-json\/wp\/v2\/pages\/14643"}],"collection":[{"href":"https:\/\/mindthegraph.com\/blog\/da\/wp-json\/wp\/v2\/pages"}],"about":[{"href":"https:\/\/mindthegraph.com\/blog\/da\/wp-json\/wp\/v2\/types\/page"}],"author":[{"embeddable":true,"href":"https:\/\/mindthegraph.com\/blog\/da\/wp-json\/wp\/v2\/users\/21"}],"replies":[{"embeddable":true,"href":"https:\/\/mindthegraph.com\/blog\/da\/wp-json\/wp\/v2\/comments?post=14643"}],"version-history":[{"count":4,"href":"https:\/\/mindthegraph.com\/blog\/da\/wp-json\/wp\/v2\/pages\/14643\/revisions"}],"predecessor-version":[{"id":15901,"href":"https:\/\/mindthegraph.com\/blog\/da\/wp-json\/wp\/v2\/pages\/14643\/revisions\/15901"}],"wp:featuredmedia":[{"embeddable":true,"href":"https:\/\/mindthegraph.com\/blog\/da\/wp-json\/wp\/v2\/media\/11948"}],"wp:attachment":[{"href":"https:\/\/mindthegraph.com\/blog\/da\/wp-json\/wp\/v2\/media?parent=14643"}],"curies":[{"name":"wp","href":"https:\/\/api.w.org\/{rel}","templated":true}]}}