{"id":14643,"date":"2021-09-27T01:49:01","date_gmt":"2021-09-27T04:49:01","guid":{"rendered":"https:\/\/mindthegraph.com\/blog\/jobs\/mkt-growth-copy\/"},"modified":"2022-06-07T19:15:22","modified_gmt":"2022-06-07T22:15:22","slug":"full-stack-developer","status":"publish","type":"page","link":"https:\/\/mindthegraph.com\/blog\/cs\/full-stack-developer\/","title":{"rendered":"V\u00fdvoj\u00e1\u0159 cel\u00e9ho bal\u00edku"},"content":{"rendered":"<div class=\"wp-block-button\"><a class=\"wp-block-button__link\" href=\"https:\/\/mindthegraph.com\/blog\/work-with-us\/\">P\u0159ihlaste se zde<\/a><\/div>\n\n\n\n<p>M\u00e1te r\u00e1di v\u011bdu? My ano!<\/p>\n\n\n\n<p>Hled\u00e1me nov\u00e9 lidi do na\u0161eho t\u00fdmu um\u011blc\u016f, v\u00fdvoj\u00e1\u0159\u016f a podnikatel\u016f, kte\u0159\u00ed jsou zap\u00e1len\u00ed pro v\u011bdu.<\/p>\n\n\n\n<p><strong>O spole\u010dnosti Mind the Graph<\/strong><\/p>\n\n\n\n<p>Mind the Graph je sou\u010d\u00e1st\u00ed sady \u0159e\u0161en\u00ed CACTUS.<\/p>\n\n\n\n<p>Jsme p\u0159edn\u00ed a prvn\u00ed platforma pro tvorbu infografik zam\u011b\u0159en\u00e1 na v\u011bdeck\u00e9 a akademick\u00e9 \u00fa\u010dely. M\u00e1me v\u00edce ne\u017e 400 000 u\u017eivatel\u016f, kte\u0159\u00ed s n\u00e1mi denn\u011b komunikuj\u00ed, a rychle rosteme.<\/p>\n\n\n\n<p>Jsme mal\u00fd, vysoce motivovan\u00fd t\u00fdm, kter\u00fd respektuje a oce\u0148uje pr\u00e1ci ostatn\u00edch. Pracujeme zcela na d\u00e1lku, s vysp\u011bl\u00fdm t\u00fdmem, kter\u00fd pracuje samostatn\u011b a nez\u00e1visle.<\/p>\n\n\n\n<figure class=\"wp-block-embed is-type-video is-provider-youtube wp-block-embed-youtube wp-embed-aspect-16-9 wp-has-aspect-ratio\"><div class=\"wp-block-embed__wrapper\">\n<iframe loading=\"lazy\" title=\"Mind the Graph - Tv\u016frce v\u011bdeck\u00fdch infografik\" width=\"800\" height=\"450\" src=\"https:\/\/www.youtube.com\/embed\/tG-PmLzx6NA?feature=oembed\" frameborder=\"0\" allow=\"accelerometer; autoplay; clipboard-write; encrypted-media; gyroscope; picture-in-picture\" allowfullscreen><\/iframe>\n<\/div><\/figure>\n\n\n\n<p>M\u00e1me novou pracovn\u00ed p\u0159\u00edle\u017eitost: <strong>V\u00fdvoj\u00e1\u0159 cel\u00e9ho bal\u00edku<\/strong>.<\/p>\n\n\n\n<p>Jako fullstack v\u00fdvoj\u00e1\u0159 byste m\u011bli m\u00edt zku\u0161enosti s k\u00f3dovac\u00edmi jazyky pro front-end i back-end, v\u00fdvojov\u00fdmi frameworky a knihovnami t\u0159et\u00edch stran. M\u011bli byste b\u00fdt tak\u00e9 t\u00fdmov\u00fdm hr\u00e1\u010dem se smyslem pro vizu\u00e1ln\u00ed design a u\u017eite\u010dnost.<\/p>\n\n\n\n<p><strong>Hlavn\u00ed \u010dinnosti<\/strong><\/p>\n\n\n\n<ul><li>Pod\u00edlen\u00ed se na n\u00e1vrhu a tvorb\u011b \u0161k\u00e1lovateln\u00e9ho softwaru.<\/li><li>Psan\u00ed \u010dist\u00e9ho a funk\u010dn\u00edho k\u00f3du na front- i back-endu.<\/li><li>Testov\u00e1n\u00ed a oprava chyb nebo jin\u00fdch probl\u00e9m\u016f s k\u00f3dov\u00e1n\u00edm.<\/li><li>Spolupracovat s v\u00fdvojov\u00fdm t\u00fdmem a produktov\u00fdm mana\u017eerem na tvorb\u011b softwarov\u00fdch \u0159e\u0161en\u00ed.<\/li><li>N\u00e1vrh architektury na stran\u011b klienta a serveru.<\/li><li>Vytv\u00e1\u0159ejte front-end aplikac\u00ed pomoc\u00ed atraktivn\u00edho vizu\u00e1ln\u00edho designu.<\/li><li>V\u00fdvoj a spr\u00e1va dob\u0159e funguj\u00edc\u00edch datab\u00e1z\u00ed a aplikac\u00ed.<\/li><li>\u0158e\u0161en\u00ed probl\u00e9m\u016f, lad\u011bn\u00ed a aktualizace softwaru.<\/li><li>Vytvo\u0159en\u00ed nastaven\u00ed zabezpe\u010den\u00ed a ochrany dat.<\/li><li>Psan\u00ed technick\u00e9 dokumentace.<\/li><li>Spolupracujte s datov\u00fdmi v\u011bdci a analytiky na zlep\u0161ov\u00e1n\u00ed softwaru.<\/li><\/ul>\n\n\n\n<p><strong>Po\u017eadavky na zam\u011bstn\u00e1n\u00ed<\/strong><\/p>\n\n\n\n<ul><li>Alespo\u0148 5 let odborn\u00e9 praxe jako v\u00fdvoj\u00e1\u0159.<\/li><li>Znalost n\u011bkolika front-endov\u00fdch a back-endov\u00fdch jazyk\u016f, knihoven a framework\u016f.<\/li><li>N\u00e1vrh a spr\u00e1va datab\u00e1ze MySQL.<\/li><li>Sledov\u00e1n\u00ed nejnov\u011bj\u0161\u00edch osv\u011bd\u010den\u00fdch v\u00fdvojov\u00fdch postup\u016f<\/li><li>D\u016fkladn\u00e1 znalost u\u017eivatelsk\u00e9 zku\u0161enosti a p\u0159\u00edpadn\u011b produktov\u00e9 strategie.<\/li><li>Zku\u0161enosti s implementac\u00ed testovac\u00edch platforem a jednotkov\u00fdch test\u016f.<\/li><li>Znalost syst\u00e9mu Git.<\/li><li>Ocen\u011bn\u00ed \u010dist\u00e9ho a dob\u0159e zdokumentovan\u00e9ho k\u00f3du.<\/li><li>Vlastn\u00ed pracovn\u00ed stanice.<\/li><\/ul>\n\n\n\n<p><strong>Up\u0159ednost\u0148ovan\u00e9 kvalifikace<\/strong><\/p>\n\n\n\n<ul><li>Plynul\u00e1 znalost angli\u010dtiny slovem i p\u00edsmem.<\/li><li>Prokazateln\u00e9 zku\u0161enosti na pozici Full Stack Developer nebo podobn\u00e9 pozici.<\/li><li>Vynikaj\u00edc\u00ed komunika\u010dn\u00ed schopnosti a schopnost t\u00fdmov\u00e9 pr\u00e1ce.<\/li><li>Velk\u00fd d\u016fraz na detail.<\/li><li>Organiza\u010dn\u00ed schopnosti.<\/li><li>Analytick\u00e1 mysl.<\/li><li>Diplom z informatiky, statistiky nebo p\u0159\u00edslu\u0161n\u00e9ho oboru.<\/li><\/ul>\n\n\n\n<p><strong>N\u00e1\u0161 z\u00e1kladn\u00ed z\u00e1sobn\u00edk Workspace<\/strong><\/p>\n\n\n\n<ul><li>JavaScript: knihovna Fabric.js<\/li><li>PHP: Framework CodeIgniter<\/li><li>Node.js: NestJS Framework<\/li><li>MySQL.<\/li><\/ul>\n\n\n\n<p><strong>Co zde najdete<\/strong><\/p>\n\n\n\n<ul><li>Vzd\u00e1len\u00e1 spole\u010dnost 100%.<\/li><li>P\u0159\u00edjemn\u00ed lid\u00e9 v p\u0159\u00e1telsk\u00e9m pracovn\u00edm prost\u0159ed\u00ed.<\/li><li>Vysoce kvalifikovan\u00fd t\u00fdm rozm\u00edst\u011bn\u00fd po cel\u00e9m sv\u011bt\u011b.<\/li><li>Konkuren\u010dn\u00ed plat vypl\u00e1cen\u00fd v USD.<\/li><li>Sta\u0148te se sou\u010d\u00e1st\u00ed spole\u010dnosti s celosv\u011btovou p\u016fsobnost\u00ed.<\/li><li>D\u016fle\u017eit\u00e1 pozice p\u0159\u00edmo pod\u0159\u00edzen\u00e1 gener\u00e1ln\u00edmu \u0159editeli nad\u011bjn\u00e9ho startupu.<\/li><li>Kl\u00ed\u010dov\u00e9 um\u00edst\u011bn\u00ed s d\u016fle\u017eit\u00fdmi odpov\u011bdnostmi v organizaci.<\/li><li>Slad\u011bn\u00ed va\u0161eho profesn\u00edho r\u016fstu s r\u016fstem startupu.<\/li><\/ul>\n\n\n\n<p>Ztoto\u017enili jste se s touto prac\u00ed?&nbsp;<\/p>\n\n\n\n<p>Podejte p\u0159ihl\u00e1\u0161ku a p\u0159idejte se k t\u00fdmu!<\/p>\n\n\n\n<div class=\"wp-block-button\"><a class=\"wp-block-button__link\" href=\"https:\/\/mindthegraph.com\/blog\/work-with-us\/\">P\u0159ihlaste se zde<\/a><\/div>\n\n\n\n<style>\n.is-provider-youtube .wp-block-embed__wrapper, .gutentim-admin-page-video{ height:auto !important; }\n<\/style>","protected":false},"excerpt":{"rendered":"<p>M\u00e1te r\u00e1di v\u011bdu? My ano! Hled\u00e1me nov\u00e9 lidi do na\u0161eho t\u00fdmu um\u011blc\u016f, v\u00fdvoj\u00e1\u0159\u016f a podnikatel\u016f, kte\u0159\u00ed jsou zap\u00e1len\u00ed pro v\u011bdu. O spole\u010dnosti Mind the Graph Spole\u010dnost Mind the Graph je sou\u010d\u00e1st\u00ed sady \u0159e\u0161en\u00ed CACTUS. Jsme p\u0159edn\u00ed a prvn\u00ed platforma pro tvorbu infografik zam\u011b\u0159en\u00e1 na v\u011bdeck\u00e9 a akademick\u00e9 [...]<\/p>","protected":false},"author":21,"featured_media":11948,"parent":0,"menu_order":0,"comment_status":"closed","ping_status":"closed","template":"","meta":[],"yoast_head":"<!-- This site is optimized with the Yoast SEO plugin v19.9 - https:\/\/yoast.com\/wordpress\/plugins\/seo\/ -->\n<title>Full Stack Developer - Mind the Graph Blog<\/title>\n<meta name=\"robots\" content=\"index, follow, max-snippet:-1, max-image-preview:large, max-video-preview:-1\" \/>\n<link rel=\"canonical\" href=\"https:\/\/mindthegraph.com\/blog\/cs\/sviluppatore-completo\/\" \/>\n<meta property=\"og:locale\" content=\"cs_CZ\" \/>\n<meta property=\"og:type\" content=\"article\" \/>\n<meta property=\"og:title\" content=\"Full Stack Developer - Mind the Graph Blog\" \/>\n<meta property=\"og:description\" content=\"Do you love science? We do! We are looking for new people to join our team of artists, developers, and entrepreneurs, all passionate about science. About Mind the Graph Mind the Graph is a part of the CACTUS suite of solutions. We are the leading and first infographic maker platform focused on scientific and academic [&hellip;]\" \/>\n<meta property=\"og:url\" content=\"https:\/\/mindthegraph.com\/blog\/cs\/sviluppatore-completo\/\" \/>\n<meta property=\"og:site_name\" content=\"Mind the Graph Blog\" \/>\n<meta property=\"article:modified_time\" content=\"2022-06-07T22:15:22+00:00\" \/>\n<meta property=\"og:image\" content=\"https:\/\/mindthegraph.com\/blog\/wp-content\/uploads\/2020\/11\/captura-de-tela-2020-11-19-as-131025.png\" \/>\n\t<meta property=\"og:image:width\" content=\"620\" \/>\n\t<meta property=\"og:image:height\" content=\"56\" \/>\n\t<meta property=\"og:image:type\" content=\"image\/png\" \/>\n<meta name=\"twitter:card\" content=\"summary_large_image\" \/>\n<meta name=\"twitter:label1\" content=\"Est. reading time\" \/>\n\t<meta name=\"twitter:data1\" content=\"2 minutes\" \/>\n<!-- \/ Yoast SEO plugin. -->","yoast_head_json":{"title":"Full Stack Developer - Mind the Graph Blog","robots":{"index":"index","follow":"follow","max-snippet":"max-snippet:-1","max-image-preview":"max-image-preview:large","max-video-preview":"max-video-preview:-1"},"canonical":"https:\/\/mindthegraph.com\/blog\/cs\/sviluppatore-completo\/","og_locale":"cs_CZ","og_type":"article","og_title":"Full Stack Developer - Mind the Graph Blog","og_description":"Do you love science? We do! We are looking for new people to join our team of artists, developers, and entrepreneurs, all passionate about science. About Mind the Graph Mind the Graph is a part of the CACTUS suite of solutions. We are the leading and first infographic maker platform focused on scientific and academic [&hellip;]","og_url":"https:\/\/mindthegraph.com\/blog\/cs\/sviluppatore-completo\/","og_site_name":"Mind the Graph Blog","article_modified_time":"2022-06-07T22:15:22+00:00","og_image":[{"width":620,"height":56,"url":"https:\/\/mindthegraph.com\/blog\/wp-content\/uploads\/2020\/11\/captura-de-tela-2020-11-19-as-131025.png","type":"image\/png"}],"twitter_card":"summary_large_image","twitter_misc":{"Est. reading time":"2 minutes"},"schema":{"@context":"https:\/\/schema.org","@graph":[{"@type":"WebPage","@id":"https:\/\/mindthegraph.com\/blog\/it\/sviluppatore-completo\/","url":"https:\/\/mindthegraph.com\/blog\/it\/sviluppatore-completo\/","name":"Full Stack Developer - Mind the Graph Blog","isPartOf":{"@id":"https:\/\/mindthegraph.com\/blog\/#website"},"datePublished":"2021-09-27T04:49:01+00:00","dateModified":"2022-06-07T22:15:22+00:00","breadcrumb":{"@id":"https:\/\/mindthegraph.com\/blog\/it\/sviluppatore-completo\/#breadcrumb"},"inLanguage":"cs-CZ","potentialAction":[{"@type":"ReadAction","target":["https:\/\/mindthegraph.com\/blog\/it\/sviluppatore-completo\/"]}]},{"@type":"BreadcrumbList","@id":"https:\/\/mindthegraph.com\/blog\/it\/sviluppatore-completo\/#breadcrumb","itemListElement":[{"@type":"ListItem","position":1,"name":"Home","item":"https:\/\/mindthegraph.com\/blog\/"},{"@type":"ListItem","position":2,"name":"Full Stack Developer"}]},{"@type":"WebSite","@id":"https:\/\/mindthegraph.com\/blog\/#website","url":"https:\/\/mindthegraph.com\/blog\/","name":"Mind the Graph Blog","description":"Your science can be beautiful!","potentialAction":[{"@type":"SearchAction","target":{"@type":"EntryPoint","urlTemplate":"https:\/\/mindthegraph.com\/blog\/?s={search_term_string}"},"query-input":"required name=search_term_string"}],"inLanguage":"cs-CZ"}]}},"_links":{"self":[{"href":"https:\/\/mindthegraph.com\/blog\/cs\/wp-json\/wp\/v2\/pages\/14643"}],"collection":[{"href":"https:\/\/mindthegraph.com\/blog\/cs\/wp-json\/wp\/v2\/pages"}],"about":[{"href":"https:\/\/mindthegraph.com\/blog\/cs\/wp-json\/wp\/v2\/types\/page"}],"author":[{"embeddable":true,"href":"https:\/\/mindthegraph.com\/blog\/cs\/wp-json\/wp\/v2\/users\/21"}],"replies":[{"embeddable":true,"href":"https:\/\/mindthegraph.com\/blog\/cs\/wp-json\/wp\/v2\/comments?post=14643"}],"version-history":[{"count":4,"href":"https:\/\/mindthegraph.com\/blog\/cs\/wp-json\/wp\/v2\/pages\/14643\/revisions"}],"predecessor-version":[{"id":15901,"href":"https:\/\/mindthegraph.com\/blog\/cs\/wp-json\/wp\/v2\/pages\/14643\/revisions\/15901"}],"wp:featuredmedia":[{"embeddable":true,"href":"https:\/\/mindthegraph.com\/blog\/cs\/wp-json\/wp\/v2\/media\/11948"}],"wp:attachment":[{"href":"https:\/\/mindthegraph.com\/blog\/cs\/wp-json\/wp\/v2\/media?parent=14643"}],"curies":[{"name":"wp","href":"https:\/\/api.w.org\/{rel}","templated":true}]}}