{"id":13191,"date":"2021-07-22T01:33:20","date_gmt":"2021-07-22T04:33:20","guid":{"rendered":"https:\/\/mindthegraph.com\/blog\/jobs\/sdr-copy\/"},"modified":"2021-07-22T14:03:34","modified_gmt":"2021-07-22T17:03:34","slug":"sales-mkt","status":"publish","type":"page","link":"https:\/\/mindthegraph.com\/blog\/cs\/sales-mkt\/","title":{"rendered":"Prodej a marketing"},"content":{"rendered":"<p>M\u00e1te r\u00e1di v\u011bdu? My ano!<\/p>\n\n\n\n<p>Hled\u00e1me nov\u00e9 lidi do na\u0161eho t\u00fdmu um\u011blc\u016f, v\u00fdvoj\u00e1\u0159\u016f a podnikatel\u016f, kte\u0159\u00ed jsou zap\u00e1len\u00ed pro v\u011bdu.<\/p>\n\n\n\n<p>M\u00e1me novou pracovn\u00ed p\u0159\u00edle\u017eitost: <strong>Prodej a marketing<\/strong>.<\/p>\n\n\n\n<p><strong>Hlavn\u00ed \u010dinnosti<\/strong><\/p>\n\n\n\n<ul><li>V\u00fdzkum a v\u00fdvoj marketingu, pochopen\u00ed po\u017eadavk\u016f spot\u0159ebitel\u016f, identifikace trend\u016f na trhu a navrhov\u00e1n\u00ed zlep\u0161en\u00ed pro dosa\u017een\u00ed marketingov\u00fdch a prodejn\u00edch c\u00edl\u016f spole\u010dnosti.<\/li><li>Udr\u017eov\u00e1n\u00ed vztah\u016f s d\u016fle\u017eit\u00fdmi klienty a potenci\u00e1ln\u00edmi z\u00e1kazn\u00edky pravideln\u00fdm kontaktem, pochopen\u00edm jejich pot\u0159eb a p\u0159edv\u00edd\u00e1n\u00edm nov\u00fdch marketingov\u00fdch p\u0159\u00edle\u017eitost\u00ed.<\/li><li>\u0158\u00edzen\u00ed prodejn\u00edho potrub\u00ed, od generov\u00e1n\u00ed nov\u00fdch potenci\u00e1ln\u00edch z\u00e1kazn\u00edk\u016f a\u017e po uzav\u00edr\u00e1n\u00ed prodej\u016f.<\/li><li>Vytv\u00e1\u0159en\u00ed a implementace strategi\u00ed pro zv\u00fd\u0161en\u00ed prodeje v prodejn\u00ed z\u00e1kladn\u011b na\u0161ich z\u00e1kazn\u00edk\u016f.<\/li><li>Prov\u00e1d\u011bn\u00ed prodejn\u00edch a marketingov\u00fdch kampan\u00ed. \u00dazk\u00e1 spolupr\u00e1ce s t\u00fdmy Customer Success a reklamn\u00edmi t\u00fdmy.<\/li><li>Shroma\u017e\u010fovat a analyzovat data pro \u0159\u00edzen\u00ed pr\u00e1ce na z\u00e1klad\u011b m\u011b\u0159iteln\u00fdch ukazatel\u016f.<\/li><li>Propagace st\u00e1vaj\u00edc\u00edch zna\u010dek spole\u010dnosti a uv\u00e1d\u011bn\u00ed nov\u00fdch produkt\u016f na trh.<\/li><li>Podporovat v\u00fdvoj a realizaci prodejn\u00edch a marketingov\u00fdch materi\u00e1l\u016f.<\/li><li>Pod\u00edlet se na dal\u0161\u00edch aktivit\u00e1ch v oblasti z\u00edsk\u00e1v\u00e1n\u00ed z\u00e1kazn\u00edk\u016f a z\u00edsk\u00e1v\u00e1n\u00ed potenci\u00e1ln\u00edch z\u00e1kazn\u00edk\u016f.<\/li><li>Zam\u011b\u0159te se na konverzi prodej\u016f, modernizaci \u00fa\u010dt\u016f a upsell slu\u017eeb. <\/li><\/ul>\n\n\n\n<p><\/p>\n\n\n\n<p><strong>Po\u017eadavky na zam\u011bstn\u00e1n\u00ed<\/strong><\/p>\n\n\n\n<ul><li>Plynul\u00e1 znalost angli\u010dtiny slovem i p\u00edsmem.<\/li><li>Praktick\u00e9 zku\u0161enosti s v\u00fdvojem kampan\u00ed a propaga\u010dn\u00edch akc\u00ed.<\/li><li>Vynikaj\u00edc\u00ed komunika\u010dn\u00ed a interperson\u00e1ln\u00ed dovednosti a dovednosti v oblasti slu\u017eeb z\u00e1kazn\u00edk\u016fm.<\/li><li>Siln\u00e1 touha a schopnost pom\u00e1hat organizaci generovat prodej.<\/li><li>Vlastn\u00ed pracovn\u00ed stanice.<\/li><\/ul>\n\n\n\n<p><\/p>\n\n\n\n<p><strong>Up\u0159ednost\u0148ovan\u00e9 kvalifikace<\/strong><\/p>\n\n\n\n<ul><li>Bu\u010fte k dispozici pro pr\u00e1ci ve v\u00fdchodn\u00edm \u010dasov\u00e9m p\u00e1smu.<\/li><li>Znalost pr\u00e1ce s n\u00e1stroji ZenDesk a RD Station.<\/li><li>P\u0159edchoz\u00ed zku\u0161enosti jako z\u00e1stupce pro rozvoj prodeje.<\/li><\/ul>\n\n\n\n<p><\/p>\n\n\n\n<p><strong>O slu\u017eb\u011b Mind The Graph<\/strong><br>Jsme p\u0159edn\u00ed a prvn\u00ed platforma pro tvorbu infografik zam\u011b\u0159en\u00e1 na v\u011bdeck\u00e9 a akademick\u00e9 \u00fa\u010dely. M\u00e1me v\u00edce ne\u017e 400 000 u\u017eivatel\u016f, kte\u0159\u00ed s n\u00e1mi denn\u011b komunikuj\u00ed, a jejich po\u010det rychle roste.<\/p>\n\n\n\n<figure class=\"wp-block-embed is-type-video is-provider-youtube wp-block-embed-youtube wp-embed-aspect-16-9 wp-has-aspect-ratio\"><div class=\"wp-block-embed__wrapper\">\n<iframe loading=\"lazy\" title=\"Mind the Graph - Tv\u016frce v\u011bdeck\u00fdch infografik\" width=\"800\" height=\"450\" src=\"https:\/\/www.youtube.com\/embed\/tG-PmLzx6NA?feature=oembed\" frameborder=\"0\" allow=\"accelerometer; autoplay; clipboard-write; encrypted-media; gyroscope; picture-in-picture\" allowfullscreen><\/iframe>\n<\/div><\/figure>\n\n\n\n<p><strong>Co zde najdete<\/strong><\/p>\n\n\n\n<ul><li>A 100% vzd\u00e1len\u00e1 spole\u010dnost, pr\u00e1ce z domova. <\/li><li>P\u0159\u00edjemn\u00ed lid\u00e9 v p\u0159\u00e1telsk\u00e9m pracovn\u00edm prost\u0159ed\u00ed.<\/li><li>Vysoce kvalifikovan\u00fd t\u00fdm rozm\u00edst\u011bn\u00fd po cel\u00e9m sv\u011bt\u011b.<\/li><li>Konkuren\u010dn\u00ed plat.<\/li><li>Pr\u00e9mie za v\u00fdkon ka\u017ed\u00e9 \u010dtvrtlet\u00ed.<\/li><li>Poukaz na internet (plat\u00edme za v\u00e1s internet).<\/li><li>M\u011bs\u00ed\u010dn\u00ed poukaz na p\u00e9\u010di o zdrav\u00ed (cvi\u010den\u00ed, mas\u00e1\u017ee, j\u00f3ga...).<\/li><li>M\u011bs\u00ed\u010dn\u00ed pouk\u00e1zka na j\u00eddlo (dop\u0159ejte si dobr\u00e9 j\u00eddlo!).<\/li><li>D\u016fle\u017eit\u00e1 pozice p\u0159\u00edmo pod\u0159\u00edzen\u00e1 gener\u00e1ln\u00edmu \u0159editeli nad\u011bjn\u00e9ho startupu.<\/li><li>Kl\u00ed\u010dov\u00e9 um\u00edst\u011bn\u00ed s d\u016fle\u017eit\u00fdmi odpov\u011bdnostmi v organizaci.<\/li><li>Slad\u011bn\u00ed va\u0161eho profesn\u00edho r\u016fstu s r\u016fstem startupu.<\/li><\/ul>\n\n\n\n<p>Jsme mal\u00fd, vysoce motivovan\u00fd t\u00fdm, kter\u00fd respektuje a oce\u0148uje pr\u00e1ci ostatn\u00edch. Pracujeme zcela na d\u00e1lku, s vysp\u011bl\u00fdm t\u00fdmem, kter\u00fd pracuje samostatn\u011b a nez\u00e1visle.<\/p>\n\n\n\n<p>Ztoto\u017enili jste se s touto prac\u00ed? Tak se p\u0159idejte do t\u00fdmu!<\/p>\n\n\n\n<div class=\"wp-block-button\"><a class=\"wp-block-button__link\" href=\"https:\/\/mindthegraph.com\/blog\/work-with-us\/\">P\u0159ihlaste se zde<\/a><\/div>\n\n\n\n<style>\n.is-provider-youtube .wp-block-embed__wrapper, .gutentim-admin-page-video{ height:auto !important; }\n<\/style>","protected":false},"excerpt":{"rendered":"<p>M\u00e1te r\u00e1di v\u011bdu? My ano! Hled\u00e1me nov\u00e9 lidi do na\u0161eho t\u00fdmu um\u011blc\u016f, v\u00fdvoj\u00e1\u0159\u016f a podnikatel\u016f, kte\u0159\u00ed jsou zap\u00e1len\u00ed pro v\u011bdu. M\u00e1me novou pracovn\u00ed p\u0159\u00edle\u017eitost: Obchod a marketing. Hlavn\u00ed \u010dinnosti V\u00fdzkum a v\u00fdvoj marketingu, porozum\u011bn\u00ed po\u017eadavk\u016fm spot\u0159ebitel\u016f, zji\u0161\u0165ov\u00e1n\u00ed trend\u016f na trhu a navrhov\u00e1n\u00ed vylep\u0161en\u00ed pro dosa\u017een\u00ed marketingov\u00fdch a obchodn\u00edch c\u00edl\u016f spole\u010dnosti [...]<\/p>","protected":false},"author":21,"featured_media":11948,"parent":0,"menu_order":0,"comment_status":"closed","ping_status":"closed","template":"","meta":[],"yoast_head":"<!-- This site is optimized with the Yoast SEO plugin v19.9 - https:\/\/yoast.com\/wordpress\/plugins\/seo\/ -->\n<title>Sales &amp; Marketing - Mind the Graph Blog<\/title>\n<meta name=\"robots\" content=\"index, follow, max-snippet:-1, max-image-preview:large, max-video-preview:-1\" \/>\n<link rel=\"canonical\" href=\"https:\/\/mindthegraph.com\/blog\/cs\/satis-mkt\/\" \/>\n<meta property=\"og:locale\" content=\"cs_CZ\" \/>\n<meta property=\"og:type\" content=\"article\" \/>\n<meta property=\"og:title\" content=\"Sales &amp; Marketing - Mind the Graph Blog\" \/>\n<meta property=\"og:description\" content=\"Do you love science? We do! We are looking for new people to join our team of artists, developers, and entrepreneurs, all passionate about science. We have a new job opportunity: Sales &amp; Marketing. Main Activities Researching and developing marketing, understanding consumer requirements, identifying market trends, and suggesting improvements to achieve the company&#8217;s marketing and [&hellip;]\" \/>\n<meta property=\"og:url\" content=\"https:\/\/mindthegraph.com\/blog\/cs\/satis-mkt\/\" \/>\n<meta property=\"og:site_name\" content=\"Mind the Graph Blog\" \/>\n<meta property=\"article:modified_time\" content=\"2021-07-22T17:03:34+00:00\" \/>\n<meta property=\"og:image\" content=\"https:\/\/mindthegraph.com\/blog\/wp-content\/uploads\/2020\/11\/captura-de-tela-2020-11-19-as-131025.png\" \/>\n\t<meta property=\"og:image:width\" content=\"620\" \/>\n\t<meta property=\"og:image:height\" content=\"56\" \/>\n\t<meta property=\"og:image:type\" content=\"image\/png\" \/>\n<meta name=\"twitter:card\" content=\"summary_large_image\" \/>\n<meta name=\"twitter:label1\" content=\"Est. reading time\" \/>\n\t<meta name=\"twitter:data1\" content=\"2 minutes\" \/>\n<!-- \/ Yoast SEO plugin. -->","yoast_head_json":{"title":"Sales & Marketing - Mind the Graph Blog","robots":{"index":"index","follow":"follow","max-snippet":"max-snippet:-1","max-image-preview":"max-image-preview:large","max-video-preview":"max-video-preview:-1"},"canonical":"https:\/\/mindthegraph.com\/blog\/cs\/satis-mkt\/","og_locale":"cs_CZ","og_type":"article","og_title":"Sales & Marketing - Mind the Graph Blog","og_description":"Do you love science? We do! We are looking for new people to join our team of artists, developers, and entrepreneurs, all passionate about science. We have a new job opportunity: Sales &amp; Marketing. Main Activities Researching and developing marketing, understanding consumer requirements, identifying market trends, and suggesting improvements to achieve the company&#8217;s marketing and [&hellip;]","og_url":"https:\/\/mindthegraph.com\/blog\/cs\/satis-mkt\/","og_site_name":"Mind the Graph Blog","article_modified_time":"2021-07-22T17:03:34+00:00","og_image":[{"width":620,"height":56,"url":"https:\/\/mindthegraph.com\/blog\/wp-content\/uploads\/2020\/11\/captura-de-tela-2020-11-19-as-131025.png","type":"image\/png"}],"twitter_card":"summary_large_image","twitter_misc":{"Est. reading time":"2 minutes"},"schema":{"@context":"https:\/\/schema.org","@graph":[{"@type":"WebPage","@id":"https:\/\/mindthegraph.com\/blog\/tr\/satis-mkt\/","url":"https:\/\/mindthegraph.com\/blog\/tr\/satis-mkt\/","name":"Sales & Marketing - Mind the Graph Blog","isPartOf":{"@id":"https:\/\/mindthegraph.com\/blog\/#website"},"datePublished":"2021-07-22T04:33:20+00:00","dateModified":"2021-07-22T17:03:34+00:00","breadcrumb":{"@id":"https:\/\/mindthegraph.com\/blog\/tr\/satis-mkt\/#breadcrumb"},"inLanguage":"cs-CZ","potentialAction":[{"@type":"ReadAction","target":["https:\/\/mindthegraph.com\/blog\/tr\/satis-mkt\/"]}]},{"@type":"BreadcrumbList","@id":"https:\/\/mindthegraph.com\/blog\/tr\/satis-mkt\/#breadcrumb","itemListElement":[{"@type":"ListItem","position":1,"name":"Home","item":"https:\/\/mindthegraph.com\/blog\/"},{"@type":"ListItem","position":2,"name":"Sales &#038; Marketing"}]},{"@type":"WebSite","@id":"https:\/\/mindthegraph.com\/blog\/#website","url":"https:\/\/mindthegraph.com\/blog\/","name":"Mind the Graph Blog","description":"Your science can be beautiful!","potentialAction":[{"@type":"SearchAction","target":{"@type":"EntryPoint","urlTemplate":"https:\/\/mindthegraph.com\/blog\/?s={search_term_string}"},"query-input":"required name=search_term_string"}],"inLanguage":"cs-CZ"}]}},"_links":{"self":[{"href":"https:\/\/mindthegraph.com\/blog\/cs\/wp-json\/wp\/v2\/pages\/13191"}],"collection":[{"href":"https:\/\/mindthegraph.com\/blog\/cs\/wp-json\/wp\/v2\/pages"}],"about":[{"href":"https:\/\/mindthegraph.com\/blog\/cs\/wp-json\/wp\/v2\/types\/page"}],"author":[{"embeddable":true,"href":"https:\/\/mindthegraph.com\/blog\/cs\/wp-json\/wp\/v2\/users\/21"}],"replies":[{"embeddable":true,"href":"https:\/\/mindthegraph.com\/blog\/cs\/wp-json\/wp\/v2\/comments?post=13191"}],"version-history":[{"count":4,"href":"https:\/\/mindthegraph.com\/blog\/cs\/wp-json\/wp\/v2\/pages\/13191\/revisions"}],"predecessor-version":[{"id":13197,"href":"https:\/\/mindthegraph.com\/blog\/cs\/wp-json\/wp\/v2\/pages\/13191\/revisions\/13197"}],"wp:featuredmedia":[{"embeddable":true,"href":"https:\/\/mindthegraph.com\/blog\/cs\/wp-json\/wp\/v2\/media\/11948"}],"wp:attachment":[{"href":"https:\/\/mindthegraph.com\/blog\/cs\/wp-json\/wp\/v2\/media?parent=13191"}],"curies":[{"name":"wp","href":"https:\/\/api.w.org\/{rel}","templated":true}]}}