{"id":11890,"date":"2020-11-10T13:53:50","date_gmt":"2020-11-10T15:53:50","guid":{"rendered":"https:\/\/mindthegraph.com\/blog\/?page_id=11890"},"modified":"2020-11-19T14:14:04","modified_gmt":"2020-11-19T16:14:04","slug":"mkt-growth","status":"publish","type":"page","link":"https:\/\/mindthegraph.com\/blog\/cs\/mkt-growth\/","title":{"rendered":"Analytik r\u016fstu MKT"},"content":{"rendered":"<div class=\"wp-block-button\"><a class=\"wp-block-button__link\" href=\"https:\/\/mindthegraph.com\/blog\/work-with-us\/\">P\u0159ihlaste se zde<\/a><\/div>\n\n\n\n<p>Hled\u00e1me \u010derstv\u00e9ho analytika pro r\u016fst marketingu, kter\u00fd pom\u016f\u017ee zv\u00fd\u0161it n\u00e1v\u0161t\u011bvnost a p\u0159iv\u00e9st kvalifikovan\u00e9 publikum na platformu, kter\u00e1 slou\u017e\u00ed v\u00edce ne\u017e 400 000 v\u011bdeck\u00fdch a akademick\u00fdch u\u017eivatel\u016f po cel\u00e9m sv\u011bt\u011b.<br><br><strong>Pot\u0159ebujete m\u00edt:<\/strong><\/p>\n\n\n\n<ul><li>Dobr\u00e1 znalost SEO, SEM, Google Analytics, remarketingu a A\/B testov\u00e1n\u00ed.<\/li><li>Porozum\u011bn\u00ed procesu strategie odkaz\u016f - intern\u00ed a zp\u011btn\u00e9 odkazy<\/li><li>Odborn\u00edk na vyhled\u00e1v\u00e1n\u00ed kl\u00ed\u010dov\u00fdch slov, vyhled\u00e1vac\u00ed algoritmy a strategie \u0159azen\u00ed<\/li><li>Schopnost prov\u00e1d\u011bt e-mailov\u00e9 marketingov\u00e9 strategie<\/li><li>Znalost a prov\u00e1d\u011bn\u00ed reklam na Googlu a Facebooku<\/li><li>Siln\u00e1 orientace na n\u00e1vratnost investic<\/li><\/ul>\n\n\n\n<p><strong>O slu\u017eb\u011b Mind The Graph:<\/strong><br>Jsme p\u0159edn\u00ed a prvn\u00ed platforma pro tvorbu infografik zam\u011b\u0159en\u00e1 na v\u011bdeck\u00e9 a akademick\u00e9 \u00fa\u010dely. M\u00e1me v\u00edce ne\u017e 400 000 u\u017eivatel\u016f, kte\u0159\u00ed s n\u00e1mi denn\u011b komunikuj\u00ed, a jejich po\u010det rychle roste.<\/p>\n\n\n\n<figure class=\"wp-block-embed-youtube wp-block-embed is-type-video is-provider-youtube wp-embed-aspect-16-9 wp-has-aspect-ratio\"><div class=\"wp-block-embed__wrapper\">\n<iframe loading=\"lazy\" title=\"Mind the Graph - Tv\u016frce v\u011bdeck\u00fdch infografik\" width=\"800\" height=\"450\" src=\"https:\/\/www.youtube.com\/embed\/tG-PmLzx6NA?feature=oembed\" frameborder=\"0\" allow=\"accelerometer; autoplay; clipboard-write; encrypted-media; gyroscope; picture-in-picture\" allowfullscreen><\/iframe>\n<\/div><\/figure>\n\n\n\n<p>Co zde najdete:<br>- Vzd\u00e1len\u00e1 spole\u010dnost 100%, pr\u00e1ce z domova <br>- P\u0159\u00edjemn\u00ed lid\u00e9 v p\u0159\u00e1telsk\u00e9m pracovn\u00edm prost\u0159ed\u00ed;<br>- Vysoce kvalifikovan\u00fd t\u00fdm rozm\u00edst\u011bn\u00fd po cel\u00e9m sv\u011bt\u011b;<br>- Konkuren\u010dn\u00ed plat;<br>- Pr\u00e9mie za v\u00fdkon ka\u017ed\u00e9 \u010dtvrtlet\u00ed;<br>- Poukaz na internet (plat\u00edme za v\u00e1s internet)<br>- M\u011bs\u00ed\u010dn\u00ed poukaz na dobrou kondici (cvi\u010den\u00ed, mas\u00e1\u017ee, j\u00f3ga...)<br>- M\u011bs\u00ed\u010dn\u00ed pouk\u00e1zka na j\u00eddlo (dop\u0159ejte si dobr\u00e9 j\u00eddlo!)<br>- D\u016fle\u017eit\u00e1 pozice p\u0159\u00edmo pod\u0159\u00edzen\u00e1 gener\u00e1ln\u00edmu \u0159editeli nad\u011bjn\u00e9ho startupu;<br>- Kl\u00ed\u010dov\u00e9 um\u00edst\u011bn\u00ed s d\u016fle\u017eit\u00fdmi odpov\u011bdnostmi v organizaci;<br>- Slad\u011bn\u00ed va\u0161eho profesn\u00edho r\u016fstu s r\u016fstem startupu;<\/p>\n\n\n\n<div class=\"wp-block-button\"><a class=\"wp-block-button__link\" href=\"https:\/\/mindthegraph.com\/blog\/work-with-us\/\">P\u0159ihlaste se zde<\/a><\/div>\n\n\n\n<style>\n.is-provider-youtube .wp-block-embed__wrapper, .gutentim-admin-page-video{ height:auto !important; }\n<\/style>","protected":false},"excerpt":{"rendered":"<p>Hled\u00e1me \u010derstv\u00e9ho analytika pro r\u016fst marketingu, kter\u00fd pom\u016f\u017ee zv\u00fd\u0161it n\u00e1v\u0161t\u011bvnost a p\u0159iv\u00e9st kvalifikovan\u00e9 publikum na platformu, kter\u00e1 slou\u017e\u00ed v\u00edce ne\u017e 400 000 v\u011bdeck\u00fdch a akademick\u00fdch u\u017eivatel\u016f po cel\u00e9m sv\u011bt\u011b. Budete muset m\u00edt: Dobr\u00e9 znalosti SEO, SEM, Google Analytics, remarketingu a A\/B testov\u00e1n\u00ed Rozum\u011bt procesu strategie odkaz\u016f - intern\u00ed a [...]<\/p>","protected":false},"author":16,"featured_media":11948,"parent":0,"menu_order":0,"comment_status":"closed","ping_status":"closed","template":"","meta":[],"yoast_head":"<!-- This site is optimized with the Yoast SEO plugin v19.9 - https:\/\/yoast.com\/wordpress\/plugins\/seo\/ -->\n<title>MKT Growth Analyst - Mind the Graph Blog<\/title>\n<meta name=\"robots\" content=\"index, follow, max-snippet:-1, max-image-preview:large, max-video-preview:-1\" \/>\n<link rel=\"canonical\" href=\"https:\/\/mindthegraph.com\/blog\/cs\/mkt-growth\/\" \/>\n<meta property=\"og:locale\" content=\"cs_CZ\" \/>\n<meta property=\"og:type\" content=\"article\" \/>\n<meta property=\"og:title\" content=\"MKT Growth Analyst - Mind the Graph Blog\" \/>\n<meta property=\"og:description\" content=\"We are looking for a fresh Marketing Growth analyst to help boost traffic and bring qualified audience to a platform serving more than 400,000 scientific and academic users around the world. You&#8217;ll need to have: Strong knowledge of SEO, SEM, Google Analytics, remarketing, and A\/B testing Understand the process of Link strategy \u2013 internal and [&hellip;]\" \/>\n<meta property=\"og:url\" content=\"https:\/\/mindthegraph.com\/blog\/cs\/mkt-growth\/\" \/>\n<meta property=\"og:site_name\" content=\"Mind the Graph Blog\" \/>\n<meta property=\"article:modified_time\" content=\"2020-11-19T16:14:04+00:00\" \/>\n<meta property=\"og:image\" content=\"https:\/\/mindthegraph.com\/blog\/wp-content\/uploads\/2020\/11\/captura-de-tela-2020-11-19-as-131025.png\" \/>\n\t<meta property=\"og:image:width\" content=\"620\" \/>\n\t<meta property=\"og:image:height\" content=\"56\" \/>\n\t<meta property=\"og:image:type\" content=\"image\/png\" \/>\n<meta name=\"twitter:card\" content=\"summary_large_image\" \/>\n<meta name=\"twitter:label1\" content=\"Est. reading time\" \/>\n\t<meta name=\"twitter:data1\" content=\"1 minute\" \/>\n<!-- \/ Yoast SEO plugin. -->","yoast_head_json":{"title":"MKT Growth Analyst - Mind the Graph Blog","robots":{"index":"index","follow":"follow","max-snippet":"max-snippet:-1","max-image-preview":"max-image-preview:large","max-video-preview":"max-video-preview:-1"},"canonical":"https:\/\/mindthegraph.com\/blog\/cs\/mkt-growth\/","og_locale":"cs_CZ","og_type":"article","og_title":"MKT Growth Analyst - Mind the Graph Blog","og_description":"We are looking for a fresh Marketing Growth analyst to help boost traffic and bring qualified audience to a platform serving more than 400,000 scientific and academic users around the world. You&#8217;ll need to have: Strong knowledge of SEO, SEM, Google Analytics, remarketing, and A\/B testing Understand the process of Link strategy \u2013 internal and [&hellip;]","og_url":"https:\/\/mindthegraph.com\/blog\/cs\/mkt-growth\/","og_site_name":"Mind the Graph Blog","article_modified_time":"2020-11-19T16:14:04+00:00","og_image":[{"width":620,"height":56,"url":"https:\/\/mindthegraph.com\/blog\/wp-content\/uploads\/2020\/11\/captura-de-tela-2020-11-19-as-131025.png","type":"image\/png"}],"twitter_card":"summary_large_image","twitter_misc":{"Est. reading time":"1 minute"},"schema":{"@context":"https:\/\/schema.org","@graph":[{"@type":"WebPage","@id":"https:\/\/mindthegraph.com\/blog\/mkt-growth\/","url":"https:\/\/mindthegraph.com\/blog\/mkt-growth\/","name":"MKT Growth Analyst - Mind the Graph Blog","isPartOf":{"@id":"https:\/\/mindthegraph.com\/blog\/#website"},"datePublished":"2020-11-10T15:53:50+00:00","dateModified":"2020-11-19T16:14:04+00:00","breadcrumb":{"@id":"https:\/\/mindthegraph.com\/blog\/mkt-growth\/#breadcrumb"},"inLanguage":"cs-CZ","potentialAction":[{"@type":"ReadAction","target":["https:\/\/mindthegraph.com\/blog\/mkt-growth\/"]}]},{"@type":"BreadcrumbList","@id":"https:\/\/mindthegraph.com\/blog\/mkt-growth\/#breadcrumb","itemListElement":[{"@type":"ListItem","position":1,"name":"Home","item":"https:\/\/mindthegraph.com\/blog\/"},{"@type":"ListItem","position":2,"name":"MKT Growth Analyst"}]},{"@type":"WebSite","@id":"https:\/\/mindthegraph.com\/blog\/#website","url":"https:\/\/mindthegraph.com\/blog\/","name":"Mind the Graph Blog","description":"Your science can be beautiful!","potentialAction":[{"@type":"SearchAction","target":{"@type":"EntryPoint","urlTemplate":"https:\/\/mindthegraph.com\/blog\/?s={search_term_string}"},"query-input":"required name=search_term_string"}],"inLanguage":"cs-CZ"}]}},"_links":{"self":[{"href":"https:\/\/mindthegraph.com\/blog\/cs\/wp-json\/wp\/v2\/pages\/11890"}],"collection":[{"href":"https:\/\/mindthegraph.com\/blog\/cs\/wp-json\/wp\/v2\/pages"}],"about":[{"href":"https:\/\/mindthegraph.com\/blog\/cs\/wp-json\/wp\/v2\/types\/page"}],"author":[{"embeddable":true,"href":"https:\/\/mindthegraph.com\/blog\/cs\/wp-json\/wp\/v2\/users\/16"}],"replies":[{"embeddable":true,"href":"https:\/\/mindthegraph.com\/blog\/cs\/wp-json\/wp\/v2\/comments?post=11890"}],"version-history":[{"count":8,"href":"https:\/\/mindthegraph.com\/blog\/cs\/wp-json\/wp\/v2\/pages\/11890\/revisions"}],"predecessor-version":[{"id":11938,"href":"https:\/\/mindthegraph.com\/blog\/cs\/wp-json\/wp\/v2\/pages\/11890\/revisions\/11938"}],"wp:featuredmedia":[{"embeddable":true,"href":"https:\/\/mindthegraph.com\/blog\/cs\/wp-json\/wp\/v2\/media\/11948"}],"wp:attachment":[{"href":"https:\/\/mindthegraph.com\/blog\/cs\/wp-json\/wp\/v2\/media?parent=11890"}],"curies":[{"name":"wp","href":"https:\/\/api.w.org\/{rel}","templated":true}]}}